{"id":90043,"date":"2026-04-23T14:37:29","date_gmt":"2026-04-23T12:37:29","guid":{"rendered":"https:\/\/funside.hu\/?page_id=90043"},"modified":"2026-04-23T14:41:06","modified_gmt":"2026-04-23T12:41:06","slug":"summer-day-camps-in-budapest","status":"publish","type":"page","link":"https:\/\/funside.hu\/en\/summer-day-camps-in-budapest\/","title":{"rendered":"International Day Camps in Budapest"},"content":{"rendered":"<div id=\"pl-90043\"  class=\"panel-layout\" ><div id=\"pg-90043-0\"  class=\"panel-grid panel-has-style\" ><div class=\"panel-row-style panel-row-style-for-90043-0\" ><div id=\"pgc-90043-0-0\"  class=\"panel-grid-cell\" ><div id=\"panel-90043-0-0-0\" class=\"so-panel widget widget_sow-headline panel-first-child widgetopts-SO\" data-index=\"0\" ><div\n\t\t\t\n\t\t\tclass=\"so-widget-sow-headline so-widget-sow-headline-default-401ae2313344-90043 so-widget-fittext-wrapper\"\n\t\t\t data-fit-text-compressor=\"0.85\"\n\t\t><div class=\"sow-headline-container \">\n\t\t\t\t\t\t\t<h2 class=\"sow-headline\">\n\t\t\t\t\t\tFunside Day Camps in Budapest \u2013 running since 2007!\t\t\t\t\t\t<\/h2>\n\t\t\t\t\t\t<\/div>\n<\/div><\/div><div id=\"panel-90043-0-0-1\" class=\"so-panel widget widget_sow-editor panel-last-child widgetopts-SO\" data-index=\"1\" ><div class=\"felszelesseg panel-widget-style panel-widget-style-for-90043-0-0-1\" ><div\n\t\t\t\n\t\t\tclass=\"so-widget-sow-editor so-widget-sow-editor-base\"\n\t\t\t\n\t\t>\n<div class=\"siteorigin-widget-tinymce textwidget\">\n\t<p data-start=\"0\" data-end=\"178\">Our international community welcomes campers from many different countries, and our staff speaks both English and Hungarian.&nbsp;Join us at two locations in the city: on the <strong>Buda<\/strong> side at Vill\u00e1nyi Street \/ Premier Padel Park, and on the <strong>Pest<\/strong> side near J\u00e1szai Mari Square, close to Margaret Island.<\/p>\n<\/div>\n<\/div><\/div><\/div><\/div><\/div><\/div><div id=\"pg-90043-1\"  class=\"panel-grid panel-has-style\" ><div class=\"panel-row-style panel-row-style-for-90043-1\" ><div id=\"pgc-90043-1-0\"  class=\"panel-grid-cell\" ><div id=\"panel-90043-1-0-0\" class=\"so-panel widget widget_siteorigin-panels-postloop panel-first-child panel-last-child widgetopts-SO\" data-index=\"2\" ><div class=\"lefty\">\n<!--    loop-helyszinek-oszlopokban_eletkor.php-->\n  <h2 class=\"sow-headline\">\n    Locations   \n  <\/h2>\n  <div class=\"helyszinoszlopok helyszinoszlopok_eletkor_uj\">\n            <div class=\"helyszin \">\n  <div class=\"maintitle\">\n    <div class=\"eletkor\"> <span class=\"szamok\">\n      7      -\n      11      <\/span> <span class=\"korig\">\n      years old      <\/span> <\/div>\n    <h3 class=\"baratsagos_cim\">Funside Day Camps Buda<br>Vill\u00e1nyi Street \/ Premier Padel Park<\/h3>\n  <\/div>\n      <div class=\"figure\" style=\"background-image: url(https:\/\/funside.hu\/wp-content\/uploads\/2018\/02\/kepek-weblapra-15.jpg) \"><\/div>\n  \t\n  \n\t\n  <div class=\"buttonwrapper\">\n    \t  \n    \t  \t\t\t\t\t\t\t\t\t\t\t \n\t  \n\t  \n\t  \n\t  \n\t  \n\t  <a class = \"button sargabutton\"\thref = \"https:\/\/funside.hu\/en\/camps-and-activities-budapest\/\" target = \"_blank\" >\n    Details and application    <\/a>\n\t\t\t \n\t\t\t\t\t\t\t\n\n\t  \n\t    \t  \n\t  \n      <\/div>\n<\/div>        <div class=\"helyszin \">\n  <div class=\"maintitle\">\n    <div class=\"eletkor\"> <span class=\"szamok\">\n      8      -\n      14      <\/span> <span class=\"korig\">\n      years old      <\/span> <\/div>\n    <h3 class=\"baratsagos_cim\">Funside Day Camps Pest<br>J\u00e1szai Mari Square \/ Margaret Island<\/h3>\n  <\/div>\n      <div class=\"figure\" style=\"background-image: url(https:\/\/funside.hu\/wp-content\/uploads\/2026\/02\/Funside-Day-Camps-borito-Custom-960x497.jpg) \"><\/div>\n  \t\n  \n\t\n  <div class=\"buttonwrapper\">\n    \t  \n    \t  \t\t\t\t\t\t\t\t\t\t\t \n\t  \n\t  \n\t  \n\t  \n\t  \n\t  <a class = \"button sargabutton\"\thref = \"https:\/\/funside.hu\/en\/funside-international-summer-day-camp-in-pest\/\" target = \"_blank\" >\n    Details and application    <\/a>\n\t\t\t \n\t\t\t\t\t\t\t\n\n\t  \n\t    \t  \n\t  \n      <\/div>\n<\/div>                      <\/div>\n<\/div>\n<\/div><\/div><\/div><\/div><div id=\"pg-90043-2\"  class=\"panel-grid panel-no-style\" ><div id=\"pgc-90043-2-0\"  class=\"panel-grid-cell\" ><div id=\"panel-90043-2-0-0\" class=\"so-panel widget widget_sow-button panel-first-child widgetopts-SO\" data-index=\"3\" ><div\n\t\t\t\n\t\t\tclass=\"so-widget-sow-button so-widget-sow-button-atom-66466acb9e12-88698\"\n\t\t\t\n\t\t><div class=\"ow-button-base ow-button-align-center\"\n>\n\t\t\t<a\n\t\t\t\t\thref=\"https:\/\/funside.hu\/en\/registration-form-for-budapest-camp\/\"\n\t\t\t\t\tclass=\"sowb-button ow-icon-placement-left ow-button-hover\" target=\"_blank\" rel=\"noopener noreferrer\" \t>\n\t\t<span>\n\t\t\t\n\t\t\tSign up\t\t<\/span>\n\t\t\t<\/a>\n\t<\/div>\n<\/div><\/div><div id=\"panel-90043-2-0-1\" class=\"so-panel widget widget_sow-editor widgetopts-SO\" data-index=\"4\" ><div\n\t\t\t\n\t\t\tclass=\"so-widget-sow-editor so-widget-sow-editor-base\"\n\t\t\t\n\t\t>\n<div class=\"siteorigin-widget-tinymce textwidget\">\n\t<p>&nbsp;<\/p>\n<p>&nbsp;<\/p>\n<\/div>\n<\/div><\/div><div id=\"panel-90043-2-0-2\" class=\"so-panel widget widget_sow-headline widgetopts-SO\" data-index=\"5\" ><div\n\t\t\t\n\t\t\tclass=\"so-widget-sow-headline so-widget-sow-headline-default-401ae2313344-88698 so-widget-fittext-wrapper\"\n\t\t\t data-fit-text-compressor=\"0.85\"\n\t\t><div class=\"sow-headline-container \">\n\t\t\t\t\t\t\t<h2 class=\"sow-headline\">\n\t\t\t\t\t\tWhy Funside?\t\t\t\t\t\t<\/h2>\n\t\t\t\t\t\t<\/div>\n<\/div><\/div><div id=\"panel-90043-2-0-3\" class=\"so-panel widget widget_siteorigin-panels-postloop panel-last-child widgetopts-SO\" data-index=\"6\" ><div  class=\"lefty\" >\n  \n  <div class=\"icon_item_grid_flex icon_item_grid_flex_szeles\" >\n        <div class=\"icon_item\">\n      <figure>\n                        <img loading=\"lazy\" decoding=\"async\" width=\"200\" height=\"200\" src=\"https:\/\/funside.hu\/wp-content\/uploads\/2023\/02\/0145-flag.svg\" class=\"respimage wp-post-image\" alt=\"\" \/>              <\/figure>\n      <header>\n        <h4>\n          Two decades of Funside        <\/h4>\n      <\/header>\n      <div class=\"entry\">\n        <p>We are proud to have been joined by over 10 000 campers in 150 camp sessions since 2007<\/p>\n                              <\/div>\n    <\/div>\n        <div class=\"icon_item\">\n      <figure>\n                        <img loading=\"lazy\" decoding=\"async\" width=\"20\" height=\"20\" src=\"https:\/\/funside.hu\/wp-content\/uploads\/2023\/02\/0616-tennis.svg\" class=\"respimage wp-post-image\" alt=\"\" \/>              <\/figure>\n      <header>\n        <h4>\n          Wide Variety        <\/h4>\n      <\/header>\n      <div class=\"entry\">\n        <p>Choose from at least 5 different classes at each of our day camp venues<\/p>\n                              <\/div>\n    <\/div>\n        <div class=\"icon_item\">\n      <figure>\n                        <img loading=\"lazy\" decoding=\"async\" width=\"20\" height=\"20\" src=\"https:\/\/funside.hu\/wp-content\/uploads\/2023\/02\/0133-game.svg\" class=\"respimage wp-post-image\" alt=\"\" \/>              <\/figure>\n      <header>\n        <h4>\n          Learn by Play        <\/h4>\n      <\/header>\n      <div class=\"entry\">\n        <p>Our experience-based curriculum was designed in-house to match the needs of today&#8217;s kids<\/p>\n                              <\/div>\n    <\/div>\n        <div class=\"icon_item\">\n      <figure>\n                        <img loading=\"lazy\" decoding=\"async\" width=\"20\" height=\"20\" src=\"https:\/\/funside.hu\/wp-content\/uploads\/2023\/02\/0219-graduation-hat.svg\" class=\"respimage wp-post-image\" alt=\"\" \/>              <\/figure>\n      <header>\n        <h4>\n          Selected Staff        <\/h4>\n      <\/header>\n      <div class=\"entry\">\n        <p>Our team of camp staff is carefully selected and trained to provide a great experience for kids<\/p>\n                              <\/div>\n    <\/div>\n        <div class=\"icon_item\">\n      <figure>\n                        <img loading=\"lazy\" decoding=\"async\" width=\"20\" height=\"20\" src=\"https:\/\/funside.hu\/wp-content\/uploads\/2023\/02\/0394-calendar-full.svg\" class=\"respimage wp-post-image\" alt=\"\" \/>              <\/figure>\n      <header>\n        <h4>\n          Open All Summer        <\/h4>\n      <\/header>\n      <div class=\"entry\">\n        <p>Find meaningful activities at Funside Budapest all throughout the summer break<\/p>\n                              <\/div>\n    <\/div>\n      <\/div>\n\n<\/div>\n<\/div><\/div><\/div><div id=\"pg-90043-3\"  class=\"panel-grid panel-has-style\" ><div class=\"panel-row-style panel-row-style-for-90043-3\" ><div id=\"pgc-90043-3-0\"  class=\"panel-grid-cell\" ><div id=\"panel-90043-3-0-0\" class=\"so-panel widget widget_sow-headline panel-first-child extendedwopts-hide extendedwopts-mobile widgetopts-SO\" data-index=\"7\" ><div\n\t\t\t\n\t\t\tclass=\"so-widget-sow-headline so-widget-sow-headline-default-401ae2313344-33801 so-widget-fittext-wrapper\"\n\t\t\t data-fit-text-compressor=\"0.85\"\n\t\t><div class=\"sow-headline-container \">\n\t\t\t\t\t\t\t<h2 class=\"sow-headline\">\n\t\t\t\t\t\tCheck our our latest video!\t\t\t\t\t\t<\/h2>\n\t\t\t\t\t\t<\/div>\n<\/div><\/div><div id=\"panel-90043-3-0-1\" class=\"so-panel widget widget_sow-editor extendedwopts-hide extendedwopts-mobile widgetopts-SO\" data-index=\"8\" ><div class=\"no-padding panel-widget-style panel-widget-style-for-90043-3-0-1\" ><div\n\t\t\t\n\t\t\tclass=\"so-widget-sow-editor so-widget-sow-editor-base\"\n\t\t\t\n\t\t>\n<div class=\"siteorigin-widget-tinymce textwidget\">\n\t<div class=\"video-container\">\n<div class=\"container-lazyload preview-lazyload container-youtube js-lazyload--not-loaded\"><a href=\"https:\/\/youtu.be\/CP8cENF3hK0\" class=\"lazy-load-youtube preview-lazyload preview-youtube\" data-video-title=\"Funside Day Camps Aftermovie\" title=\"Play video &quot;Funside Day Camps Aftermovie&quot;\">https:\/\/youtu.be\/CP8cENF3hK0<\/a><noscript>Video can't be loaded because JavaScript is disabled: <a href=\"https:\/\/youtu.be\/CP8cENF3hK0\" title=\"Funside Day Camps Aftermovie\">Funside Day Camps Aftermovie (https:\/\/youtu.be\/CP8cENF3hK0)<\/a><\/noscript><\/div>\n<\/div>\n<\/div>\n<\/div><\/div><\/div><div id=\"panel-90043-3-0-2\" class=\"so-panel widget widget_sow-button panel-last-child widgetopts-SO\" data-index=\"9\" ><div\n\t\t\t\n\t\t\tclass=\"so-widget-sow-button so-widget-sow-button-atom-66466acb9e12-33801\"\n\t\t\t\n\t\t><div class=\"ow-button-base ow-button-align-center\"\n>\n\t\t\t<a\n\t\t\t\t\thref=\"https:\/\/funside.hu\/en\/registration-form-for-budapest-camp\/\"\n\t\t\t\t\tclass=\"sowb-button ow-icon-placement-left ow-button-hover\" target=\"_blank\" rel=\"noopener noreferrer\" \t>\n\t\t<span>\n\t\t\t\n\t\t\tSign up\t\t<\/span>\n\t\t\t<\/a>\n\t<\/div>\n<\/div><\/div><\/div><\/div><\/div><\/div>","protected":false},"excerpt":{"rendered":"<p>Our international community welcomes campers from many different countries, and our staff speaks both English and Hungarian.&nbsp;Join us at two locations in the city: on the Buda side at Vill\u00e1nyi Street \/ Premier Padel Park, and on the Pest side near J\u00e1szai Mari Square, close to Margaret Island.<\/p>\n","protected":false},"author":3,"featured_media":88766,"parent":0,"menu_order":0,"comment_status":"closed","ping_status":"closed","template":"","meta":{"_acf_changed":false,"inline_featured_image":false,"ngg_post_thumbnail":0,"footnotes":"","_wp_rev_ctl_limit":""},"categories":[573],"class_list":["post-90043","page","type-page","status-publish","has-post-thumbnail","hentry","category-funside-budapest-en","editor-pagebuilder"],"acf":[],"yoast_head":"<!-- This site is optimized with the Yoast SEO plugin v27.4 - https:\/\/yoast.com\/product\/yoast-seo-wordpress\/ -->\n<title>International Day Camps in Budapest &#8211; Funside ny\u00e1ri t\u00e1borok \u00e9s tanfolyamok<\/title>\n<meta name=\"robots\" content=\"index, follow, max-snippet:-1, max-image-preview:large, max-video-preview:-1\" \/>\n<link rel=\"canonical\" href=\"https:\/\/funside.hu\/en\/summer-day-camps-in-budapest\/\" \/>\n<meta property=\"og:locale\" content=\"en_US\" \/>\n<meta property=\"og:type\" content=\"article\" \/>\n<meta property=\"og:title\" content=\"International Day Camps in Budapest &#8211; Funside ny\u00e1ri t\u00e1borok \u00e9s tanfolyamok\" \/>\n<meta property=\"og:description\" content=\"Our international community welcomes campers from many different countries, and our staff speaks both English and Hungarian.&nbsp;Join us at two locations in the city: on the Buda side at Vill\u00e1nyi Street \/ Premier Padel Park, and on the Pest side near J\u00e1szai Mari Square, close to Margaret Island.\" \/>\n<meta property=\"og:url\" content=\"https:\/\/funside.hu\/en\/summer-day-camps-in-budapest\/\" \/>\n<meta property=\"og:site_name\" content=\"Funside ny\u00e1ri t\u00e1borok \u00e9s tanfolyamok\" \/>\n<meta property=\"article:publisher\" content=\"https:\/\/www.facebook.com\/funsidetabor\" \/>\n<meta property=\"article:modified_time\" content=\"2026-04-23T12:41:06+00:00\" \/>\n<meta property=\"og:image\" content=\"https:\/\/funside.hu\/wp-content\/uploads\/2026\/02\/funside-day-camps-budapest-Large.jpg\" \/>\n\t<meta property=\"og:image:width\" content=\"1600\" \/>\n\t<meta property=\"og:image:height\" content=\"785\" \/>\n\t<meta property=\"og:image:type\" content=\"image\/jpeg\" \/>\n<meta name=\"twitter:card\" content=\"summary_large_image\" \/>\n<meta name=\"twitter:site\" content=\"@funsidetabor\" \/>\n<meta name=\"twitter:label1\" content=\"Est. reading time\" \/>\n\t<meta name=\"twitter:data1\" content=\"1 minute\" \/>\n<script type=\"application\/ld+json\" class=\"yoast-schema-graph\">{\"@context\":\"https:\\\/\\\/schema.org\",\"@graph\":[{\"@type\":\"WebPage\",\"@id\":\"https:\\\/\\\/funside.hu\\\/en\\\/summer-day-camps-in-budapest\\\/\",\"url\":\"https:\\\/\\\/funside.hu\\\/en\\\/summer-day-camps-in-budapest\\\/\",\"name\":\"International Day Camps in Budapest &#8211; Funside ny\u00e1ri t\u00e1borok \u00e9s tanfolyamok\",\"isPartOf\":{\"@id\":\"https:\\\/\\\/funside.hu\\\/en\\\/#website\"},\"primaryImageOfPage\":{\"@id\":\"https:\\\/\\\/funside.hu\\\/en\\\/summer-day-camps-in-budapest\\\/#primaryimage\"},\"image\":{\"@id\":\"https:\\\/\\\/funside.hu\\\/en\\\/summer-day-camps-in-budapest\\\/#primaryimage\"},\"thumbnailUrl\":\"https:\\\/\\\/funside.hu\\\/wp-content\\\/uploads\\\/2026\\\/02\\\/funside-day-camps-budapest-Large.jpg\",\"datePublished\":\"2026-04-23T12:37:29+00:00\",\"dateModified\":\"2026-04-23T12:41:06+00:00\",\"breadcrumb\":{\"@id\":\"https:\\\/\\\/funside.hu\\\/en\\\/summer-day-camps-in-budapest\\\/#breadcrumb\"},\"inLanguage\":\"en-US\",\"potentialAction\":[{\"@type\":\"ReadAction\",\"target\":[\"https:\\\/\\\/funside.hu\\\/en\\\/summer-day-camps-in-budapest\\\/\"]}]},{\"@type\":\"ImageObject\",\"inLanguage\":\"en-US\",\"@id\":\"https:\\\/\\\/funside.hu\\\/en\\\/summer-day-camps-in-budapest\\\/#primaryimage\",\"url\":\"https:\\\/\\\/funside.hu\\\/wp-content\\\/uploads\\\/2026\\\/02\\\/funside-day-camps-budapest-Large.jpg\",\"contentUrl\":\"https:\\\/\\\/funside.hu\\\/wp-content\\\/uploads\\\/2026\\\/02\\\/funside-day-camps-budapest-Large.jpg\",\"width\":1600,\"height\":785},{\"@type\":\"BreadcrumbList\",\"@id\":\"https:\\\/\\\/funside.hu\\\/en\\\/summer-day-camps-in-budapest\\\/#breadcrumb\",\"itemListElement\":[{\"@type\":\"ListItem\",\"position\":1,\"name\":\"Home\",\"item\":\"https:\\\/\\\/funside.hu\\\/en\\\/\"},{\"@type\":\"ListItem\",\"position\":2,\"name\":\"International Day Camps in Budapest\"}]},{\"@type\":\"WebSite\",\"@id\":\"https:\\\/\\\/funside.hu\\\/en\\\/#website\",\"url\":\"https:\\\/\\\/funside.hu\\\/en\\\/\",\"name\":\"Funside ny\u00e1ri t\u00e1borok \u00e9s tanfolyamok\",\"description\":\"21. sz\u00e1zadi oktat\u00e1s gyerekeknek \u00e9s fiataloknak: Funside School tanfolyamok \u00e9s Funside nemzetk\u00f6zi ny\u00e1ri t\u00e1borok.\",\"publisher\":{\"@id\":\"https:\\\/\\\/funside.hu\\\/en\\\/#organization\"},\"potentialAction\":[{\"@type\":\"SearchAction\",\"target\":{\"@type\":\"EntryPoint\",\"urlTemplate\":\"https:\\\/\\\/funside.hu\\\/en\\\/?s={search_term_string}\"},\"query-input\":{\"@type\":\"PropertyValueSpecification\",\"valueRequired\":true,\"valueName\":\"search_term_string\"}}],\"inLanguage\":\"en-US\"},{\"@type\":\"Organization\",\"@id\":\"https:\\\/\\\/funside.hu\\\/en\\\/#organization\",\"name\":\"Funside School Kft.\",\"url\":\"https:\\\/\\\/funside.hu\\\/en\\\/\",\"logo\":{\"@type\":\"ImageObject\",\"inLanguage\":\"en-US\",\"@id\":\"https:\\\/\\\/funside.hu\\\/en\\\/#\\\/schema\\\/logo\\\/image\\\/\",\"url\":\"https:\\\/\\\/funside.hu\\\/wp-content\\\/uploads\\\/2020\\\/12\\\/main_logo.png\",\"contentUrl\":\"https:\\\/\\\/funside.hu\\\/wp-content\\\/uploads\\\/2020\\\/12\\\/main_logo.png\",\"width\":119,\"height\":156,\"caption\":\"Funside School Kft.\"},\"image\":{\"@id\":\"https:\\\/\\\/funside.hu\\\/en\\\/#\\\/schema\\\/logo\\\/image\\\/\"},\"sameAs\":[\"https:\\\/\\\/www.facebook.com\\\/funsidetabor\",\"https:\\\/\\\/x.com\\\/funsidetabor\",\"https:\\\/\\\/www.instagram.com\\\/funside\\\/\",\"https:\\\/\\\/www.linkedin.com\\\/company\\\/10425232\\\/\",\"https:\\\/\\\/www.youtube.com\\\/user\\\/funsidetabor\"]}]}<\/script>\n<!-- \/ Yoast SEO plugin. -->","yoast_head_json":{"title":"International Day Camps in Budapest &#8211; Funside ny\u00e1ri t\u00e1borok \u00e9s tanfolyamok","robots":{"index":"index","follow":"follow","max-snippet":"max-snippet:-1","max-image-preview":"max-image-preview:large","max-video-preview":"max-video-preview:-1"},"canonical":"https:\/\/funside.hu\/en\/summer-day-camps-in-budapest\/","og_locale":"en_US","og_type":"article","og_title":"International Day Camps in Budapest &#8211; Funside ny\u00e1ri t\u00e1borok \u00e9s tanfolyamok","og_description":"Our international community welcomes campers from many different countries, and our staff speaks both English and Hungarian.&nbsp;Join us at two locations in the city: on the Buda side at Vill\u00e1nyi Street \/ Premier Padel Park, and on the Pest side near J\u00e1szai Mari Square, close to Margaret Island.","og_url":"https:\/\/funside.hu\/en\/summer-day-camps-in-budapest\/","og_site_name":"Funside ny\u00e1ri t\u00e1borok \u00e9s tanfolyamok","article_publisher":"https:\/\/www.facebook.com\/funsidetabor","article_modified_time":"2026-04-23T12:41:06+00:00","og_image":[{"width":1600,"height":785,"url":"https:\/\/funside.hu\/wp-content\/uploads\/2026\/02\/funside-day-camps-budapest-Large.jpg","type":"image\/jpeg"}],"twitter_card":"summary_large_image","twitter_site":"@funsidetabor","twitter_misc":{"Est. reading time":"1 minute"},"schema":{"@context":"https:\/\/schema.org","@graph":[{"@type":"WebPage","@id":"https:\/\/funside.hu\/en\/summer-day-camps-in-budapest\/","url":"https:\/\/funside.hu\/en\/summer-day-camps-in-budapest\/","name":"International Day Camps in Budapest &#8211; Funside ny\u00e1ri t\u00e1borok \u00e9s tanfolyamok","isPartOf":{"@id":"https:\/\/funside.hu\/en\/#website"},"primaryImageOfPage":{"@id":"https:\/\/funside.hu\/en\/summer-day-camps-in-budapest\/#primaryimage"},"image":{"@id":"https:\/\/funside.hu\/en\/summer-day-camps-in-budapest\/#primaryimage"},"thumbnailUrl":"https:\/\/funside.hu\/wp-content\/uploads\/2026\/02\/funside-day-camps-budapest-Large.jpg","datePublished":"2026-04-23T12:37:29+00:00","dateModified":"2026-04-23T12:41:06+00:00","breadcrumb":{"@id":"https:\/\/funside.hu\/en\/summer-day-camps-in-budapest\/#breadcrumb"},"inLanguage":"en-US","potentialAction":[{"@type":"ReadAction","target":["https:\/\/funside.hu\/en\/summer-day-camps-in-budapest\/"]}]},{"@type":"ImageObject","inLanguage":"en-US","@id":"https:\/\/funside.hu\/en\/summer-day-camps-in-budapest\/#primaryimage","url":"https:\/\/funside.hu\/wp-content\/uploads\/2026\/02\/funside-day-camps-budapest-Large.jpg","contentUrl":"https:\/\/funside.hu\/wp-content\/uploads\/2026\/02\/funside-day-camps-budapest-Large.jpg","width":1600,"height":785},{"@type":"BreadcrumbList","@id":"https:\/\/funside.hu\/en\/summer-day-camps-in-budapest\/#breadcrumb","itemListElement":[{"@type":"ListItem","position":1,"name":"Home","item":"https:\/\/funside.hu\/en\/"},{"@type":"ListItem","position":2,"name":"International Day Camps in Budapest"}]},{"@type":"WebSite","@id":"https:\/\/funside.hu\/en\/#website","url":"https:\/\/funside.hu\/en\/","name":"Funside ny\u00e1ri t\u00e1borok \u00e9s tanfolyamok","description":"21. sz\u00e1zadi oktat\u00e1s gyerekeknek \u00e9s fiataloknak: Funside School tanfolyamok \u00e9s Funside nemzetk\u00f6zi ny\u00e1ri t\u00e1borok.","publisher":{"@id":"https:\/\/funside.hu\/en\/#organization"},"potentialAction":[{"@type":"SearchAction","target":{"@type":"EntryPoint","urlTemplate":"https:\/\/funside.hu\/en\/?s={search_term_string}"},"query-input":{"@type":"PropertyValueSpecification","valueRequired":true,"valueName":"search_term_string"}}],"inLanguage":"en-US"},{"@type":"Organization","@id":"https:\/\/funside.hu\/en\/#organization","name":"Funside School Kft.","url":"https:\/\/funside.hu\/en\/","logo":{"@type":"ImageObject","inLanguage":"en-US","@id":"https:\/\/funside.hu\/en\/#\/schema\/logo\/image\/","url":"https:\/\/funside.hu\/wp-content\/uploads\/2020\/12\/main_logo.png","contentUrl":"https:\/\/funside.hu\/wp-content\/uploads\/2020\/12\/main_logo.png","width":119,"height":156,"caption":"Funside School Kft."},"image":{"@id":"https:\/\/funside.hu\/en\/#\/schema\/logo\/image\/"},"sameAs":["https:\/\/www.facebook.com\/funsidetabor","https:\/\/x.com\/funsidetabor","https:\/\/www.instagram.com\/funside\/","https:\/\/www.linkedin.com\/company\/10425232\/","https:\/\/www.youtube.com\/user\/funsidetabor"]}]}},"_links":{"self":[{"href":"https:\/\/funside.hu\/en\/wp-json\/wp\/v2\/pages\/90043","targetHints":{"allow":["GET"]}}],"collection":[{"href":"https:\/\/funside.hu\/en\/wp-json\/wp\/v2\/pages"}],"about":[{"href":"https:\/\/funside.hu\/en\/wp-json\/wp\/v2\/types\/page"}],"author":[{"embeddable":true,"href":"https:\/\/funside.hu\/en\/wp-json\/wp\/v2\/users\/3"}],"replies":[{"embeddable":true,"href":"https:\/\/funside.hu\/en\/wp-json\/wp\/v2\/comments?post=90043"}],"version-history":[{"count":4,"href":"https:\/\/funside.hu\/en\/wp-json\/wp\/v2\/pages\/90043\/revisions"}],"predecessor-version":[{"id":90048,"href":"https:\/\/funside.hu\/en\/wp-json\/wp\/v2\/pages\/90043\/revisions\/90048"}],"wp:featuredmedia":[{"embeddable":true,"href":"https:\/\/funside.hu\/en\/wp-json\/wp\/v2\/media\/88766"}],"wp:attachment":[{"href":"https:\/\/funside.hu\/en\/wp-json\/wp\/v2\/media?parent=90043"}],"wp:term":[{"taxonomy":"category","embeddable":true,"href":"https:\/\/funside.hu\/en\/wp-json\/wp\/v2\/categories?post=90043"}],"curies":[{"name":"wp","href":"https:\/\/api.w.org\/{rel}","templated":true}]}}