{"id":86249,"date":"2025-09-04T11:58:50","date_gmt":"2025-09-04T09:58:50","guid":{"rendered":"https:\/\/funside.hu\/?page_id=86249"},"modified":"2025-09-04T12:11:42","modified_gmt":"2025-09-04T10:11:42","slug":"partner-schools","status":"publish","type":"page","link":"https:\/\/funside.hu\/en\/partner-schools\/","title":{"rendered":"Partner schools"},"content":{"rendered":"<div id=\"pl-86249\"  class=\"panel-layout\" ><div id=\"pg-86249-0\"  class=\"panel-grid panel-no-style\" ><div id=\"pgc-86249-0-0\"  class=\"panel-grid-cell\" ><div id=\"panel-86249-0-0-0\" class=\"so-panel widget widget_sow-headline panel-first-child panel-last-child widgetopts-SO\" data-index=\"0\" ><div\n\t\t\t\n\t\t\tclass=\"so-widget-sow-headline so-widget-sow-headline-default-85ea4ac10cbf-86249\"\n\t\t\t\n\t\t><div class=\"sow-headline-container \">\n\t\t\t\t\t\t\t<h2 class=\"sow-headline\">\n\t\t\t\t\t\tAfter School Courses by Funside\t\t\t\t\t\t<\/h2>\n\t\t\t\t\t\t<\/div>\n<\/div><\/div><\/div><\/div><div id=\"pg-86249-1\"  class=\"panel-grid panel-no-style\" ><div id=\"pgc-86249-1-0\"  class=\"panel-grid-cell\" ><div id=\"panel-86249-1-0-0\" class=\"so-panel widget widget_sow-editor panel-first-child panel-last-child widgetopts-SO\" data-index=\"1\" ><div\n\t\t\t\n\t\t\tclass=\"so-widget-sow-editor so-widget-sow-editor-base\"\n\t\t\t\n\t\t>\n<div class=\"siteorigin-widget-tinymce textwidget\">\n\t<h3>Funside Classes at Your School!<\/h3>\n<p>Funside courses are now available in multiple schools in Budapest, in both Hungarian and English. Our growing network of partner schools includes both Hungarian and international schools, where Funside's own courses and clubs are available according to demand, as well as advanced IT courses integrated into the regular curriculum. Registration is currently open to students at these schools, but we will soon be expanding our offerings to new locations.<\/p>\n<\/div>\n<\/div><\/div><\/div><div id=\"pgc-86249-1-1\"  class=\"panel-grid-cell\" ><div id=\"panel-86249-1-1-0\" class=\"so-panel widget widget_sow-image panel-first-child panel-last-child widgetopts-SO\" data-index=\"2\" ><div\n\t\t\t\n\t\t\tclass=\"so-widget-sow-image so-widget-sow-image-default-dbf295114b96-86249\"\n\t\t\t\n\t\t>\n<div class=\"sow-image-container\">\n\t\t<img \n\tsrc=\"https:\/\/funside.hu\/wp-content\/uploads\/2018\/08\/Funside-School-\u00d3buda-R\u00f3mai-part-2-813x540.jpg\" width=\"813\" height=\"540\" srcset=\"https:\/\/funside.hu\/wp-content\/uploads\/2018\/08\/Funside-School-\u00d3buda-R\u00f3mai-part-2-813x540.jpg 813w, https:\/\/funside.hu\/wp-content\/uploads\/2018\/08\/Funside-School-\u00d3buda-R\u00f3mai-part-2-768x510.jpg 768w, https:\/\/funside.hu\/wp-content\/uploads\/2018\/08\/Funside-School-\u00d3buda-R\u00f3mai-part-2-1536x1020.jpg 1536w, https:\/\/funside.hu\/wp-content\/uploads\/2018\/08\/Funside-School-\u00d3buda-R\u00f3mai-part-2-100x66.jpg 100w, https:\/\/funside.hu\/wp-content\/uploads\/2018\/08\/Funside-School-\u00d3buda-R\u00f3mai-part-2-211x140.jpg 211w, https:\/\/funside.hu\/wp-content\/uploads\/2018\/08\/Funside-School-\u00d3buda-R\u00f3mai-part-2-422x280.jpg 422w, https:\/\/funside.hu\/wp-content\/uploads\/2018\/08\/Funside-School-\u00d3buda-R\u00f3mai-part-2-228x152.jpg 228w, https:\/\/funside.hu\/wp-content\/uploads\/2018\/08\/Funside-School-\u00d3buda-R\u00f3mai-part-2-570x380.jpg 570w, https:\/\/funside.hu\/wp-content\/uploads\/2018\/08\/Funside-School-\u00d3buda-R\u00f3mai-part-2-272x182.jpg 272w, https:\/\/funside.hu\/wp-content\/uploads\/2018\/08\/Funside-School-\u00d3buda-R\u00f3mai-part-2.jpg 1626w\" sizes=\"(max-width: 813px) 100vw, 813px\" title=\"Funside School \u00d3buda R\u00f3mai-part (2)\" alt=\"\" \t\tclass=\"so-widget-image\"\/>\n\t<\/div>\n\n<\/div><\/div><\/div><\/div><div id=\"pg-86249-2\"  class=\"panel-grid panel-no-style\" ><div id=\"pgc-86249-2-0\"  class=\"panel-grid-cell\" ><div id=\"panel-86249-2-0-0\" class=\"so-panel widget widget_siteorigin-panels-postloop panel-first-child panel-last-child widgetopts-SO\" data-index=\"3\" ><div class=\"lefty\">\n  \n  <div class=\"helyszinoszlopok helyszinoszlopok_partneriskolak_teljes\">\n            <div class=\"helyszin \">\n  <div class=\"maintitle\">\n    <h3>\n      Orchidea Bilingual School    <\/h3>\n  <\/div>\n  \n    <div class=\"figure\" style=\"background-image: url(https:\/\/funside.hu\/wp-content\/uploads\/2020\/01\/orchidea-robotika-815x540.jpg) \">\n      \n      \n      \n      \n                      \n            <div class=\"partner_logo\">\n            <img decoding=\"async\"   src=\"https:\/\/funside.hu\/wp-content\/uploads\/2019\/10\/orchidea_logo.svg\" alt=\"\" \/><\/div>\n         \n    <\/div>\n  \n\n    \n    \n      <div class=\"foglalkozasok\">\n              \n      \t \n      \n      \n                                <div>\n      <h4 class=\"taborkategoria\">\n        Informatika \u00e9s STEM szakk\u00f6r\u00f6k      <\/h4>\n            <div class=\"tabor\"> <span class=\"tabornev\">\n        Robotics &amp; Programming        <\/span>\n                        <span  class=\"cimke \" > <span> <\/span> <\/span>\n                      <\/div>\n                    <div class=\"tabor\"> <span class=\"tabornev\">\n        Minecraft Education        <\/span>\n                        <span  class=\"cimke \" > <span> <\/span> <\/span>\n                      <\/div>\n                    <div class=\"tabor\"> <span class=\"tabornev\">\n        Robotics Mini        <\/span>\n                        <span  class=\"cimke \" > <span> <\/span> <\/span>\n                      <\/div>\n          <\/div>\n                  <\/div>\n        \n       <div class=\"address\">\n          <strong>  Location <\/strong>\n           <span class=\"locality\">\n                                  Budapest                                  ,<\/span> <span class=\"postal-code\">\n                                  1135                                  <\/span> <span class=\"street-address\">\n                                  Szent L\u00e1szl\u00f3 \u00fat 59-61.                                  <\/span> <\/div>\n    \n    \n    \n  <div class=\"buttonwrapper\">\n                            <a class = \"button sargabutton\"\thref = \"https:\/\/funside.hu\/en\/orchidea\/\" target = \"_blank\" >\n    Details and application    <\/a>\n                  <\/div>\n<\/div>     \n        <div class=\"helyszin \">\n  <div class=\"maintitle\">\n    <h3>\n      International School of Budapest (ISB)    <\/h3>\n  <\/div>\n  \n    <div class=\"figure\" style=\"background-image: url(https:\/\/funside.hu\/wp-content\/uploads\/2021\/08\/funside-school_robotika_22-960x469.jpg) \">\n      \n      \n      \n      \n                      \n            <div class=\"partner_logo\">\n            <img decoding=\"async\"   src=\"https:\/\/funside.hu\/wp-content\/uploads\/2024\/08\/ISB_logo.svg\" alt=\"\" \/><\/div>\n         \n    <\/div>\n  \n\n    \n    \n      <div class=\"foglalkozasok\">\n              \n      \t \n      \n      \n                                <div>\n      <h4 class=\"taborkategoria\">\n        Informatika \u00e9s STEM szakk\u00f6r\u00f6k      <\/h4>\n            <div class=\"tabor\"> <span class=\"tabornev\">\n        Robotics &amp; Programming        <\/span>\n                        <span  class=\"cimke \" > <span> <\/span> <\/span>\n                      <\/div>\n          <\/div>\n                  <\/div>\n        \n       <div class=\"address\">\n          <strong>  Location <\/strong>\n           <span class=\"locality\">\n                                  Budapest                                  ,<\/span> <span class=\"postal-code\">\n                                  1117                                  <\/span> <span class=\"street-address\">\n                                  Budafoki \u00fat 97-103                                  <\/span> <\/div>\n    \n    \n    \n  <div class=\"buttonwrapper\">\n            <a class = \"button sargabutton\"\thref = \"https:\/\/funside.hu\/isb\/\" target = \"_blank\" >\n    Details and application    <\/a>\n          <\/div>\n<\/div>     \n        <div class=\"helyszin \">\n  <div class=\"maintitle\">\n    <h3>\n      Budapest School (Brezno)    <\/h3>\n  <\/div>\n  \n    <div class=\"figure\" style=\"background-image: url(https:\/\/funside.hu\/wp-content\/uploads\/2019\/12\/funside-school-2019-18-001-814x540.jpg) \">\n      \n      \n      \n      \n                      \n            <div class=\"partner_logo\">\n            <img decoding=\"async\"   src=\"https:\/\/funside.hu\/wp-content\/uploads\/2023\/09\/budapest-school.png\" alt=\"\" \/><\/div>\n         \n    <\/div>\n  \n\n    \n    \n      <div class=\"foglalkozasok\">\n              \n      \t \n      \n      \n                                <div>\n      <h4 class=\"taborkategoria\">\n        Informatika \u00e9s STEM szakk\u00f6r\u00f6k      <\/h4>\n            <div class=\"tabor\"> <span class=\"tabornev\">\n        Robotics &amp; Programming        <\/span>\n                        <span  class=\"cimke \" > <span> <\/span> <\/span>\n                      <\/div>\n          <\/div>\n                  <\/div>\n        \n       <div class=\"address\">\n          <strong>  Location <\/strong>\n           <span class=\"locality\">\n                                  Budapest                                  ,<\/span> <span class=\"postal-code\">\n                                  1118                                  <\/span> <span class=\"street-address\">\n                                  Brezn\u00f3 k\u00f6z 8.                                  <\/span> <\/div>\n    \n    \n    \n  <div class=\"buttonwrapper\">\n                            <a class = \"button sargabutton\"\thref = \"https:\/\/funside.hu\/bps\/\" target = \"_blank\" >\n    Details and application    <\/a>\n                  <\/div>\n<\/div>     \n              <\/div>\n<\/div>\n \n<\/div><\/div><\/div><div id=\"pg-86249-3\"  class=\"panel-grid panel-no-style\" ><div id=\"pgc-86249-3-0\"  class=\"panel-grid-cell\" ><div id=\"panel-86249-3-0-0\" class=\"so-panel widget widget_sow-editor panel-first-child panel-last-child widgetopts-SO\" data-index=\"4\" ><div\n\t\t\t\n\t\t\tclass=\"so-widget-sow-editor so-widget-sow-editor-base\"\n\t\t\t\n\t\t>\n<div class=\"siteorigin-widget-tinymce textwidget\">\n\t\n\n <div class=\"section_padding\">\n\n\n\n\n\n<div class=\"lefty\">\n  <h2 class=\"sow-headline\"> Would you like have Funside courses at your school? <\/h2>\n<\/div>\n<div class=\"banner lefty\">\n  <div class=\"entry_wrapper\">\n    <div class=\"entry\">\n      <div id=\"pl-89674\"  class=\"panel-layout\" ><div id=\"pg-89674-0\"  class=\"panel-grid panel-no-style\" ><div id=\"pgc-89674-0-0\"  class=\"panel-grid-cell\" ><div id=\"panel-89674-0-0-0\" class=\"so-panel widget widget_sow-editor panel-first-child widgetopts-SO\" data-index=\"0\" ><div\n\t\t\t\n\t\t\tclass=\"so-widget-sow-editor so-widget-sow-editor-base\"\n\t\t\t\n\t\t>\n<div class=\"siteorigin-widget-tinymce textwidget\">\n\t<h2 style=\"text-align: center;\">FUNtastic Science Day Camp<\/h2>\n<p><img loading=\"lazy\" decoding=\"async\" class=\"size-medium wp-image-89368 aligncenter\" src=\"https:\/\/funside.hu\/wp-content\/uploads\/2026\/02\/funtasztik-e1772702845489-797x540.jpg\" alt=\"\" width=\"797\" height=\"540\" srcset=\"https:\/\/funside.hu\/wp-content\/uploads\/2026\/02\/funtasztik-e1772702845489-797x540.jpg 797w, https:\/\/funside.hu\/wp-content\/uploads\/2026\/02\/funtasztik-e1772702845489-1593x1080.jpg 1593w, https:\/\/funside.hu\/wp-content\/uploads\/2026\/02\/funtasztik-e1772702845489-768x521.jpg 768w, https:\/\/funside.hu\/wp-content\/uploads\/2026\/02\/funtasztik-e1772702845489-1536x1041.jpg 1536w, https:\/\/funside.hu\/wp-content\/uploads\/2026\/02\/funtasztik-e1772702845489-100x68.jpg 100w, https:\/\/funside.hu\/wp-content\/uploads\/2026\/02\/funtasztik-e1772702845489-207x140.jpg 207w, https:\/\/funside.hu\/wp-content\/uploads\/2026\/02\/funtasztik-e1772702845489-413x280.jpg 413w, https:\/\/funside.hu\/wp-content\/uploads\/2026\/02\/funtasztik-e1772702845489.jpg 1726w\" sizes=\"auto, (max-width: 797px) 100vw, 797px\" \/><\/p>\n<\/div>\n<\/div><\/div><div id=\"panel-89674-0-0-1\" class=\"so-panel widget widget_sow-editor panel-last-child widgetopts-SO\" data-index=\"1\" ><div\n\t\t\t\n\t\t\tclass=\"so-widget-sow-editor so-widget-sow-editor-base\"\n\t\t\t\n\t\t>\n<div class=\"siteorigin-widget-tinymce textwidget\">\n\t<h3 style=\"text-align: center;\">Discover the exciting world of science at Funside Day Camps<\/h3>\n<p><strong>This year, we\u2019re launching a brand-new collaboration class with an external education partner at our new day camp location!<\/strong><\/p>\n<p>In our Funtastic Science classes, organised together with Funtastic Academy, campers explore the fascinating world of science through: \ud83e\uddea spectacular experiments, \u26a1 interactive demonstrations and \ud83e\udde0 playful science challenges.<\/p>\n<p><strong>How the collaboration class works:<\/strong><\/p>\n<p>At our new Pest location we are launching our first \u201cCollab\u201d camp, where we partner with external educational organizations to bring even more exciting activities to our campers. If you choose a collab class, after breakfast you will spend the entire morning period* with the partner organization\u2019s team. From lunchtime onward, you will rejoin the other Funside campers for meals and all the exciting afternoon programs.<\/p>\n<p><em>*Because of this schedule, collab activities cannot be combined with another activity.<\/em><\/p>\n<\/div>\n<\/div><\/div><\/div><\/div><div id=\"pg-89674-1\"  class=\"panel-grid panel-no-style\" ><div id=\"pgc-89674-1-0\"  class=\"panel-grid-cell\" ><div id=\"panel-89674-1-0-0\" class=\"so-panel widget widget_sow-button panel-first-child panel-last-child widgetopts-SO\" data-index=\"2\" ><div\n\t\t\t\n\t\t\tclass=\"so-widget-sow-button so-widget-sow-button-flat-66466acb9e12-89674\"\n\t\t\t\n\t\t><div class=\"ow-button-base ow-button-align-center\"\n>\n\t\t\t<a\n\t\t\t\t\thref=\"https:\/\/funside.hu\/en\/camps\/budapest-camps\/funtastic-science-camp\/\"\n\t\t\t\t\tclass=\"sowb-button ow-icon-placement-left ow-button-hover\" target=\"_blank\" rel=\"noopener noreferrer\" \t>\n\t\t<span>\n\t\t\t\n\t\t\tMore details and sign-up\t\t<\/span>\n\t\t\t<\/a>\n\t<\/div>\n<\/div><\/div><\/div><\/div><\/div>     \n    <\/div>\n  <\/div>\n      \n    <img decoding=\"async\" src=\"https:\/\/funside.hu\/wp-content\/uploads\/2018\/01\/funside_school_125-813x540.jpg\"  style=\"border-radius:10px;\"\/>\n\n  \n  <\/div>\n\n       <div class=\"lefty\">\n          <a class=\"button_sarga center_button\" href=\"https:\/\/funside.hu\/en\/contact\/\" \n                   target=\"_blank\"> Get in touch<\/a><\/div>\n      <\/div>\n<\/div>\n<\/div><\/div><\/div><\/div><\/div>","protected":false},"excerpt":{"rendered":"<p>Funside Classes at Your School! Funside courses are now available in multiple schools in Budapest, in both Hungarian and English. Our growing network of partner schools includes both Hungarian and international schools, where Funside&#8217;s own courses and clubs are available according to demand, as well as advanced IT courses integrated into the regular curriculum. Registration&#8230;<\/p>\n","protected":false},"author":3,"featured_media":0,"parent":0,"menu_order":0,"comment_status":"closed","ping_status":"closed","template":"","meta":{"_acf_changed":false,"inline_featured_image":false,"ngg_post_thumbnail":0,"footnotes":"","_wp_rev_ctl_limit":""},"categories":[587],"class_list":["post-86249","page","type-page","status-publish","hentry","category-funside-school","editor-pagebuilder"],"acf":[],"yoast_head":"<!-- This site is optimized with the Yoast SEO plugin v27.4 - https:\/\/yoast.com\/product\/yoast-seo-wordpress\/ -->\n<title>Partner schools &#8211; Funside summer camps and after school<\/title>\n<meta name=\"robots\" content=\"index, follow, max-snippet:-1, max-image-preview:large, max-video-preview:-1\" \/>\n<link rel=\"canonical\" href=\"https:\/\/funside.hu\/en\/partner-schools\/\" \/>\n<meta property=\"og:locale\" content=\"en_US\" \/>\n<meta property=\"og:type\" content=\"article\" \/>\n<meta property=\"og:title\" content=\"Partner schools &#8211; Funside summer camps and after school\" \/>\n<meta property=\"og:description\" content=\"Funside Classes at Your School! Funside courses are now available in multiple schools in Budapest, in both Hungarian and English. Our growing network of partner schools includes both Hungarian and international schools, where Funside&#039;s own courses and clubs are available according to demand, as well as advanced IT courses integrated into the regular curriculum. Registration...\" \/>\n<meta property=\"og:url\" content=\"https:\/\/funside.hu\/en\/partner-schools\/\" \/>\n<meta property=\"og:site_name\" content=\"Funside summer camps and after school\" \/>\n<meta property=\"article:publisher\" content=\"https:\/\/www.facebook.com\/funsidetabor\" \/>\n<meta property=\"article:modified_time\" content=\"2025-09-04T10:11:42+00:00\" \/>\n<meta property=\"og:image\" content=\"https:\/\/funside.hu\/wp-content\/uploads\/2020\/12\/funside_logo_facebookhoz.jpg\" \/>\n\t<meta property=\"og:image:width\" content=\"300\" \/>\n\t<meta property=\"og:image:height\" content=\"300\" \/>\n\t<meta property=\"og:image:type\" content=\"image\/jpeg\" \/>\n<meta name=\"twitter:card\" content=\"summary_large_image\" \/>\n<meta name=\"twitter:site\" content=\"@funsidetabor\" \/>\n<meta name=\"twitter:label1\" content=\"Est. reading time\" \/>\n\t<meta name=\"twitter:data1\" content=\"1 minute\" \/>\n<script type=\"application\/ld+json\" class=\"yoast-schema-graph\">{\"@context\":\"https:\\\/\\\/schema.org\",\"@graph\":[{\"@type\":\"WebPage\",\"@id\":\"https:\\\/\\\/funside.hu\\\/en\\\/partner-schools\\\/\",\"url\":\"https:\\\/\\\/funside.hu\\\/en\\\/partner-schools\\\/\",\"name\":\"Partner schools &#8211; Funside summer camps and after school\",\"isPartOf\":{\"@id\":\"https:\\\/\\\/funside.hu\\\/en\\\/#website\"},\"datePublished\":\"2025-09-04T09:58:50+00:00\",\"dateModified\":\"2025-09-04T10:11:42+00:00\",\"breadcrumb\":{\"@id\":\"https:\\\/\\\/funside.hu\\\/en\\\/partner-schools\\\/#breadcrumb\"},\"inLanguage\":\"en-US\",\"potentialAction\":[{\"@type\":\"ReadAction\",\"target\":[\"https:\\\/\\\/funside.hu\\\/en\\\/partner-schools\\\/\"]}]},{\"@type\":\"BreadcrumbList\",\"@id\":\"https:\\\/\\\/funside.hu\\\/en\\\/partner-schools\\\/#breadcrumb\",\"itemListElement\":[{\"@type\":\"ListItem\",\"position\":1,\"name\":\"Home\",\"item\":\"https:\\\/\\\/funside.hu\\\/en\\\/\"},{\"@type\":\"ListItem\",\"position\":2,\"name\":\"Partner schools\"}]},{\"@type\":\"WebSite\",\"@id\":\"https:\\\/\\\/funside.hu\\\/en\\\/#website\",\"url\":\"https:\\\/\\\/funside.hu\\\/en\\\/\",\"name\":\"Funside summer camps and after school\",\"description\":\"International summer camps and after school classes, in Budapest and at Lake Balaton, Hungary.\",\"publisher\":{\"@id\":\"https:\\\/\\\/funside.hu\\\/en\\\/#organization\"},\"potentialAction\":[{\"@type\":\"SearchAction\",\"target\":{\"@type\":\"EntryPoint\",\"urlTemplate\":\"https:\\\/\\\/funside.hu\\\/en\\\/?s={search_term_string}\"},\"query-input\":{\"@type\":\"PropertyValueSpecification\",\"valueRequired\":true,\"valueName\":\"search_term_string\"}}],\"inLanguage\":\"en-US\"},{\"@type\":\"Organization\",\"@id\":\"https:\\\/\\\/funside.hu\\\/en\\\/#organization\",\"name\":\"Funside School Kft.\",\"url\":\"https:\\\/\\\/funside.hu\\\/en\\\/\",\"logo\":{\"@type\":\"ImageObject\",\"inLanguage\":\"en-US\",\"@id\":\"https:\\\/\\\/funside.hu\\\/en\\\/#\\\/schema\\\/logo\\\/image\\\/\",\"url\":\"https:\\\/\\\/funside.hu\\\/wp-content\\\/uploads\\\/2020\\\/12\\\/main_logo.png\",\"contentUrl\":\"https:\\\/\\\/funside.hu\\\/wp-content\\\/uploads\\\/2020\\\/12\\\/main_logo.png\",\"width\":119,\"height\":156,\"caption\":\"Funside School Kft.\"},\"image\":{\"@id\":\"https:\\\/\\\/funside.hu\\\/en\\\/#\\\/schema\\\/logo\\\/image\\\/\"},\"sameAs\":[\"https:\\\/\\\/www.facebook.com\\\/funsidetabor\",\"https:\\\/\\\/x.com\\\/funsidetabor\",\"https:\\\/\\\/www.instagram.com\\\/funside\\\/\",\"https:\\\/\\\/www.linkedin.com\\\/company\\\/10425232\\\/\",\"https:\\\/\\\/www.youtube.com\\\/user\\\/funsidetabor\"]}]}<\/script>\n<!-- \/ Yoast SEO plugin. -->","yoast_head_json":{"title":"Partner schools &#8211; Funside summer camps and after school","robots":{"index":"index","follow":"follow","max-snippet":"max-snippet:-1","max-image-preview":"max-image-preview:large","max-video-preview":"max-video-preview:-1"},"canonical":"https:\/\/funside.hu\/en\/partner-schools\/","og_locale":"en_US","og_type":"article","og_title":"Partner schools &#8211; Funside summer camps and after school","og_description":"Funside Classes at Your School! Funside courses are now available in multiple schools in Budapest, in both Hungarian and English. Our growing network of partner schools includes both Hungarian and international schools, where Funside's own courses and clubs are available according to demand, as well as advanced IT courses integrated into the regular curriculum. Registration...","og_url":"https:\/\/funside.hu\/en\/partner-schools\/","og_site_name":"Funside summer camps and after school","article_publisher":"https:\/\/www.facebook.com\/funsidetabor","article_modified_time":"2025-09-04T10:11:42+00:00","og_image":[{"width":300,"height":300,"url":"https:\/\/funside.hu\/wp-content\/uploads\/2020\/12\/funside_logo_facebookhoz.jpg","type":"image\/jpeg"}],"twitter_card":"summary_large_image","twitter_site":"@funsidetabor","twitter_misc":{"Est. reading time":"1 minute"},"schema":{"@context":"https:\/\/schema.org","@graph":[{"@type":"WebPage","@id":"https:\/\/funside.hu\/en\/partner-schools\/","url":"https:\/\/funside.hu\/en\/partner-schools\/","name":"Partner schools &#8211; Funside summer camps and after school","isPartOf":{"@id":"https:\/\/funside.hu\/en\/#website"},"datePublished":"2025-09-04T09:58:50+00:00","dateModified":"2025-09-04T10:11:42+00:00","breadcrumb":{"@id":"https:\/\/funside.hu\/en\/partner-schools\/#breadcrumb"},"inLanguage":"en-US","potentialAction":[{"@type":"ReadAction","target":["https:\/\/funside.hu\/en\/partner-schools\/"]}]},{"@type":"BreadcrumbList","@id":"https:\/\/funside.hu\/en\/partner-schools\/#breadcrumb","itemListElement":[{"@type":"ListItem","position":1,"name":"Home","item":"https:\/\/funside.hu\/en\/"},{"@type":"ListItem","position":2,"name":"Partner schools"}]},{"@type":"WebSite","@id":"https:\/\/funside.hu\/en\/#website","url":"https:\/\/funside.hu\/en\/","name":"Funside summer camps and after school","description":"International summer camps and after school classes, in Budapest and at Lake Balaton, Hungary.","publisher":{"@id":"https:\/\/funside.hu\/en\/#organization"},"potentialAction":[{"@type":"SearchAction","target":{"@type":"EntryPoint","urlTemplate":"https:\/\/funside.hu\/en\/?s={search_term_string}"},"query-input":{"@type":"PropertyValueSpecification","valueRequired":true,"valueName":"search_term_string"}}],"inLanguage":"en-US"},{"@type":"Organization","@id":"https:\/\/funside.hu\/en\/#organization","name":"Funside School Kft.","url":"https:\/\/funside.hu\/en\/","logo":{"@type":"ImageObject","inLanguage":"en-US","@id":"https:\/\/funside.hu\/en\/#\/schema\/logo\/image\/","url":"https:\/\/funside.hu\/wp-content\/uploads\/2020\/12\/main_logo.png","contentUrl":"https:\/\/funside.hu\/wp-content\/uploads\/2020\/12\/main_logo.png","width":119,"height":156,"caption":"Funside School Kft."},"image":{"@id":"https:\/\/funside.hu\/en\/#\/schema\/logo\/image\/"},"sameAs":["https:\/\/www.facebook.com\/funsidetabor","https:\/\/x.com\/funsidetabor","https:\/\/www.instagram.com\/funside\/","https:\/\/www.linkedin.com\/company\/10425232\/","https:\/\/www.youtube.com\/user\/funsidetabor"]}]}},"_links":{"self":[{"href":"https:\/\/funside.hu\/en\/wp-json\/wp\/v2\/pages\/86249","targetHints":{"allow":["GET"]}}],"collection":[{"href":"https:\/\/funside.hu\/en\/wp-json\/wp\/v2\/pages"}],"about":[{"href":"https:\/\/funside.hu\/en\/wp-json\/wp\/v2\/types\/page"}],"author":[{"embeddable":true,"href":"https:\/\/funside.hu\/en\/wp-json\/wp\/v2\/users\/3"}],"replies":[{"embeddable":true,"href":"https:\/\/funside.hu\/en\/wp-json\/wp\/v2\/comments?post=86249"}],"version-history":[{"count":5,"href":"https:\/\/funside.hu\/en\/wp-json\/wp\/v2\/pages\/86249\/revisions"}],"predecessor-version":[{"id":86259,"href":"https:\/\/funside.hu\/en\/wp-json\/wp\/v2\/pages\/86249\/revisions\/86259"}],"wp:attachment":[{"href":"https:\/\/funside.hu\/en\/wp-json\/wp\/v2\/media?parent=86249"}],"wp:term":[{"taxonomy":"category","embeddable":true,"href":"https:\/\/funside.hu\/en\/wp-json\/wp\/v2\/categories?post=86249"}],"curies":[{"name":"wp","href":"https:\/\/api.w.org\/{rel}","templated":true}]}}