{"id":78841,"date":"2024-06-19T15:55:01","date_gmt":"2024-06-19T13:55:01","guid":{"rendered":"https:\/\/funside.hu\/?page_id=78841"},"modified":"2025-06-19T17:03:53","modified_gmt":"2025-06-19T15:03:53","slug":"docs2025","status":"publish","type":"page","link":"https:\/\/funside.hu\/en\/docs2025\/","title":{"rendered":"Downloadable documents for Funside Balaton 2025"},"content":{"rendered":"<h3><strong>Please kindly print, fill out and sign these documents, and bring them to the check-in desk upon arrival at the camp.<\/strong><\/h3>\n<p><span style=\"text-decoration: underline; color: #ff0000;\"><strong>Please do not send the forms back via email.<\/strong><\/span> The forms must reflect the most recent information at the start of the camp session, so please kindly bring the printed forms with you on your first day of camp. Thank you.<\/p>\n<p><strong>1. <span style=\"text-decoration: underline;\">For everyone<\/span>: Compulsory Health Statement (<a href=\"https:\/\/funside.hu\/wp-content\/uploads\/2025\/06\/01-Compulsory-Medical-Form-English.pdf\" target=\"_blank\" rel=\"noopener\">download<\/a>)&nbsp;<\/strong><\/p>\n<p><strong>2. <span style=\"text-decoration: underline;\">For everyone<\/span>: Camp General Terms and Conditions (<a href=\"https:\/\/funside.hu\/wp-content\/uploads\/2025\/06\/02-Funside-Balaton-General-Terms-English.pdf\" target=\"_blank\" rel=\"noopener\">download<\/a>)<\/strong><\/p>\n<p><strong>3. <span style=\"text-decoration: underline;\">Only for <span style=\"color: #ff0000; text-decoration: underline;\">Weeks 1 &amp; 3<\/span><\/span>: <a href=\"https:\/\/bobofunpark.hu\/en\/focus-boulder\" target=\"_blank\" rel=\"noopener\">Focus Boulder sport climbing<\/a> afternoon activity disclaimer form (<a href=\"https:\/\/funside.hu\/wp-content\/uploads\/2025\/06\/03-Bobo-Fun-Park-Boulder-statement-ONLY-WEEKS-1-3.pdf\" target=\"_blank\" rel=\"noopener\">download<\/a>) &#8211; campers can still participate in more than 20 other attractions of the Bobo Fun Park without the above form <\/strong>(for a full list of attractions, as well as age and height restrictions, please <a href=\"https:\/\/bobofunpark.hu\/en\/attractions\" target=\"_blank\" rel=\"noopener\">click here<\/a>)!<\/p>\n<p><em><strong>Who needs this form?<\/strong><\/em> This disclaimer form is only for our campers <strong>10 years of age and older<\/strong> who wish to <span style=\"text-decoration: underline;\"><strong>also participate in the Focus Boulder adult sport climbing courses<\/strong><\/span> within the Wednesday Bobo Fun Park activity. Participation in sport climbing is possible<strong> from the age of 13<\/strong> with the above statement;<strong> between the ages of 10-12<\/strong>, only experienced climbers may use the sport climbing courses &#8211; a form is still required, and in this case we ask that the Parent to also indicate on the form where and how regularly the child participates in boulder-type sport climbing. <strong>Under the age of 10<\/strong>, it is not possible to participate in the Focus Boulder adult courses, but there will be a number of other safe climbing attractions in the park for this age group: <a href=\"https:\/\/bobofunpark.hu\/en\/attractions\" target=\"_blank\" rel=\"noopener\">see the full list here<\/a>!<\/p>\n<p><strong>4. <span style=\"text-decoration: underline;\">Only for <span style=\"color: #ff0000; text-decoration: underline;\">Weeks 2 &amp; 4<\/span><\/span>: Wibit Water Adventure Park afternoon activity disclaimer form (<a href=\"https:\/\/funside.hu\/wp-content\/uploads\/2025\/06\/04-Wibit-Disclaimer-Form-ONLY-WEEKS-2-4.pdf\" target=\"_blank\" rel=\"noopener\">download<\/a>)<\/strong><\/p>\n<p>&nbsp;<\/p>\n<h3>For your information:<\/h3>\n<p>The Funside Balaton Camp Policy <a href=\"https:\/\/funside.hu\/en\/camp-policy-balaton\/\" target=\"_blank\" rel=\"noopener noreferrer\">can be read here<\/a>.<\/p>\n<p>Our general camp Privacy Policy <a href=\"https:\/\/funside.hu\/wp-content\/uploads\/2018\/06\/Funside-adatkezel\u00e9si-t\u00e1j\u00e9koztat\u00f3-F-t\u00e1bori-r\u00e9szv\u00e9tel-ANGOL.pdf\" target=\"_blank\" rel=\"noopener noreferrer\">can be read here<\/a>.<\/p>\n<p>It is not necessary to print these documents!<\/p>\n","protected":false},"excerpt":{"rendered":"<p>Please kindly print, fill out and sign these documents, and bring them to the check-in desk upon arrival at the camp. Please do not send the forms back via email. The forms must reflect the most recent information at the start of the camp session, so please kindly bring the printed forms with you on&#8230;<\/p>\n","protected":false},"author":3,"featured_media":0,"parent":0,"menu_order":0,"comment_status":"closed","ping_status":"open","template":"","meta":{"inline_featured_image":false,"ngg_post_thumbnail":0,"footnotes":"","_wp_rev_ctl_limit":""},"categories":[578],"class_list":["post-78841","page","type-page","status-publish","hentry","category-funside-balaton-en","editor-tinymce"],"acf":[],"yoast_head":"<!-- This site is optimized with the Yoast SEO plugin v24.7 - https:\/\/yoast.com\/wordpress\/plugins\/seo\/ -->\n<title>Downloadable documents for Funside Balaton 2025 &#8211; Funside summer camps and after school<\/title>\n<meta name=\"robots\" content=\"index, follow, max-snippet:-1, max-image-preview:large, max-video-preview:-1\" \/>\n<link rel=\"canonical\" href=\"https:\/\/funside.hu\/en\/docs2025\/\" \/>\n<meta property=\"og:locale\" content=\"en_US\" \/>\n<meta property=\"og:type\" content=\"article\" \/>\n<meta property=\"og:title\" content=\"Downloadable documents for Funside Balaton 2025 &#8211; Funside summer camps and after school\" \/>\n<meta property=\"og:description\" content=\"Please kindly print, fill out and sign these documents, and bring them to the check-in desk upon arrival at the camp. Please do not send the forms back via email. The forms must reflect the most recent information at the start of the camp session, so please kindly bring the printed forms with you on...\" \/>\n<meta property=\"og:url\" content=\"https:\/\/funside.hu\/en\/docs2025\/\" \/>\n<meta property=\"og:site_name\" content=\"Funside summer camps and after school\" \/>\n<meta property=\"article:publisher\" content=\"https:\/\/www.facebook.com\/funsidetabor\" \/>\n<meta property=\"article:modified_time\" content=\"2025-06-19T15:03:53+00:00\" \/>\n<meta property=\"og:image\" content=\"https:\/\/funside.hu\/wp-content\/uploads\/2020\/12\/funside_logo_facebookhoz.jpg\" \/>\n\t<meta property=\"og:image:width\" content=\"300\" \/>\n\t<meta property=\"og:image:height\" content=\"300\" \/>\n\t<meta property=\"og:image:type\" content=\"image\/jpeg\" \/>\n<meta name=\"twitter:card\" content=\"summary_large_image\" \/>\n<meta name=\"twitter:site\" content=\"@funsidetabor\" \/>\n<meta name=\"twitter:label1\" content=\"Est. reading time\" \/>\n\t<meta name=\"twitter:data1\" content=\"2 minutes\" \/>\n<script type=\"application\/ld+json\" class=\"yoast-schema-graph\">{\"@context\":\"https:\/\/schema.org\",\"@graph\":[{\"@type\":\"WebPage\",\"@id\":\"https:\/\/funside.hu\/en\/docs2025\/\",\"url\":\"https:\/\/funside.hu\/en\/docs2025\/\",\"name\":\"Downloadable documents for Funside Balaton 2025 &#8211; Funside summer camps and after school\",\"isPartOf\":{\"@id\":\"https:\/\/funside.hu\/en\/#website\"},\"datePublished\":\"2024-06-19T13:55:01+00:00\",\"dateModified\":\"2025-06-19T15:03:53+00:00\",\"breadcrumb\":{\"@id\":\"https:\/\/funside.hu\/en\/docs2025\/#breadcrumb\"},\"inLanguage\":\"en-US\",\"potentialAction\":[{\"@type\":\"ReadAction\",\"target\":[\"https:\/\/funside.hu\/en\/docs2025\/\"]}]},{\"@type\":\"BreadcrumbList\",\"@id\":\"https:\/\/funside.hu\/en\/docs2025\/#breadcrumb\",\"itemListElement\":[{\"@type\":\"ListItem\",\"position\":1,\"name\":\"Home\",\"item\":\"https:\/\/funside.hu\/en\/\"},{\"@type\":\"ListItem\",\"position\":2,\"name\":\"Downloadable documents for Funside Balaton 2025\"}]},{\"@type\":\"WebSite\",\"@id\":\"https:\/\/funside.hu\/en\/#website\",\"url\":\"https:\/\/funside.hu\/en\/\",\"name\":\"Funside summer camps and after school\",\"description\":\"International summer camps and after school classes, in Budapest and at Lake Balaton, Hungary.\",\"publisher\":{\"@id\":\"https:\/\/funside.hu\/en\/#organization\"},\"potentialAction\":[{\"@type\":\"SearchAction\",\"target\":{\"@type\":\"EntryPoint\",\"urlTemplate\":\"https:\/\/funside.hu\/en\/?s={search_term_string}\"},\"query-input\":{\"@type\":\"PropertyValueSpecification\",\"valueRequired\":true,\"valueName\":\"search_term_string\"}}],\"inLanguage\":\"en-US\"},{\"@type\":\"Organization\",\"@id\":\"https:\/\/funside.hu\/en\/#organization\",\"name\":\"Funside School Kft.\",\"url\":\"https:\/\/funside.hu\/en\/\",\"logo\":{\"@type\":\"ImageObject\",\"inLanguage\":\"en-US\",\"@id\":\"https:\/\/funside.hu\/en\/#\/schema\/logo\/image\/\",\"url\":\"https:\/\/funside.hu\/wp-content\/uploads\/2020\/12\/main_logo.png\",\"contentUrl\":\"https:\/\/funside.hu\/wp-content\/uploads\/2020\/12\/main_logo.png\",\"width\":119,\"height\":156,\"caption\":\"Funside School Kft.\"},\"image\":{\"@id\":\"https:\/\/funside.hu\/en\/#\/schema\/logo\/image\/\"},\"sameAs\":[\"https:\/\/www.facebook.com\/funsidetabor\",\"https:\/\/x.com\/funsidetabor\",\"https:\/\/www.instagram.com\/funside\/\",\"https:\/\/www.linkedin.com\/company\/10425232\/\",\"https:\/\/www.youtube.com\/user\/funsidetabor\"]}]}<\/script>\n<!-- \/ Yoast SEO plugin. -->","yoast_head_json":{"title":"Downloadable documents for Funside Balaton 2025 &#8211; Funside summer camps and after school","robots":{"index":"index","follow":"follow","max-snippet":"max-snippet:-1","max-image-preview":"max-image-preview:large","max-video-preview":"max-video-preview:-1"},"canonical":"https:\/\/funside.hu\/en\/docs2025\/","og_locale":"en_US","og_type":"article","og_title":"Downloadable documents for Funside Balaton 2025 &#8211; Funside summer camps and after school","og_description":"Please kindly print, fill out and sign these documents, and bring them to the check-in desk upon arrival at the camp. Please do not send the forms back via email. The forms must reflect the most recent information at the start of the camp session, so please kindly bring the printed forms with you on...","og_url":"https:\/\/funside.hu\/en\/docs2025\/","og_site_name":"Funside summer camps and after school","article_publisher":"https:\/\/www.facebook.com\/funsidetabor","article_modified_time":"2025-06-19T15:03:53+00:00","og_image":[{"width":300,"height":300,"url":"https:\/\/funside.hu\/wp-content\/uploads\/2020\/12\/funside_logo_facebookhoz.jpg","type":"image\/jpeg"}],"twitter_card":"summary_large_image","twitter_site":"@funsidetabor","twitter_misc":{"Est. reading time":"2 minutes"},"schema":{"@context":"https:\/\/schema.org","@graph":[{"@type":"WebPage","@id":"https:\/\/funside.hu\/en\/docs2025\/","url":"https:\/\/funside.hu\/en\/docs2025\/","name":"Downloadable documents for Funside Balaton 2025 &#8211; Funside summer camps and after school","isPartOf":{"@id":"https:\/\/funside.hu\/en\/#website"},"datePublished":"2024-06-19T13:55:01+00:00","dateModified":"2025-06-19T15:03:53+00:00","breadcrumb":{"@id":"https:\/\/funside.hu\/en\/docs2025\/#breadcrumb"},"inLanguage":"en-US","potentialAction":[{"@type":"ReadAction","target":["https:\/\/funside.hu\/en\/docs2025\/"]}]},{"@type":"BreadcrumbList","@id":"https:\/\/funside.hu\/en\/docs2025\/#breadcrumb","itemListElement":[{"@type":"ListItem","position":1,"name":"Home","item":"https:\/\/funside.hu\/en\/"},{"@type":"ListItem","position":2,"name":"Downloadable documents for Funside Balaton 2025"}]},{"@type":"WebSite","@id":"https:\/\/funside.hu\/en\/#website","url":"https:\/\/funside.hu\/en\/","name":"Funside summer camps and after school","description":"International summer camps and after school classes, in Budapest and at Lake Balaton, Hungary.","publisher":{"@id":"https:\/\/funside.hu\/en\/#organization"},"potentialAction":[{"@type":"SearchAction","target":{"@type":"EntryPoint","urlTemplate":"https:\/\/funside.hu\/en\/?s={search_term_string}"},"query-input":{"@type":"PropertyValueSpecification","valueRequired":true,"valueName":"search_term_string"}}],"inLanguage":"en-US"},{"@type":"Organization","@id":"https:\/\/funside.hu\/en\/#organization","name":"Funside School Kft.","url":"https:\/\/funside.hu\/en\/","logo":{"@type":"ImageObject","inLanguage":"en-US","@id":"https:\/\/funside.hu\/en\/#\/schema\/logo\/image\/","url":"https:\/\/funside.hu\/wp-content\/uploads\/2020\/12\/main_logo.png","contentUrl":"https:\/\/funside.hu\/wp-content\/uploads\/2020\/12\/main_logo.png","width":119,"height":156,"caption":"Funside School Kft."},"image":{"@id":"https:\/\/funside.hu\/en\/#\/schema\/logo\/image\/"},"sameAs":["https:\/\/www.facebook.com\/funsidetabor","https:\/\/x.com\/funsidetabor","https:\/\/www.instagram.com\/funside\/","https:\/\/www.linkedin.com\/company\/10425232\/","https:\/\/www.youtube.com\/user\/funsidetabor"]}]}},"_links":{"self":[{"href":"https:\/\/funside.hu\/en\/wp-json\/wp\/v2\/pages\/78841"}],"collection":[{"href":"https:\/\/funside.hu\/en\/wp-json\/wp\/v2\/pages"}],"about":[{"href":"https:\/\/funside.hu\/en\/wp-json\/wp\/v2\/types\/page"}],"author":[{"embeddable":true,"href":"https:\/\/funside.hu\/en\/wp-json\/wp\/v2\/users\/3"}],"replies":[{"embeddable":true,"href":"https:\/\/funside.hu\/en\/wp-json\/wp\/v2\/comments?post=78841"}],"version-history":[{"count":5,"href":"https:\/\/funside.hu\/en\/wp-json\/wp\/v2\/pages\/78841\/revisions"}],"predecessor-version":[{"id":85876,"href":"https:\/\/funside.hu\/en\/wp-json\/wp\/v2\/pages\/78841\/revisions\/85876"}],"wp:attachment":[{"href":"https:\/\/funside.hu\/en\/wp-json\/wp\/v2\/media?parent=78841"}],"wp:term":[{"taxonomy":"category","embeddable":true,"href":"https:\/\/funside.hu\/en\/wp-json\/wp\/v2\/categories?post=78841"}],"curies":[{"name":"wp","href":"https:\/\/api.w.org\/{rel}","templated":true}]}}