{"id":78033,"date":"2024-04-24T11:38:41","date_gmt":"2024-04-24T09:38:41","guid":{"rendered":"https:\/\/funside.hu\/?page_id=78033"},"modified":"2024-04-24T11:42:41","modified_gmt":"2024-04-24T09:42:41","slug":"thank-you-03","status":"publish","type":"page","link":"https:\/\/funside.hu\/en\/thank-you-03\/","title":{"rendered":"Congratulations!"},"content":{"rendered":"<h2>You have successfully completed your&nbsp;sign-up form!<\/h2>\n<h3>What happens next?<\/h3>\n<p>First you will receive an automatic email response, sent to the parents\u2019 email addresses provided by you on the sign-up form, which indicates that we have received your registration. However, this is not a booking confirmation yet! In case you don\u2019t receive this first email within minutes of your registration, please check the spam folder of your email client (Gmail, Outlook etc.) to make sure our email hasn\u2019t accidentally landed there.<\/p>\n<p>Next, our system will send you the confirmation of your booking in a separate email (each sign-up form is also manually checked by our team) usually within 5 working days, however, during the first days of the registration period this might take multiple days due to high demand \u2013 thank you for your patience!<\/p>\n<p>You will find all the information you need to complete your booking in the confirmation email.<\/p>\n<p>In the meantime, check out our&nbsp;<a href=\"https:\/\/www.facebook.com\/funsidetabor\" target=\"_blank\" rel=\"noopener noreferrer\">Facebook page<\/a>&nbsp;for the latest Funside news or&nbsp;<a href=\"https:\/\/funside.hu\/en\/contact\/\" target=\"_blank\" rel=\"noopener noreferrer\">get in touch<\/a>&nbsp;with us directly if you have any questions.<\/p>\n<p><!-- Google Code for BALATON jellap k&ouml;sz&ouml;nj&uuml;k oldal Conversion Page --><\/p>\n<p><script type=\"text\/javascript\">\/\/ <![CDATA[ var google_conversion_id = 1059520812; var google_conversion_language = \"en\"; var google_conversion_format = \"3\"; var google_conversion_color = \"ffffff\"; var google_conversion_label = \"sBDLCKyfuwUQrIKc-QM\"; var google_conversion_value = 1.000000; var google_remarketing_only = false; \/\/ ]]><\/script><\/p>\n<p><script src=\"\/\/www.googleadservices.com\/pagead\/conversion.js\" type=\"text\/javascript\">\/\/ <![CDATA[ \/\/ ]]><\/script><\/p>\n<p><noscript>&amp;amp;amp;amp;amp;amp;amp;amp;amp;amp;amp;amp;amp;amp;lt;\/p&amp;amp;amp;amp;amp;amp;amp;amp;amp;amp;amp;amp;amp;amp;gt;&amp;amp;amp;amp;amp;amp;amp;amp;amp;amp;amp;amp;amp;lt;br \/&amp;amp;amp;amp;amp;amp;amp;amp;amp;amp;amp;amp;amp;gt;&amp;amp;amp;amp;amp;amp;amp;amp;amp;amp;amp;amp;lt;br \/&amp;amp;amp;amp;amp;amp;amp;amp;amp;amp;amp;amp;gt;&amp;amp;amp;amp;amp;amp;amp;amp;amp;amp;amp;lt;br \/&amp;amp;amp;amp;amp;amp;amp;amp;amp;amp;amp;gt;&amp;amp;amp;amp;amp;amp;amp;amp;amp;amp;lt;br \/&amp;amp;amp;amp;amp;amp;amp;amp;amp;amp;gt;&amp;amp;amp;amp;amp;amp;amp;amp;amp;lt;br \/&amp;amp;amp;amp;amp;amp;amp;amp;amp;gt;&amp;amp;amp;amp;amp;amp;amp;amp;lt;br \/&amp;amp;amp;amp;amp;amp;amp;amp;gt;&amp;amp;amp;amp;amp;amp;amp;lt;br \/&amp;amp;amp;amp;amp;amp;amp;gt;&amp;amp;amp;amp;amp;amp;lt;br \/&amp;amp;amp;amp;amp;amp;gt;&amp;amp;amp;amp;amp;lt;br \/&amp;amp;amp;amp;amp;gt;&amp;amp;amp;amp;lt;br \/&amp;amp;amp;amp;gt;&amp;amp;amp;lt;br \/&amp;amp;amp;gt;&amp;lt;br \/&amp;gt;&lt;br \/&gt;<br \/>\n&amp;amp;amp;amp;amp;amp;amp;amp;amp;amp;amp;amp;amp;amp;lt;div style=&#8221;display:inline;&#8221;&amp;amp;amp;amp;amp;amp;amp;amp;amp;amp;amp;amp;amp;amp;gt;&amp;amp;amp;amp;amp;amp;amp;amp;amp;amp;amp;amp;amp;lt;br \/&amp;amp;amp;amp;amp;amp;amp;amp;amp;amp;amp;amp;amp;gt;&amp;amp;amp;amp;amp;amp;amp;amp;amp;amp;amp;amp;lt;br \/&amp;amp;amp;amp;amp;amp;amp;amp;amp;amp;amp;amp;gt;&amp;amp;amp;amp;amp;amp;amp;amp;amp;amp;amp;lt;br \/&amp;amp;amp;amp;amp;amp;amp;amp;amp;amp;amp;gt;&amp;amp;amp;amp;amp;amp;amp;amp;amp;amp;lt;br \/&amp;amp;amp;amp;amp;amp;amp;amp;amp;amp;gt;&amp;amp;amp;amp;amp;amp;amp;amp;amp;lt;br \/&amp;amp;amp;amp;amp;amp;amp;amp;amp;gt;&amp;amp;amp;amp;amp;amp;amp;amp;lt;br \/&amp;amp;amp;amp;amp;amp;amp;amp;gt;&amp;amp;amp;amp;amp;amp;amp;lt;br \/&amp;amp;amp;amp;amp;amp;amp;gt;&amp;amp;amp;amp;amp;amp;lt;br \/&amp;amp;amp;amp;amp;amp;gt;&amp;amp;amp;amp;amp;lt;br \/&amp;amp;amp;amp;amp;gt;&amp;amp;amp;amp;lt;br \/&amp;amp;amp;amp;gt;&amp;amp;amp;lt;br \/&amp;amp;amp;gt;&amp;lt;br \/&amp;gt;&lt;br \/&gt;<br \/>\n&amp;amp;amp;amp;amp;amp;amp;amp;amp;amp;amp;amp;amp;amp;lt;img height=&#8221;1&#8243; width=&#8221;1&#8243; style=&#8221;border-style:none;&#8221; alt=&#8221;&#8221; src=&#8221;\/\/www.googleadservices.com\/pagead\/conversion\/1059520812\/?value=1.000000&amp;amp;amp;amp;amp;amp;amp;amp;amp;amp;amp;amp;amp;amp;amp;amp;label=sBDLCKyfuwUQrIKc-QM&amp;amp;amp;amp;amp;amp;amp;amp;amp;amp;amp;amp;amp;amp;amp;amp;guid=ON&amp;amp;amp;amp;amp;amp;amp;amp;amp;amp;amp;amp;amp;amp;amp;amp;script=0&#8243;\/&amp;amp;amp;amp;amp;amp;amp;amp;amp;amp;amp;amp;amp;amp;gt;&amp;amp;amp;amp;amp;amp;amp;amp;amp;amp;amp;amp;amp;amp;lt;\/div&amp;amp;amp;amp;amp;amp;amp;amp;amp;amp;amp;amp;amp;amp;gt;&amp;amp;amp;amp;amp;amp;amp;amp;amp;amp;amp;amp;amp;lt;br \/&amp;amp;amp;amp;amp;amp;amp;amp;amp;amp;amp;amp;amp;gt;&amp;amp;amp;amp;amp;amp;amp;amp;amp;amp;amp;amp;lt;br \/&amp;amp;amp;amp;amp;amp;amp;amp;amp;amp;amp;amp;gt;&amp;amp;amp;amp;amp;amp;amp;amp;amp;amp;amp;lt;br \/&amp;amp;amp;amp;amp;amp;amp;amp;amp;amp;amp;gt;&amp;amp;amp;amp;amp;amp;amp;amp;amp;amp;lt;br \/&amp;amp;amp;amp;amp;amp;amp;amp;amp;amp;gt;&amp;amp;amp;amp;amp;amp;amp;amp;amp;lt;br \/&amp;amp;amp;amp;amp;amp;amp;amp;amp;gt;&amp;amp;amp;amp;amp;amp;amp;amp;lt;br \/&amp;amp;amp;amp;amp;amp;amp;amp;gt;&amp;amp;amp;amp;amp;amp;amp;lt;br \/&amp;amp;amp;amp;amp;amp;amp;gt;&amp;amp;amp;amp;amp;amp;lt;br \/&amp;amp;amp;amp;amp;amp;gt;&amp;amp;amp;amp;amp;lt;br \/&amp;amp;amp;amp;amp;gt;&amp;amp;amp;amp;lt;br \/&amp;amp;amp;amp;gt;&amp;amp;amp;lt;br \/&amp;amp;amp;gt;&amp;lt;br \/&amp;gt;&lt;br \/&gt;<br \/>\n&amp;amp;amp;amp;amp;amp;amp;amp;amp;amp;amp;amp;amp;amp;lt;p&amp;amp;amp;amp;amp;amp;amp;amp;amp;amp;amp;amp;amp;amp;gt;<\/noscript><\/p>\n<p><!-- Facebook Conversion Code for Balaton jellap HU --><br \/>\n<script>\/\/ <![CDATA[ (function() { var _fbq = window._fbq || (window._fbq = []); if (!_fbq.loaded) { var fbds = document.createElement('script'); fbds.async = true; fbds.src = '\/\/connect.facebook.net\/en_US\/fbds.js'; var s = document.getElementsByTagName('script')[0]; s.parentNode.insertBefore(fbds, s); _fbq.loaded = true; } })(); window._fbq = window._fbq || []; window._fbq.push(['track', '6041797471711', {'value':'0.00','currency':'USD'}]); \/\/ ]]><\/script><br \/>\n<noscript>&amp;amp;amp;amp;amp;amp;amp;amp;amp;amp;amp;amp;amp;amp;lt;img height=&#8221;1&#8243; width=&#8221;1&#8243; alt=&#8221;&#8221; style=&#8221;display:none&#8221; src=&#8221;https:\/\/www.facebook.com\/tr?ev=6041797471711&amp;amp;amp;amp;amp;amp;amp;amp;amp;amp;amp;amp;amp;amp;amp;amp;cd[value]=0.00&amp;amp;amp;amp;amp;amp;amp;amp;amp;amp;amp;amp;amp;amp;amp;amp;cd[currency]=USD&amp;amp;amp;amp;amp;amp;amp;amp;amp;amp;amp;amp;amp;amp;amp;amp;noscript=1&#8243; \/&amp;amp;amp;amp;amp;amp;amp;amp;amp;amp;amp;amp;amp;amp;gt;<\/noscript><\/p>\n","protected":false},"excerpt":{"rendered":"<p>You have successfully completed your&nbsp;sign-up form! What happens next? First you will receive an automatic email response, sent to the parents\u2019 email addresses provided by you on the sign-up form, which indicates that we have received your registration. However, this is not a booking confirmation yet! In case you don\u2019t receive this first email within&#8230;<\/p>\n","protected":false},"author":19,"featured_media":0,"parent":0,"menu_order":0,"comment_status":"open","ping_status":"closed","template":"","meta":{"_acf_changed":false,"inline_featured_image":false,"ngg_post_thumbnail":0,"footnotes":"","_wp_rev_ctl_limit":""},"categories":[834],"class_list":["post-78033","page","type-page","status-publish","hentry","category-autumn-camp","editor-tinymce"],"acf":[],"yoast_head":"<!-- This site is optimized with the Yoast SEO plugin v27.4 - https:\/\/yoast.com\/product\/yoast-seo-wordpress\/ -->\n<title>Congratulations! &#8211; Funside ny\u00e1ri t\u00e1borok \u00e9s tanfolyamok<\/title>\n<meta name=\"robots\" content=\"index, follow, max-snippet:-1, max-image-preview:large, max-video-preview:-1\" \/>\n<link rel=\"canonical\" href=\"https:\/\/funside.hu\/en\/thank-you-03\/\" \/>\n<meta property=\"og:locale\" content=\"en_US\" \/>\n<meta property=\"og:type\" content=\"article\" \/>\n<meta property=\"og:title\" content=\"Congratulations! &#8211; Funside ny\u00e1ri t\u00e1borok \u00e9s tanfolyamok\" \/>\n<meta property=\"og:description\" content=\"You have successfully completed your&nbsp;sign-up form! What happens next? First you will receive an automatic email response, sent to the parents\u2019 email addresses provided by you on the sign-up form, which indicates that we have received your registration. However, this is not a booking confirmation yet! In case you don\u2019t receive this first email within...\" \/>\n<meta property=\"og:url\" content=\"https:\/\/funside.hu\/en\/thank-you-03\/\" \/>\n<meta property=\"og:site_name\" content=\"Funside ny\u00e1ri t\u00e1borok \u00e9s tanfolyamok\" \/>\n<meta property=\"article:publisher\" content=\"https:\/\/www.facebook.com\/funsidetabor\" \/>\n<meta property=\"article:modified_time\" content=\"2024-04-24T09:42:41+00:00\" \/>\n<meta property=\"og:image\" content=\"https:\/\/funside.hu\/wp-content\/uploads\/2020\/12\/funside_logo_facebookhoz.jpg\" \/>\n\t<meta property=\"og:image:width\" content=\"300\" \/>\n\t<meta property=\"og:image:height\" content=\"300\" \/>\n\t<meta property=\"og:image:type\" content=\"image\/jpeg\" \/>\n<meta name=\"twitter:card\" content=\"summary_large_image\" \/>\n<meta name=\"twitter:label1\" content=\"Est. reading time\" \/>\n\t<meta name=\"twitter:data1\" content=\"2 minutes\" \/>\n<script type=\"application\/ld+json\" class=\"yoast-schema-graph\">{\"@context\":\"https:\\\/\\\/schema.org\",\"@graph\":[{\"@type\":\"WebPage\",\"@id\":\"https:\\\/\\\/funside.hu\\\/en\\\/thank-you-03\\\/\",\"url\":\"https:\\\/\\\/funside.hu\\\/en\\\/thank-you-03\\\/\",\"name\":\"Congratulations! &#8211; Funside ny\u00e1ri t\u00e1borok \u00e9s tanfolyamok\",\"isPartOf\":{\"@id\":\"https:\\\/\\\/funside.hu\\\/en\\\/#website\"},\"datePublished\":\"2024-04-24T09:38:41+00:00\",\"dateModified\":\"2024-04-24T09:42:41+00:00\",\"breadcrumb\":{\"@id\":\"https:\\\/\\\/funside.hu\\\/en\\\/thank-you-03\\\/#breadcrumb\"},\"inLanguage\":\"en-US\",\"potentialAction\":[{\"@type\":\"ReadAction\",\"target\":[\"https:\\\/\\\/funside.hu\\\/en\\\/thank-you-03\\\/\"]}]},{\"@type\":\"BreadcrumbList\",\"@id\":\"https:\\\/\\\/funside.hu\\\/en\\\/thank-you-03\\\/#breadcrumb\",\"itemListElement\":[{\"@type\":\"ListItem\",\"position\":1,\"name\":\"Home\",\"item\":\"https:\\\/\\\/funside.hu\\\/en\\\/\"},{\"@type\":\"ListItem\",\"position\":2,\"name\":\"Congratulations!\"}]},{\"@type\":\"WebSite\",\"@id\":\"https:\\\/\\\/funside.hu\\\/en\\\/#website\",\"url\":\"https:\\\/\\\/funside.hu\\\/en\\\/\",\"name\":\"Funside ny\u00e1ri t\u00e1borok \u00e9s tanfolyamok\",\"description\":\"21. sz\u00e1zadi oktat\u00e1s gyerekeknek \u00e9s fiataloknak: Funside School tanfolyamok \u00e9s Funside nemzetk\u00f6zi ny\u00e1ri t\u00e1borok.\",\"publisher\":{\"@id\":\"https:\\\/\\\/funside.hu\\\/en\\\/#organization\"},\"potentialAction\":[{\"@type\":\"SearchAction\",\"target\":{\"@type\":\"EntryPoint\",\"urlTemplate\":\"https:\\\/\\\/funside.hu\\\/en\\\/?s={search_term_string}\"},\"query-input\":{\"@type\":\"PropertyValueSpecification\",\"valueRequired\":true,\"valueName\":\"search_term_string\"}}],\"inLanguage\":\"en-US\"},{\"@type\":\"Organization\",\"@id\":\"https:\\\/\\\/funside.hu\\\/en\\\/#organization\",\"name\":\"Funside\",\"url\":\"https:\\\/\\\/funside.hu\\\/en\\\/\",\"logo\":{\"@type\":\"ImageObject\",\"inLanguage\":\"en-US\",\"@id\":\"https:\\\/\\\/funside.hu\\\/en\\\/#\\\/schema\\\/logo\\\/image\\\/\",\"url\":\"https:\\\/\\\/funside.hu\\\/wp-content\\\/uploads\\\/2020\\\/12\\\/main_logo.png\",\"contentUrl\":\"https:\\\/\\\/funside.hu\\\/wp-content\\\/uploads\\\/2020\\\/12\\\/main_logo.png\",\"width\":119,\"height\":156,\"caption\":\"Funside\"},\"image\":{\"@id\":\"https:\\\/\\\/funside.hu\\\/en\\\/#\\\/schema\\\/logo\\\/image\\\/\"},\"sameAs\":[\"https:\\\/\\\/www.facebook.com\\\/funsidetabor\",\"https:\\\/\\\/www.instagram.com\\\/funside\\\/\",\"https:\\\/\\\/www.linkedin.com\\\/company\\\/10425232\\\/\",\"https:\\\/\\\/www.youtube.com\\\/user\\\/funsidetabor\",\"https:\\\/\\\/www.tiktok.com\\\/@funsidecamp\"]}]}<\/script>\n<!-- \/ Yoast SEO plugin. -->","yoast_head_json":{"title":"Congratulations! &#8211; Funside ny\u00e1ri t\u00e1borok \u00e9s tanfolyamok","robots":{"index":"index","follow":"follow","max-snippet":"max-snippet:-1","max-image-preview":"max-image-preview:large","max-video-preview":"max-video-preview:-1"},"canonical":"https:\/\/funside.hu\/en\/thank-you-03\/","og_locale":"en_US","og_type":"article","og_title":"Congratulations! &#8211; Funside ny\u00e1ri t\u00e1borok \u00e9s tanfolyamok","og_description":"You have successfully completed your&nbsp;sign-up form! What happens next? First you will receive an automatic email response, sent to the parents\u2019 email addresses provided by you on the sign-up form, which indicates that we have received your registration. However, this is not a booking confirmation yet! In case you don\u2019t receive this first email within...","og_url":"https:\/\/funside.hu\/en\/thank-you-03\/","og_site_name":"Funside ny\u00e1ri t\u00e1borok \u00e9s tanfolyamok","article_publisher":"https:\/\/www.facebook.com\/funsidetabor","article_modified_time":"2024-04-24T09:42:41+00:00","og_image":[{"width":300,"height":300,"url":"https:\/\/funside.hu\/wp-content\/uploads\/2020\/12\/funside_logo_facebookhoz.jpg","type":"image\/jpeg"}],"twitter_card":"summary_large_image","twitter_misc":{"Est. reading time":"2 minutes"},"schema":{"@context":"https:\/\/schema.org","@graph":[{"@type":"WebPage","@id":"https:\/\/funside.hu\/en\/thank-you-03\/","url":"https:\/\/funside.hu\/en\/thank-you-03\/","name":"Congratulations! &#8211; Funside ny\u00e1ri t\u00e1borok \u00e9s tanfolyamok","isPartOf":{"@id":"https:\/\/funside.hu\/en\/#website"},"datePublished":"2024-04-24T09:38:41+00:00","dateModified":"2024-04-24T09:42:41+00:00","breadcrumb":{"@id":"https:\/\/funside.hu\/en\/thank-you-03\/#breadcrumb"},"inLanguage":"en-US","potentialAction":[{"@type":"ReadAction","target":["https:\/\/funside.hu\/en\/thank-you-03\/"]}]},{"@type":"BreadcrumbList","@id":"https:\/\/funside.hu\/en\/thank-you-03\/#breadcrumb","itemListElement":[{"@type":"ListItem","position":1,"name":"Home","item":"https:\/\/funside.hu\/en\/"},{"@type":"ListItem","position":2,"name":"Congratulations!"}]},{"@type":"WebSite","@id":"https:\/\/funside.hu\/en\/#website","url":"https:\/\/funside.hu\/en\/","name":"Funside ny\u00e1ri t\u00e1borok \u00e9s tanfolyamok","description":"21. sz\u00e1zadi oktat\u00e1s gyerekeknek \u00e9s fiataloknak: Funside School tanfolyamok \u00e9s Funside nemzetk\u00f6zi ny\u00e1ri t\u00e1borok.","publisher":{"@id":"https:\/\/funside.hu\/en\/#organization"},"potentialAction":[{"@type":"SearchAction","target":{"@type":"EntryPoint","urlTemplate":"https:\/\/funside.hu\/en\/?s={search_term_string}"},"query-input":{"@type":"PropertyValueSpecification","valueRequired":true,"valueName":"search_term_string"}}],"inLanguage":"en-US"},{"@type":"Organization","@id":"https:\/\/funside.hu\/en\/#organization","name":"Funside","url":"https:\/\/funside.hu\/en\/","logo":{"@type":"ImageObject","inLanguage":"en-US","@id":"https:\/\/funside.hu\/en\/#\/schema\/logo\/image\/","url":"https:\/\/funside.hu\/wp-content\/uploads\/2020\/12\/main_logo.png","contentUrl":"https:\/\/funside.hu\/wp-content\/uploads\/2020\/12\/main_logo.png","width":119,"height":156,"caption":"Funside"},"image":{"@id":"https:\/\/funside.hu\/en\/#\/schema\/logo\/image\/"},"sameAs":["https:\/\/www.facebook.com\/funsidetabor","https:\/\/www.instagram.com\/funside\/","https:\/\/www.linkedin.com\/company\/10425232\/","https:\/\/www.youtube.com\/user\/funsidetabor","https:\/\/www.tiktok.com\/@funsidecamp"]}]}},"_links":{"self":[{"href":"https:\/\/funside.hu\/en\/wp-json\/wp\/v2\/pages\/78033","targetHints":{"allow":["GET"]}}],"collection":[{"href":"https:\/\/funside.hu\/en\/wp-json\/wp\/v2\/pages"}],"about":[{"href":"https:\/\/funside.hu\/en\/wp-json\/wp\/v2\/types\/page"}],"author":[{"embeddable":true,"href":"https:\/\/funside.hu\/en\/wp-json\/wp\/v2\/users\/19"}],"replies":[{"embeddable":true,"href":"https:\/\/funside.hu\/en\/wp-json\/wp\/v2\/comments?post=78033"}],"version-history":[{"count":1,"href":"https:\/\/funside.hu\/en\/wp-json\/wp\/v2\/pages\/78033\/revisions"}],"predecessor-version":[{"id":78035,"href":"https:\/\/funside.hu\/en\/wp-json\/wp\/v2\/pages\/78033\/revisions\/78035"}],"wp:attachment":[{"href":"https:\/\/funside.hu\/en\/wp-json\/wp\/v2\/media?parent=78033"}],"wp:term":[{"taxonomy":"category","embeddable":true,"href":"https:\/\/funside.hu\/en\/wp-json\/wp\/v2\/categories?post=78033"}],"curies":[{"name":"wp","href":"https:\/\/api.w.org\/{rel}","templated":true}]}}