{"id":64090,"date":"2023-01-18T13:48:09","date_gmt":"2023-01-18T12:48:09","guid":{"rendered":"https:\/\/funside.hu\/?page_id=64090"},"modified":"2026-03-09T13:34:14","modified_gmt":"2026-03-09T12:34:14","slug":"day-camp-jellap-teszt-25-en","status":"publish","type":"page","link":"https:\/\/funside.hu\/en\/day-camp-jellap-teszt-25-en\/","title":{"rendered":"NAPK\u00d6ZIS JELLAP TESZT 25 EN"},"content":{"rendered":"<h2>Latest information regarding registration:<\/h2>\n<h3>Registration begins in March 2025.<\/h3>\n<p><script src=\"https:\/\/crm.funside.hu\/js\/validate\/jquery.validate.min.js\" type=\"text\/javascript\"><\/script><script src=\"https:\/\/crm.funside.hu\/js\/validate\/additional-methods.min.js\" type=\"text\/javascript\"><\/script><br \/>\n<script src=\"https:\/\/crm.funside.hu\/vendors\/jquery-validation\/localization\/messages_hu.js\" type=\"text\/javascript\"><\/script><br \/>\n<script type=\"text\/javascript\">\n\t\t\tjQuery(document).ready(function($) { $.get('https:\/\/crm.funside.hu\/signup\/formMultipleEn?campIds=2,5', function(response) { $('#signupdiv').html(response); }); });\n\t\t\t<\/script><\/p>\n<p><script src=\"https:\/\/crm.funside.hu\/js\/validate\/jquery.validate.min.js\" type=\"text\/javascript\"><\/script><script src=\"https:\/\/crm.funside.hu\/js\/validate\/additional-methods.min.js\" type=\"text\/javascript\"><\/script><br \/>\n<script src=\"https:\/\/crm.funside.hu\/vendors\/jquery-validation\/localization\/messages_hu.js\" type=\"text\/javascript\"><\/script><\/p>\n<div id=\"dialog-message-OK-HU\" style=\"display: none;\" title=\"\">\n<h2>Sikeresen elk\u00fcldted&nbsp;a jelentkez\u00e9sedet a Funside Balaton t\u00e1borba!<\/h2>\n<h3>Mi t\u00f6rt\u00e9nik ezut\u00e1n?<\/h3>\n<ol>\n<li>El\u0151sz\u00f6r a jelentkez\u00e9sben megadott sz\u00fcl\u0151i email-c\u00edmekre fog \u00e9rkezni egy automata email, amely azt jelzi, hogy jelentkez\u00e9sedet megkaptuk \u2013 <strong>ez m\u00e9g nem a helyed visszaigazol\u00e1sa! <\/strong>Ha valami\u00e9rt nem \u00e9rkezne meg p\u00e1r percen bel\u00fcl, mindenk\u00e9ppen n\u00e9zd meg, hogy az \u00e1ltalad haszn\u00e1lt levelez\u0151 program (pl. Gmail, Outlook) nem tette-e a \u201cLev\u00e9lszem\u00e9t\u201d vagy \u201cSpam\u201d mapp\u00e1ba az emailt!<\/li>\n<li>Ezt k\u00f6vet\u0151en, egy \u00fajabb emailben fogjuk majd k\u00fcldeni a foglal\u00e1si visszaigazol\u00e1st (a jelentkez\u00e9seket csapatunk minden esetben szem\u00e9lyesen is ellen\u0151rzi), amely \u00e1ltal\u00e1ban 2 munkanapon bel\u00fcl megt\u00f6rt\u00e9nik, azonban <strong>a jelentkez\u00e9si id\u0151szak els\u0151 napjaiban jellemz\u0151en<\/strong><strong>&nbsp;t\u00f6bb napot is ig\u00e9nybe vehet!<\/strong> K\u00f6sz\u00f6nj\u00fck t\u00fcrelmedet!&nbsp;<\/li>\n<li>Minden tov\u00e1bbi inform\u00e1ci\u00f3t a visszaigazol\u00f3 email fog tartalmazni!<\/li>\n<\/ol>\n<p>Addig is olvasgasd a&nbsp;legfrissebb&nbsp;h\u00edreinket <a href=\"https:\/\/www.facebook.com\/funsidetabor\" target=\"_blank\" rel=\"noopener noreferrer\">Facebook oldalunkon<\/a> vagy ha k\u00e9rd\u00e9sed van, <a href=\"https:\/\/funside.hu\/kapcsolat\/\" target=\"_blank\" rel=\"noopener noreferrer\">keress minket<\/a> bizalommal!<\/p>\n<p>\u00dcdv\u00f6zlettel,<\/p>\n<p style=\"text-align: left;\"><strong>Funside Csapat<\/strong><\/p>\n<\/div>\n<div id=\"dialog-message-ERROR-HU\" style=\"display: none;\" title=\"\">\n<p>Sikertelen feldolgoz\u00e1s &#8211; hiba t\u00f6rt\u00e9nt a folyamat sor\u00e1n. K\u00e9rj\u00fck, pr\u00f3b\u00e1lja \u00fajra vagy vegye fel vel\u00fcnk a kapcsolatot!<\/p>\n<\/div>\n<div id=\"dialog-message-OK-EN\" style=\"display: none;\" title=\"\">\n<h2>You have successfully completed your&nbsp;sign-up form!<\/h2>\n<h3>What happens next?<\/h3>\n<ol>\n<li>First you will receive an automatic email response, sent to the parents\u2019 email addresses provided by you on the sign-up form, which indicates that we have received your registration. <strong>However, this is not a booking confirmation yet! <\/strong>In case you don\u2019t receive this first email within minutes of your registration, please check the spam folder of your email client (Gmail, Outlook etc.) to make sure our email hasn\u2019t accidentally landed there.&nbsp;<\/li>\n<li>Next, our system will send you the confirmation of your booking in a separate email (each sign-up form is also manually checked by our team) usually within 2 working days, however, <strong>during the first days of the registration period this might take multiple days&nbsp;<\/strong>due to high demand \u2013 thank you for your patience!&nbsp;<\/li>\n<li>You will find all the information you need to complete your booking in the confirmation email.<\/li>\n<\/ol>\n<p>In the meantime, check out our&nbsp;<a href=\"https:\/\/www.facebook.com\/funsidetabor\" target=\"_blank\" rel=\"noopener noreferrer\">Facebook page<\/a>&nbsp;for the latest Funside news or&nbsp;<a href=\"https:\/\/funside.hu\/en\/contact\/\" target=\"_blank\" rel=\"noopener noreferrer\">get in touch<\/a>&nbsp;with us directly if you have any questions.<\/p>\n<\/div>\n<div id=\"dialog-message-ERROR-EN\" style=\"display: none;\" title=\"\">\n<p>Error &#8211; it looks like something went wrong while processing your sign-up. Please try again or get in touch with us!<\/p>\n<\/div>\n<div id=\"signupdiv\">&nbsp;<\/div>\n","protected":false},"excerpt":{"rendered":"<p>Latest information regarding registration: Registration begins in March 2025. Sikeresen elk\u00fcldted&nbsp;a jelentkez\u00e9sedet a Funside Balaton t\u00e1borba! Mi t\u00f6rt\u00e9nik ezut\u00e1n? El\u0151sz\u00f6r a jelentkez\u00e9sben megadott sz\u00fcl\u0151i email-c\u00edmekre fog \u00e9rkezni egy automata email, amely azt jelzi, hogy jelentkez\u00e9sedet megkaptuk \u2013 ez m\u00e9g nem a helyed visszaigazol\u00e1sa! Ha valami\u00e9rt nem \u00e9rkezne meg p\u00e1r percen bel\u00fcl, mindenk\u00e9ppen n\u00e9zd meg, hogy&#8230;<\/p>\n","protected":false},"author":3,"featured_media":0,"parent":0,"menu_order":0,"comment_status":"closed","ping_status":"closed","template":"page-jelentkezes.php","meta":{"inline_featured_image":false,"ngg_post_thumbnail":0,"footnotes":"","_wp_rev_ctl_limit":""},"categories":[573],"class_list":["post-64090","page","type-page","status-publish","hentry","category-funside-budapest-en","editor-tinymce"],"acf":[],"yoast_head":"<!-- This site is optimized with the Yoast SEO plugin v24.7 - https:\/\/yoast.com\/wordpress\/plugins\/seo\/ -->\n<title>NAPK\u00d6ZIS JELLAP TESZT 25 EN &#8211; Funside summer camps and after school<\/title>\n<meta name=\"robots\" content=\"index, follow, max-snippet:-1, max-image-preview:large, max-video-preview:-1\" \/>\n<link rel=\"canonical\" href=\"https:\/\/funside.hu\/en\/day-camp-jellap-teszt-25-en\/\" \/>\n<meta property=\"og:locale\" content=\"en_US\" \/>\n<meta property=\"og:type\" content=\"article\" \/>\n<meta property=\"og:title\" content=\"NAPK\u00d6ZIS JELLAP TESZT 25 EN &#8211; Funside summer camps and after school\" \/>\n<meta property=\"og:description\" content=\"Latest information regarding registration: Registration begins in March 2025. Sikeresen elk\u00fcldted&nbsp;a jelentkez\u00e9sedet a Funside Balaton t\u00e1borba! Mi t\u00f6rt\u00e9nik ezut\u00e1n? El\u0151sz\u00f6r a jelentkez\u00e9sben megadott sz\u00fcl\u0151i email-c\u00edmekre fog \u00e9rkezni egy automata email, amely azt jelzi, hogy jelentkez\u00e9sedet megkaptuk \u2013 ez m\u00e9g nem a helyed visszaigazol\u00e1sa! Ha valami\u00e9rt nem \u00e9rkezne meg p\u00e1r percen bel\u00fcl, mindenk\u00e9ppen n\u00e9zd meg, hogy...\" \/>\n<meta property=\"og:url\" content=\"https:\/\/funside.hu\/en\/day-camp-jellap-teszt-25-en\/\" \/>\n<meta property=\"og:site_name\" content=\"Funside summer camps and after school\" \/>\n<meta property=\"article:publisher\" content=\"https:\/\/www.facebook.com\/funsidetabor\" \/>\n<meta property=\"article:modified_time\" content=\"2026-03-09T12:34:14+00:00\" \/>\n<meta property=\"og:image\" content=\"https:\/\/funside.hu\/wp-content\/uploads\/2020\/12\/funside_logo_facebookhoz.jpg\" \/>\n\t<meta property=\"og:image:width\" content=\"300\" \/>\n\t<meta property=\"og:image:height\" content=\"300\" \/>\n\t<meta property=\"og:image:type\" content=\"image\/jpeg\" \/>\n<meta name=\"twitter:card\" content=\"summary_large_image\" \/>\n<meta name=\"twitter:site\" content=\"@funsidetabor\" \/>\n<meta name=\"twitter:label1\" content=\"Est. reading time\" \/>\n\t<meta name=\"twitter:data1\" content=\"2 minutes\" \/>\n<script type=\"application\/ld+json\" class=\"yoast-schema-graph\">{\"@context\":\"https:\/\/schema.org\",\"@graph\":[{\"@type\":\"WebPage\",\"@id\":\"https:\/\/funside.hu\/en\/day-camp-jellap-teszt-25-en\/\",\"url\":\"https:\/\/funside.hu\/en\/day-camp-jellap-teszt-25-en\/\",\"name\":\"NAPK\u00d6ZIS JELLAP TESZT 25 EN &#8211; Funside summer camps and after school\",\"isPartOf\":{\"@id\":\"https:\/\/funside.hu\/en\/#website\"},\"datePublished\":\"2023-01-18T12:48:09+00:00\",\"dateModified\":\"2026-03-09T12:34:14+00:00\",\"breadcrumb\":{\"@id\":\"https:\/\/funside.hu\/en\/day-camp-jellap-teszt-25-en\/#breadcrumb\"},\"inLanguage\":\"en-US\",\"potentialAction\":[{\"@type\":\"ReadAction\",\"target\":[\"https:\/\/funside.hu\/en\/day-camp-jellap-teszt-25-en\/\"]}]},{\"@type\":\"BreadcrumbList\",\"@id\":\"https:\/\/funside.hu\/en\/day-camp-jellap-teszt-25-en\/#breadcrumb\",\"itemListElement\":[{\"@type\":\"ListItem\",\"position\":1,\"name\":\"Home\",\"item\":\"https:\/\/funside.hu\/en\/\"},{\"@type\":\"ListItem\",\"position\":2,\"name\":\"NAPK\u00d6ZIS JELLAP TESZT 25 EN\"}]},{\"@type\":\"WebSite\",\"@id\":\"https:\/\/funside.hu\/en\/#website\",\"url\":\"https:\/\/funside.hu\/en\/\",\"name\":\"Funside summer camps and after school\",\"description\":\"International summer camps and after school classes, in Budapest and at Lake Balaton, Hungary.\",\"publisher\":{\"@id\":\"https:\/\/funside.hu\/en\/#organization\"},\"potentialAction\":[{\"@type\":\"SearchAction\",\"target\":{\"@type\":\"EntryPoint\",\"urlTemplate\":\"https:\/\/funside.hu\/en\/?s={search_term_string}\"},\"query-input\":{\"@type\":\"PropertyValueSpecification\",\"valueRequired\":true,\"valueName\":\"search_term_string\"}}],\"inLanguage\":\"en-US\"},{\"@type\":\"Organization\",\"@id\":\"https:\/\/funside.hu\/en\/#organization\",\"name\":\"Funside School Kft.\",\"url\":\"https:\/\/funside.hu\/en\/\",\"logo\":{\"@type\":\"ImageObject\",\"inLanguage\":\"en-US\",\"@id\":\"https:\/\/funside.hu\/en\/#\/schema\/logo\/image\/\",\"url\":\"https:\/\/funside.hu\/wp-content\/uploads\/2020\/12\/main_logo.png\",\"contentUrl\":\"https:\/\/funside.hu\/wp-content\/uploads\/2020\/12\/main_logo.png\",\"width\":119,\"height\":156,\"caption\":\"Funside School Kft.\"},\"image\":{\"@id\":\"https:\/\/funside.hu\/en\/#\/schema\/logo\/image\/\"},\"sameAs\":[\"https:\/\/www.facebook.com\/funsidetabor\",\"https:\/\/x.com\/funsidetabor\",\"https:\/\/www.instagram.com\/funside\/\",\"https:\/\/www.linkedin.com\/company\/10425232\/\",\"https:\/\/www.youtube.com\/user\/funsidetabor\"]}]}<\/script>\n<!-- \/ Yoast SEO plugin. -->","yoast_head_json":{"title":"NAPK\u00d6ZIS JELLAP TESZT 25 EN &#8211; Funside summer camps and after school","robots":{"index":"index","follow":"follow","max-snippet":"max-snippet:-1","max-image-preview":"max-image-preview:large","max-video-preview":"max-video-preview:-1"},"canonical":"https:\/\/funside.hu\/en\/day-camp-jellap-teszt-25-en\/","og_locale":"en_US","og_type":"article","og_title":"NAPK\u00d6ZIS JELLAP TESZT 25 EN &#8211; Funside summer camps and after school","og_description":"Latest information regarding registration: Registration begins in March 2025. Sikeresen elk\u00fcldted&nbsp;a jelentkez\u00e9sedet a Funside Balaton t\u00e1borba! Mi t\u00f6rt\u00e9nik ezut\u00e1n? El\u0151sz\u00f6r a jelentkez\u00e9sben megadott sz\u00fcl\u0151i email-c\u00edmekre fog \u00e9rkezni egy automata email, amely azt jelzi, hogy jelentkez\u00e9sedet megkaptuk \u2013 ez m\u00e9g nem a helyed visszaigazol\u00e1sa! Ha valami\u00e9rt nem \u00e9rkezne meg p\u00e1r percen bel\u00fcl, mindenk\u00e9ppen n\u00e9zd meg, hogy...","og_url":"https:\/\/funside.hu\/en\/day-camp-jellap-teszt-25-en\/","og_site_name":"Funside summer camps and after school","article_publisher":"https:\/\/www.facebook.com\/funsidetabor","article_modified_time":"2026-03-09T12:34:14+00:00","og_image":[{"width":300,"height":300,"url":"https:\/\/funside.hu\/wp-content\/uploads\/2020\/12\/funside_logo_facebookhoz.jpg","type":"image\/jpeg"}],"twitter_card":"summary_large_image","twitter_site":"@funsidetabor","twitter_misc":{"Est. reading time":"2 minutes"},"schema":{"@context":"https:\/\/schema.org","@graph":[{"@type":"WebPage","@id":"https:\/\/funside.hu\/en\/day-camp-jellap-teszt-25-en\/","url":"https:\/\/funside.hu\/en\/day-camp-jellap-teszt-25-en\/","name":"NAPK\u00d6ZIS JELLAP TESZT 25 EN &#8211; Funside summer camps and after school","isPartOf":{"@id":"https:\/\/funside.hu\/en\/#website"},"datePublished":"2023-01-18T12:48:09+00:00","dateModified":"2026-03-09T12:34:14+00:00","breadcrumb":{"@id":"https:\/\/funside.hu\/en\/day-camp-jellap-teszt-25-en\/#breadcrumb"},"inLanguage":"en-US","potentialAction":[{"@type":"ReadAction","target":["https:\/\/funside.hu\/en\/day-camp-jellap-teszt-25-en\/"]}]},{"@type":"BreadcrumbList","@id":"https:\/\/funside.hu\/en\/day-camp-jellap-teszt-25-en\/#breadcrumb","itemListElement":[{"@type":"ListItem","position":1,"name":"Home","item":"https:\/\/funside.hu\/en\/"},{"@type":"ListItem","position":2,"name":"NAPK\u00d6ZIS JELLAP TESZT 25 EN"}]},{"@type":"WebSite","@id":"https:\/\/funside.hu\/en\/#website","url":"https:\/\/funside.hu\/en\/","name":"Funside summer camps and after school","description":"International summer camps and after school classes, in Budapest and at Lake Balaton, Hungary.","publisher":{"@id":"https:\/\/funside.hu\/en\/#organization"},"potentialAction":[{"@type":"SearchAction","target":{"@type":"EntryPoint","urlTemplate":"https:\/\/funside.hu\/en\/?s={search_term_string}"},"query-input":{"@type":"PropertyValueSpecification","valueRequired":true,"valueName":"search_term_string"}}],"inLanguage":"en-US"},{"@type":"Organization","@id":"https:\/\/funside.hu\/en\/#organization","name":"Funside School Kft.","url":"https:\/\/funside.hu\/en\/","logo":{"@type":"ImageObject","inLanguage":"en-US","@id":"https:\/\/funside.hu\/en\/#\/schema\/logo\/image\/","url":"https:\/\/funside.hu\/wp-content\/uploads\/2020\/12\/main_logo.png","contentUrl":"https:\/\/funside.hu\/wp-content\/uploads\/2020\/12\/main_logo.png","width":119,"height":156,"caption":"Funside School Kft."},"image":{"@id":"https:\/\/funside.hu\/en\/#\/schema\/logo\/image\/"},"sameAs":["https:\/\/www.facebook.com\/funsidetabor","https:\/\/x.com\/funsidetabor","https:\/\/www.instagram.com\/funside\/","https:\/\/www.linkedin.com\/company\/10425232\/","https:\/\/www.youtube.com\/user\/funsidetabor"]}]}},"_links":{"self":[{"href":"https:\/\/funside.hu\/en\/wp-json\/wp\/v2\/pages\/64090"}],"collection":[{"href":"https:\/\/funside.hu\/en\/wp-json\/wp\/v2\/pages"}],"about":[{"href":"https:\/\/funside.hu\/en\/wp-json\/wp\/v2\/types\/page"}],"author":[{"embeddable":true,"href":"https:\/\/funside.hu\/en\/wp-json\/wp\/v2\/users\/3"}],"replies":[{"embeddable":true,"href":"https:\/\/funside.hu\/en\/wp-json\/wp\/v2\/comments?post=64090"}],"version-history":[{"count":4,"href":"https:\/\/funside.hu\/en\/wp-json\/wp\/v2\/pages\/64090\/revisions"}],"predecessor-version":[{"id":89664,"href":"https:\/\/funside.hu\/en\/wp-json\/wp\/v2\/pages\/64090\/revisions\/89664"}],"wp:attachment":[{"href":"https:\/\/funside.hu\/en\/wp-json\/wp\/v2\/media?parent=64090"}],"wp:term":[{"taxonomy":"category","embeddable":true,"href":"https:\/\/funside.hu\/en\/wp-json\/wp\/v2\/categories?post=64090"}],"curies":[{"name":"wp","href":"https:\/\/api.w.org\/{rel}","templated":true}]}}