{"id":62125,"date":"2022-06-16T16:10:12","date_gmt":"2022-06-16T14:10:12","guid":{"rendered":"https:\/\/funside.hu\/?page_id=62125"},"modified":"2024-02-05T13:47:06","modified_gmt":"2024-02-05T12:47:06","slug":"doc2024budlupa","status":"publish","type":"page","link":"https:\/\/funside.hu\/en\/doc2024budlupa\/","title":{"rendered":"Downloadable documents &#8211; Budapest Lupa"},"content":{"rendered":"<h2>Camp documents for Funside day camps in Budapest &#8211; Lupa:<\/h2>\n<p><strong>1. Day Camps General Terms (<a href=\"https:\/\/funside.hu\/wp-content\/uploads\/2024\/02\/02-Funside-Lupa-Beach-General-Terms-English-2024.pdf\" target=\"_blank\" rel=\"noopener noreferrer\">download<\/a>)<\/strong><\/p>\n<p><strong>2. Compulsory Health Statement (<a href=\"https:\/\/funside.hu\/wp-content\/uploads\/2024\/02\/01-Compulsory-Medical-Form-English.pdf\" target=\"_blank\" rel=\"noopener noreferrer\">download<\/a>)<\/strong><\/p>\n<p><strong>3. Responsibility statement (<a href=\"https:\/\/funside.hu\/wp-content\/uploads\/2024\/02\/Felelosegvallalasi-nyilatkozat-altalanos-Lupa-ENG-2024.pdf\" target=\"_blank\" rel=\"noopener\">download<\/a>)<\/strong><\/p>\n<p><strong>3. Wakeboard liability statement (<a href=\"https:\/\/funside.hu\/wp-content\/uploads\/2024\/02\/Felelosegvallalasi-nyilatkozat-wakeboard-ENG-2024.pdf\" target=\"_blank\" rel=\"noopener\">download<\/a>)<\/strong><\/p>\n<p>Please kindly print and sign these documents, and bring them to the camp on your first day.<\/p>\n<p>&nbsp;<\/p>\n<h3>For your information:<\/h3>\n<p>The Funside Budapest Camp Policy <a href=\"https:\/\/funside.hu\/en\/camp-policy-budapest\/\" target=\"_blank\" rel=\"noopener noreferrer\">can be read here<\/a>.<\/p>\n<p>Our general camp Privacy Policy <a href=\"https:\/\/funside.hu\/wp-content\/uploads\/2018\/06\/Funside-adatkezel\u00e9si-t\u00e1j\u00e9koztat\u00f3-F-t\u00e1bori-r\u00e9szv\u00e9tel-ANGOL.pdf\" target=\"_blank\" rel=\"noopener noreferrer\">can be read here<\/a>.<\/p>\n<p>It is not necessary to print these documents!<\/p>\n<p>&nbsp;<\/p>\n","protected":false},"excerpt":{"rendered":"<p>Camp documents for Funside day camps in Budapest &#8211; Lupa: 1. Day Camps General Terms (download) 2. Compulsory Health Statement (download) 3. Responsibility statement (download) 3. Wakeboard liability statement (download) Please kindly print and sign these documents, and bring them to the camp on your first day. &nbsp; For your information: The Funside Budapest Camp&#8230;<\/p>\n","protected":false},"author":1,"featured_media":0,"parent":0,"menu_order":0,"comment_status":"closed","ping_status":"closed","template":"","meta":{"_acf_changed":false,"inline_featured_image":false,"ngg_post_thumbnail":0,"footnotes":"","_wp_rev_ctl_limit":""},"categories":[],"class_list":["post-62125","page","type-page","status-publish","hentry","editor-tinymce"],"acf":[],"yoast_head":"<!-- This site is optimized with the Yoast SEO plugin v27.4 - https:\/\/yoast.com\/product\/yoast-seo-wordpress\/ -->\n<title>Downloadable documents - Budapest Lupa &#8211; Funside ny\u00e1ri t\u00e1borok \u00e9s tanfolyamok<\/title>\n<meta name=\"robots\" content=\"index, follow, max-snippet:-1, max-image-preview:large, max-video-preview:-1\" \/>\n<link rel=\"canonical\" href=\"https:\/\/funside.hu\/en\/doc2024budlupa\/\" \/>\n<meta property=\"og:locale\" content=\"en_US\" \/>\n<meta property=\"og:type\" content=\"article\" \/>\n<meta property=\"og:title\" content=\"Downloadable documents - Budapest Lupa &#8211; Funside ny\u00e1ri t\u00e1borok \u00e9s tanfolyamok\" \/>\n<meta property=\"og:description\" content=\"Camp documents for Funside day camps in Budapest &#8211; Lupa: 1. Day Camps General Terms (download) 2. Compulsory Health Statement (download) 3. Responsibility statement (download) 3. Wakeboard liability statement (download) Please kindly print and sign these documents, and bring them to the camp on your first day. &nbsp; For your information: The Funside Budapest Camp...\" \/>\n<meta property=\"og:url\" content=\"https:\/\/funside.hu\/en\/doc2024budlupa\/\" \/>\n<meta property=\"og:site_name\" content=\"Funside ny\u00e1ri t\u00e1borok \u00e9s tanfolyamok\" \/>\n<meta property=\"article:publisher\" content=\"https:\/\/www.facebook.com\/funsidetabor\" \/>\n<meta property=\"article:modified_time\" content=\"2024-02-05T12:47:06+00:00\" \/>\n<meta property=\"og:image\" content=\"https:\/\/funside.hu\/wp-content\/uploads\/2020\/12\/funside_logo_facebookhoz.jpg\" \/>\n\t<meta property=\"og:image:width\" content=\"300\" \/>\n\t<meta property=\"og:image:height\" content=\"300\" \/>\n\t<meta property=\"og:image:type\" content=\"image\/jpeg\" \/>\n<meta name=\"twitter:card\" content=\"summary_large_image\" \/>\n<meta name=\"twitter:label1\" content=\"Est. reading time\" \/>\n\t<meta name=\"twitter:data1\" content=\"1 minute\" \/>\n<script type=\"application\/ld+json\" class=\"yoast-schema-graph\">{\"@context\":\"https:\\\/\\\/schema.org\",\"@graph\":[{\"@type\":\"WebPage\",\"@id\":\"https:\\\/\\\/funside.hu\\\/en\\\/doc2024budlupa\\\/\",\"url\":\"https:\\\/\\\/funside.hu\\\/en\\\/doc2024budlupa\\\/\",\"name\":\"Downloadable documents - Budapest Lupa &#8211; Funside ny\u00e1ri t\u00e1borok \u00e9s tanfolyamok\",\"isPartOf\":{\"@id\":\"https:\\\/\\\/funside.hu\\\/en\\\/#website\"},\"datePublished\":\"2022-06-16T14:10:12+00:00\",\"dateModified\":\"2024-02-05T12:47:06+00:00\",\"breadcrumb\":{\"@id\":\"https:\\\/\\\/funside.hu\\\/en\\\/doc2024budlupa\\\/#breadcrumb\"},\"inLanguage\":\"en-US\",\"potentialAction\":[{\"@type\":\"ReadAction\",\"target\":[\"https:\\\/\\\/funside.hu\\\/en\\\/doc2024budlupa\\\/\"]}]},{\"@type\":\"BreadcrumbList\",\"@id\":\"https:\\\/\\\/funside.hu\\\/en\\\/doc2024budlupa\\\/#breadcrumb\",\"itemListElement\":[{\"@type\":\"ListItem\",\"position\":1,\"name\":\"Home\",\"item\":\"https:\\\/\\\/funside.hu\\\/en\\\/\"},{\"@type\":\"ListItem\",\"position\":2,\"name\":\"Downloadable documents &#8211; Budapest Lupa\"}]},{\"@type\":\"WebSite\",\"@id\":\"https:\\\/\\\/funside.hu\\\/en\\\/#website\",\"url\":\"https:\\\/\\\/funside.hu\\\/en\\\/\",\"name\":\"Funside ny\u00e1ri t\u00e1borok \u00e9s tanfolyamok\",\"description\":\"21. sz\u00e1zadi oktat\u00e1s gyerekeknek \u00e9s fiataloknak: Funside School tanfolyamok \u00e9s Funside nemzetk\u00f6zi ny\u00e1ri t\u00e1borok.\",\"publisher\":{\"@id\":\"https:\\\/\\\/funside.hu\\\/en\\\/#organization\"},\"potentialAction\":[{\"@type\":\"SearchAction\",\"target\":{\"@type\":\"EntryPoint\",\"urlTemplate\":\"https:\\\/\\\/funside.hu\\\/en\\\/?s={search_term_string}\"},\"query-input\":{\"@type\":\"PropertyValueSpecification\",\"valueRequired\":true,\"valueName\":\"search_term_string\"}}],\"inLanguage\":\"en-US\"},{\"@type\":\"Organization\",\"@id\":\"https:\\\/\\\/funside.hu\\\/en\\\/#organization\",\"name\":\"Funside\",\"url\":\"https:\\\/\\\/funside.hu\\\/en\\\/\",\"logo\":{\"@type\":\"ImageObject\",\"inLanguage\":\"en-US\",\"@id\":\"https:\\\/\\\/funside.hu\\\/en\\\/#\\\/schema\\\/logo\\\/image\\\/\",\"url\":\"https:\\\/\\\/funside.hu\\\/wp-content\\\/uploads\\\/2020\\\/12\\\/main_logo.png\",\"contentUrl\":\"https:\\\/\\\/funside.hu\\\/wp-content\\\/uploads\\\/2020\\\/12\\\/main_logo.png\",\"width\":119,\"height\":156,\"caption\":\"Funside\"},\"image\":{\"@id\":\"https:\\\/\\\/funside.hu\\\/en\\\/#\\\/schema\\\/logo\\\/image\\\/\"},\"sameAs\":[\"https:\\\/\\\/www.facebook.com\\\/funsidetabor\",\"https:\\\/\\\/www.instagram.com\\\/funside\\\/\",\"https:\\\/\\\/www.linkedin.com\\\/company\\\/10425232\\\/\",\"https:\\\/\\\/www.youtube.com\\\/user\\\/funsidetabor\",\"https:\\\/\\\/www.tiktok.com\\\/@funsidecamp\"]}]}<\/script>\n<!-- \/ Yoast SEO plugin. -->","yoast_head_json":{"title":"Downloadable documents - Budapest Lupa &#8211; Funside ny\u00e1ri t\u00e1borok \u00e9s tanfolyamok","robots":{"index":"index","follow":"follow","max-snippet":"max-snippet:-1","max-image-preview":"max-image-preview:large","max-video-preview":"max-video-preview:-1"},"canonical":"https:\/\/funside.hu\/en\/doc2024budlupa\/","og_locale":"en_US","og_type":"article","og_title":"Downloadable documents - Budapest Lupa &#8211; Funside ny\u00e1ri t\u00e1borok \u00e9s tanfolyamok","og_description":"Camp documents for Funside day camps in Budapest &#8211; Lupa: 1. Day Camps General Terms (download) 2. Compulsory Health Statement (download) 3. Responsibility statement (download) 3. Wakeboard liability statement (download) Please kindly print and sign these documents, and bring them to the camp on your first day. &nbsp; For your information: The Funside Budapest Camp...","og_url":"https:\/\/funside.hu\/en\/doc2024budlupa\/","og_site_name":"Funside ny\u00e1ri t\u00e1borok \u00e9s tanfolyamok","article_publisher":"https:\/\/www.facebook.com\/funsidetabor","article_modified_time":"2024-02-05T12:47:06+00:00","og_image":[{"width":300,"height":300,"url":"https:\/\/funside.hu\/wp-content\/uploads\/2020\/12\/funside_logo_facebookhoz.jpg","type":"image\/jpeg"}],"twitter_card":"summary_large_image","twitter_misc":{"Est. reading time":"1 minute"},"schema":{"@context":"https:\/\/schema.org","@graph":[{"@type":"WebPage","@id":"https:\/\/funside.hu\/en\/doc2024budlupa\/","url":"https:\/\/funside.hu\/en\/doc2024budlupa\/","name":"Downloadable documents - Budapest Lupa &#8211; Funside ny\u00e1ri t\u00e1borok \u00e9s tanfolyamok","isPartOf":{"@id":"https:\/\/funside.hu\/en\/#website"},"datePublished":"2022-06-16T14:10:12+00:00","dateModified":"2024-02-05T12:47:06+00:00","breadcrumb":{"@id":"https:\/\/funside.hu\/en\/doc2024budlupa\/#breadcrumb"},"inLanguage":"en-US","potentialAction":[{"@type":"ReadAction","target":["https:\/\/funside.hu\/en\/doc2024budlupa\/"]}]},{"@type":"BreadcrumbList","@id":"https:\/\/funside.hu\/en\/doc2024budlupa\/#breadcrumb","itemListElement":[{"@type":"ListItem","position":1,"name":"Home","item":"https:\/\/funside.hu\/en\/"},{"@type":"ListItem","position":2,"name":"Downloadable documents &#8211; Budapest Lupa"}]},{"@type":"WebSite","@id":"https:\/\/funside.hu\/en\/#website","url":"https:\/\/funside.hu\/en\/","name":"Funside ny\u00e1ri t\u00e1borok \u00e9s tanfolyamok","description":"21. sz\u00e1zadi oktat\u00e1s gyerekeknek \u00e9s fiataloknak: Funside School tanfolyamok \u00e9s Funside nemzetk\u00f6zi ny\u00e1ri t\u00e1borok.","publisher":{"@id":"https:\/\/funside.hu\/en\/#organization"},"potentialAction":[{"@type":"SearchAction","target":{"@type":"EntryPoint","urlTemplate":"https:\/\/funside.hu\/en\/?s={search_term_string}"},"query-input":{"@type":"PropertyValueSpecification","valueRequired":true,"valueName":"search_term_string"}}],"inLanguage":"en-US"},{"@type":"Organization","@id":"https:\/\/funside.hu\/en\/#organization","name":"Funside","url":"https:\/\/funside.hu\/en\/","logo":{"@type":"ImageObject","inLanguage":"en-US","@id":"https:\/\/funside.hu\/en\/#\/schema\/logo\/image\/","url":"https:\/\/funside.hu\/wp-content\/uploads\/2020\/12\/main_logo.png","contentUrl":"https:\/\/funside.hu\/wp-content\/uploads\/2020\/12\/main_logo.png","width":119,"height":156,"caption":"Funside"},"image":{"@id":"https:\/\/funside.hu\/en\/#\/schema\/logo\/image\/"},"sameAs":["https:\/\/www.facebook.com\/funsidetabor","https:\/\/www.instagram.com\/funside\/","https:\/\/www.linkedin.com\/company\/10425232\/","https:\/\/www.youtube.com\/user\/funsidetabor","https:\/\/www.tiktok.com\/@funsidecamp"]}]}},"_links":{"self":[{"href":"https:\/\/funside.hu\/en\/wp-json\/wp\/v2\/pages\/62125","targetHints":{"allow":["GET"]}}],"collection":[{"href":"https:\/\/funside.hu\/en\/wp-json\/wp\/v2\/pages"}],"about":[{"href":"https:\/\/funside.hu\/en\/wp-json\/wp\/v2\/types\/page"}],"author":[{"embeddable":true,"href":"https:\/\/funside.hu\/en\/wp-json\/wp\/v2\/users\/1"}],"replies":[{"embeddable":true,"href":"https:\/\/funside.hu\/en\/wp-json\/wp\/v2\/comments?post=62125"}],"version-history":[{"count":5,"href":"https:\/\/funside.hu\/en\/wp-json\/wp\/v2\/pages\/62125\/revisions"}],"predecessor-version":[{"id":76301,"href":"https:\/\/funside.hu\/en\/wp-json\/wp\/v2\/pages\/62125\/revisions\/76301"}],"wp:attachment":[{"href":"https:\/\/funside.hu\/en\/wp-json\/wp\/v2\/media?parent=62125"}],"wp:term":[{"taxonomy":"category","embeddable":true,"href":"https:\/\/funside.hu\/en\/wp-json\/wp\/v2\/categories?post=62125"}],"curies":[{"name":"wp","href":"https:\/\/api.w.org\/{rel}","templated":true}]}}