{"id":58342,"date":"2021-06-25T10:53:36","date_gmt":"2021-06-25T08:53:36","guid":{"rendered":"https:\/\/funside.hu\/?page_id=58342"},"modified":"2024-10-31T11:07:48","modified_gmt":"2024-10-31T10:07:48","slug":"funside-lupa-bus-service","status":"publish","type":"page","link":"https:\/\/funside.hu\/en\/funside-lupa-bus-service\/","title":{"rendered":"Funside Lupa Beach bus service information"},"content":{"rendered":"<h2 style=\"text-align: center;\">Information about Funside Lupa Bus<\/h2>\n<h3 style=\"text-align: center;\">If your child will take the Funside Lupa Bus to the camp, then please pay attention to these time schedules:<\/h3>\n<p>&nbsp;<\/p>\n<h3 style=\"text-align: center;\"><strong>Morning &#8211; from Budapest to the camp:<\/strong><\/h3>\n<p style=\"text-align: center;\">Departure: 7:30 &#8211; Westend city center &#8211; in front of the Vapiano restaurant<\/p>\n<p style=\"text-align: center;\">First stop: 7:40 &#8211; G\u00f6ncz \u00c1rp\u00e1d V\u00e1rosk\u00f6zpont station (26 bus station)<\/p>\n<p style=\"text-align: center;\">Second stop: 7:45 &#8211; Fl\u00f3ri\u00e1n square &#8211; Rakt\u00e1r street<\/p>\n<p style=\"text-align: center;\">Arrival: 8:00 &#8211; 8:10 &#8211; Lupa Beach Parking spot<\/p>\n<p>&nbsp;<\/p>\n<h3 style=\"text-align: center;\"><strong>Afternoon &#8211; from the camp to Budapest:<\/strong><\/h3>\n<p style=\"text-align: center;\">Departure: 16:30 &#8211; Lupa Beach Parking spot<\/p>\n<p style=\"text-align: center;\">First stop: 16:45 &#8211; Fl\u00f3ri\u00e1n square &#8211; Rakt\u00e1r street<\/p>\n<p style=\"text-align: center;\">Second stop: 16:50 &#8211; G\u00f6ncz \u00c1rp\u00e1d V\u00e1rosk\u00f6zpont station (26 bus station)<\/p>\n<p style=\"text-align: center;\">Arrival: 17:00 &#8211; Westend city center &#8211; in front of the Vapiano restaurant<\/p>\n<p>&nbsp;<\/p>\n<p style=\"text-align: center;\"><span style=\"color: #ff0000;\"><strong>We would like to kindly ask you, to arrive at the bus stop 5-10 minutes earlier than the indicated time slots, beacuse the bus can only stop for a few minutes, it won&#8217;t be possible to wait for a long time. If you miss the bus, then you will have to come to the Lupa Beach by on your own.&nbsp;<\/strong><\/span><\/p>\n<p style=\"text-align: center;\"><strong><span style=\"color: #ff0000;\">Below you can find maps and pictures with the exact bus stops!<\/span><\/strong><\/p>\n<p style=\"text-align: center;\">If you have missed the bus, you can call our Camp Director on this number: + 36 <strong>70 6241244&nbsp;<\/strong><\/p>\n<h3>&nbsp;<\/h3>\n<h3 style=\"text-align: center;\"><strong>Morning &#8211; to the camp:<\/strong><\/h3>\n<p style=\"text-align: center;\">Departure: 7:30 &#8211; Westend city center &#8211; in front of the Vapiano restaurant<\/p>\n<p><a href=\"https:\/\/www.google.com\/maps\/dir\/V%C3%A1ci+%C3%BAt+26-20,+Budapest,+1132\/@47.5131602,19.0575718,18z\/data=!4m9!4m8!1m0!1m5!1m1!1s0x4741dc0b769425d9:0xbc40aefd488fd1f1!2m2!1d19.0583346!2d47.5139939!3e0\"><img loading=\"lazy\" decoding=\"async\" class=\"aligncenter wp-image-58272 \" src=\"https:\/\/funside.hu\/wp-content\/uploads\/2021\/06\/Westend-odafele-720x540.png\" alt=\"\" width=\"609\" height=\"457\" srcset=\"https:\/\/funside.hu\/wp-content\/uploads\/2021\/06\/Westend-odafele-720x540.png 720w, https:\/\/funside.hu\/wp-content\/uploads\/2021\/06\/Westend-odafele-1439x1080.png 1439w, https:\/\/funside.hu\/wp-content\/uploads\/2021\/06\/Westend-odafele-768x576.png 768w, https:\/\/funside.hu\/wp-content\/uploads\/2021\/06\/Westend-odafele-1536x1153.png 1536w, https:\/\/funside.hu\/wp-content\/uploads\/2021\/06\/Westend-odafele-2048x1537.png 2048w, https:\/\/funside.hu\/wp-content\/uploads\/2021\/06\/Westend-odafele-100x75.png 100w, https:\/\/funside.hu\/wp-content\/uploads\/2021\/06\/Westend-odafele-187x140.png 187w, https:\/\/funside.hu\/wp-content\/uploads\/2021\/06\/Westend-odafele-373x280.png 373w\" sizes=\"auto, (max-width: 609px) 100vw, 609px\" \/><\/a><\/p>\n<p><img loading=\"lazy\" decoding=\"async\" class=\" wp-image-58294 aligncenter\" src=\"https:\/\/funside.hu\/wp-content\/uploads\/2021\/06\/westend-vissza-960x517.png\" alt=\"\" width=\"613\" height=\"330\" srcset=\"https:\/\/funside.hu\/wp-content\/uploads\/2021\/06\/westend-vissza-960x517.png 960w, https:\/\/funside.hu\/wp-content\/uploads\/2021\/06\/westend-vissza-768x413.png 768w, https:\/\/funside.hu\/wp-content\/uploads\/2021\/06\/westend-vissza-100x54.png 100w, https:\/\/funside.hu\/wp-content\/uploads\/2021\/06\/westend-vissza-240x129.png 240w, https:\/\/funside.hu\/wp-content\/uploads\/2021\/06\/westend-vissza-480x258.png 480w, https:\/\/funside.hu\/wp-content\/uploads\/2021\/06\/westend-vissza.png 1472w\" sizes=\"auto, (max-width: 613px) 100vw, 613px\" \/><\/p>\n<p>&nbsp;<\/p>\n<p style=\"text-align: center;\">First stop: 7:40 &#8211; G\u00f6ncz \u00c1rp\u00e1d V\u00e1rosk\u00f6zpont station (26 bus station)<\/p>\n<p style=\"text-align: center;\"><img loading=\"lazy\" decoding=\"async\" class=\"alignnone  wp-image-78752\" src=\"https:\/\/funside.hu\/wp-content\/uploads\/2024\/05\/Goncz-Arpad-buszmegallo-897x540.jpg\" alt=\"\" width=\"615\" height=\"370\" srcset=\"https:\/\/funside.hu\/wp-content\/uploads\/2024\/05\/Goncz-Arpad-buszmegallo-897x540.jpg 897w, https:\/\/funside.hu\/wp-content\/uploads\/2024\/05\/Goncz-Arpad-buszmegallo-768x463.jpg 768w, https:\/\/funside.hu\/wp-content\/uploads\/2024\/05\/Goncz-Arpad-buszmegallo-100x60.jpg 100w, https:\/\/funside.hu\/wp-content\/uploads\/2024\/05\/Goncz-Arpad-buszmegallo-232x140.jpg 232w, https:\/\/funside.hu\/wp-content\/uploads\/2024\/05\/Goncz-Arpad-buszmegallo-465x280.jpg 465w, https:\/\/funside.hu\/wp-content\/uploads\/2024\/05\/Goncz-Arpad-buszmegallo.jpg 1124w\" sizes=\"auto, (max-width: 615px) 100vw, 615px\" \/><\/p>\n<p style=\"text-align: center;\">Second stop: 7:45 &#8211; Fl\u00f3ri\u00e1n square &#8211; Rakt\u00e1r street<\/p>\n<p><a href=\"https:\/\/\"><img loading=\"lazy\" decoding=\"async\" class=\"aligncenter wp-image-58270 \" src=\"https:\/\/funside.hu\/wp-content\/uploads\/2021\/06\/Florian-ter-710x540.png\" alt=\"\" width=\"606\" height=\"461\" srcset=\"https:\/\/funside.hu\/wp-content\/uploads\/2021\/06\/Florian-ter-710x540.png 710w, https:\/\/funside.hu\/wp-content\/uploads\/2021\/06\/Florian-ter-1421x1080.png 1421w, https:\/\/funside.hu\/wp-content\/uploads\/2021\/06\/Florian-ter-768x584.png 768w, https:\/\/funside.hu\/wp-content\/uploads\/2021\/06\/Florian-ter-1536x1167.png 1536w, https:\/\/funside.hu\/wp-content\/uploads\/2021\/06\/Florian-ter-100x76.png 100w, https:\/\/funside.hu\/wp-content\/uploads\/2021\/06\/Florian-ter-184x140.png 184w, https:\/\/funside.hu\/wp-content\/uploads\/2021\/06\/Florian-ter-368x280.png 368w, https:\/\/funside.hu\/wp-content\/uploads\/2021\/06\/Florian-ter.png 2042w\" sizes=\"auto, (max-width: 606px) 100vw, 606px\" \/><\/a><a href=\"https:\/\/www.google.com\/maps\/place\/Rakt%C3%A1r+utca\/@47.5444041,19.0408845,17z\/data=!4m13!1m7!3m6!1s0x4741d9668be54e27:0x589e6f9047209ea6!2sBudapest,+Szentendrei+%C3%BAt+7,+1035!3b1!8m2!3d47.545313!4d19.043041!3m4!1s0x4741d966f4f2bc51:0xe11b5472bcb05faf!8m2!3d47.544713!4d19.042212\"><img loading=\"lazy\" decoding=\"async\" class=\"aligncenter wp-image-58288\" src=\"https:\/\/funside.hu\/wp-content\/uploads\/2021\/06\/Florianter-odafele-2-960x540.jpg\" alt=\"\" width=\"611\" height=\"343\" srcset=\"https:\/\/funside.hu\/wp-content\/uploads\/2021\/06\/Florianter-odafele-2-960x540.jpg 960w, https:\/\/funside.hu\/wp-content\/uploads\/2021\/06\/Florianter-odafele-2-1920x1080.jpg 1920w, https:\/\/funside.hu\/wp-content\/uploads\/2021\/06\/Florianter-odafele-2-768x432.jpg 768w, https:\/\/funside.hu\/wp-content\/uploads\/2021\/06\/Florianter-odafele-2-1536x864.jpg 1536w, https:\/\/funside.hu\/wp-content\/uploads\/2021\/06\/Florianter-odafele-2-2048x1152.jpg 2048w, https:\/\/funside.hu\/wp-content\/uploads\/2021\/06\/Florianter-odafele-2-100x56.jpg 100w, https:\/\/funside.hu\/wp-content\/uploads\/2021\/06\/Florianter-odafele-2-240x135.jpg 240w, https:\/\/funside.hu\/wp-content\/uploads\/2021\/06\/Florianter-odafele-2-480x270.jpg 480w\" sizes=\"auto, (max-width: 611px) 100vw, 611px\" \/><\/a><\/p>\n<p>&nbsp;<\/p>\n<p style=\"text-align: center;\">Arrival: 8:00-8:10 &#8211; Lupa Beach Parking spot<\/p>\n<p><a href=\"https:\/\/www.google.com\/maps\/dir\/V%C3%A1ci+%C3%BAt+26-20,+Budapest,+1132\/@47.5131602,19.0575718,18z\/data=!4m9!4m8!1m0!1m5!1m1!1s0x4741dc0b769425d9:0xbc40aefd488fd1f1!2m2!1d19.0583346!2d47.5139939!3e0\"><img loading=\"lazy\" decoding=\"async\" class=\"aligncenter wp-image-58268\" src=\"https:\/\/funside.hu\/wp-content\/uploads\/2021\/06\/image-17.png\" alt=\"\" width=\"621\" height=\"429\" srcset=\"https:\/\/funside.hu\/wp-content\/uploads\/2021\/06\/image-17.png 744w, https:\/\/funside.hu\/wp-content\/uploads\/2021\/06\/image-17-100x69.png 100w, https:\/\/funside.hu\/wp-content\/uploads\/2021\/06\/image-17-203x140.png 203w, https:\/\/funside.hu\/wp-content\/uploads\/2021\/06\/image-17-405x280.png 405w\" sizes=\"auto, (max-width: 621px) 100vw, 621px\" \/><\/a><\/p>\n<p>&nbsp;<\/p>\n<h3 style=\"text-align: center;\"><strong>Afternoon &#8211; back to Budapest:<\/strong><\/h3>\n<p style=\"text-align: center;\">Departure: 16:30 &#8211; Lupa Beach Parking spot<\/p>\n<p style=\"text-align: center;\"><a href=\"https:\/\/www.google.com\/maps\/dir\/V%C3%A1ci+%C3%BAt+26-20,+Budapest,+1132\/@47.5131602,19.0575718,18z\/data=!4m9!4m8!1m0!1m5!1m1!1s0x4741dc0b769425d9:0xbc40aefd488fd1f1!2m2!1d19.0583346!2d47.5139939!3e0\"><img loading=\"lazy\" decoding=\"async\" class=\"aligncenter wp-image-58268\" src=\"https:\/\/funside.hu\/wp-content\/uploads\/2021\/06\/image-17.png\" alt=\"\" width=\"621\" height=\"429\" srcset=\"https:\/\/funside.hu\/wp-content\/uploads\/2021\/06\/image-17.png 744w, https:\/\/funside.hu\/wp-content\/uploads\/2021\/06\/image-17-100x69.png 100w, https:\/\/funside.hu\/wp-content\/uploads\/2021\/06\/image-17-203x140.png 203w, https:\/\/funside.hu\/wp-content\/uploads\/2021\/06\/image-17-405x280.png 405w\" sizes=\"auto, (max-width: 621px) 100vw, 621px\" \/><\/a><\/p>\n<p style=\"text-align: center;\">First stop: 16:45 &#8211; Fl\u00f3ri\u00e1n square &#8211; Rakt\u00e1r street<\/p>\n<p><a href=\"https:\/\/\"><img loading=\"lazy\" decoding=\"async\" class=\"aligncenter wp-image-58270 \" src=\"https:\/\/funside.hu\/wp-content\/uploads\/2021\/06\/Florian-ter-710x540.png\" alt=\"\" width=\"606\" height=\"461\" srcset=\"https:\/\/funside.hu\/wp-content\/uploads\/2021\/06\/Florian-ter-710x540.png 710w, https:\/\/funside.hu\/wp-content\/uploads\/2021\/06\/Florian-ter-1421x1080.png 1421w, https:\/\/funside.hu\/wp-content\/uploads\/2021\/06\/Florian-ter-768x584.png 768w, https:\/\/funside.hu\/wp-content\/uploads\/2021\/06\/Florian-ter-1536x1167.png 1536w, https:\/\/funside.hu\/wp-content\/uploads\/2021\/06\/Florian-ter-100x76.png 100w, https:\/\/funside.hu\/wp-content\/uploads\/2021\/06\/Florian-ter-184x140.png 184w, https:\/\/funside.hu\/wp-content\/uploads\/2021\/06\/Florian-ter-368x280.png 368w, https:\/\/funside.hu\/wp-content\/uploads\/2021\/06\/Florian-ter.png 2042w\" sizes=\"auto, (max-width: 606px) 100vw, 606px\" \/><\/a><\/p>\n<p><a href=\"https:\/\/www.google.com\/maps\/place\/Rakt%C3%A1r+utca\/@47.5444041,19.0408845,17z\/data=!4m13!1m7!3m6!1s0x4741d9668be54e27:0x589e6f9047209ea6!2sBudapest,+Szentendrei+%C3%BAt+7,+1035!3b1!8m2!3d47.545313!4d19.043041!3m4!1s0x4741d966f4f2bc51:0xe11b5472bcb05faf!8m2!3d47.544713!4d19.042212\"><img loading=\"lazy\" decoding=\"async\" class=\"aligncenter wp-image-58286\" src=\"https:\/\/funside.hu\/wp-content\/uploads\/2021\/06\/Florianter-visszafele-1-2-926x540.jpg\" alt=\"\" width=\"609\" height=\"356\" srcset=\"https:\/\/funside.hu\/wp-content\/uploads\/2021\/06\/Florianter-visszafele-1-2-926x540.jpg 926w, https:\/\/funside.hu\/wp-content\/uploads\/2021\/06\/Florianter-visszafele-1-2-1853x1080.jpg 1853w, https:\/\/funside.hu\/wp-content\/uploads\/2021\/06\/Florianter-visszafele-1-2-768x448.jpg 768w, https:\/\/funside.hu\/wp-content\/uploads\/2021\/06\/Florianter-visszafele-1-2-1536x895.jpg 1536w, https:\/\/funside.hu\/wp-content\/uploads\/2021\/06\/Florianter-visszafele-1-2-2048x1194.jpg 2048w, https:\/\/funside.hu\/wp-content\/uploads\/2021\/06\/Florianter-visszafele-1-2-100x58.jpg 100w, https:\/\/funside.hu\/wp-content\/uploads\/2021\/06\/Florianter-visszafele-1-2-240x140.jpg 240w, https:\/\/funside.hu\/wp-content\/uploads\/2021\/06\/Florianter-visszafele-1-2-480x280.jpg 480w\" sizes=\"auto, (max-width: 609px) 100vw, 609px\" \/><\/a><\/p>\n<p style=\"text-align: center;\">Second stop: 16:50 G\u00f6ncz \u00e1rp\u00e1d V\u00e1rosk\u00f6zpont station (26 bus station)<\/p>\n<p style=\"text-align: center;\"><img loading=\"lazy\" decoding=\"async\" class=\"alignnone  wp-image-78752\" src=\"https:\/\/funside.hu\/wp-content\/uploads\/2024\/05\/Goncz-Arpad-buszmegallo-897x540.jpg\" alt=\"\" width=\"644\" height=\"388\" srcset=\"https:\/\/funside.hu\/wp-content\/uploads\/2024\/05\/Goncz-Arpad-buszmegallo-897x540.jpg 897w, https:\/\/funside.hu\/wp-content\/uploads\/2024\/05\/Goncz-Arpad-buszmegallo-768x463.jpg 768w, https:\/\/funside.hu\/wp-content\/uploads\/2024\/05\/Goncz-Arpad-buszmegallo-100x60.jpg 100w, https:\/\/funside.hu\/wp-content\/uploads\/2024\/05\/Goncz-Arpad-buszmegallo-232x140.jpg 232w, https:\/\/funside.hu\/wp-content\/uploads\/2024\/05\/Goncz-Arpad-buszmegallo-465x280.jpg 465w, https:\/\/funside.hu\/wp-content\/uploads\/2024\/05\/Goncz-Arpad-buszmegallo.jpg 1124w\" sizes=\"auto, (max-width: 644px) 100vw, 644px\" \/><\/p>\n<p style=\"text-align: center;\">Arrival: 17:00 &#8211; Westend city center &#8211; in front of the Vapiano restaurant<\/p>\n<p><img loading=\"lazy\" decoding=\"async\" class=\" wp-image-58294 aligncenter\" src=\"https:\/\/funside.hu\/wp-content\/uploads\/2021\/06\/westend-vissza-960x517.png\" alt=\"\" width=\"613\" height=\"330\" srcset=\"https:\/\/funside.hu\/wp-content\/uploads\/2021\/06\/westend-vissza-960x517.png 960w, https:\/\/funside.hu\/wp-content\/uploads\/2021\/06\/westend-vissza-768x413.png 768w, https:\/\/funside.hu\/wp-content\/uploads\/2021\/06\/westend-vissza-100x54.png 100w, https:\/\/funside.hu\/wp-content\/uploads\/2021\/06\/westend-vissza-240x129.png 240w, https:\/\/funside.hu\/wp-content\/uploads\/2021\/06\/westend-vissza-480x258.png 480w, https:\/\/funside.hu\/wp-content\/uploads\/2021\/06\/westend-vissza.png 1472w\" sizes=\"auto, (max-width: 613px) 100vw, 613px\" \/><\/p>\n","protected":false},"excerpt":{"rendered":"<p>Information about Funside Lupa Bus If your child will take the Funside Lupa Bus to the camp, then please pay attention to these time schedules: &nbsp; Morning &#8211; from Budapest to the camp: Departure: 7:30 &#8211; Westend city center &#8211; in front of the Vapiano restaurant First stop: 7:40 &#8211; G\u00f6ncz \u00c1rp\u00e1d V\u00e1rosk\u00f6zpont station (26&#8230;<\/p>\n","protected":false},"author":3,"featured_media":58291,"parent":0,"menu_order":0,"comment_status":"closed","ping_status":"closed","template":"","meta":{"_acf_changed":false,"inline_featured_image":false,"ngg_post_thumbnail":0,"footnotes":"","_wp_rev_ctl_limit":""},"categories":[581,573,820],"class_list":["post-58342","page","type-page","status-publish","has-post-thumbnail","hentry","category-budapest-camps","category-funside-budapest-en","category-lupa-beach-en","editor-tinymce"],"acf":[],"yoast_head":"<!-- This site is optimized with the Yoast SEO plugin v27.4 - https:\/\/yoast.com\/product\/yoast-seo-wordpress\/ -->\n<title>Funside Lupa Beach bus service information &#8211; Funside ny\u00e1ri t\u00e1borok \u00e9s tanfolyamok<\/title>\n<meta name=\"robots\" content=\"index, follow, max-snippet:-1, max-image-preview:large, max-video-preview:-1\" \/>\n<link rel=\"canonical\" href=\"https:\/\/funside.hu\/en\/funside-lupa-bus-service\/\" \/>\n<meta property=\"og:locale\" content=\"en_US\" \/>\n<meta property=\"og:type\" content=\"article\" \/>\n<meta property=\"og:title\" content=\"Funside Lupa Beach bus service information &#8211; Funside ny\u00e1ri t\u00e1borok \u00e9s tanfolyamok\" \/>\n<meta property=\"og:description\" content=\"Information about Funside Lupa Bus If your child will take the Funside Lupa Bus to the camp, then please pay attention to these time schedules: &nbsp; Morning &#8211; from Budapest to the camp: Departure: 7:30 &#8211; Westend city center &#8211; in front of the Vapiano restaurant First stop: 7:40 &#8211; G\u00f6ncz \u00c1rp\u00e1d V\u00e1rosk\u00f6zpont station (26...\" \/>\n<meta property=\"og:url\" content=\"https:\/\/funside.hu\/en\/funside-lupa-bus-service\/\" \/>\n<meta property=\"og:site_name\" content=\"Funside ny\u00e1ri t\u00e1borok \u00e9s tanfolyamok\" \/>\n<meta property=\"article:publisher\" content=\"https:\/\/www.facebook.com\/funsidetabor\" \/>\n<meta property=\"article:modified_time\" content=\"2024-10-31T10:07:48+00:00\" \/>\n<meta property=\"og:image\" content=\"https:\/\/funside.hu\/wp-content\/uploads\/2021\/06\/lpb2_1.jpg\" \/>\n\t<meta property=\"og:image:width\" content=\"1280\" \/>\n\t<meta property=\"og:image:height\" content=\"561\" \/>\n\t<meta property=\"og:image:type\" content=\"image\/jpeg\" \/>\n<meta name=\"twitter:card\" content=\"summary_large_image\" \/>\n<meta name=\"twitter:label1\" content=\"Est. reading time\" \/>\n\t<meta name=\"twitter:data1\" content=\"4 minutes\" \/>\n<script type=\"application\/ld+json\" class=\"yoast-schema-graph\">{\"@context\":\"https:\\\/\\\/schema.org\",\"@graph\":[{\"@type\":\"WebPage\",\"@id\":\"https:\\\/\\\/funside.hu\\\/en\\\/funside-lupa-bus-service\\\/\",\"url\":\"https:\\\/\\\/funside.hu\\\/en\\\/funside-lupa-bus-service\\\/\",\"name\":\"Funside Lupa Beach bus service information &#8211; Funside ny\u00e1ri t\u00e1borok \u00e9s tanfolyamok\",\"isPartOf\":{\"@id\":\"https:\\\/\\\/funside.hu\\\/en\\\/#website\"},\"primaryImageOfPage\":{\"@id\":\"https:\\\/\\\/funside.hu\\\/en\\\/funside-lupa-bus-service\\\/#primaryimage\"},\"image\":{\"@id\":\"https:\\\/\\\/funside.hu\\\/en\\\/funside-lupa-bus-service\\\/#primaryimage\"},\"thumbnailUrl\":\"https:\\\/\\\/funside.hu\\\/wp-content\\\/uploads\\\/2021\\\/06\\\/lpb2_1.jpg\",\"datePublished\":\"2021-06-25T08:53:36+00:00\",\"dateModified\":\"2024-10-31T10:07:48+00:00\",\"breadcrumb\":{\"@id\":\"https:\\\/\\\/funside.hu\\\/en\\\/funside-lupa-bus-service\\\/#breadcrumb\"},\"inLanguage\":\"en-US\",\"potentialAction\":[{\"@type\":\"ReadAction\",\"target\":[\"https:\\\/\\\/funside.hu\\\/en\\\/funside-lupa-bus-service\\\/\"]}]},{\"@type\":\"ImageObject\",\"inLanguage\":\"en-US\",\"@id\":\"https:\\\/\\\/funside.hu\\\/en\\\/funside-lupa-bus-service\\\/#primaryimage\",\"url\":\"https:\\\/\\\/funside.hu\\\/wp-content\\\/uploads\\\/2021\\\/06\\\/lpb2_1.jpg\",\"contentUrl\":\"https:\\\/\\\/funside.hu\\\/wp-content\\\/uploads\\\/2021\\\/06\\\/lpb2_1.jpg\",\"width\":1280,\"height\":561},{\"@type\":\"BreadcrumbList\",\"@id\":\"https:\\\/\\\/funside.hu\\\/en\\\/funside-lupa-bus-service\\\/#breadcrumb\",\"itemListElement\":[{\"@type\":\"ListItem\",\"position\":1,\"name\":\"Home\",\"item\":\"https:\\\/\\\/funside.hu\\\/en\\\/\"},{\"@type\":\"ListItem\",\"position\":2,\"name\":\"Funside Lupa Beach bus service information\"}]},{\"@type\":\"WebSite\",\"@id\":\"https:\\\/\\\/funside.hu\\\/en\\\/#website\",\"url\":\"https:\\\/\\\/funside.hu\\\/en\\\/\",\"name\":\"Funside ny\u00e1ri t\u00e1borok \u00e9s tanfolyamok\",\"description\":\"21. sz\u00e1zadi oktat\u00e1s gyerekeknek \u00e9s fiataloknak: Funside School tanfolyamok \u00e9s Funside nemzetk\u00f6zi ny\u00e1ri t\u00e1borok.\",\"publisher\":{\"@id\":\"https:\\\/\\\/funside.hu\\\/en\\\/#organization\"},\"potentialAction\":[{\"@type\":\"SearchAction\",\"target\":{\"@type\":\"EntryPoint\",\"urlTemplate\":\"https:\\\/\\\/funside.hu\\\/en\\\/?s={search_term_string}\"},\"query-input\":{\"@type\":\"PropertyValueSpecification\",\"valueRequired\":true,\"valueName\":\"search_term_string\"}}],\"inLanguage\":\"en-US\"},{\"@type\":\"Organization\",\"@id\":\"https:\\\/\\\/funside.hu\\\/en\\\/#organization\",\"name\":\"Funside\",\"url\":\"https:\\\/\\\/funside.hu\\\/en\\\/\",\"logo\":{\"@type\":\"ImageObject\",\"inLanguage\":\"en-US\",\"@id\":\"https:\\\/\\\/funside.hu\\\/en\\\/#\\\/schema\\\/logo\\\/image\\\/\",\"url\":\"https:\\\/\\\/funside.hu\\\/wp-content\\\/uploads\\\/2020\\\/12\\\/main_logo.png\",\"contentUrl\":\"https:\\\/\\\/funside.hu\\\/wp-content\\\/uploads\\\/2020\\\/12\\\/main_logo.png\",\"width\":119,\"height\":156,\"caption\":\"Funside\"},\"image\":{\"@id\":\"https:\\\/\\\/funside.hu\\\/en\\\/#\\\/schema\\\/logo\\\/image\\\/\"},\"sameAs\":[\"https:\\\/\\\/www.facebook.com\\\/funsidetabor\",\"https:\\\/\\\/www.instagram.com\\\/funside\\\/\",\"https:\\\/\\\/www.linkedin.com\\\/company\\\/10425232\\\/\",\"https:\\\/\\\/www.youtube.com\\\/user\\\/funsidetabor\",\"https:\\\/\\\/www.tiktok.com\\\/@funsidecamp\"]}]}<\/script>\n<!-- \/ Yoast SEO plugin. -->","yoast_head_json":{"title":"Funside Lupa Beach bus service information &#8211; Funside ny\u00e1ri t\u00e1borok \u00e9s tanfolyamok","robots":{"index":"index","follow":"follow","max-snippet":"max-snippet:-1","max-image-preview":"max-image-preview:large","max-video-preview":"max-video-preview:-1"},"canonical":"https:\/\/funside.hu\/en\/funside-lupa-bus-service\/","og_locale":"en_US","og_type":"article","og_title":"Funside Lupa Beach bus service information &#8211; Funside ny\u00e1ri t\u00e1borok \u00e9s tanfolyamok","og_description":"Information about Funside Lupa Bus If your child will take the Funside Lupa Bus to the camp, then please pay attention to these time schedules: &nbsp; Morning &#8211; from Budapest to the camp: Departure: 7:30 &#8211; Westend city center &#8211; in front of the Vapiano restaurant First stop: 7:40 &#8211; G\u00f6ncz \u00c1rp\u00e1d V\u00e1rosk\u00f6zpont station (26...","og_url":"https:\/\/funside.hu\/en\/funside-lupa-bus-service\/","og_site_name":"Funside ny\u00e1ri t\u00e1borok \u00e9s tanfolyamok","article_publisher":"https:\/\/www.facebook.com\/funsidetabor","article_modified_time":"2024-10-31T10:07:48+00:00","og_image":[{"width":1280,"height":561,"url":"https:\/\/funside.hu\/wp-content\/uploads\/2021\/06\/lpb2_1.jpg","type":"image\/jpeg"}],"twitter_card":"summary_large_image","twitter_misc":{"Est. reading time":"4 minutes"},"schema":{"@context":"https:\/\/schema.org","@graph":[{"@type":"WebPage","@id":"https:\/\/funside.hu\/en\/funside-lupa-bus-service\/","url":"https:\/\/funside.hu\/en\/funside-lupa-bus-service\/","name":"Funside Lupa Beach bus service information &#8211; Funside ny\u00e1ri t\u00e1borok \u00e9s tanfolyamok","isPartOf":{"@id":"https:\/\/funside.hu\/en\/#website"},"primaryImageOfPage":{"@id":"https:\/\/funside.hu\/en\/funside-lupa-bus-service\/#primaryimage"},"image":{"@id":"https:\/\/funside.hu\/en\/funside-lupa-bus-service\/#primaryimage"},"thumbnailUrl":"https:\/\/funside.hu\/wp-content\/uploads\/2021\/06\/lpb2_1.jpg","datePublished":"2021-06-25T08:53:36+00:00","dateModified":"2024-10-31T10:07:48+00:00","breadcrumb":{"@id":"https:\/\/funside.hu\/en\/funside-lupa-bus-service\/#breadcrumb"},"inLanguage":"en-US","potentialAction":[{"@type":"ReadAction","target":["https:\/\/funside.hu\/en\/funside-lupa-bus-service\/"]}]},{"@type":"ImageObject","inLanguage":"en-US","@id":"https:\/\/funside.hu\/en\/funside-lupa-bus-service\/#primaryimage","url":"https:\/\/funside.hu\/wp-content\/uploads\/2021\/06\/lpb2_1.jpg","contentUrl":"https:\/\/funside.hu\/wp-content\/uploads\/2021\/06\/lpb2_1.jpg","width":1280,"height":561},{"@type":"BreadcrumbList","@id":"https:\/\/funside.hu\/en\/funside-lupa-bus-service\/#breadcrumb","itemListElement":[{"@type":"ListItem","position":1,"name":"Home","item":"https:\/\/funside.hu\/en\/"},{"@type":"ListItem","position":2,"name":"Funside Lupa Beach bus service information"}]},{"@type":"WebSite","@id":"https:\/\/funside.hu\/en\/#website","url":"https:\/\/funside.hu\/en\/","name":"Funside ny\u00e1ri t\u00e1borok \u00e9s tanfolyamok","description":"21. sz\u00e1zadi oktat\u00e1s gyerekeknek \u00e9s fiataloknak: Funside School tanfolyamok \u00e9s Funside nemzetk\u00f6zi ny\u00e1ri t\u00e1borok.","publisher":{"@id":"https:\/\/funside.hu\/en\/#organization"},"potentialAction":[{"@type":"SearchAction","target":{"@type":"EntryPoint","urlTemplate":"https:\/\/funside.hu\/en\/?s={search_term_string}"},"query-input":{"@type":"PropertyValueSpecification","valueRequired":true,"valueName":"search_term_string"}}],"inLanguage":"en-US"},{"@type":"Organization","@id":"https:\/\/funside.hu\/en\/#organization","name":"Funside","url":"https:\/\/funside.hu\/en\/","logo":{"@type":"ImageObject","inLanguage":"en-US","@id":"https:\/\/funside.hu\/en\/#\/schema\/logo\/image\/","url":"https:\/\/funside.hu\/wp-content\/uploads\/2020\/12\/main_logo.png","contentUrl":"https:\/\/funside.hu\/wp-content\/uploads\/2020\/12\/main_logo.png","width":119,"height":156,"caption":"Funside"},"image":{"@id":"https:\/\/funside.hu\/en\/#\/schema\/logo\/image\/"},"sameAs":["https:\/\/www.facebook.com\/funsidetabor","https:\/\/www.instagram.com\/funside\/","https:\/\/www.linkedin.com\/company\/10425232\/","https:\/\/www.youtube.com\/user\/funsidetabor","https:\/\/www.tiktok.com\/@funsidecamp"]}]}},"_links":{"self":[{"href":"https:\/\/funside.hu\/en\/wp-json\/wp\/v2\/pages\/58342","targetHints":{"allow":["GET"]}}],"collection":[{"href":"https:\/\/funside.hu\/en\/wp-json\/wp\/v2\/pages"}],"about":[{"href":"https:\/\/funside.hu\/en\/wp-json\/wp\/v2\/types\/page"}],"author":[{"embeddable":true,"href":"https:\/\/funside.hu\/en\/wp-json\/wp\/v2\/users\/3"}],"replies":[{"embeddable":true,"href":"https:\/\/funside.hu\/en\/wp-json\/wp\/v2\/comments?post=58342"}],"version-history":[{"count":4,"href":"https:\/\/funside.hu\/en\/wp-json\/wp\/v2\/pages\/58342\/revisions"}],"predecessor-version":[{"id":80333,"href":"https:\/\/funside.hu\/en\/wp-json\/wp\/v2\/pages\/58342\/revisions\/80333"}],"wp:featuredmedia":[{"embeddable":true,"href":"https:\/\/funside.hu\/en\/wp-json\/wp\/v2\/media\/58291"}],"wp:attachment":[{"href":"https:\/\/funside.hu\/en\/wp-json\/wp\/v2\/media?parent=58342"}],"wp:term":[{"taxonomy":"category","embeddable":true,"href":"https:\/\/funside.hu\/en\/wp-json\/wp\/v2\/categories?post=58342"}],"curies":[{"name":"wp","href":"https:\/\/api.w.org\/{rel}","templated":true}]}}