{"id":41998,"date":"2018-08-16T14:57:47","date_gmt":"2018-08-16T12:57:47","guid":{"rendered":"https:\/\/funside.hu\/?page_id=41998"},"modified":"2019-01-13T15:51:51","modified_gmt":"2019-01-13T14:51:51","slug":"open-day-sign-up-completed","status":"publish","type":"page","link":"https:\/\/funside.hu\/en\/open-day-sign-up-completed\/","title":{"rendered":"Thank you for signing up!"},"content":{"rendered":"<h2>&nbsp;<\/h2>\n<h2 style=\"text-align: center;\">Congratulations, you have successfully filled out our Open Day sign-up form!<\/h2>\n<h3 style=\"text-align: center;\">Our team will be in touch with you shortly!<\/h3>\n<p style=\"text-align: center;\">&nbsp;<\/p>\n<p style=\"text-align: center;\">In the meantime, watch one of our favorite videos below, taken at last year&#8217;s Funside Balaton camp:<\/p>\n<div class=\"video-container\">\n<div class=\"container-lazyload preview-lazyload container-youtube js-lazyload--not-loaded\"><a href=\"https:\/\/www.youtube.com\/watch?v=14yIQAl2ZLU\" class=\"lazy-load-youtube preview-lazyload preview-youtube\" data-video-title=\"Orsz\u00e1g legnagyobb &quot;\u00e9l\u0151 puzzle&quot;-je rekordk\u00eds\u00e9rlet \/ Largest live puzzle national record attempt\" title=\"Play video &quot;Orsz\u00e1g legnagyobb &quot;\u00e9l\u0151 puzzle&quot;-je rekordk\u00eds\u00e9rlet \/ Largest live puzzle national record attempt&quot;\">https:\/\/www.youtube.com\/watch?v=14yIQAl2ZLU<\/a><noscript>Video can&#8217;t be loaded because JavaScript is disabled: <a href=\"https:\/\/www.youtube.com\/watch?v=14yIQAl2ZLU\" title=\"Orsz\u00e1g legnagyobb &quot;\u00e9l\u0151 puzzle&quot;-je rekordk\u00eds\u00e9rlet \/ Largest live puzzle national record attempt\">Orsz\u00e1g legnagyobb &quot;\u00e9l\u0151 puzzle&quot;-je rekordk\u00eds\u00e9rlet \/ Largest live puzzle national record attempt (https:\/\/www.youtube.com\/watch?v=14yIQAl2ZLU)<\/a><\/noscript><\/div>\n<\/div>\n<p><!-- Google Code for School ny&iacute;lt &oacute;ra Conversion Page --><br \/>\n<script type=\"text\/javascript\">\n\/* <![CDATA[ *\/ var google_conversion_id = 983221705; var google_conversion_label = \"FvHLCKGsrHsQyYvr1AM\"; var google_remarketing_only = false; \/* ]]> *\/\n<\/script><br \/>\n<script type=\"text\/javascript\" src=\"\/\/www.googleadservices.com\/pagead\/conversion.js\">\n<\/script><br \/>\n<noscript><\/p>\n<div style=\"display:inline;\">\n<img loading=\"lazy\" decoding=\"async\" height=\"1\" width=\"1\" style=\"border-style:none;\" alt=\"\" src=\"\/\/www.googleadservices.com\/pagead\/conversion\/983221705\/?label=FvHLCKGsrHsQyYvr1AM&amp;guid=ON&amp;script=0\"\/><\/div>\n<p><\/noscript><\/p>\n<p><!-- Facebook Pixel Code --><br \/>\n<script>\n  !function(f,b,e,v,n,t,s)\n  {if(f.fbq)return;n=f.fbq=function(){n.callMethod?\n  n.callMethod.apply(n,arguments):n.queue.push(arguments)};\n  if(!f._fbq)f._fbq=n;n.push=n;n.loaded=!0;n.version='2.0';\n  n.queue=[];t=b.createElement(e);t.async=!0;\n  t.src=v;s=b.getElementsByTagName(e)[0];\n  s.parentNode.insertBefore(t,s)}(window, document,'script',\n  'https:\/\/connect.facebook.net\/en_US\/fbevents.js');\n  fbq('init', '283886905808533');\n  fbq('track', 'PageView');\n<\/script><br \/>\n<noscript><img loading=\"lazy\" decoding=\"async\" height=\"1\" width=\"1\" style=\"display:none\"\n  src=\"https:\/\/www.facebook.com\/tr?id=283886905808533&#038;ev=PageView&#038;noscript=1\"\n\/><\/noscript><br \/>\n<!-- End Facebook Pixel Code --><\/p>\n","protected":false},"excerpt":{"rendered":"<p>&nbsp; Congratulations, you have successfully filled out our Open Day sign-up form! Our team will be in touch with you shortly! &nbsp; In the meantime, watch one of our favorite videos below, taken at last year&#8217;s Funside Balaton camp: https:\/\/www.youtube.com\/watch?v=14yIQAl2ZLUVideo can&#8217;t be loaded because JavaScript is disabled: Orsz\u00e1g legnagyobb &quot;\u00e9l\u0151 puzzle&quot;-je rekordk\u00eds\u00e9rlet \/ Largest live&#8230;<\/p>\n","protected":false},"author":3,"featured_media":0,"parent":0,"menu_order":0,"comment_status":"closed","ping_status":"closed","template":"","meta":{"_acf_changed":false,"inline_featured_image":false,"ngg_post_thumbnail":0,"footnotes":"","_wp_rev_ctl_limit":""},"categories":[587],"class_list":["post-41998","page","type-page","status-publish","hentry","category-funside-school","editor-tinymce"],"acf":[],"yoast_head":"<!-- This site is optimized with the Yoast SEO plugin v27.4 - https:\/\/yoast.com\/product\/yoast-seo-wordpress\/ -->\n<title>Thank you for signing up! &#8211; Funside ny\u00e1ri t\u00e1borok \u00e9s tanfolyamok<\/title>\n<meta name=\"robots\" content=\"index, follow, max-snippet:-1, max-image-preview:large, max-video-preview:-1\" \/>\n<link rel=\"canonical\" href=\"https:\/\/funside.hu\/en\/open-day-sign-up-completed\/\" \/>\n<meta property=\"og:locale\" content=\"en_US\" \/>\n<meta property=\"og:type\" content=\"article\" \/>\n<meta property=\"og:title\" content=\"Thank you for signing up! &#8211; Funside ny\u00e1ri t\u00e1borok \u00e9s tanfolyamok\" \/>\n<meta property=\"og:description\" content=\"&nbsp; Congratulations, you have successfully filled out our Open Day sign-up form! Our team will be in touch with you shortly! &nbsp; In the meantime, watch one of our favorite videos below, taken at last year&#8217;s Funside Balaton camp: https:\/\/www.youtube.com\/watch?v=14yIQAl2ZLUVideo can&#8217;t be loaded because JavaScript is disabled: Orsz\u00e1g legnagyobb &quot;\u00e9l\u0151 puzzle&quot;-je rekordk\u00eds\u00e9rlet \/ Largest live...\" \/>\n<meta property=\"og:url\" content=\"https:\/\/funside.hu\/en\/open-day-sign-up-completed\/\" \/>\n<meta property=\"og:site_name\" content=\"Funside ny\u00e1ri t\u00e1borok \u00e9s tanfolyamok\" \/>\n<meta property=\"article:publisher\" content=\"https:\/\/www.facebook.com\/funsidetabor\" \/>\n<meta property=\"article:modified_time\" content=\"2019-01-13T14:51:51+00:00\" \/>\n<meta property=\"og:image\" content=\"https:\/\/www.facebook.com\/tr?id=283886905808533&ev=PageView&noscript=1\" \/>\n<meta name=\"twitter:card\" content=\"summary_large_image\" \/>\n<script type=\"application\/ld+json\" class=\"yoast-schema-graph\">{\"@context\":\"https:\\\/\\\/schema.org\",\"@graph\":[{\"@type\":\"WebPage\",\"@id\":\"https:\\\/\\\/funside.hu\\\/en\\\/open-day-sign-up-completed\\\/\",\"url\":\"https:\\\/\\\/funside.hu\\\/en\\\/open-day-sign-up-completed\\\/\",\"name\":\"Thank you for signing up! &#8211; Funside ny\u00e1ri t\u00e1borok \u00e9s tanfolyamok\",\"isPartOf\":{\"@id\":\"https:\\\/\\\/funside.hu\\\/en\\\/#website\"},\"primaryImageOfPage\":{\"@id\":\"https:\\\/\\\/funside.hu\\\/en\\\/open-day-sign-up-completed\\\/#primaryimage\"},\"image\":{\"@id\":\"https:\\\/\\\/funside.hu\\\/en\\\/open-day-sign-up-completed\\\/#primaryimage\"},\"thumbnailUrl\":\"https:\\\/\\\/www.facebook.com\\\/tr?id=283886905808533&ev=PageView&noscript=1\",\"datePublished\":\"2018-08-16T12:57:47+00:00\",\"dateModified\":\"2019-01-13T14:51:51+00:00\",\"breadcrumb\":{\"@id\":\"https:\\\/\\\/funside.hu\\\/en\\\/open-day-sign-up-completed\\\/#breadcrumb\"},\"inLanguage\":\"en-US\",\"potentialAction\":[{\"@type\":\"ReadAction\",\"target\":[\"https:\\\/\\\/funside.hu\\\/en\\\/open-day-sign-up-completed\\\/\"]}]},{\"@type\":\"ImageObject\",\"inLanguage\":\"en-US\",\"@id\":\"https:\\\/\\\/funside.hu\\\/en\\\/open-day-sign-up-completed\\\/#primaryimage\",\"url\":\"https:\\\/\\\/www.facebook.com\\\/tr?id=283886905808533&ev=PageView&noscript=1\",\"contentUrl\":\"https:\\\/\\\/www.facebook.com\\\/tr?id=283886905808533&ev=PageView&noscript=1\"},{\"@type\":\"BreadcrumbList\",\"@id\":\"https:\\\/\\\/funside.hu\\\/en\\\/open-day-sign-up-completed\\\/#breadcrumb\",\"itemListElement\":[{\"@type\":\"ListItem\",\"position\":1,\"name\":\"Home\",\"item\":\"https:\\\/\\\/funside.hu\\\/en\\\/\"},{\"@type\":\"ListItem\",\"position\":2,\"name\":\"Thank you for signing up!\"}]},{\"@type\":\"WebSite\",\"@id\":\"https:\\\/\\\/funside.hu\\\/en\\\/#website\",\"url\":\"https:\\\/\\\/funside.hu\\\/en\\\/\",\"name\":\"Funside ny\u00e1ri t\u00e1borok \u00e9s tanfolyamok\",\"description\":\"21. sz\u00e1zadi oktat\u00e1s gyerekeknek \u00e9s fiataloknak: Funside School tanfolyamok \u00e9s Funside nemzetk\u00f6zi ny\u00e1ri t\u00e1borok.\",\"publisher\":{\"@id\":\"https:\\\/\\\/funside.hu\\\/en\\\/#organization\"},\"potentialAction\":[{\"@type\":\"SearchAction\",\"target\":{\"@type\":\"EntryPoint\",\"urlTemplate\":\"https:\\\/\\\/funside.hu\\\/en\\\/?s={search_term_string}\"},\"query-input\":{\"@type\":\"PropertyValueSpecification\",\"valueRequired\":true,\"valueName\":\"search_term_string\"}}],\"inLanguage\":\"en-US\"},{\"@type\":\"Organization\",\"@id\":\"https:\\\/\\\/funside.hu\\\/en\\\/#organization\",\"name\":\"Funside\",\"url\":\"https:\\\/\\\/funside.hu\\\/en\\\/\",\"logo\":{\"@type\":\"ImageObject\",\"inLanguage\":\"en-US\",\"@id\":\"https:\\\/\\\/funside.hu\\\/en\\\/#\\\/schema\\\/logo\\\/image\\\/\",\"url\":\"https:\\\/\\\/funside.hu\\\/wp-content\\\/uploads\\\/2020\\\/12\\\/main_logo.png\",\"contentUrl\":\"https:\\\/\\\/funside.hu\\\/wp-content\\\/uploads\\\/2020\\\/12\\\/main_logo.png\",\"width\":119,\"height\":156,\"caption\":\"Funside\"},\"image\":{\"@id\":\"https:\\\/\\\/funside.hu\\\/en\\\/#\\\/schema\\\/logo\\\/image\\\/\"},\"sameAs\":[\"https:\\\/\\\/www.facebook.com\\\/funsidetabor\",\"https:\\\/\\\/www.instagram.com\\\/funside\\\/\",\"https:\\\/\\\/www.linkedin.com\\\/company\\\/10425232\\\/\",\"https:\\\/\\\/www.youtube.com\\\/user\\\/funsidetabor\",\"https:\\\/\\\/www.tiktok.com\\\/@funsidecamp\"]}]}<\/script>\n<!-- \/ Yoast SEO plugin. -->","yoast_head_json":{"title":"Thank you for signing up! &#8211; Funside ny\u00e1ri t\u00e1borok \u00e9s tanfolyamok","robots":{"index":"index","follow":"follow","max-snippet":"max-snippet:-1","max-image-preview":"max-image-preview:large","max-video-preview":"max-video-preview:-1"},"canonical":"https:\/\/funside.hu\/en\/open-day-sign-up-completed\/","og_locale":"en_US","og_type":"article","og_title":"Thank you for signing up! &#8211; Funside ny\u00e1ri t\u00e1borok \u00e9s tanfolyamok","og_description":"&nbsp; Congratulations, you have successfully filled out our Open Day sign-up form! Our team will be in touch with you shortly! &nbsp; In the meantime, watch one of our favorite videos below, taken at last year&#8217;s Funside Balaton camp: https:\/\/www.youtube.com\/watch?v=14yIQAl2ZLUVideo can&#8217;t be loaded because JavaScript is disabled: Orsz\u00e1g legnagyobb &quot;\u00e9l\u0151 puzzle&quot;-je rekordk\u00eds\u00e9rlet \/ Largest live...","og_url":"https:\/\/funside.hu\/en\/open-day-sign-up-completed\/","og_site_name":"Funside ny\u00e1ri t\u00e1borok \u00e9s tanfolyamok","article_publisher":"https:\/\/www.facebook.com\/funsidetabor","article_modified_time":"2019-01-13T14:51:51+00:00","og_image":[{"url":"https:\/\/www.facebook.com\/tr?id=283886905808533&ev=PageView&noscript=1","type":"","width":"","height":""}],"twitter_card":"summary_large_image","schema":{"@context":"https:\/\/schema.org","@graph":[{"@type":"WebPage","@id":"https:\/\/funside.hu\/en\/open-day-sign-up-completed\/","url":"https:\/\/funside.hu\/en\/open-day-sign-up-completed\/","name":"Thank you for signing up! &#8211; Funside ny\u00e1ri t\u00e1borok \u00e9s tanfolyamok","isPartOf":{"@id":"https:\/\/funside.hu\/en\/#website"},"primaryImageOfPage":{"@id":"https:\/\/funside.hu\/en\/open-day-sign-up-completed\/#primaryimage"},"image":{"@id":"https:\/\/funside.hu\/en\/open-day-sign-up-completed\/#primaryimage"},"thumbnailUrl":"https:\/\/www.facebook.com\/tr?id=283886905808533&ev=PageView&noscript=1","datePublished":"2018-08-16T12:57:47+00:00","dateModified":"2019-01-13T14:51:51+00:00","breadcrumb":{"@id":"https:\/\/funside.hu\/en\/open-day-sign-up-completed\/#breadcrumb"},"inLanguage":"en-US","potentialAction":[{"@type":"ReadAction","target":["https:\/\/funside.hu\/en\/open-day-sign-up-completed\/"]}]},{"@type":"ImageObject","inLanguage":"en-US","@id":"https:\/\/funside.hu\/en\/open-day-sign-up-completed\/#primaryimage","url":"https:\/\/www.facebook.com\/tr?id=283886905808533&ev=PageView&noscript=1","contentUrl":"https:\/\/www.facebook.com\/tr?id=283886905808533&ev=PageView&noscript=1"},{"@type":"BreadcrumbList","@id":"https:\/\/funside.hu\/en\/open-day-sign-up-completed\/#breadcrumb","itemListElement":[{"@type":"ListItem","position":1,"name":"Home","item":"https:\/\/funside.hu\/en\/"},{"@type":"ListItem","position":2,"name":"Thank you for signing up!"}]},{"@type":"WebSite","@id":"https:\/\/funside.hu\/en\/#website","url":"https:\/\/funside.hu\/en\/","name":"Funside ny\u00e1ri t\u00e1borok \u00e9s tanfolyamok","description":"21. sz\u00e1zadi oktat\u00e1s gyerekeknek \u00e9s fiataloknak: Funside School tanfolyamok \u00e9s Funside nemzetk\u00f6zi ny\u00e1ri t\u00e1borok.","publisher":{"@id":"https:\/\/funside.hu\/en\/#organization"},"potentialAction":[{"@type":"SearchAction","target":{"@type":"EntryPoint","urlTemplate":"https:\/\/funside.hu\/en\/?s={search_term_string}"},"query-input":{"@type":"PropertyValueSpecification","valueRequired":true,"valueName":"search_term_string"}}],"inLanguage":"en-US"},{"@type":"Organization","@id":"https:\/\/funside.hu\/en\/#organization","name":"Funside","url":"https:\/\/funside.hu\/en\/","logo":{"@type":"ImageObject","inLanguage":"en-US","@id":"https:\/\/funside.hu\/en\/#\/schema\/logo\/image\/","url":"https:\/\/funside.hu\/wp-content\/uploads\/2020\/12\/main_logo.png","contentUrl":"https:\/\/funside.hu\/wp-content\/uploads\/2020\/12\/main_logo.png","width":119,"height":156,"caption":"Funside"},"image":{"@id":"https:\/\/funside.hu\/en\/#\/schema\/logo\/image\/"},"sameAs":["https:\/\/www.facebook.com\/funsidetabor","https:\/\/www.instagram.com\/funside\/","https:\/\/www.linkedin.com\/company\/10425232\/","https:\/\/www.youtube.com\/user\/funsidetabor","https:\/\/www.tiktok.com\/@funsidecamp"]}]}},"_links":{"self":[{"href":"https:\/\/funside.hu\/en\/wp-json\/wp\/v2\/pages\/41998","targetHints":{"allow":["GET"]}}],"collection":[{"href":"https:\/\/funside.hu\/en\/wp-json\/wp\/v2\/pages"}],"about":[{"href":"https:\/\/funside.hu\/en\/wp-json\/wp\/v2\/types\/page"}],"author":[{"embeddable":true,"href":"https:\/\/funside.hu\/en\/wp-json\/wp\/v2\/users\/3"}],"replies":[{"embeddable":true,"href":"https:\/\/funside.hu\/en\/wp-json\/wp\/v2\/comments?post=41998"}],"version-history":[{"count":0,"href":"https:\/\/funside.hu\/en\/wp-json\/wp\/v2\/pages\/41998\/revisions"}],"wp:attachment":[{"href":"https:\/\/funside.hu\/en\/wp-json\/wp\/v2\/media?parent=41998"}],"wp:term":[{"taxonomy":"category","embeddable":true,"href":"https:\/\/funside.hu\/en\/wp-json\/wp\/v2\/categories?post=41998"}],"curies":[{"name":"wp","href":"https:\/\/api.w.org\/{rel}","templated":true}]}}