{"id":36173,"date":"2018-02-21T10:57:32","date_gmt":"2018-02-21T09:57:32","guid":{"rendered":"https:\/\/funside.hu\/?page_id=36173"},"modified":"2018-02-21T11:41:09","modified_gmt":"2018-02-21T10:41:09","slug":"bank-transfer","status":"publish","type":"page","link":"https:\/\/funside.hu\/en\/bank-transfer\/","title":{"rendered":"Bank transfer details"},"content":{"rendered":"<h2>Bank transfer<\/h2>\n<h3>Please choose the answer that applies to you<\/h3>\n<p><script type=\"text\/javascript\" src=\"https:\/\/form.jotformeu.com\/jsform\/80512641190347\"><\/script><\/p>\n<div class=\"fancybox-hidden\" style=\"display: none;\">\n<div id=\"fancyboxID-1\" class=\"hentry\" style=\"width: 660px; height: 400px; padding: 20px;\">\n<h3>How to pay by Transferwise<\/h3>\n<p><strong>Step 1:<\/strong>&nbsp;Open <strong><a href=\"https:\/\/transferwise.com\/\" target=\"_blank\" rel=\"noopener\">Transferwise<\/a><\/strong> then in the <strong>&#8220;Recipient gets&#8221;<\/strong> box write your <strong>total<\/strong> amount from the confirmation email and select <strong>HUF<\/strong> as the currency next to it. Once you see HUF as the selected currency, choose your currency (i.e. USD, GBP, EUR etc.) right above it. Once that is done, you will see the amount you need to transfer in the <strong>&#8220;You send&#8221;<\/strong> box. If the amount is correct, click on the <strong>&#8220;Get Started&#8221;<\/strong> button.<\/p>\n<p><strong>Step 2:<\/strong> If you don&#8217;t have a Transferwise account yet, you can create one for free now or sign in using your Google or Facebook account. If already you have a Transferwise account, sign in.<\/p>\n<p><strong>Step 3:<\/strong> Once you have signed in, click on <strong>&#8220;Continue&#8221;<\/strong> and at the <strong>&#8220;Who are you sending money to?&#8221;<\/strong> question, choose <strong>&#8220;Business or charity&#8221;<\/strong> and fill in the following information:<\/p>\n<table border=\"0\" width=\"600\" cellpadding=\"0\">\n<tbody>\n<tr>\n<td><strong>Name of the business:<\/strong><\/td>\n<td style=\"text-align: left;\">Funside Association<\/td>\n<\/tr>\n<tr>\n<td><strong>Email:<\/strong><\/td>\n<td>registration@funside.hu<\/td>\n<\/tr>\n<tr>\n<td><strong>Bank details:<\/strong><\/td>\n<td><em>The <strong>&#8220;I know their bank details&#8221;<\/strong> option should be turned <strong>OFF! Please leave the box empty and do not fill in the bank details.<\/strong><\/em><\/td>\n<\/tr>\n<\/tbody>\n<\/table>\n<p><img alt=\"\" width=\"400\"><\/p>\n<p><strong>Step 4:<\/strong> At the next step enter the child&#8217;s name in the <strong>&#8220;Type a reference&#8221;<\/strong> box. After you made sure all information is correct, click on <strong>&#8220;Confirm&#8221;<\/strong>.<\/p>\n<p><strong>Step 5:<\/strong> In the last step you will need to fill in your payment details. You can choose to pay by debit card\/credit card or to pay by bank transfer. Fill in your details and complete the payment by clicking <strong>Pay<\/strong>.<\/p>\n<p><strong>As soon as we have received your payment, we will send you a confirmation email to the email addresses provided by you on your sign-up form.<\/strong><\/p>\n<\/div>\n<\/div>\n","protected":false},"excerpt":{"rendered":"<p>Bank transfer Please choose the answer that applies to you How to pay by Transferwise Step 1:&nbsp;Open Transferwise then in the &#8220;Recipient gets&#8221; box write your total amount from the confirmation email and select HUF as the currency next to it. Once you see HUF as the selected currency, choose your currency (i.e. USD, GBP,&#8230;<\/p>\n","protected":false},"author":3,"featured_media":0,"parent":0,"menu_order":0,"comment_status":"closed","ping_status":"closed","template":"","meta":{"_acf_changed":false,"inline_featured_image":false,"ngg_post_thumbnail":0,"footnotes":"","_wp_rev_ctl_limit":""},"categories":[],"class_list":["post-36173","page","type-page","status-publish","hentry","editor-tinymce"],"acf":[],"yoast_head":"<!-- This site is optimized with the Yoast SEO plugin v27.4 - https:\/\/yoast.com\/product\/yoast-seo-wordpress\/ -->\n<title>Bank transfer details &#8211; Funside ny\u00e1ri t\u00e1borok \u00e9s tanfolyamok<\/title>\n<meta name=\"robots\" content=\"index, follow, max-snippet:-1, max-image-preview:large, max-video-preview:-1\" \/>\n<link rel=\"canonical\" href=\"https:\/\/funside.hu\/en\/bank-transfer\/\" \/>\n<meta property=\"og:locale\" content=\"en_US\" \/>\n<meta property=\"og:type\" content=\"article\" \/>\n<meta property=\"og:title\" content=\"Bank transfer details &#8211; Funside ny\u00e1ri t\u00e1borok \u00e9s tanfolyamok\" \/>\n<meta property=\"og:description\" content=\"Bank transfer Please choose the answer that applies to you How to pay by Transferwise Step 1:&nbsp;Open Transferwise then in the &#8220;Recipient gets&#8221; box write your total amount from the confirmation email and select HUF as the currency next to it. Once you see HUF as the selected currency, choose your currency (i.e. USD, GBP,...\" \/>\n<meta property=\"og:url\" content=\"https:\/\/funside.hu\/en\/bank-transfer\/\" \/>\n<meta property=\"og:site_name\" content=\"Funside ny\u00e1ri t\u00e1borok \u00e9s tanfolyamok\" \/>\n<meta property=\"article:publisher\" content=\"https:\/\/www.facebook.com\/funsidetabor\" \/>\n<meta property=\"article:modified_time\" content=\"2018-02-21T10:41:09+00:00\" \/>\n<meta property=\"og:image\" content=\"https:\/\/funside.hu\/wp-content\/uploads\/2020\/12\/funside_logo_facebookhoz.jpg\" \/>\n\t<meta property=\"og:image:width\" content=\"300\" \/>\n\t<meta property=\"og:image:height\" content=\"300\" \/>\n\t<meta property=\"og:image:type\" content=\"image\/jpeg\" \/>\n<meta name=\"twitter:card\" content=\"summary_large_image\" \/>\n<meta name=\"twitter:label1\" content=\"Est. reading time\" \/>\n\t<meta name=\"twitter:data1\" content=\"1 minute\" \/>\n<script type=\"application\/ld+json\" class=\"yoast-schema-graph\">{\"@context\":\"https:\\\/\\\/schema.org\",\"@graph\":[{\"@type\":\"WebPage\",\"@id\":\"https:\\\/\\\/funside.hu\\\/en\\\/bank-transfer\\\/\",\"url\":\"https:\\\/\\\/funside.hu\\\/en\\\/bank-transfer\\\/\",\"name\":\"Bank transfer details &#8211; Funside ny\u00e1ri t\u00e1borok \u00e9s tanfolyamok\",\"isPartOf\":{\"@id\":\"https:\\\/\\\/funside.hu\\\/en\\\/#website\"},\"datePublished\":\"2018-02-21T09:57:32+00:00\",\"dateModified\":\"2018-02-21T10:41:09+00:00\",\"breadcrumb\":{\"@id\":\"https:\\\/\\\/funside.hu\\\/en\\\/bank-transfer\\\/#breadcrumb\"},\"inLanguage\":\"en-US\",\"potentialAction\":[{\"@type\":\"ReadAction\",\"target\":[\"https:\\\/\\\/funside.hu\\\/en\\\/bank-transfer\\\/\"]}]},{\"@type\":\"BreadcrumbList\",\"@id\":\"https:\\\/\\\/funside.hu\\\/en\\\/bank-transfer\\\/#breadcrumb\",\"itemListElement\":[{\"@type\":\"ListItem\",\"position\":1,\"name\":\"Home\",\"item\":\"https:\\\/\\\/funside.hu\\\/en\\\/\"},{\"@type\":\"ListItem\",\"position\":2,\"name\":\"Bank transfer details\"}]},{\"@type\":\"WebSite\",\"@id\":\"https:\\\/\\\/funside.hu\\\/en\\\/#website\",\"url\":\"https:\\\/\\\/funside.hu\\\/en\\\/\",\"name\":\"Funside ny\u00e1ri t\u00e1borok \u00e9s tanfolyamok\",\"description\":\"21. sz\u00e1zadi oktat\u00e1s gyerekeknek \u00e9s fiataloknak: Funside School tanfolyamok \u00e9s Funside nemzetk\u00f6zi ny\u00e1ri t\u00e1borok.\",\"publisher\":{\"@id\":\"https:\\\/\\\/funside.hu\\\/en\\\/#organization\"},\"potentialAction\":[{\"@type\":\"SearchAction\",\"target\":{\"@type\":\"EntryPoint\",\"urlTemplate\":\"https:\\\/\\\/funside.hu\\\/en\\\/?s={search_term_string}\"},\"query-input\":{\"@type\":\"PropertyValueSpecification\",\"valueRequired\":true,\"valueName\":\"search_term_string\"}}],\"inLanguage\":\"en-US\"},{\"@type\":\"Organization\",\"@id\":\"https:\\\/\\\/funside.hu\\\/en\\\/#organization\",\"name\":\"Funside\",\"url\":\"https:\\\/\\\/funside.hu\\\/en\\\/\",\"logo\":{\"@type\":\"ImageObject\",\"inLanguage\":\"en-US\",\"@id\":\"https:\\\/\\\/funside.hu\\\/en\\\/#\\\/schema\\\/logo\\\/image\\\/\",\"url\":\"https:\\\/\\\/funside.hu\\\/wp-content\\\/uploads\\\/2020\\\/12\\\/main_logo.png\",\"contentUrl\":\"https:\\\/\\\/funside.hu\\\/wp-content\\\/uploads\\\/2020\\\/12\\\/main_logo.png\",\"width\":119,\"height\":156,\"caption\":\"Funside\"},\"image\":{\"@id\":\"https:\\\/\\\/funside.hu\\\/en\\\/#\\\/schema\\\/logo\\\/image\\\/\"},\"sameAs\":[\"https:\\\/\\\/www.facebook.com\\\/funsidetabor\",\"https:\\\/\\\/www.instagram.com\\\/funside\\\/\",\"https:\\\/\\\/www.linkedin.com\\\/company\\\/10425232\\\/\",\"https:\\\/\\\/www.youtube.com\\\/user\\\/funsidetabor\",\"https:\\\/\\\/www.tiktok.com\\\/@funsidecamp\"]}]}<\/script>\n<!-- \/ Yoast SEO plugin. -->","yoast_head_json":{"title":"Bank transfer details &#8211; Funside ny\u00e1ri t\u00e1borok \u00e9s tanfolyamok","robots":{"index":"index","follow":"follow","max-snippet":"max-snippet:-1","max-image-preview":"max-image-preview:large","max-video-preview":"max-video-preview:-1"},"canonical":"https:\/\/funside.hu\/en\/bank-transfer\/","og_locale":"en_US","og_type":"article","og_title":"Bank transfer details &#8211; Funside ny\u00e1ri t\u00e1borok \u00e9s tanfolyamok","og_description":"Bank transfer Please choose the answer that applies to you How to pay by Transferwise Step 1:&nbsp;Open Transferwise then in the &#8220;Recipient gets&#8221; box write your total amount from the confirmation email and select HUF as the currency next to it. Once you see HUF as the selected currency, choose your currency (i.e. USD, GBP,...","og_url":"https:\/\/funside.hu\/en\/bank-transfer\/","og_site_name":"Funside ny\u00e1ri t\u00e1borok \u00e9s tanfolyamok","article_publisher":"https:\/\/www.facebook.com\/funsidetabor","article_modified_time":"2018-02-21T10:41:09+00:00","og_image":[{"width":300,"height":300,"url":"https:\/\/funside.hu\/wp-content\/uploads\/2020\/12\/funside_logo_facebookhoz.jpg","type":"image\/jpeg"}],"twitter_card":"summary_large_image","twitter_misc":{"Est. reading time":"1 minute"},"schema":{"@context":"https:\/\/schema.org","@graph":[{"@type":"WebPage","@id":"https:\/\/funside.hu\/en\/bank-transfer\/","url":"https:\/\/funside.hu\/en\/bank-transfer\/","name":"Bank transfer details &#8211; Funside ny\u00e1ri t\u00e1borok \u00e9s tanfolyamok","isPartOf":{"@id":"https:\/\/funside.hu\/en\/#website"},"datePublished":"2018-02-21T09:57:32+00:00","dateModified":"2018-02-21T10:41:09+00:00","breadcrumb":{"@id":"https:\/\/funside.hu\/en\/bank-transfer\/#breadcrumb"},"inLanguage":"en-US","potentialAction":[{"@type":"ReadAction","target":["https:\/\/funside.hu\/en\/bank-transfer\/"]}]},{"@type":"BreadcrumbList","@id":"https:\/\/funside.hu\/en\/bank-transfer\/#breadcrumb","itemListElement":[{"@type":"ListItem","position":1,"name":"Home","item":"https:\/\/funside.hu\/en\/"},{"@type":"ListItem","position":2,"name":"Bank transfer details"}]},{"@type":"WebSite","@id":"https:\/\/funside.hu\/en\/#website","url":"https:\/\/funside.hu\/en\/","name":"Funside ny\u00e1ri t\u00e1borok \u00e9s tanfolyamok","description":"21. sz\u00e1zadi oktat\u00e1s gyerekeknek \u00e9s fiataloknak: Funside School tanfolyamok \u00e9s Funside nemzetk\u00f6zi ny\u00e1ri t\u00e1borok.","publisher":{"@id":"https:\/\/funside.hu\/en\/#organization"},"potentialAction":[{"@type":"SearchAction","target":{"@type":"EntryPoint","urlTemplate":"https:\/\/funside.hu\/en\/?s={search_term_string}"},"query-input":{"@type":"PropertyValueSpecification","valueRequired":true,"valueName":"search_term_string"}}],"inLanguage":"en-US"},{"@type":"Organization","@id":"https:\/\/funside.hu\/en\/#organization","name":"Funside","url":"https:\/\/funside.hu\/en\/","logo":{"@type":"ImageObject","inLanguage":"en-US","@id":"https:\/\/funside.hu\/en\/#\/schema\/logo\/image\/","url":"https:\/\/funside.hu\/wp-content\/uploads\/2020\/12\/main_logo.png","contentUrl":"https:\/\/funside.hu\/wp-content\/uploads\/2020\/12\/main_logo.png","width":119,"height":156,"caption":"Funside"},"image":{"@id":"https:\/\/funside.hu\/en\/#\/schema\/logo\/image\/"},"sameAs":["https:\/\/www.facebook.com\/funsidetabor","https:\/\/www.instagram.com\/funside\/","https:\/\/www.linkedin.com\/company\/10425232\/","https:\/\/www.youtube.com\/user\/funsidetabor","https:\/\/www.tiktok.com\/@funsidecamp"]}]}},"_links":{"self":[{"href":"https:\/\/funside.hu\/en\/wp-json\/wp\/v2\/pages\/36173","targetHints":{"allow":["GET"]}}],"collection":[{"href":"https:\/\/funside.hu\/en\/wp-json\/wp\/v2\/pages"}],"about":[{"href":"https:\/\/funside.hu\/en\/wp-json\/wp\/v2\/types\/page"}],"author":[{"embeddable":true,"href":"https:\/\/funside.hu\/en\/wp-json\/wp\/v2\/users\/3"}],"replies":[{"embeddable":true,"href":"https:\/\/funside.hu\/en\/wp-json\/wp\/v2\/comments?post=36173"}],"version-history":[{"count":0,"href":"https:\/\/funside.hu\/en\/wp-json\/wp\/v2\/pages\/36173\/revisions"}],"wp:attachment":[{"href":"https:\/\/funside.hu\/en\/wp-json\/wp\/v2\/media?parent=36173"}],"wp:term":[{"taxonomy":"category","embeddable":true,"href":"https:\/\/funside.hu\/en\/wp-json\/wp\/v2\/categories?post=36173"}],"curies":[{"name":"wp","href":"https:\/\/api.w.org\/{rel}","templated":true}]}}