{"id":35345,"date":"2018-02-10T23:50:19","date_gmt":"2018-02-10T22:50:19","guid":{"rendered":"https:\/\/funside.hu\/?page_id=35345"},"modified":"2018-02-10T23:50:32","modified_gmt":"2018-02-10T22:50:32","slug":"best-funside-balaton-2017-balatongyorok-venue","status":"publish","type":"page","link":"https:\/\/funside.hu\/en\/best-funside-balaton-2017-balatongyorok-venue\/","title":{"rendered":"Best of Funside Balaton 2017, Balatongyorok venue"},"content":{"rendered":"ngg_shortcode_0_placeholder\n","protected":false},"excerpt":{"rendered":"","protected":false},"author":3,"featured_media":0,"parent":0,"menu_order":0,"comment_status":"closed","ping_status":"closed","template":"","meta":{"_acf_changed":false,"inline_featured_image":false,"ngg_post_thumbnail":0,"footnotes":"","_wp_rev_ctl_limit":""},"categories":[578],"class_list":["post-35345","page","type-page","status-publish","hentry","category-funside-balaton-en","editor-tinymce"],"acf":[],"yoast_head":"<!-- This site is optimized with the Yoast SEO plugin v27.4 - https:\/\/yoast.com\/product\/yoast-seo-wordpress\/ -->\n<title>Best of Funside Balaton 2017, Balatongyorok venue &#8211; Funside ny\u00e1ri t\u00e1borok \u00e9s tanfolyamok<\/title>\n<meta name=\"robots\" content=\"index, follow, max-snippet:-1, max-image-preview:large, max-video-preview:-1\" \/>\n<link rel=\"canonical\" href=\"https:\/\/funside.hu\/en\/best-funside-balaton-2017-balatongyorok-venue\/\" \/>\n<meta property=\"og:locale\" content=\"en_US\" \/>\n<meta property=\"og:type\" content=\"article\" \/>\n<meta property=\"og:title\" content=\"Best of Funside Balaton 2017, Balatongyorok venue &#8211; Funside ny\u00e1ri t\u00e1borok \u00e9s tanfolyamok\" \/>\n<meta property=\"og:url\" content=\"https:\/\/funside.hu\/en\/best-funside-balaton-2017-balatongyorok-venue\/\" \/>\n<meta property=\"og:site_name\" content=\"Funside ny\u00e1ri t\u00e1borok \u00e9s tanfolyamok\" \/>\n<meta property=\"article:publisher\" content=\"https:\/\/www.facebook.com\/funsidetabor\" \/>\n<meta property=\"article:modified_time\" content=\"2018-02-10T22:50:32+00:00\" \/>\n<meta property=\"og:image\" content=\"https:\/\/funside.hu\/wp-content\/uploads\/2020\/12\/funside_logo_facebookhoz.jpg\" \/>\n\t<meta property=\"og:image:width\" content=\"300\" \/>\n\t<meta property=\"og:image:height\" content=\"300\" \/>\n\t<meta property=\"og:image:type\" content=\"image\/jpeg\" \/>\n<meta name=\"twitter:card\" content=\"summary_large_image\" \/>\n<meta name=\"twitter:site\" content=\"@funsidetabor\" \/>\n<script type=\"application\/ld+json\" class=\"yoast-schema-graph\">{\"@context\":\"https:\\\/\\\/schema.org\",\"@graph\":[{\"@type\":\"WebPage\",\"@id\":\"https:\\\/\\\/funside.hu\\\/en\\\/best-funside-balaton-2017-balatongyorok-venue\\\/\",\"url\":\"https:\\\/\\\/funside.hu\\\/en\\\/best-funside-balaton-2017-balatongyorok-venue\\\/\",\"name\":\"Best of Funside Balaton 2017, Balatongyorok venue &#8211; Funside ny\u00e1ri t\u00e1borok \u00e9s tanfolyamok\",\"isPartOf\":{\"@id\":\"https:\\\/\\\/funside.hu\\\/en\\\/#website\"},\"datePublished\":\"2018-02-10T22:50:19+00:00\",\"dateModified\":\"2018-02-10T22:50:32+00:00\",\"breadcrumb\":{\"@id\":\"https:\\\/\\\/funside.hu\\\/en\\\/best-funside-balaton-2017-balatongyorok-venue\\\/#breadcrumb\"},\"inLanguage\":\"en-US\",\"potentialAction\":[{\"@type\":\"ReadAction\",\"target\":[\"https:\\\/\\\/funside.hu\\\/en\\\/best-funside-balaton-2017-balatongyorok-venue\\\/\"]}]},{\"@type\":\"BreadcrumbList\",\"@id\":\"https:\\\/\\\/funside.hu\\\/en\\\/best-funside-balaton-2017-balatongyorok-venue\\\/#breadcrumb\",\"itemListElement\":[{\"@type\":\"ListItem\",\"position\":1,\"name\":\"Home\",\"item\":\"https:\\\/\\\/funside.hu\\\/en\\\/\"},{\"@type\":\"ListItem\",\"position\":2,\"name\":\"Best of Funside Balaton 2017, Balatongyorok venue\"}]},{\"@type\":\"WebSite\",\"@id\":\"https:\\\/\\\/funside.hu\\\/en\\\/#website\",\"url\":\"https:\\\/\\\/funside.hu\\\/en\\\/\",\"name\":\"Funside ny\u00e1ri t\u00e1borok \u00e9s tanfolyamok\",\"description\":\"21. sz\u00e1zadi oktat\u00e1s gyerekeknek \u00e9s fiataloknak: Funside School tanfolyamok \u00e9s Funside nemzetk\u00f6zi ny\u00e1ri t\u00e1borok.\",\"publisher\":{\"@id\":\"https:\\\/\\\/funside.hu\\\/en\\\/#organization\"},\"potentialAction\":[{\"@type\":\"SearchAction\",\"target\":{\"@type\":\"EntryPoint\",\"urlTemplate\":\"https:\\\/\\\/funside.hu\\\/en\\\/?s={search_term_string}\"},\"query-input\":{\"@type\":\"PropertyValueSpecification\",\"valueRequired\":true,\"valueName\":\"search_term_string\"}}],\"inLanguage\":\"en-US\"},{\"@type\":\"Organization\",\"@id\":\"https:\\\/\\\/funside.hu\\\/en\\\/#organization\",\"name\":\"Funside School Kft.\",\"url\":\"https:\\\/\\\/funside.hu\\\/en\\\/\",\"logo\":{\"@type\":\"ImageObject\",\"inLanguage\":\"en-US\",\"@id\":\"https:\\\/\\\/funside.hu\\\/en\\\/#\\\/schema\\\/logo\\\/image\\\/\",\"url\":\"https:\\\/\\\/funside.hu\\\/wp-content\\\/uploads\\\/2020\\\/12\\\/main_logo.png\",\"contentUrl\":\"https:\\\/\\\/funside.hu\\\/wp-content\\\/uploads\\\/2020\\\/12\\\/main_logo.png\",\"width\":119,\"height\":156,\"caption\":\"Funside School Kft.\"},\"image\":{\"@id\":\"https:\\\/\\\/funside.hu\\\/en\\\/#\\\/schema\\\/logo\\\/image\\\/\"},\"sameAs\":[\"https:\\\/\\\/www.facebook.com\\\/funsidetabor\",\"https:\\\/\\\/x.com\\\/funsidetabor\",\"https:\\\/\\\/www.instagram.com\\\/funside\\\/\",\"https:\\\/\\\/www.linkedin.com\\\/company\\\/10425232\\\/\",\"https:\\\/\\\/www.youtube.com\\\/user\\\/funsidetabor\"]}]}<\/script>\n<!-- \/ Yoast SEO plugin. -->","yoast_head_json":{"title":"Best of Funside Balaton 2017, Balatongyorok venue &#8211; Funside ny\u00e1ri t\u00e1borok \u00e9s tanfolyamok","robots":{"index":"index","follow":"follow","max-snippet":"max-snippet:-1","max-image-preview":"max-image-preview:large","max-video-preview":"max-video-preview:-1"},"canonical":"https:\/\/funside.hu\/en\/best-funside-balaton-2017-balatongyorok-venue\/","og_locale":"en_US","og_type":"article","og_title":"Best of Funside Balaton 2017, Balatongyorok venue &#8211; Funside ny\u00e1ri t\u00e1borok \u00e9s tanfolyamok","og_url":"https:\/\/funside.hu\/en\/best-funside-balaton-2017-balatongyorok-venue\/","og_site_name":"Funside ny\u00e1ri t\u00e1borok \u00e9s tanfolyamok","article_publisher":"https:\/\/www.facebook.com\/funsidetabor","article_modified_time":"2018-02-10T22:50:32+00:00","og_image":[{"width":300,"height":300,"url":"https:\/\/funside.hu\/wp-content\/uploads\/2020\/12\/funside_logo_facebookhoz.jpg","type":"image\/jpeg"}],"twitter_card":"summary_large_image","twitter_site":"@funsidetabor","schema":{"@context":"https:\/\/schema.org","@graph":[{"@type":"WebPage","@id":"https:\/\/funside.hu\/en\/best-funside-balaton-2017-balatongyorok-venue\/","url":"https:\/\/funside.hu\/en\/best-funside-balaton-2017-balatongyorok-venue\/","name":"Best of Funside Balaton 2017, Balatongyorok venue &#8211; Funside ny\u00e1ri t\u00e1borok \u00e9s tanfolyamok","isPartOf":{"@id":"https:\/\/funside.hu\/en\/#website"},"datePublished":"2018-02-10T22:50:19+00:00","dateModified":"2018-02-10T22:50:32+00:00","breadcrumb":{"@id":"https:\/\/funside.hu\/en\/best-funside-balaton-2017-balatongyorok-venue\/#breadcrumb"},"inLanguage":"en-US","potentialAction":[{"@type":"ReadAction","target":["https:\/\/funside.hu\/en\/best-funside-balaton-2017-balatongyorok-venue\/"]}]},{"@type":"BreadcrumbList","@id":"https:\/\/funside.hu\/en\/best-funside-balaton-2017-balatongyorok-venue\/#breadcrumb","itemListElement":[{"@type":"ListItem","position":1,"name":"Home","item":"https:\/\/funside.hu\/en\/"},{"@type":"ListItem","position":2,"name":"Best of Funside Balaton 2017, Balatongyorok venue"}]},{"@type":"WebSite","@id":"https:\/\/funside.hu\/en\/#website","url":"https:\/\/funside.hu\/en\/","name":"Funside ny\u00e1ri t\u00e1borok \u00e9s tanfolyamok","description":"21. sz\u00e1zadi oktat\u00e1s gyerekeknek \u00e9s fiataloknak: Funside School tanfolyamok \u00e9s Funside nemzetk\u00f6zi ny\u00e1ri t\u00e1borok.","publisher":{"@id":"https:\/\/funside.hu\/en\/#organization"},"potentialAction":[{"@type":"SearchAction","target":{"@type":"EntryPoint","urlTemplate":"https:\/\/funside.hu\/en\/?s={search_term_string}"},"query-input":{"@type":"PropertyValueSpecification","valueRequired":true,"valueName":"search_term_string"}}],"inLanguage":"en-US"},{"@type":"Organization","@id":"https:\/\/funside.hu\/en\/#organization","name":"Funside School Kft.","url":"https:\/\/funside.hu\/en\/","logo":{"@type":"ImageObject","inLanguage":"en-US","@id":"https:\/\/funside.hu\/en\/#\/schema\/logo\/image\/","url":"https:\/\/funside.hu\/wp-content\/uploads\/2020\/12\/main_logo.png","contentUrl":"https:\/\/funside.hu\/wp-content\/uploads\/2020\/12\/main_logo.png","width":119,"height":156,"caption":"Funside School Kft."},"image":{"@id":"https:\/\/funside.hu\/en\/#\/schema\/logo\/image\/"},"sameAs":["https:\/\/www.facebook.com\/funsidetabor","https:\/\/x.com\/funsidetabor","https:\/\/www.instagram.com\/funside\/","https:\/\/www.linkedin.com\/company\/10425232\/","https:\/\/www.youtube.com\/user\/funsidetabor"]}]}},"_links":{"self":[{"href":"https:\/\/funside.hu\/en\/wp-json\/wp\/v2\/pages\/35345","targetHints":{"allow":["GET"]}}],"collection":[{"href":"https:\/\/funside.hu\/en\/wp-json\/wp\/v2\/pages"}],"about":[{"href":"https:\/\/funside.hu\/en\/wp-json\/wp\/v2\/types\/page"}],"author":[{"embeddable":true,"href":"https:\/\/funside.hu\/en\/wp-json\/wp\/v2\/users\/3"}],"replies":[{"embeddable":true,"href":"https:\/\/funside.hu\/en\/wp-json\/wp\/v2\/comments?post=35345"}],"version-history":[{"count":0,"href":"https:\/\/funside.hu\/en\/wp-json\/wp\/v2\/pages\/35345\/revisions"}],"wp:attachment":[{"href":"https:\/\/funside.hu\/en\/wp-json\/wp\/v2\/media?parent=35345"}],"wp:term":[{"taxonomy":"category","embeddable":true,"href":"https:\/\/funside.hu\/en\/wp-json\/wp\/v2\/categories?post=35345"}],"curies":[{"name":"wp","href":"https:\/\/api.w.org\/{rel}","templated":true}]}}