{"id":26370,"date":"2016-02-03T14:19:25","date_gmt":"2016-02-03T13:19:25","guid":{"rendered":"https:\/\/funside.hu\/thank-you\/"},"modified":"2020-03-24T09:39:05","modified_gmt":"2020-03-24T08:39:05","slug":"thank-you-4","status":"publish","type":"page","link":"https:\/\/funside.hu\/en\/thank-you-4\/","title":{"rendered":"Thank you!"},"content":{"rendered":"<h2>Thank you for signing up<\/h2>\n<p>Our team will be in touch with you shortly.<\/p>\n<p>&nbsp;<\/p>\n<p>In the meantime, here are some of our camp videos for you to watch:<\/p>\n<div class=\"video-container\">\n<div class=\"container-lazyload preview-lazyload container-youtube js-lazyload--not-loaded\"><a href=\"https:\/\/www.youtube.com\/watch?v=8eSy42gG5Tg&#038;list=PLakw52f5g6AkN6W_aAzXZmNFFtqJ3PaQ7&#038;index=2&#038;t=26s\" class=\"lazy-load-youtube preview-lazyload preview-youtube\" data-video-title=\"Funside Balaton Aftermovie 2019\" title=\"Play video &quot;Funside Balaton Aftermovie 2019&quot;\">https:\/\/www.youtube.com\/watch?v=8eSy42gG5Tg&#038;list=PLakw52f5g6AkN6W_aAzXZmNFFtqJ3PaQ7&#038;index=2&#038;t=26s<\/a><noscript>Video can&#8217;t be loaded because JavaScript is disabled: <a href=\"https:\/\/www.youtube.com\/watch?v=8eSy42gG5Tg&#038;list=PLakw52f5g6AkN6W_aAzXZmNFFtqJ3PaQ7&#038;index=2&#038;t=26s\" title=\"Funside Balaton Aftermovie 2019\">Funside Balaton Aftermovie 2019 (https:\/\/www.youtube.com\/watch?v=8eSy42gG5Tg&#038;list=PLakw52f5g6AkN6W_aAzXZmNFFtqJ3PaQ7&#038;index=2&#038;t=26s)<\/a><\/noscript><\/div>\n<\/div>\n<p><!-- Facebook Conversion Code for Angol nyelvtanfolyamok jelentkez\u00e9si lap --><br \/>\n<script>\/\/ <![CDATA[ (function() { var _fbq = window._fbq || (window._fbq = []); if (!_fbq.loaded) { var fbds = document.createElement('script'); fbds.async = true; fbds.src = '\/\/connect.facebook.net\/en_US\/fbds.js'; var s = document.getElementsByTagName('script')[0]; s.parentNode.insertBefore(fbds, s); _fbq.loaded = true; } })(); window._fbq = window._fbq || []; window._fbq.push(['track', '6038873762111', {'value':'0.00','currency':'USD'}]); \/\/ ]]><\/script><br \/>\n<noscript><img loading=\"lazy\" decoding=\"async\" height=\"1\" width=\"1\" alt=\"\" style=\"display:none\" src=\"https:\/\/www.facebook.com\/tr?ev=6038873762111&amp;cd[value]=0.00&amp;cd[currency]=USD&amp;noscript=1\" \/><\/noscript><\/p>\n","protected":false},"excerpt":{"rendered":"<p>Thank you for signing up Our team will be in touch with you shortly. &nbsp; In the meantime, here are some of our camp videos for you to watch: https:\/\/www.youtube.com\/watch?v=8eSy42gG5Tg&#038;list=PLakw52f5g6AkN6W_aAzXZmNFFtqJ3PaQ7&#038;index=2&#038;t=26sVideo can&#8217;t be loaded because JavaScript is disabled: Funside Balaton Aftermovie 2019 (https:\/\/www.youtube.com\/watch?v=8eSy42gG5Tg&#038;list=PLakw52f5g6AkN6W_aAzXZmNFFtqJ3PaQ7&#038;index=2&#038;t=26s)<\/p>\n","protected":false},"author":1,"featured_media":0,"parent":0,"menu_order":0,"comment_status":"open","ping_status":"closed","template":"","meta":{"_acf_changed":false,"inline_featured_image":false,"ngg_post_thumbnail":0,"footnotes":"","_wp_rev_ctl_limit":""},"categories":[578],"class_list":["post-26370","page","type-page","status-publish","hentry","category-funside-balaton-en","editor-tinymce"],"acf":[],"yoast_head":"<!-- This site is optimized with the Yoast SEO plugin v27.4 - https:\/\/yoast.com\/product\/yoast-seo-wordpress\/ -->\n<title>Thank you! &#8211; Funside ny\u00e1ri t\u00e1borok \u00e9s tanfolyamok<\/title>\n<meta name=\"robots\" content=\"index, follow, max-snippet:-1, max-image-preview:large, max-video-preview:-1\" \/>\n<link rel=\"canonical\" href=\"https:\/\/funside.hu\/en\/thank-you-4\/\" \/>\n<meta property=\"og:locale\" content=\"en_US\" \/>\n<meta property=\"og:type\" content=\"article\" \/>\n<meta property=\"og:title\" content=\"Thank you! &#8211; Funside ny\u00e1ri t\u00e1borok \u00e9s tanfolyamok\" \/>\n<meta property=\"og:description\" content=\"Thank you for signing up Our team will be in touch with you shortly. &nbsp; In the meantime, here are some of our camp videos for you to watch: https:\/\/www.youtube.com\/watch?v=8eSy42gG5Tg&#038;list=PLakw52f5g6AkN6W_aAzXZmNFFtqJ3PaQ7&#038;index=2&#038;t=26sVideo can&#8217;t be loaded because JavaScript is disabled: Funside Balaton Aftermovie 2019 (https:\/\/www.youtube.com\/watch?v=8eSy42gG5Tg&#038;list=PLakw52f5g6AkN6W_aAzXZmNFFtqJ3PaQ7&#038;index=2&#038;t=26s)\" \/>\n<meta property=\"og:url\" content=\"https:\/\/funside.hu\/en\/thank-you-4\/\" \/>\n<meta property=\"og:site_name\" content=\"Funside ny\u00e1ri t\u00e1borok \u00e9s tanfolyamok\" \/>\n<meta property=\"article:publisher\" content=\"https:\/\/www.facebook.com\/funsidetabor\" \/>\n<meta property=\"article:modified_time\" content=\"2020-03-24T08:39:05+00:00\" \/>\n<meta property=\"og:image\" content=\"https:\/\/www.facebook.com\/tr?ev=6038873762111&amp;cd%5Bvalue%5D=0.00&amp;cd%5Bcurrency%5D=USD&amp;noscript=1\" \/>\n<meta name=\"twitter:card\" content=\"summary_large_image\" \/>\n<script type=\"application\/ld+json\" class=\"yoast-schema-graph\">{\"@context\":\"https:\\\/\\\/schema.org\",\"@graph\":[{\"@type\":\"WebPage\",\"@id\":\"https:\\\/\\\/funside.hu\\\/en\\\/thank-you-4\\\/\",\"url\":\"https:\\\/\\\/funside.hu\\\/en\\\/thank-you-4\\\/\",\"name\":\"Thank you! &#8211; Funside ny\u00e1ri t\u00e1borok \u00e9s tanfolyamok\",\"isPartOf\":{\"@id\":\"https:\\\/\\\/funside.hu\\\/en\\\/#website\"},\"primaryImageOfPage\":{\"@id\":\"https:\\\/\\\/funside.hu\\\/en\\\/thank-you-4\\\/#primaryimage\"},\"image\":{\"@id\":\"https:\\\/\\\/funside.hu\\\/en\\\/thank-you-4\\\/#primaryimage\"},\"thumbnailUrl\":\"https:\\\/\\\/www.facebook.com\\\/tr?ev=6038873762111&amp;cd[value]=0.00&amp;cd[currency]=USD&amp;noscript=1\",\"datePublished\":\"2016-02-03T13:19:25+00:00\",\"dateModified\":\"2020-03-24T08:39:05+00:00\",\"breadcrumb\":{\"@id\":\"https:\\\/\\\/funside.hu\\\/en\\\/thank-you-4\\\/#breadcrumb\"},\"inLanguage\":\"en-US\",\"potentialAction\":[{\"@type\":\"ReadAction\",\"target\":[\"https:\\\/\\\/funside.hu\\\/en\\\/thank-you-4\\\/\"]}]},{\"@type\":\"ImageObject\",\"inLanguage\":\"en-US\",\"@id\":\"https:\\\/\\\/funside.hu\\\/en\\\/thank-you-4\\\/#primaryimage\",\"url\":\"https:\\\/\\\/www.facebook.com\\\/tr?ev=6038873762111&amp;cd[value]=0.00&amp;cd[currency]=USD&amp;noscript=1\",\"contentUrl\":\"https:\\\/\\\/www.facebook.com\\\/tr?ev=6038873762111&amp;cd[value]=0.00&amp;cd[currency]=USD&amp;noscript=1\"},{\"@type\":\"BreadcrumbList\",\"@id\":\"https:\\\/\\\/funside.hu\\\/en\\\/thank-you-4\\\/#breadcrumb\",\"itemListElement\":[{\"@type\":\"ListItem\",\"position\":1,\"name\":\"Home\",\"item\":\"https:\\\/\\\/funside.hu\\\/en\\\/\"},{\"@type\":\"ListItem\",\"position\":2,\"name\":\"Thank you!\"}]},{\"@type\":\"WebSite\",\"@id\":\"https:\\\/\\\/funside.hu\\\/en\\\/#website\",\"url\":\"https:\\\/\\\/funside.hu\\\/en\\\/\",\"name\":\"Funside ny\u00e1ri t\u00e1borok \u00e9s tanfolyamok\",\"description\":\"21. sz\u00e1zadi oktat\u00e1s gyerekeknek \u00e9s fiataloknak: Funside School tanfolyamok \u00e9s Funside nemzetk\u00f6zi ny\u00e1ri t\u00e1borok.\",\"publisher\":{\"@id\":\"https:\\\/\\\/funside.hu\\\/en\\\/#organization\"},\"potentialAction\":[{\"@type\":\"SearchAction\",\"target\":{\"@type\":\"EntryPoint\",\"urlTemplate\":\"https:\\\/\\\/funside.hu\\\/en\\\/?s={search_term_string}\"},\"query-input\":{\"@type\":\"PropertyValueSpecification\",\"valueRequired\":true,\"valueName\":\"search_term_string\"}}],\"inLanguage\":\"en-US\"},{\"@type\":\"Organization\",\"@id\":\"https:\\\/\\\/funside.hu\\\/en\\\/#organization\",\"name\":\"Funside\",\"url\":\"https:\\\/\\\/funside.hu\\\/en\\\/\",\"logo\":{\"@type\":\"ImageObject\",\"inLanguage\":\"en-US\",\"@id\":\"https:\\\/\\\/funside.hu\\\/en\\\/#\\\/schema\\\/logo\\\/image\\\/\",\"url\":\"https:\\\/\\\/funside.hu\\\/wp-content\\\/uploads\\\/2020\\\/12\\\/main_logo.png\",\"contentUrl\":\"https:\\\/\\\/funside.hu\\\/wp-content\\\/uploads\\\/2020\\\/12\\\/main_logo.png\",\"width\":119,\"height\":156,\"caption\":\"Funside\"},\"image\":{\"@id\":\"https:\\\/\\\/funside.hu\\\/en\\\/#\\\/schema\\\/logo\\\/image\\\/\"},\"sameAs\":[\"https:\\\/\\\/www.facebook.com\\\/funsidetabor\",\"https:\\\/\\\/www.instagram.com\\\/funside\\\/\",\"https:\\\/\\\/www.linkedin.com\\\/company\\\/10425232\\\/\",\"https:\\\/\\\/www.youtube.com\\\/user\\\/funsidetabor\",\"https:\\\/\\\/www.tiktok.com\\\/@funsidecamp\"]}]}<\/script>\n<!-- \/ Yoast SEO plugin. -->","yoast_head_json":{"title":"Thank you! &#8211; Funside ny\u00e1ri t\u00e1borok \u00e9s tanfolyamok","robots":{"index":"index","follow":"follow","max-snippet":"max-snippet:-1","max-image-preview":"max-image-preview:large","max-video-preview":"max-video-preview:-1"},"canonical":"https:\/\/funside.hu\/en\/thank-you-4\/","og_locale":"en_US","og_type":"article","og_title":"Thank you! &#8211; Funside ny\u00e1ri t\u00e1borok \u00e9s tanfolyamok","og_description":"Thank you for signing up Our team will be in touch with you shortly. &nbsp; In the meantime, here are some of our camp videos for you to watch: https:\/\/www.youtube.com\/watch?v=8eSy42gG5Tg&#038;list=PLakw52f5g6AkN6W_aAzXZmNFFtqJ3PaQ7&#038;index=2&#038;t=26sVideo can&#8217;t be loaded because JavaScript is disabled: Funside Balaton Aftermovie 2019 (https:\/\/www.youtube.com\/watch?v=8eSy42gG5Tg&#038;list=PLakw52f5g6AkN6W_aAzXZmNFFtqJ3PaQ7&#038;index=2&#038;t=26s)","og_url":"https:\/\/funside.hu\/en\/thank-you-4\/","og_site_name":"Funside ny\u00e1ri t\u00e1borok \u00e9s tanfolyamok","article_publisher":"https:\/\/www.facebook.com\/funsidetabor","article_modified_time":"2020-03-24T08:39:05+00:00","og_image":[{"url":"https:\/\/www.facebook.com\/tr?ev=6038873762111&amp;cd[value]=0.00&amp;cd[currency]=USD&amp;noscript=1","type":"","width":"","height":""}],"twitter_card":"summary_large_image","schema":{"@context":"https:\/\/schema.org","@graph":[{"@type":"WebPage","@id":"https:\/\/funside.hu\/en\/thank-you-4\/","url":"https:\/\/funside.hu\/en\/thank-you-4\/","name":"Thank you! &#8211; Funside ny\u00e1ri t\u00e1borok \u00e9s tanfolyamok","isPartOf":{"@id":"https:\/\/funside.hu\/en\/#website"},"primaryImageOfPage":{"@id":"https:\/\/funside.hu\/en\/thank-you-4\/#primaryimage"},"image":{"@id":"https:\/\/funside.hu\/en\/thank-you-4\/#primaryimage"},"thumbnailUrl":"https:\/\/www.facebook.com\/tr?ev=6038873762111&amp;cd[value]=0.00&amp;cd[currency]=USD&amp;noscript=1","datePublished":"2016-02-03T13:19:25+00:00","dateModified":"2020-03-24T08:39:05+00:00","breadcrumb":{"@id":"https:\/\/funside.hu\/en\/thank-you-4\/#breadcrumb"},"inLanguage":"en-US","potentialAction":[{"@type":"ReadAction","target":["https:\/\/funside.hu\/en\/thank-you-4\/"]}]},{"@type":"ImageObject","inLanguage":"en-US","@id":"https:\/\/funside.hu\/en\/thank-you-4\/#primaryimage","url":"https:\/\/www.facebook.com\/tr?ev=6038873762111&amp;cd[value]=0.00&amp;cd[currency]=USD&amp;noscript=1","contentUrl":"https:\/\/www.facebook.com\/tr?ev=6038873762111&amp;cd[value]=0.00&amp;cd[currency]=USD&amp;noscript=1"},{"@type":"BreadcrumbList","@id":"https:\/\/funside.hu\/en\/thank-you-4\/#breadcrumb","itemListElement":[{"@type":"ListItem","position":1,"name":"Home","item":"https:\/\/funside.hu\/en\/"},{"@type":"ListItem","position":2,"name":"Thank you!"}]},{"@type":"WebSite","@id":"https:\/\/funside.hu\/en\/#website","url":"https:\/\/funside.hu\/en\/","name":"Funside ny\u00e1ri t\u00e1borok \u00e9s tanfolyamok","description":"21. sz\u00e1zadi oktat\u00e1s gyerekeknek \u00e9s fiataloknak: Funside School tanfolyamok \u00e9s Funside nemzetk\u00f6zi ny\u00e1ri t\u00e1borok.","publisher":{"@id":"https:\/\/funside.hu\/en\/#organization"},"potentialAction":[{"@type":"SearchAction","target":{"@type":"EntryPoint","urlTemplate":"https:\/\/funside.hu\/en\/?s={search_term_string}"},"query-input":{"@type":"PropertyValueSpecification","valueRequired":true,"valueName":"search_term_string"}}],"inLanguage":"en-US"},{"@type":"Organization","@id":"https:\/\/funside.hu\/en\/#organization","name":"Funside","url":"https:\/\/funside.hu\/en\/","logo":{"@type":"ImageObject","inLanguage":"en-US","@id":"https:\/\/funside.hu\/en\/#\/schema\/logo\/image\/","url":"https:\/\/funside.hu\/wp-content\/uploads\/2020\/12\/main_logo.png","contentUrl":"https:\/\/funside.hu\/wp-content\/uploads\/2020\/12\/main_logo.png","width":119,"height":156,"caption":"Funside"},"image":{"@id":"https:\/\/funside.hu\/en\/#\/schema\/logo\/image\/"},"sameAs":["https:\/\/www.facebook.com\/funsidetabor","https:\/\/www.instagram.com\/funside\/","https:\/\/www.linkedin.com\/company\/10425232\/","https:\/\/www.youtube.com\/user\/funsidetabor","https:\/\/www.tiktok.com\/@funsidecamp"]}]}},"_links":{"self":[{"href":"https:\/\/funside.hu\/en\/wp-json\/wp\/v2\/pages\/26370","targetHints":{"allow":["GET"]}}],"collection":[{"href":"https:\/\/funside.hu\/en\/wp-json\/wp\/v2\/pages"}],"about":[{"href":"https:\/\/funside.hu\/en\/wp-json\/wp\/v2\/types\/page"}],"author":[{"embeddable":true,"href":"https:\/\/funside.hu\/en\/wp-json\/wp\/v2\/users\/1"}],"replies":[{"embeddable":true,"href":"https:\/\/funside.hu\/en\/wp-json\/wp\/v2\/comments?post=26370"}],"version-history":[{"count":0,"href":"https:\/\/funside.hu\/en\/wp-json\/wp\/v2\/pages\/26370\/revisions"}],"wp:attachment":[{"href":"https:\/\/funside.hu\/en\/wp-json\/wp\/v2\/media?parent=26370"}],"wp:term":[{"taxonomy":"category","embeddable":true,"href":"https:\/\/funside.hu\/en\/wp-json\/wp\/v2\/categories?post=26370"}],"curies":[{"name":"wp","href":"https:\/\/api.w.org\/{rel}","templated":true}]}}