{"id":26302,"date":"2014-03-04T09:28:38","date_gmt":"2014-03-04T08:28:38","guid":{"rendered":"https:\/\/funside.hu\/impressum\/"},"modified":"2014-03-04T09:28:38","modified_gmt":"2014-03-04T08:28:38","slug":"impressum","status":"publish","type":"page","link":"https:\/\/funside.hu\/en\/impressum\/","title":{"rendered":"Impressum"},"content":{"rendered":"<h3>The owner and operator of Funside.eu and Funside.hu is:<\/h3>\n<p><strong>Funside Events Ltd.<\/strong><br \/>\nAddress: T\u00fcnd\u00e9r l\u00e9pcs\u0151 2a., 1125. Budapest,\u00a0Hungary<br \/>\nTax number: 14292550-2-43<br \/>\nRegistered in Hungary under: 01-09-897424<br \/>\nTel: +361 950 950 2<br \/>\nE-mail: <a href=\"mailto:events@funside.hu\">events@funside.hu<br \/>\n<\/a>Editor-in-chief: Andras Kittka<\/p>\n<h3>Licencing<\/h3>\n<p><strong>The Funside name and logo, as well as the main elements of the corporate identity and the website design are under legal trademark protection.<\/strong><\/p>\n<p>All rights are reserved. All contents of the website (including all text, images and video content) is under the legal protection of and belong to the owner, and must not be reused by any third party, in any form, without the direct and written approval of the owner. Any such breaches of ownership will be followed by the necessary legal action.<\/p>\n<p>Funside Association has the written approval of the owner to publish on the website. Any content\u00a0(including all text, images and video content) shared by it on the website is under the same legal protection as the content shared by the owner.<\/p>\n<p>The operator of the website declares that all information shared with it by the users of the website, through the online forms found on the website, will be treated with utmost security and will never be shared with any third parties.<\/p>\n<h3>E-newsletters<\/h3>\n<p>The e-newsletter operated by Funside Association is legally licensed by Hungarian authorities under the\u00a0<strong>NAIH-81854\/2014<\/strong> registration number.<\/p>\n<h2><\/h2>\n<p><a name=\"cookie\"><\/a><\/p>\n<h2>Cookies<\/h2>\n<p>A cookie is a small piece of text sent to your browser by a website you visit. It helps the website to remember information about your visit, like your preferred language and other settings. That can make your next visit easier and the site more useful to you.<\/p>\n<h3>Funside.hu uses cookies for the following purposes:<\/h3>\n<ul>\n<li>Remembering language settings<\/li>\n<li>Website statistics (e.g. Google Analytics)<\/li>\n<\/ul>\n","protected":false},"excerpt":{"rendered":"<p>The owner and operator of Funside.eu and Funside.hu is: Funside Events Ltd. Address: T\u00fcnd\u00e9r l\u00e9pcs\u0151 2a., 1125. Budapest,\u00a0Hungary Tax number: 14292550-2-43 Registered in Hungary under: 01-09-897424 Tel: +361 950 950 2 E-mail: events@funside.hu Editor-in-chief: Andras Kittka Licencing The Funside name and logo, as well as the main elements of the corporate identity and the website&#8230;<\/p>\n","protected":false},"author":3,"featured_media":0,"parent":0,"menu_order":0,"comment_status":"open","ping_status":"open","template":"","meta":{"inline_featured_image":false,"ngg_post_thumbnail":0,"footnotes":"","_wp_rev_ctl_limit":""},"categories":[],"class_list":["post-26302","page","type-page","status-publish","hentry","editor-tinymce"],"acf":[],"yoast_head":"<!-- This site is optimized with the Yoast SEO plugin v24.7 - https:\/\/yoast.com\/wordpress\/plugins\/seo\/ -->\n<title>Impressum &#8211; Funside summer camps and after school<\/title>\n<meta name=\"robots\" content=\"index, follow, max-snippet:-1, max-image-preview:large, max-video-preview:-1\" \/>\n<link rel=\"canonical\" href=\"https:\/\/funside.hu\/en\/impressum\/\" \/>\n<meta property=\"og:locale\" content=\"en_US\" \/>\n<meta property=\"og:type\" content=\"article\" \/>\n<meta property=\"og:title\" content=\"Impressum &#8211; Funside summer camps and after school\" \/>\n<meta property=\"og:description\" content=\"The owner and operator of Funside.eu and Funside.hu is: Funside Events Ltd. Address: T\u00fcnd\u00e9r l\u00e9pcs\u0151 2a., 1125. Budapest,\u00a0Hungary Tax number: 14292550-2-43 Registered in Hungary under: 01-09-897424 Tel: +361 950 950 2 E-mail: events@funside.hu Editor-in-chief: Andras Kittka Licencing The Funside name and logo, as well as the main elements of the corporate identity and the website...\" \/>\n<meta property=\"og:url\" content=\"https:\/\/funside.hu\/en\/impressum\/\" \/>\n<meta property=\"og:site_name\" content=\"Funside summer camps and after school\" \/>\n<meta property=\"article:publisher\" content=\"https:\/\/www.facebook.com\/funsidetabor\" \/>\n<meta property=\"og:image\" content=\"https:\/\/funside.hu\/wp-content\/uploads\/2020\/12\/funside_logo_facebookhoz.jpg\" \/>\n\t<meta property=\"og:image:width\" content=\"300\" \/>\n\t<meta property=\"og:image:height\" content=\"300\" \/>\n\t<meta property=\"og:image:type\" content=\"image\/jpeg\" \/>\n<meta name=\"twitter:card\" content=\"summary_large_image\" \/>\n<meta name=\"twitter:site\" content=\"@funsidetabor\" \/>\n<meta name=\"twitter:label1\" content=\"Est. reading time\" \/>\n\t<meta name=\"twitter:data1\" content=\"1 minute\" \/>\n<script type=\"application\/ld+json\" class=\"yoast-schema-graph\">{\"@context\":\"https:\/\/schema.org\",\"@graph\":[{\"@type\":\"WebPage\",\"@id\":\"https:\/\/funside.hu\/en\/impressum\/\",\"url\":\"https:\/\/funside.hu\/en\/impressum\/\",\"name\":\"Impressum &#8211; Funside summer camps and after school\",\"isPartOf\":{\"@id\":\"https:\/\/funside.hu\/en\/#website\"},\"datePublished\":\"2014-03-04T08:28:38+00:00\",\"breadcrumb\":{\"@id\":\"https:\/\/funside.hu\/en\/impressum\/#breadcrumb\"},\"inLanguage\":\"en-US\",\"potentialAction\":[{\"@type\":\"ReadAction\",\"target\":[\"https:\/\/funside.hu\/en\/impressum\/\"]}]},{\"@type\":\"BreadcrumbList\",\"@id\":\"https:\/\/funside.hu\/en\/impressum\/#breadcrumb\",\"itemListElement\":[{\"@type\":\"ListItem\",\"position\":1,\"name\":\"Home\",\"item\":\"https:\/\/funside.hu\/en\/\"},{\"@type\":\"ListItem\",\"position\":2,\"name\":\"Impressum\"}]},{\"@type\":\"WebSite\",\"@id\":\"https:\/\/funside.hu\/en\/#website\",\"url\":\"https:\/\/funside.hu\/en\/\",\"name\":\"Funside summer camps and after school\",\"description\":\"International summer camps and after school classes, in Budapest and at Lake Balaton, Hungary.\",\"publisher\":{\"@id\":\"https:\/\/funside.hu\/en\/#organization\"},\"potentialAction\":[{\"@type\":\"SearchAction\",\"target\":{\"@type\":\"EntryPoint\",\"urlTemplate\":\"https:\/\/funside.hu\/en\/?s={search_term_string}\"},\"query-input\":{\"@type\":\"PropertyValueSpecification\",\"valueRequired\":true,\"valueName\":\"search_term_string\"}}],\"inLanguage\":\"en-US\"},{\"@type\":\"Organization\",\"@id\":\"https:\/\/funside.hu\/en\/#organization\",\"name\":\"Funside School Kft.\",\"url\":\"https:\/\/funside.hu\/en\/\",\"logo\":{\"@type\":\"ImageObject\",\"inLanguage\":\"en-US\",\"@id\":\"https:\/\/funside.hu\/en\/#\/schema\/logo\/image\/\",\"url\":\"https:\/\/funside.hu\/wp-content\/uploads\/2020\/12\/main_logo.png\",\"contentUrl\":\"https:\/\/funside.hu\/wp-content\/uploads\/2020\/12\/main_logo.png\",\"width\":119,\"height\":156,\"caption\":\"Funside School Kft.\"},\"image\":{\"@id\":\"https:\/\/funside.hu\/en\/#\/schema\/logo\/image\/\"},\"sameAs\":[\"https:\/\/www.facebook.com\/funsidetabor\",\"https:\/\/x.com\/funsidetabor\",\"https:\/\/www.instagram.com\/funside\/\",\"https:\/\/www.linkedin.com\/company\/10425232\/\",\"https:\/\/www.youtube.com\/user\/funsidetabor\"]}]}<\/script>\n<!-- \/ Yoast SEO plugin. -->","yoast_head_json":{"title":"Impressum &#8211; Funside summer camps and after school","robots":{"index":"index","follow":"follow","max-snippet":"max-snippet:-1","max-image-preview":"max-image-preview:large","max-video-preview":"max-video-preview:-1"},"canonical":"https:\/\/funside.hu\/en\/impressum\/","og_locale":"en_US","og_type":"article","og_title":"Impressum &#8211; Funside summer camps and after school","og_description":"The owner and operator of Funside.eu and Funside.hu is: Funside Events Ltd. Address: T\u00fcnd\u00e9r l\u00e9pcs\u0151 2a., 1125. Budapest,\u00a0Hungary Tax number: 14292550-2-43 Registered in Hungary under: 01-09-897424 Tel: +361 950 950 2 E-mail: events@funside.hu Editor-in-chief: Andras Kittka Licencing The Funside name and logo, as well as the main elements of the corporate identity and the website...","og_url":"https:\/\/funside.hu\/en\/impressum\/","og_site_name":"Funside summer camps and after school","article_publisher":"https:\/\/www.facebook.com\/funsidetabor","og_image":[{"width":300,"height":300,"url":"https:\/\/funside.hu\/wp-content\/uploads\/2020\/12\/funside_logo_facebookhoz.jpg","type":"image\/jpeg"}],"twitter_card":"summary_large_image","twitter_site":"@funsidetabor","twitter_misc":{"Est. reading time":"1 minute"},"schema":{"@context":"https:\/\/schema.org","@graph":[{"@type":"WebPage","@id":"https:\/\/funside.hu\/en\/impressum\/","url":"https:\/\/funside.hu\/en\/impressum\/","name":"Impressum &#8211; Funside summer camps and after school","isPartOf":{"@id":"https:\/\/funside.hu\/en\/#website"},"datePublished":"2014-03-04T08:28:38+00:00","breadcrumb":{"@id":"https:\/\/funside.hu\/en\/impressum\/#breadcrumb"},"inLanguage":"en-US","potentialAction":[{"@type":"ReadAction","target":["https:\/\/funside.hu\/en\/impressum\/"]}]},{"@type":"BreadcrumbList","@id":"https:\/\/funside.hu\/en\/impressum\/#breadcrumb","itemListElement":[{"@type":"ListItem","position":1,"name":"Home","item":"https:\/\/funside.hu\/en\/"},{"@type":"ListItem","position":2,"name":"Impressum"}]},{"@type":"WebSite","@id":"https:\/\/funside.hu\/en\/#website","url":"https:\/\/funside.hu\/en\/","name":"Funside summer camps and after school","description":"International summer camps and after school classes, in Budapest and at Lake Balaton, Hungary.","publisher":{"@id":"https:\/\/funside.hu\/en\/#organization"},"potentialAction":[{"@type":"SearchAction","target":{"@type":"EntryPoint","urlTemplate":"https:\/\/funside.hu\/en\/?s={search_term_string}"},"query-input":{"@type":"PropertyValueSpecification","valueRequired":true,"valueName":"search_term_string"}}],"inLanguage":"en-US"},{"@type":"Organization","@id":"https:\/\/funside.hu\/en\/#organization","name":"Funside School Kft.","url":"https:\/\/funside.hu\/en\/","logo":{"@type":"ImageObject","inLanguage":"en-US","@id":"https:\/\/funside.hu\/en\/#\/schema\/logo\/image\/","url":"https:\/\/funside.hu\/wp-content\/uploads\/2020\/12\/main_logo.png","contentUrl":"https:\/\/funside.hu\/wp-content\/uploads\/2020\/12\/main_logo.png","width":119,"height":156,"caption":"Funside School Kft."},"image":{"@id":"https:\/\/funside.hu\/en\/#\/schema\/logo\/image\/"},"sameAs":["https:\/\/www.facebook.com\/funsidetabor","https:\/\/x.com\/funsidetabor","https:\/\/www.instagram.com\/funside\/","https:\/\/www.linkedin.com\/company\/10425232\/","https:\/\/www.youtube.com\/user\/funsidetabor"]}]}},"_links":{"self":[{"href":"https:\/\/funside.hu\/en\/wp-json\/wp\/v2\/pages\/26302"}],"collection":[{"href":"https:\/\/funside.hu\/en\/wp-json\/wp\/v2\/pages"}],"about":[{"href":"https:\/\/funside.hu\/en\/wp-json\/wp\/v2\/types\/page"}],"author":[{"embeddable":true,"href":"https:\/\/funside.hu\/en\/wp-json\/wp\/v2\/users\/3"}],"replies":[{"embeddable":true,"href":"https:\/\/funside.hu\/en\/wp-json\/wp\/v2\/comments?post=26302"}],"version-history":[{"count":0,"href":"https:\/\/funside.hu\/en\/wp-json\/wp\/v2\/pages\/26302\/revisions"}],"wp:attachment":[{"href":"https:\/\/funside.hu\/en\/wp-json\/wp\/v2\/media?parent=26302"}],"wp:term":[{"taxonomy":"category","embeddable":true,"href":"https:\/\/funside.hu\/en\/wp-json\/wp\/v2\/categories?post=26302"}],"curies":[{"name":"wp","href":"https:\/\/api.w.org\/{rel}","templated":true}]}}