{"id":26263,"date":"2013-08-21T20:27:23","date_gmt":"2013-08-21T18:27:23","guid":{"rendered":"https:\/\/funside.hu\/thank-you\/"},"modified":"2024-11-06T11:35:10","modified_gmt":"2024-11-06T10:35:10","slug":"thank-you-6","status":"publish","type":"page","link":"https:\/\/funside.hu\/en\/thank-you-6\/","title":{"rendered":"Thank you"},"content":{"rendered":"<h2>Thank you for sharing your feedback!<\/h2>\n<h3>What&#8217;s next?<\/h3>\n<ul>\n<li>I would like to attend the End-of-summer Party in Budapest!\u00a0<a href=\"https:\/\/funside.hu\/en\/news\/end-of-summer-party-2015\/\" target=\"_blank\" rel=\"noopener\"><strong>Learn more&#8230;<\/strong><\/a><\/li>\n<li>I don&#8217;t want to miss out on future Funside news!<strong>\u00a0<a href=\"https:\/\/www.facebook.com\/funsidetabor\" target=\"_blank\" rel=\"noopener\">Follow us on Facebook&#8230;<\/a><\/strong><\/li>\n<li>I would like to watch the latest camp videos! <strong><a href=\"https:\/\/www.youtube.com\/user\/funsidetabor\" target=\"_blank\" rel=\"noopener\">Go to Funside&#8217;s YouTube page&#8230;<\/a><\/strong><\/li>\n<\/ul>\n<h2>See you next year!<\/h2>\n<p><img decoding=\"async\" class=\"alignnone size-large wp-image-5606\" title=\"zaro-01\" src=\"https:\/\/funside.hu\/wp-content\/uploads\/2013\/08\/27pentek203.jpg\" alt=\"\" \/><\/p>\n","protected":false},"excerpt":{"rendered":"<p>Thank you for sharing your feedback! What&#8217;s next? I would like to attend the End-of-summer Party in Budapest!\u00a0Learn more&#8230; I don&#8217;t want to miss out on future Funside news!\u00a0Follow us on Facebook&#8230; I would like to watch the latest camp videos! Go to Funside&#8217;s YouTube page&#8230; See you next year!<\/p>\n","protected":false},"author":3,"featured_media":0,"parent":0,"menu_order":0,"comment_status":"open","ping_status":"closed","template":"","meta":{"_acf_changed":false,"inline_featured_image":false,"ngg_post_thumbnail":0,"footnotes":"","_wp_rev_ctl_limit":""},"categories":[578],"class_list":["post-26263","page","type-page","status-publish","hentry","category-funside-balaton-en","editor-tinymce"],"acf":[],"yoast_head":"<!-- This site is optimized with the Yoast SEO plugin v27.4 - https:\/\/yoast.com\/product\/yoast-seo-wordpress\/ -->\n<title>Thank you &#8211; Funside ny\u00e1ri t\u00e1borok \u00e9s tanfolyamok<\/title>\n<meta name=\"robots\" content=\"index, follow, max-snippet:-1, max-image-preview:large, max-video-preview:-1\" \/>\n<link rel=\"canonical\" href=\"https:\/\/funside.hu\/en\/thank-you-6\/\" \/>\n<meta property=\"og:locale\" content=\"en_US\" \/>\n<meta property=\"og:type\" content=\"article\" \/>\n<meta property=\"og:title\" content=\"Thank you &#8211; Funside ny\u00e1ri t\u00e1borok \u00e9s tanfolyamok\" \/>\n<meta property=\"og:description\" content=\"Thank you for sharing your feedback! What&#8217;s next? I would like to attend the End-of-summer Party in Budapest!\u00a0Learn more&#8230; I don&#8217;t want to miss out on future Funside news!\u00a0Follow us on Facebook&#8230; I would like to watch the latest camp videos! Go to Funside&#8217;s YouTube page&#8230; See you next year!\" \/>\n<meta property=\"og:url\" content=\"https:\/\/funside.hu\/en\/thank-you-6\/\" \/>\n<meta property=\"og:site_name\" content=\"Funside ny\u00e1ri t\u00e1borok \u00e9s tanfolyamok\" \/>\n<meta property=\"article:publisher\" content=\"https:\/\/www.facebook.com\/funsidetabor\" \/>\n<meta property=\"article:modified_time\" content=\"2024-11-06T10:35:10+00:00\" \/>\n<meta property=\"og:image\" content=\"https:\/\/funside.hu\/wp-content\/uploads\/2013\/08\/27pentek203.jpg\" \/>\n<meta name=\"twitter:card\" content=\"summary_large_image\" \/>\n<script type=\"application\/ld+json\" class=\"yoast-schema-graph\">{\"@context\":\"https:\\\/\\\/schema.org\",\"@graph\":[{\"@type\":\"WebPage\",\"@id\":\"https:\\\/\\\/funside.hu\\\/en\\\/thank-you-6\\\/\",\"url\":\"https:\\\/\\\/funside.hu\\\/en\\\/thank-you-6\\\/\",\"name\":\"Thank you &#8211; Funside ny\u00e1ri t\u00e1borok \u00e9s tanfolyamok\",\"isPartOf\":{\"@id\":\"https:\\\/\\\/funside.hu\\\/en\\\/#website\"},\"primaryImageOfPage\":{\"@id\":\"https:\\\/\\\/funside.hu\\\/en\\\/thank-you-6\\\/#primaryimage\"},\"image\":{\"@id\":\"https:\\\/\\\/funside.hu\\\/en\\\/thank-you-6\\\/#primaryimage\"},\"thumbnailUrl\":\"https:\\\/\\\/funside.hu\\\/wp-content\\\/uploads\\\/2013\\\/08\\\/27pentek203.jpg\",\"datePublished\":\"2013-08-21T18:27:23+00:00\",\"dateModified\":\"2024-11-06T10:35:10+00:00\",\"breadcrumb\":{\"@id\":\"https:\\\/\\\/funside.hu\\\/en\\\/thank-you-6\\\/#breadcrumb\"},\"inLanguage\":\"en-US\",\"potentialAction\":[{\"@type\":\"ReadAction\",\"target\":[\"https:\\\/\\\/funside.hu\\\/en\\\/thank-you-6\\\/\"]}]},{\"@type\":\"ImageObject\",\"inLanguage\":\"en-US\",\"@id\":\"https:\\\/\\\/funside.hu\\\/en\\\/thank-you-6\\\/#primaryimage\",\"url\":\"https:\\\/\\\/funside.hu\\\/wp-content\\\/uploads\\\/2013\\\/08\\\/27pentek203.jpg\",\"contentUrl\":\"https:\\\/\\\/funside.hu\\\/wp-content\\\/uploads\\\/2013\\\/08\\\/27pentek203.jpg\"},{\"@type\":\"BreadcrumbList\",\"@id\":\"https:\\\/\\\/funside.hu\\\/en\\\/thank-you-6\\\/#breadcrumb\",\"itemListElement\":[{\"@type\":\"ListItem\",\"position\":1,\"name\":\"Home\",\"item\":\"https:\\\/\\\/funside.hu\\\/en\\\/\"},{\"@type\":\"ListItem\",\"position\":2,\"name\":\"Thank you\"}]},{\"@type\":\"WebSite\",\"@id\":\"https:\\\/\\\/funside.hu\\\/en\\\/#website\",\"url\":\"https:\\\/\\\/funside.hu\\\/en\\\/\",\"name\":\"Funside ny\u00e1ri t\u00e1borok \u00e9s tanfolyamok\",\"description\":\"21. sz\u00e1zadi oktat\u00e1s gyerekeknek \u00e9s fiataloknak: Funside School tanfolyamok \u00e9s Funside nemzetk\u00f6zi ny\u00e1ri t\u00e1borok.\",\"publisher\":{\"@id\":\"https:\\\/\\\/funside.hu\\\/en\\\/#organization\"},\"potentialAction\":[{\"@type\":\"SearchAction\",\"target\":{\"@type\":\"EntryPoint\",\"urlTemplate\":\"https:\\\/\\\/funside.hu\\\/en\\\/?s={search_term_string}\"},\"query-input\":{\"@type\":\"PropertyValueSpecification\",\"valueRequired\":true,\"valueName\":\"search_term_string\"}}],\"inLanguage\":\"en-US\"},{\"@type\":\"Organization\",\"@id\":\"https:\\\/\\\/funside.hu\\\/en\\\/#organization\",\"name\":\"Funside\",\"url\":\"https:\\\/\\\/funside.hu\\\/en\\\/\",\"logo\":{\"@type\":\"ImageObject\",\"inLanguage\":\"en-US\",\"@id\":\"https:\\\/\\\/funside.hu\\\/en\\\/#\\\/schema\\\/logo\\\/image\\\/\",\"url\":\"https:\\\/\\\/funside.hu\\\/wp-content\\\/uploads\\\/2020\\\/12\\\/main_logo.png\",\"contentUrl\":\"https:\\\/\\\/funside.hu\\\/wp-content\\\/uploads\\\/2020\\\/12\\\/main_logo.png\",\"width\":119,\"height\":156,\"caption\":\"Funside\"},\"image\":{\"@id\":\"https:\\\/\\\/funside.hu\\\/en\\\/#\\\/schema\\\/logo\\\/image\\\/\"},\"sameAs\":[\"https:\\\/\\\/www.facebook.com\\\/funsidetabor\",\"https:\\\/\\\/www.instagram.com\\\/funside\\\/\",\"https:\\\/\\\/www.linkedin.com\\\/company\\\/10425232\\\/\",\"https:\\\/\\\/www.youtube.com\\\/user\\\/funsidetabor\",\"https:\\\/\\\/www.tiktok.com\\\/@funsidecamp\"]}]}<\/script>\n<!-- \/ Yoast SEO plugin. -->","yoast_head_json":{"title":"Thank you &#8211; Funside ny\u00e1ri t\u00e1borok \u00e9s tanfolyamok","robots":{"index":"index","follow":"follow","max-snippet":"max-snippet:-1","max-image-preview":"max-image-preview:large","max-video-preview":"max-video-preview:-1"},"canonical":"https:\/\/funside.hu\/en\/thank-you-6\/","og_locale":"en_US","og_type":"article","og_title":"Thank you &#8211; Funside ny\u00e1ri t\u00e1borok \u00e9s tanfolyamok","og_description":"Thank you for sharing your feedback! What&#8217;s next? I would like to attend the End-of-summer Party in Budapest!\u00a0Learn more&#8230; I don&#8217;t want to miss out on future Funside news!\u00a0Follow us on Facebook&#8230; I would like to watch the latest camp videos! Go to Funside&#8217;s YouTube page&#8230; See you next year!","og_url":"https:\/\/funside.hu\/en\/thank-you-6\/","og_site_name":"Funside ny\u00e1ri t\u00e1borok \u00e9s tanfolyamok","article_publisher":"https:\/\/www.facebook.com\/funsidetabor","article_modified_time":"2024-11-06T10:35:10+00:00","og_image":[{"url":"https:\/\/funside.hu\/wp-content\/uploads\/2013\/08\/27pentek203.jpg","type":"","width":"","height":""}],"twitter_card":"summary_large_image","schema":{"@context":"https:\/\/schema.org","@graph":[{"@type":"WebPage","@id":"https:\/\/funside.hu\/en\/thank-you-6\/","url":"https:\/\/funside.hu\/en\/thank-you-6\/","name":"Thank you &#8211; Funside ny\u00e1ri t\u00e1borok \u00e9s tanfolyamok","isPartOf":{"@id":"https:\/\/funside.hu\/en\/#website"},"primaryImageOfPage":{"@id":"https:\/\/funside.hu\/en\/thank-you-6\/#primaryimage"},"image":{"@id":"https:\/\/funside.hu\/en\/thank-you-6\/#primaryimage"},"thumbnailUrl":"https:\/\/funside.hu\/wp-content\/uploads\/2013\/08\/27pentek203.jpg","datePublished":"2013-08-21T18:27:23+00:00","dateModified":"2024-11-06T10:35:10+00:00","breadcrumb":{"@id":"https:\/\/funside.hu\/en\/thank-you-6\/#breadcrumb"},"inLanguage":"en-US","potentialAction":[{"@type":"ReadAction","target":["https:\/\/funside.hu\/en\/thank-you-6\/"]}]},{"@type":"ImageObject","inLanguage":"en-US","@id":"https:\/\/funside.hu\/en\/thank-you-6\/#primaryimage","url":"https:\/\/funside.hu\/wp-content\/uploads\/2013\/08\/27pentek203.jpg","contentUrl":"https:\/\/funside.hu\/wp-content\/uploads\/2013\/08\/27pentek203.jpg"},{"@type":"BreadcrumbList","@id":"https:\/\/funside.hu\/en\/thank-you-6\/#breadcrumb","itemListElement":[{"@type":"ListItem","position":1,"name":"Home","item":"https:\/\/funside.hu\/en\/"},{"@type":"ListItem","position":2,"name":"Thank you"}]},{"@type":"WebSite","@id":"https:\/\/funside.hu\/en\/#website","url":"https:\/\/funside.hu\/en\/","name":"Funside ny\u00e1ri t\u00e1borok \u00e9s tanfolyamok","description":"21. sz\u00e1zadi oktat\u00e1s gyerekeknek \u00e9s fiataloknak: Funside School tanfolyamok \u00e9s Funside nemzetk\u00f6zi ny\u00e1ri t\u00e1borok.","publisher":{"@id":"https:\/\/funside.hu\/en\/#organization"},"potentialAction":[{"@type":"SearchAction","target":{"@type":"EntryPoint","urlTemplate":"https:\/\/funside.hu\/en\/?s={search_term_string}"},"query-input":{"@type":"PropertyValueSpecification","valueRequired":true,"valueName":"search_term_string"}}],"inLanguage":"en-US"},{"@type":"Organization","@id":"https:\/\/funside.hu\/en\/#organization","name":"Funside","url":"https:\/\/funside.hu\/en\/","logo":{"@type":"ImageObject","inLanguage":"en-US","@id":"https:\/\/funside.hu\/en\/#\/schema\/logo\/image\/","url":"https:\/\/funside.hu\/wp-content\/uploads\/2020\/12\/main_logo.png","contentUrl":"https:\/\/funside.hu\/wp-content\/uploads\/2020\/12\/main_logo.png","width":119,"height":156,"caption":"Funside"},"image":{"@id":"https:\/\/funside.hu\/en\/#\/schema\/logo\/image\/"},"sameAs":["https:\/\/www.facebook.com\/funsidetabor","https:\/\/www.instagram.com\/funside\/","https:\/\/www.linkedin.com\/company\/10425232\/","https:\/\/www.youtube.com\/user\/funsidetabor","https:\/\/www.tiktok.com\/@funsidecamp"]}]}},"_links":{"self":[{"href":"https:\/\/funside.hu\/en\/wp-json\/wp\/v2\/pages\/26263","targetHints":{"allow":["GET"]}}],"collection":[{"href":"https:\/\/funside.hu\/en\/wp-json\/wp\/v2\/pages"}],"about":[{"href":"https:\/\/funside.hu\/en\/wp-json\/wp\/v2\/types\/page"}],"author":[{"embeddable":true,"href":"https:\/\/funside.hu\/en\/wp-json\/wp\/v2\/users\/3"}],"replies":[{"embeddable":true,"href":"https:\/\/funside.hu\/en\/wp-json\/wp\/v2\/comments?post=26263"}],"version-history":[{"count":1,"href":"https:\/\/funside.hu\/en\/wp-json\/wp\/v2\/pages\/26263\/revisions"}],"predecessor-version":[{"id":80565,"href":"https:\/\/funside.hu\/en\/wp-json\/wp\/v2\/pages\/26263\/revisions\/80565"}],"wp:attachment":[{"href":"https:\/\/funside.hu\/en\/wp-json\/wp\/v2\/media?parent=26263"}],"wp:term":[{"taxonomy":"category","embeddable":true,"href":"https:\/\/funside.hu\/en\/wp-json\/wp\/v2\/categories?post=26263"}],"curies":[{"name":"wp","href":"https:\/\/api.w.org\/{rel}","templated":true}]}}