{"id":26241,"date":"2013-02-21T14:07:43","date_gmt":"2013-02-21T13:07:43","guid":{"rendered":"https:\/\/funside.hu\/thank-you\/"},"modified":"2024-02-06T14:13:56","modified_gmt":"2024-02-06T13:13:56","slug":"thank-you-budapest","status":"publish","type":"page","link":"https:\/\/funside.hu\/en\/thank-you-budapest\/","title":{"rendered":"Congratulations!"},"content":{"rendered":"<h2>You have successfully completed your&nbsp;sign-up form!<\/h2>\n<p><b data-stringify-type=\"bold\">This is not a confirmation of your booking yet.<\/b><\/p>\n<h3>What happens next?<\/h3>\n<ul>\n<li>First you will receive an <strong>automatic email response<\/strong>, sent to the parents\u2019 email addresses provided by you on the sign-up form, which indicates that we have <strong>received your registration<\/strong>. However, <strong>this is not a booking confirmation yet!<\/strong> In case you don\u2019t receive this first email within minutes of your registration, please check the spam folder of your email client (Gmail, Outlook etc.) to make sure our email hasn\u2019t accidentally landed there.<\/li>\n<li>Next, our system will send you the <strong>confirmation of your booking in a separate email<\/strong> (each sign-up form is also manually checked by our team) usually within 5 working days, however, during the first days of the registration period this might take multiple days due to high demand \u2013 thank you for your patience!<\/li>\n<li><strong>You will find all the information you need to complete your booking in the confirmation email.<\/strong><\/li>\n<\/ul>\n<p>In the meantime, check out our&nbsp;<a href=\"https:\/\/www.facebook.com\/funsidetabor\" target=\"_blank\" rel=\"noopener noreferrer\">Facebook page<\/a>&nbsp;for the latest Funside news or&nbsp;<a href=\"https:\/\/funside.hu\/en\/contact\/\" target=\"_blank\" rel=\"noopener noreferrer\">get in touch<\/a>&nbsp;with us directly if you have any questions.<\/p>\n<p><!-- Google Code for BUDAPEST jellap k&ouml;sz&ouml;nj&uuml;k oldal Conversion Page --><\/p>\n<p><script type=\"text\/javascript\">\/\/ <![CDATA[ var google_conversion_id = 1059520812; var google_conversion_language = \"en\"; var google_conversion_format = \"3\"; var google_conversion_color = \"ffffff\"; var google_conversion_label = \"A2gRCKSguwUQrIKc-QM\"; var google_conversion_value = 1.000000; var google_remarketing_only = false; \/\/ ]]><\/script><\/p>\n<p><script src=\"\/\/www.googleadservices.com\/pagead\/conversion.js\" type=\"text\/javascript\">\/\/ <![CDATA[ \/\/ ]]><\/script><\/p>\n<p><noscript>&amp;amp;amp;amp;amp;amp;amp;lt;\/p&amp;amp;amp;amp;amp;amp;amp;gt;&amp;amp;amp;amp;amp;amp;lt;br \/&amp;amp;amp;amp;amp;amp;gt;&amp;amp;amp;amp;amp;lt;br \/&amp;amp;amp;amp;amp;gt;&amp;amp;amp;amp;lt;br \/&amp;amp;amp;amp;gt;&amp;amp;amp;lt;br \/&amp;amp;amp;gt;&amp;amp;lt;br \/&amp;amp;gt;&amp;lt;br \/&amp;gt;&lt;br \/&gt;<br \/>\n&amp;amp;amp;amp;amp;amp;amp;lt;div style=&#8221;display:inline;&#8221;&amp;amp;amp;amp;amp;amp;amp;gt;&amp;amp;amp;amp;amp;amp;lt;br \/&amp;amp;amp;amp;amp;amp;gt;&amp;amp;amp;amp;amp;lt;br \/&amp;amp;amp;amp;amp;gt;&amp;amp;amp;amp;lt;br \/&amp;amp;amp;amp;gt;&amp;amp;amp;lt;br \/&amp;amp;amp;gt;&amp;amp;lt;br \/&amp;amp;gt;&amp;lt;br \/&amp;gt;&lt;br \/&gt;<br \/>\n&amp;amp;amp;amp;amp;amp;amp;lt;img height=&#8221;1&#8243; width=&#8221;1&#8243; style=&#8221;border-style:none;&#8221; alt=&#8221;&#8221; src=&#8221;\/\/www.googleadservices.com\/pagead\/conversion\/1059520812\/?value=1.000000&amp;amp;amp;amp;amp;amp;amp;amp;amp;label=A2gRCKSguwUQrIKc-QM&amp;amp;amp;amp;amp;amp;amp;amp;amp;guid=ON&amp;amp;amp;amp;amp;amp;amp;amp;amp;script=0&#8243;\/&amp;amp;amp;amp;amp;amp;amp;gt;&amp;amp;amp;amp;amp;amp;amp;lt;\/div&amp;amp;amp;amp;amp;amp;amp;gt;&amp;amp;amp;amp;amp;amp;lt;br \/&amp;amp;amp;amp;amp;amp;gt;&amp;amp;amp;amp;amp;lt;br \/&amp;amp;amp;amp;amp;gt;&amp;amp;amp;amp;lt;br \/&amp;amp;amp;amp;gt;&amp;amp;amp;lt;br \/&amp;amp;amp;gt;&amp;amp;lt;br \/&amp;amp;gt;&amp;lt;br \/&amp;gt;&lt;br \/&gt;<br \/>\n&amp;amp;amp;amp;amp;amp;amp;lt;p&amp;amp;amp;amp;amp;amp;amp;gt;<\/noscript><\/p>\n<p><!-- Google Code for Budapest jellap Conversion Page --><br \/>\n<script type=\"text\/javascript\">\/\/ <![CDATA[ var google_conversion_id = 983221705; var google_conversion_language = \"en\"; var google_conversion_format = \"3\"; var google_conversion_color = \"ffffff\"; var google_conversion_label = \"bL98CKf-xQYQyYvr1AM\"; var google_conversion_value = 1.00; var google_conversion_currency = \"HUF\"; var google_remarketing_only = false; \/\/ ]]><\/script><br \/>\n<script src=\"\/\/www.googleadservices.com\/pagead\/conversion.js\" type=\"text\/javascript\">\/\/ <![CDATA[ \/\/ ]]><\/script><br \/>\n<noscript>&amp;amp;amp;amp;amp;amp;amp;lt;\/p&amp;amp;amp;amp;amp;amp;amp;gt;&amp;amp;amp;amp;amp;amp;lt;br \/&amp;amp;amp;amp;amp;amp;gt;&amp;amp;amp;amp;amp;lt;br \/&amp;amp;amp;amp;amp;gt;&amp;amp;amp;amp;lt;br \/&amp;amp;amp;amp;gt;&amp;amp;amp;lt;br \/&amp;amp;amp;gt;&amp;amp;lt;br \/&amp;amp;gt;&amp;lt;br \/&amp;gt;&lt;br \/&gt;<br \/>\n&amp;amp;amp;amp;amp;amp;amp;lt;div style=&#8221;display:inline;&#8221;&amp;amp;amp;amp;amp;amp;amp;gt;&amp;amp;amp;amp;amp;amp;lt;br \/&amp;amp;amp;amp;amp;amp;gt;&amp;amp;amp;amp;amp;lt;br \/&amp;amp;amp;amp;amp;gt;&amp;amp;amp;amp;lt;br \/&amp;amp;amp;amp;gt;&amp;amp;amp;lt;br \/&amp;amp;amp;gt;&amp;amp;lt;br \/&amp;amp;gt;&amp;lt;br \/&amp;gt;&lt;br \/&gt;<br \/>\n&amp;amp;amp;amp;amp;amp;amp;lt;img height=&#8221;1&#8243; width=&#8221;1&#8243; style=&#8221;border-style:none;&#8221; alt=&#8221;&#8221; src=&#8221;\/\/www.googleadservices.com\/pagead\/conversion\/983221705\/?value=1.00&amp;amp;amp;amp;amp;amp;amp;amp;amp;currency_code=HUF&amp;amp;amp;amp;amp;amp;amp;amp;amp;label=bL98CKf-xQYQyYvr1AM&amp;amp;amp;amp;amp;amp;amp;amp;amp;guid=ON&amp;amp;amp;amp;amp;amp;amp;amp;amp;script=0&#8243;\/&amp;amp;amp;amp;amp;amp;amp;gt;&amp;amp;amp;amp;amp;amp;lt;br \/&amp;amp;amp;amp;amp;amp;gt;&amp;amp;amp;amp;amp;lt;br \/&amp;amp;amp;amp;amp;gt;&amp;amp;amp;amp;lt;br \/&amp;amp;amp;amp;gt;&amp;amp;amp;lt;br \/&amp;amp;amp;gt;&amp;amp;lt;br \/&amp;amp;gt;&amp;lt;br \/&amp;gt;&lt;br \/&gt;<br \/>\n&amp;amp;amp;amp;amp;amp;amp;lt;\/div&amp;amp;amp;amp;amp;amp;amp;gt;&amp;amp;amp;amp;amp;amp;lt;br \/&amp;amp;amp;amp;amp;amp;gt;&amp;amp;amp;amp;amp;lt;br \/&amp;amp;amp;amp;amp;gt;&amp;amp;amp;amp;lt;br \/&amp;amp;amp;amp;gt;&amp;amp;amp;lt;br \/&amp;amp;amp;gt;&amp;amp;lt;br \/&amp;amp;gt;&amp;lt;br \/&amp;gt;&lt;br \/&gt;<br \/>\n&amp;amp;amp;amp;amp;amp;amp;lt;p&amp;amp;amp;amp;amp;amp;amp;gt;<\/noscript><\/p>\n<p><!-- Event snippet for Budapest jellap conversion page --><br \/>\n<script>\n  gtag('event', 'conversion', {\n      'send_to': 'AW-983221705\/bL98CKf-xQYQyYvr1AM',\n      'value': 1.0,\n      'currency': 'HUF'\n  });\n<\/script><\/p>\n<p><!-- Facebook Pixel Code --><br \/>\n<script>\n!function(f,b,e,v,n,t,s)\n{if(f.fbq)return;n=f.fbq=function(){n.callMethod?\nn.callMethod.apply(n,arguments):n.queue.push(arguments)};\nif(!f._fbq)f._fbq=n;n.push=n;n.loaded=!0;n.version='2.0';\nn.queue=[];t=b.createElement(e);t.async=!0;\nt.src=v;s=b.getElementsByTagName(e)[0];\ns.parentNode.insertBefore(t,s)}(window, document,'script',\n'https:\/\/connect.facebook.net\/en_US\/fbevents.js');\nfbq('init', '1054383474574969');\nfbq('track', 'PageView');\n<\/script><br \/>\n<noscript><img loading=\"lazy\" decoding=\"async\" height=\"1\" width=\"1\" style=\"display:none\" src=\"https:\/\/www.facebook.com\/tr?id=1054383474574969&#038;ev=PageView&#038;noscript=1\" \/><\/noscript><br \/>\n<!-- End Facebook Pixel Code --><\/p>\n","protected":false},"excerpt":{"rendered":"<p>You have successfully completed your&nbsp;sign-up form! This is not a confirmation of your booking yet. What happens next? First you will receive an automatic email response, sent to the parents\u2019 email addresses provided by you on the sign-up form, which indicates that we have received your registration. However, this is not a booking confirmation yet!&#8230;<\/p>\n","protected":false},"author":3,"featured_media":0,"parent":0,"menu_order":0,"comment_status":"open","ping_status":"closed","template":"","meta":{"_acf_changed":false,"inline_featured_image":false,"ngg_post_thumbnail":0,"footnotes":"","_wp_rev_ctl_limit":""},"categories":[573],"class_list":["post-26241","page","type-page","status-publish","hentry","category-funside-budapest-en","editor-tinymce"],"acf":[],"yoast_head":"<!-- This site is optimized with the Yoast SEO plugin v27.4 - https:\/\/yoast.com\/product\/yoast-seo-wordpress\/ -->\n<title>Congratulations! &#8211; Funside ny\u00e1ri t\u00e1borok \u00e9s tanfolyamok<\/title>\n<meta name=\"robots\" content=\"index, follow, max-snippet:-1, max-image-preview:large, max-video-preview:-1\" \/>\n<link rel=\"canonical\" href=\"https:\/\/funside.hu\/en\/thank-you-budapest\/\" \/>\n<meta property=\"og:locale\" content=\"en_US\" \/>\n<meta property=\"og:type\" content=\"article\" \/>\n<meta property=\"og:title\" content=\"Congratulations! &#8211; Funside ny\u00e1ri t\u00e1borok \u00e9s tanfolyamok\" \/>\n<meta property=\"og:description\" content=\"You have successfully completed your&nbsp;sign-up form! This is not a confirmation of your booking yet. What happens next? First you will receive an automatic email response, sent to the parents\u2019 email addresses provided by you on the sign-up form, which indicates that we have received your registration. However, this is not a booking confirmation yet!...\" \/>\n<meta property=\"og:url\" content=\"https:\/\/funside.hu\/en\/thank-you-budapest\/\" \/>\n<meta property=\"og:site_name\" content=\"Funside ny\u00e1ri t\u00e1borok \u00e9s tanfolyamok\" \/>\n<meta property=\"article:publisher\" content=\"https:\/\/www.facebook.com\/funsidetabor\" \/>\n<meta property=\"article:modified_time\" content=\"2024-02-06T13:13:56+00:00\" \/>\n<meta property=\"og:image\" content=\"https:\/\/www.facebook.com\/tr?id=1054383474574969&ev=PageView&noscript=1\" \/>\n<meta name=\"twitter:card\" content=\"summary_large_image\" \/>\n<meta name=\"twitter:label1\" content=\"Est. reading time\" \/>\n\t<meta name=\"twitter:data1\" content=\"2 minutes\" \/>\n<script type=\"application\/ld+json\" class=\"yoast-schema-graph\">{\"@context\":\"https:\\\/\\\/schema.org\",\"@graph\":[{\"@type\":\"WebPage\",\"@id\":\"https:\\\/\\\/funside.hu\\\/en\\\/thank-you-budapest\\\/\",\"url\":\"https:\\\/\\\/funside.hu\\\/en\\\/thank-you-budapest\\\/\",\"name\":\"Congratulations! &#8211; Funside ny\u00e1ri t\u00e1borok \u00e9s tanfolyamok\",\"isPartOf\":{\"@id\":\"https:\\\/\\\/funside.hu\\\/en\\\/#website\"},\"primaryImageOfPage\":{\"@id\":\"https:\\\/\\\/funside.hu\\\/en\\\/thank-you-budapest\\\/#primaryimage\"},\"image\":{\"@id\":\"https:\\\/\\\/funside.hu\\\/en\\\/thank-you-budapest\\\/#primaryimage\"},\"thumbnailUrl\":\"https:\\\/\\\/www.facebook.com\\\/tr?id=1054383474574969&ev=PageView&noscript=1\",\"datePublished\":\"2013-02-21T13:07:43+00:00\",\"dateModified\":\"2024-02-06T13:13:56+00:00\",\"breadcrumb\":{\"@id\":\"https:\\\/\\\/funside.hu\\\/en\\\/thank-you-budapest\\\/#breadcrumb\"},\"inLanguage\":\"en-US\",\"potentialAction\":[{\"@type\":\"ReadAction\",\"target\":[\"https:\\\/\\\/funside.hu\\\/en\\\/thank-you-budapest\\\/\"]}]},{\"@type\":\"ImageObject\",\"inLanguage\":\"en-US\",\"@id\":\"https:\\\/\\\/funside.hu\\\/en\\\/thank-you-budapest\\\/#primaryimage\",\"url\":\"https:\\\/\\\/www.facebook.com\\\/tr?id=1054383474574969&ev=PageView&noscript=1\",\"contentUrl\":\"https:\\\/\\\/www.facebook.com\\\/tr?id=1054383474574969&ev=PageView&noscript=1\"},{\"@type\":\"BreadcrumbList\",\"@id\":\"https:\\\/\\\/funside.hu\\\/en\\\/thank-you-budapest\\\/#breadcrumb\",\"itemListElement\":[{\"@type\":\"ListItem\",\"position\":1,\"name\":\"Home\",\"item\":\"https:\\\/\\\/funside.hu\\\/en\\\/\"},{\"@type\":\"ListItem\",\"position\":2,\"name\":\"Congratulations!\"}]},{\"@type\":\"WebSite\",\"@id\":\"https:\\\/\\\/funside.hu\\\/en\\\/#website\",\"url\":\"https:\\\/\\\/funside.hu\\\/en\\\/\",\"name\":\"Funside ny\u00e1ri t\u00e1borok \u00e9s tanfolyamok\",\"description\":\"21. sz\u00e1zadi oktat\u00e1s gyerekeknek \u00e9s fiataloknak: Funside School tanfolyamok \u00e9s Funside nemzetk\u00f6zi ny\u00e1ri t\u00e1borok.\",\"publisher\":{\"@id\":\"https:\\\/\\\/funside.hu\\\/en\\\/#organization\"},\"potentialAction\":[{\"@type\":\"SearchAction\",\"target\":{\"@type\":\"EntryPoint\",\"urlTemplate\":\"https:\\\/\\\/funside.hu\\\/en\\\/?s={search_term_string}\"},\"query-input\":{\"@type\":\"PropertyValueSpecification\",\"valueRequired\":true,\"valueName\":\"search_term_string\"}}],\"inLanguage\":\"en-US\"},{\"@type\":\"Organization\",\"@id\":\"https:\\\/\\\/funside.hu\\\/en\\\/#organization\",\"name\":\"Funside\",\"url\":\"https:\\\/\\\/funside.hu\\\/en\\\/\",\"logo\":{\"@type\":\"ImageObject\",\"inLanguage\":\"en-US\",\"@id\":\"https:\\\/\\\/funside.hu\\\/en\\\/#\\\/schema\\\/logo\\\/image\\\/\",\"url\":\"https:\\\/\\\/funside.hu\\\/wp-content\\\/uploads\\\/2020\\\/12\\\/main_logo.png\",\"contentUrl\":\"https:\\\/\\\/funside.hu\\\/wp-content\\\/uploads\\\/2020\\\/12\\\/main_logo.png\",\"width\":119,\"height\":156,\"caption\":\"Funside\"},\"image\":{\"@id\":\"https:\\\/\\\/funside.hu\\\/en\\\/#\\\/schema\\\/logo\\\/image\\\/\"},\"sameAs\":[\"https:\\\/\\\/www.facebook.com\\\/funsidetabor\",\"https:\\\/\\\/www.instagram.com\\\/funside\\\/\",\"https:\\\/\\\/www.linkedin.com\\\/company\\\/10425232\\\/\",\"https:\\\/\\\/www.youtube.com\\\/user\\\/funsidetabor\",\"https:\\\/\\\/www.tiktok.com\\\/@funsidecamp\"]}]}<\/script>\n<!-- \/ Yoast SEO plugin. -->","yoast_head_json":{"title":"Congratulations! &#8211; Funside ny\u00e1ri t\u00e1borok \u00e9s tanfolyamok","robots":{"index":"index","follow":"follow","max-snippet":"max-snippet:-1","max-image-preview":"max-image-preview:large","max-video-preview":"max-video-preview:-1"},"canonical":"https:\/\/funside.hu\/en\/thank-you-budapest\/","og_locale":"en_US","og_type":"article","og_title":"Congratulations! &#8211; Funside ny\u00e1ri t\u00e1borok \u00e9s tanfolyamok","og_description":"You have successfully completed your&nbsp;sign-up form! This is not a confirmation of your booking yet. What happens next? First you will receive an automatic email response, sent to the parents\u2019 email addresses provided by you on the sign-up form, which indicates that we have received your registration. However, this is not a booking confirmation yet!...","og_url":"https:\/\/funside.hu\/en\/thank-you-budapest\/","og_site_name":"Funside ny\u00e1ri t\u00e1borok \u00e9s tanfolyamok","article_publisher":"https:\/\/www.facebook.com\/funsidetabor","article_modified_time":"2024-02-06T13:13:56+00:00","og_image":[{"url":"https:\/\/www.facebook.com\/tr?id=1054383474574969&ev=PageView&noscript=1","type":"","width":"","height":""}],"twitter_card":"summary_large_image","twitter_misc":{"Est. reading time":"2 minutes"},"schema":{"@context":"https:\/\/schema.org","@graph":[{"@type":"WebPage","@id":"https:\/\/funside.hu\/en\/thank-you-budapest\/","url":"https:\/\/funside.hu\/en\/thank-you-budapest\/","name":"Congratulations! &#8211; Funside ny\u00e1ri t\u00e1borok \u00e9s tanfolyamok","isPartOf":{"@id":"https:\/\/funside.hu\/en\/#website"},"primaryImageOfPage":{"@id":"https:\/\/funside.hu\/en\/thank-you-budapest\/#primaryimage"},"image":{"@id":"https:\/\/funside.hu\/en\/thank-you-budapest\/#primaryimage"},"thumbnailUrl":"https:\/\/www.facebook.com\/tr?id=1054383474574969&ev=PageView&noscript=1","datePublished":"2013-02-21T13:07:43+00:00","dateModified":"2024-02-06T13:13:56+00:00","breadcrumb":{"@id":"https:\/\/funside.hu\/en\/thank-you-budapest\/#breadcrumb"},"inLanguage":"en-US","potentialAction":[{"@type":"ReadAction","target":["https:\/\/funside.hu\/en\/thank-you-budapest\/"]}]},{"@type":"ImageObject","inLanguage":"en-US","@id":"https:\/\/funside.hu\/en\/thank-you-budapest\/#primaryimage","url":"https:\/\/www.facebook.com\/tr?id=1054383474574969&ev=PageView&noscript=1","contentUrl":"https:\/\/www.facebook.com\/tr?id=1054383474574969&ev=PageView&noscript=1"},{"@type":"BreadcrumbList","@id":"https:\/\/funside.hu\/en\/thank-you-budapest\/#breadcrumb","itemListElement":[{"@type":"ListItem","position":1,"name":"Home","item":"https:\/\/funside.hu\/en\/"},{"@type":"ListItem","position":2,"name":"Congratulations!"}]},{"@type":"WebSite","@id":"https:\/\/funside.hu\/en\/#website","url":"https:\/\/funside.hu\/en\/","name":"Funside ny\u00e1ri t\u00e1borok \u00e9s tanfolyamok","description":"21. sz\u00e1zadi oktat\u00e1s gyerekeknek \u00e9s fiataloknak: Funside School tanfolyamok \u00e9s Funside nemzetk\u00f6zi ny\u00e1ri t\u00e1borok.","publisher":{"@id":"https:\/\/funside.hu\/en\/#organization"},"potentialAction":[{"@type":"SearchAction","target":{"@type":"EntryPoint","urlTemplate":"https:\/\/funside.hu\/en\/?s={search_term_string}"},"query-input":{"@type":"PropertyValueSpecification","valueRequired":true,"valueName":"search_term_string"}}],"inLanguage":"en-US"},{"@type":"Organization","@id":"https:\/\/funside.hu\/en\/#organization","name":"Funside","url":"https:\/\/funside.hu\/en\/","logo":{"@type":"ImageObject","inLanguage":"en-US","@id":"https:\/\/funside.hu\/en\/#\/schema\/logo\/image\/","url":"https:\/\/funside.hu\/wp-content\/uploads\/2020\/12\/main_logo.png","contentUrl":"https:\/\/funside.hu\/wp-content\/uploads\/2020\/12\/main_logo.png","width":119,"height":156,"caption":"Funside"},"image":{"@id":"https:\/\/funside.hu\/en\/#\/schema\/logo\/image\/"},"sameAs":["https:\/\/www.facebook.com\/funsidetabor","https:\/\/www.instagram.com\/funside\/","https:\/\/www.linkedin.com\/company\/10425232\/","https:\/\/www.youtube.com\/user\/funsidetabor","https:\/\/www.tiktok.com\/@funsidecamp"]}]}},"_links":{"self":[{"href":"https:\/\/funside.hu\/en\/wp-json\/wp\/v2\/pages\/26241","targetHints":{"allow":["GET"]}}],"collection":[{"href":"https:\/\/funside.hu\/en\/wp-json\/wp\/v2\/pages"}],"about":[{"href":"https:\/\/funside.hu\/en\/wp-json\/wp\/v2\/types\/page"}],"author":[{"embeddable":true,"href":"https:\/\/funside.hu\/en\/wp-json\/wp\/v2\/users\/3"}],"replies":[{"embeddable":true,"href":"https:\/\/funside.hu\/en\/wp-json\/wp\/v2\/comments?post=26241"}],"version-history":[{"count":4,"href":"https:\/\/funside.hu\/en\/wp-json\/wp\/v2\/pages\/26241\/revisions"}],"predecessor-version":[{"id":76378,"href":"https:\/\/funside.hu\/en\/wp-json\/wp\/v2\/pages\/26241\/revisions\/76378"}],"wp:attachment":[{"href":"https:\/\/funside.hu\/en\/wp-json\/wp\/v2\/media?parent=26241"}],"wp:term":[{"taxonomy":"category","embeddable":true,"href":"https:\/\/funside.hu\/en\/wp-json\/wp\/v2\/categories?post=26241"}],"curies":[{"name":"wp","href":"https:\/\/api.w.org\/{rel}","templated":true}]}}