{"id":26219,"date":"2013-01-28T20:41:30","date_gmt":"2013-01-28T19:41:30","guid":{"rendered":"https:\/\/funside.hu\/camp-combinations\/"},"modified":"2025-02-25T15:19:25","modified_gmt":"2025-02-25T14:19:25","slug":"class-combinations-balaton","status":"publish","type":"page","link":"https:\/\/funside.hu\/en\/class-combinations-balaton\/","title":{"rendered":"Class combinations"},"content":{"rendered":"<h2>We have two 110-minute classes Monday to Friday at all our Funside Balaton camps. You may choose the same subject for all classes or you can choose a combination.<\/h2>\n<h3>This is how it works:<\/h3>\n<p>Just pick any two classes from the list, for instance English and Windsurfing. In this case you will have one 110-minute class of English each morning, followed by a 110-minute class of Windsurfing. It\u2019s as simple as that!<\/p>\n<div class=\"process process4es\">\n<ul>\n<li>\n<h3>1. Choose your first class<\/h3>\n<p>English, Hungarian, Sports, American Sports, Tennis, Dance, Windsurfing and more<\/li>\n<li>\n<h3>2. Choose your second class<\/h3>\n<p>English, Hungarian, Sports, American Sports, Tennis, Dance, Windsurfing and more<\/li>\n<li>\n<h3>3. We add exciting activities for the afternoons and evenings<\/h3>\n<\/li>\n<li>\n<h3>Your personalised summer camp experience is ready!<\/h3>\n<\/li>\n<\/ul>\n<\/div>\n<p>&nbsp;<\/p>\n<h3>Long camps<\/h3>\n<p>If you join us for a \u2018long camp\u2019 (two weeks), you can choose up to four subjects! Or you can choose the same subject all the way through (approx. 40 hours over two weeks), it&#8217;s completely up to you.<\/p>\n<h3><strong>Exceptions<\/strong><\/h3>\n<ul>\n<li><strong>In 2025, all camps can be combined with other camps <\/strong>(i.e. any class can be chosen for one time slot a day, combined with another class for the other 110-minute time period).<\/li>\n<li>The following classes can be chosen for&nbsp;<strong>both time periods <\/strong>(i.e. for 4 hours a day, without a combination, which means new material for each time period):&nbsp;<strong>English, Native English, Sports, Art <\/strong>and <strong>Dance<\/strong>.<\/li>\n<li><strong>Special, non-age-related exceptions:<\/strong>&nbsp;\n<ul>\n<li>some language classes (due to different levels)<\/li>\n<li><strong>SUP<\/strong>&nbsp;cannot be combined with&nbsp;<strong>Windsurfing<\/strong><\/li>\n<li><strong>Mindfulness in English <\/strong>cannot be combined with <b>Music Production in English<\/b> (due to dates)<\/li>\n<li><strong>Photography <\/strong>cannot be combined with <b>Music Production in English <\/b>(due to dates)<\/li>\n<li><strong>AI Skills in English<\/strong> cannot be combined with <strong>Arduino Engineer<\/strong>&nbsp;(due to same dates)<\/li>\n<li><strong>Photography<\/strong> cannot be combined with <b><strong>Water Sports<\/strong><\/b>, <strong>VR Programming<\/strong> and <strong>Mindfulness in English <\/strong>(due to same dates)<\/li>\n<li><b>Music Production in English<\/b> cannot be combined with <b><strong>Water Sports <\/strong><\/b>and <strong>VR Programming<\/strong> (due to same dates)<\/li>\n<li><b><strong>Water Sports<\/strong><\/b> cannot be combined with <strong>Photography<\/strong>, <strong>Mindfulness in English<\/strong>, <b>Music Production in English<\/b> and <strong>VR Programming<\/strong> (due to same dates)<\/li>\n<li><strong>Mindfulness in English <\/strong>cannot be combined with <strong>Photography, <b>Water Sports<\/b><\/strong> and <strong>VR Programming <\/strong>(due to same dates)<\/li>\n<li><strong>VR Programming<\/strong> cannot be combined with <strong>Photography<\/strong>, <strong>Mindfulness in English<\/strong>, <strong><b>Water Sports<\/b><\/strong> and <b>Music Production in English<\/b> (due to same dates)<\/li>\n<\/ul>\n<\/li>\n<li>The following class is only available in Hungarian: <strong>Photography.<\/strong><\/li>\n<\/ul>\n<div class=\"nagygomb\">\n<ul>\n<li><a href=\"https:\/\/funside.hu\/en\/camps-and-activities-balaton\/\" target=\"_blank\" rel=\"noopener noreferrer\">Our camps<\/a><\/li>\n<li><a href=\"https:\/\/funside.hu\/en\/registration-form-for-balaton-camp\/\">Sign up<\/a><\/li>\n<\/ul>\n<\/div>\n","protected":false},"excerpt":{"rendered":"<p>We have two 110-minute classes Monday to Friday at all our Funside Balaton camps. You may choose the same subject for all classes or you can choose a combination. This is how it works: Just pick any two classes from the list, for instance English and Windsurfing. In this case you will have one 110-minute&#8230;<\/p>\n","protected":false},"author":1,"featured_media":0,"parent":0,"menu_order":0,"comment_status":"open","ping_status":"closed","template":"","meta":{"_acf_changed":false,"inline_featured_image":false,"ngg_post_thumbnail":0,"footnotes":"","_wp_rev_ctl_limit":""},"categories":[578],"class_list":["post-26219","page","type-page","status-publish","hentry","category-funside-balaton-en","editor-tinymce"],"acf":[],"yoast_head":"<!-- This site is optimized with the Yoast SEO plugin v27.4 - https:\/\/yoast.com\/product\/yoast-seo-wordpress\/ -->\n<title>Class combinations &#8211; Funside ny\u00e1ri t\u00e1borok \u00e9s tanfolyamok<\/title>\n<meta name=\"robots\" content=\"index, follow, max-snippet:-1, max-image-preview:large, max-video-preview:-1\" \/>\n<link rel=\"canonical\" href=\"https:\/\/funside.hu\/en\/class-combinations-balaton\/\" \/>\n<meta property=\"og:locale\" content=\"en_US\" \/>\n<meta property=\"og:type\" content=\"article\" \/>\n<meta property=\"og:title\" content=\"Class combinations &#8211; Funside ny\u00e1ri t\u00e1borok \u00e9s tanfolyamok\" \/>\n<meta property=\"og:description\" content=\"We have two 110-minute classes Monday to Friday at all our Funside Balaton camps. You may choose the same subject for all classes or you can choose a combination. This is how it works: Just pick any two classes from the list, for instance English and Windsurfing. In this case you will have one 110-minute...\" \/>\n<meta property=\"og:url\" content=\"https:\/\/funside.hu\/en\/class-combinations-balaton\/\" \/>\n<meta property=\"og:site_name\" content=\"Funside ny\u00e1ri t\u00e1borok \u00e9s tanfolyamok\" \/>\n<meta property=\"article:publisher\" content=\"https:\/\/www.facebook.com\/funsidetabor\" \/>\n<meta property=\"article:modified_time\" content=\"2025-02-25T14:19:25+00:00\" \/>\n<meta property=\"og:image\" content=\"https:\/\/funside.hu\/wp-content\/uploads\/2020\/12\/funside_logo_facebookhoz.jpg\" \/>\n\t<meta property=\"og:image:width\" content=\"300\" \/>\n\t<meta property=\"og:image:height\" content=\"300\" \/>\n\t<meta property=\"og:image:type\" content=\"image\/jpeg\" \/>\n<meta name=\"twitter:card\" content=\"summary_large_image\" \/>\n<meta name=\"twitter:label1\" content=\"Est. reading time\" \/>\n\t<meta name=\"twitter:data1\" content=\"3 minutes\" \/>\n<script type=\"application\/ld+json\" class=\"yoast-schema-graph\">{\"@context\":\"https:\\\/\\\/schema.org\",\"@graph\":[{\"@type\":\"WebPage\",\"@id\":\"https:\\\/\\\/funside.hu\\\/en\\\/class-combinations-balaton\\\/\",\"url\":\"https:\\\/\\\/funside.hu\\\/en\\\/class-combinations-balaton\\\/\",\"name\":\"Class combinations &#8211; Funside ny\u00e1ri t\u00e1borok \u00e9s tanfolyamok\",\"isPartOf\":{\"@id\":\"https:\\\/\\\/funside.hu\\\/en\\\/#website\"},\"datePublished\":\"2013-01-28T19:41:30+00:00\",\"dateModified\":\"2025-02-25T14:19:25+00:00\",\"breadcrumb\":{\"@id\":\"https:\\\/\\\/funside.hu\\\/en\\\/class-combinations-balaton\\\/#breadcrumb\"},\"inLanguage\":\"en-US\",\"potentialAction\":[{\"@type\":\"ReadAction\",\"target\":[\"https:\\\/\\\/funside.hu\\\/en\\\/class-combinations-balaton\\\/\"]}]},{\"@type\":\"BreadcrumbList\",\"@id\":\"https:\\\/\\\/funside.hu\\\/en\\\/class-combinations-balaton\\\/#breadcrumb\",\"itemListElement\":[{\"@type\":\"ListItem\",\"position\":1,\"name\":\"Home\",\"item\":\"https:\\\/\\\/funside.hu\\\/en\\\/\"},{\"@type\":\"ListItem\",\"position\":2,\"name\":\"Class combinations\"}]},{\"@type\":\"WebSite\",\"@id\":\"https:\\\/\\\/funside.hu\\\/en\\\/#website\",\"url\":\"https:\\\/\\\/funside.hu\\\/en\\\/\",\"name\":\"Funside ny\u00e1ri t\u00e1borok \u00e9s tanfolyamok\",\"description\":\"21. sz\u00e1zadi oktat\u00e1s gyerekeknek \u00e9s fiataloknak: Funside School tanfolyamok \u00e9s Funside nemzetk\u00f6zi ny\u00e1ri t\u00e1borok.\",\"publisher\":{\"@id\":\"https:\\\/\\\/funside.hu\\\/en\\\/#organization\"},\"potentialAction\":[{\"@type\":\"SearchAction\",\"target\":{\"@type\":\"EntryPoint\",\"urlTemplate\":\"https:\\\/\\\/funside.hu\\\/en\\\/?s={search_term_string}\"},\"query-input\":{\"@type\":\"PropertyValueSpecification\",\"valueRequired\":true,\"valueName\":\"search_term_string\"}}],\"inLanguage\":\"en-US\"},{\"@type\":\"Organization\",\"@id\":\"https:\\\/\\\/funside.hu\\\/en\\\/#organization\",\"name\":\"Funside\",\"url\":\"https:\\\/\\\/funside.hu\\\/en\\\/\",\"logo\":{\"@type\":\"ImageObject\",\"inLanguage\":\"en-US\",\"@id\":\"https:\\\/\\\/funside.hu\\\/en\\\/#\\\/schema\\\/logo\\\/image\\\/\",\"url\":\"https:\\\/\\\/funside.hu\\\/wp-content\\\/uploads\\\/2020\\\/12\\\/main_logo.png\",\"contentUrl\":\"https:\\\/\\\/funside.hu\\\/wp-content\\\/uploads\\\/2020\\\/12\\\/main_logo.png\",\"width\":119,\"height\":156,\"caption\":\"Funside\"},\"image\":{\"@id\":\"https:\\\/\\\/funside.hu\\\/en\\\/#\\\/schema\\\/logo\\\/image\\\/\"},\"sameAs\":[\"https:\\\/\\\/www.facebook.com\\\/funsidetabor\",\"https:\\\/\\\/www.instagram.com\\\/funside\\\/\",\"https:\\\/\\\/www.linkedin.com\\\/company\\\/10425232\\\/\",\"https:\\\/\\\/www.youtube.com\\\/user\\\/funsidetabor\",\"https:\\\/\\\/www.tiktok.com\\\/@funsidecamp\"]}]}<\/script>\n<!-- \/ Yoast SEO plugin. -->","yoast_head_json":{"title":"Class combinations &#8211; Funside ny\u00e1ri t\u00e1borok \u00e9s tanfolyamok","robots":{"index":"index","follow":"follow","max-snippet":"max-snippet:-1","max-image-preview":"max-image-preview:large","max-video-preview":"max-video-preview:-1"},"canonical":"https:\/\/funside.hu\/en\/class-combinations-balaton\/","og_locale":"en_US","og_type":"article","og_title":"Class combinations &#8211; Funside ny\u00e1ri t\u00e1borok \u00e9s tanfolyamok","og_description":"We have two 110-minute classes Monday to Friday at all our Funside Balaton camps. You may choose the same subject for all classes or you can choose a combination. This is how it works: Just pick any two classes from the list, for instance English and Windsurfing. In this case you will have one 110-minute...","og_url":"https:\/\/funside.hu\/en\/class-combinations-balaton\/","og_site_name":"Funside ny\u00e1ri t\u00e1borok \u00e9s tanfolyamok","article_publisher":"https:\/\/www.facebook.com\/funsidetabor","article_modified_time":"2025-02-25T14:19:25+00:00","og_image":[{"width":300,"height":300,"url":"https:\/\/funside.hu\/wp-content\/uploads\/2020\/12\/funside_logo_facebookhoz.jpg","type":"image\/jpeg"}],"twitter_card":"summary_large_image","twitter_misc":{"Est. reading time":"3 minutes"},"schema":{"@context":"https:\/\/schema.org","@graph":[{"@type":"WebPage","@id":"https:\/\/funside.hu\/en\/class-combinations-balaton\/","url":"https:\/\/funside.hu\/en\/class-combinations-balaton\/","name":"Class combinations &#8211; Funside ny\u00e1ri t\u00e1borok \u00e9s tanfolyamok","isPartOf":{"@id":"https:\/\/funside.hu\/en\/#website"},"datePublished":"2013-01-28T19:41:30+00:00","dateModified":"2025-02-25T14:19:25+00:00","breadcrumb":{"@id":"https:\/\/funside.hu\/en\/class-combinations-balaton\/#breadcrumb"},"inLanguage":"en-US","potentialAction":[{"@type":"ReadAction","target":["https:\/\/funside.hu\/en\/class-combinations-balaton\/"]}]},{"@type":"BreadcrumbList","@id":"https:\/\/funside.hu\/en\/class-combinations-balaton\/#breadcrumb","itemListElement":[{"@type":"ListItem","position":1,"name":"Home","item":"https:\/\/funside.hu\/en\/"},{"@type":"ListItem","position":2,"name":"Class combinations"}]},{"@type":"WebSite","@id":"https:\/\/funside.hu\/en\/#website","url":"https:\/\/funside.hu\/en\/","name":"Funside ny\u00e1ri t\u00e1borok \u00e9s tanfolyamok","description":"21. sz\u00e1zadi oktat\u00e1s gyerekeknek \u00e9s fiataloknak: Funside School tanfolyamok \u00e9s Funside nemzetk\u00f6zi ny\u00e1ri t\u00e1borok.","publisher":{"@id":"https:\/\/funside.hu\/en\/#organization"},"potentialAction":[{"@type":"SearchAction","target":{"@type":"EntryPoint","urlTemplate":"https:\/\/funside.hu\/en\/?s={search_term_string}"},"query-input":{"@type":"PropertyValueSpecification","valueRequired":true,"valueName":"search_term_string"}}],"inLanguage":"en-US"},{"@type":"Organization","@id":"https:\/\/funside.hu\/en\/#organization","name":"Funside","url":"https:\/\/funside.hu\/en\/","logo":{"@type":"ImageObject","inLanguage":"en-US","@id":"https:\/\/funside.hu\/en\/#\/schema\/logo\/image\/","url":"https:\/\/funside.hu\/wp-content\/uploads\/2020\/12\/main_logo.png","contentUrl":"https:\/\/funside.hu\/wp-content\/uploads\/2020\/12\/main_logo.png","width":119,"height":156,"caption":"Funside"},"image":{"@id":"https:\/\/funside.hu\/en\/#\/schema\/logo\/image\/"},"sameAs":["https:\/\/www.facebook.com\/funsidetabor","https:\/\/www.instagram.com\/funside\/","https:\/\/www.linkedin.com\/company\/10425232\/","https:\/\/www.youtube.com\/user\/funsidetabor","https:\/\/www.tiktok.com\/@funsidecamp"]}]}},"_links":{"self":[{"href":"https:\/\/funside.hu\/en\/wp-json\/wp\/v2\/pages\/26219","targetHints":{"allow":["GET"]}}],"collection":[{"href":"https:\/\/funside.hu\/en\/wp-json\/wp\/v2\/pages"}],"about":[{"href":"https:\/\/funside.hu\/en\/wp-json\/wp\/v2\/types\/page"}],"author":[{"embeddable":true,"href":"https:\/\/funside.hu\/en\/wp-json\/wp\/v2\/users\/1"}],"replies":[{"embeddable":true,"href":"https:\/\/funside.hu\/en\/wp-json\/wp\/v2\/comments?post=26219"}],"version-history":[{"count":6,"href":"https:\/\/funside.hu\/en\/wp-json\/wp\/v2\/pages\/26219\/revisions"}],"predecessor-version":[{"id":84470,"href":"https:\/\/funside.hu\/en\/wp-json\/wp\/v2\/pages\/26219\/revisions\/84470"}],"wp:attachment":[{"href":"https:\/\/funside.hu\/en\/wp-json\/wp\/v2\/media?parent=26219"}],"wp:term":[{"taxonomy":"category","embeddable":true,"href":"https:\/\/funside.hu\/en\/wp-json\/wp\/v2\/categories?post=26219"}],"curies":[{"name":"wp","href":"https:\/\/api.w.org\/{rel}","templated":true}]}}