{"id":26181,"date":"2013-01-14T15:23:04","date_gmt":"2013-01-14T14:23:04","guid":{"rendered":"https:\/\/funside.hu\/registration-form-for-balaton-camp\/"},"modified":"2026-02-19T15:44:12","modified_gmt":"2026-02-19T14:44:12","slug":"registration-form-for-balaton-camp","status":"publish","type":"page","link":"https:\/\/funside.hu\/en\/registration-form-for-balaton-camp\/","title":{"rendered":"Funside Balaton registration"},"content":{"rendered":"\n\n<script> \n \n \tjQuery(document).ready(function () {\n\t\tjQuery( \"#accordion259659\" ).accordion({ \n      heightStyle: \"content\", \n\t  collapsible: true, \n\t\ticons: false,\n      \n    }); \n  } ); \n  <\/script> \n\n \n\t\t<script> \n  jQuery( function() { \n    jQuery( \"#accordion259659\" ).accordion({ \n        active: false\n    }); \n  } ); \n  <\/script> \n\t \n<div class=\"lefty\"> \n\t<div id=\"accordion259659\" class=\"lenyilo\"> \n\t \n\t\t \n\t\t\t<h3><span>Online registration\u00a0process<\/span><\/h3> \n\t\t\t \n\t\t\t<div class=\"lefty\"><p>The sign-up process started on<strong> Wednesday, February 18 at midday<\/strong>.<\/p>\n<p><strong>Please note<\/strong>: this year, individual campers will be able choose from 4 sessions &#8211; unlike in previous years &#8211; so <strong>places are expected to fill up even faster than usual!<\/strong> For this reason, we strongly recommend completing the online registration form right when registration opens, as you normally would. Payment of the session fees can be completed at a later date (you can read more <a href=\"https:\/\/funside.hu\/en\/pricing-balaton\/\" target=\"_blank\" rel=\"noopener\">here<\/a> about our \u201csign up now, pay later\u201d option and our installment payment option).&nbsp;<\/p>\n<p>Places are available in <strong>limited numbers<\/strong> (Funside Balaton is fully sold out every year), the registration process ends when all places for a given session are filled up. When a session (week) or class type is full, a <strong>waiting list<\/strong> is opened.<\/p>\n<p>The first hour of registration typically receives at least 500-600 signp-ups, so some classes fill up quickly. Typically, classes that fill up first are those that are small in number (e.g. DJ) or have limited space (e.g. Cooking, Tennis), but our campers&#8217; interest evolves from year to year, so this may change this year!<\/p>\n<p><strong>To complete the registration form, we recommend that you prepare the following in advance:<\/strong><\/p>\n<ul>\n<li>the camper&#8217;s personal details (including health insurance number or insurance alternatives)<\/li>\n<li>parents&#8217; contact details<\/li>\n<li>billing address<\/li>\n<li><a href=\"https:\/\/funside.hu\/en\/dates-2\/\" target=\"_blank\" rel=\"noopener\">chosen week(s)<\/a> and <a href=\"https:\/\/funside.hu\/en\/camps-and-activities-balaton\/\" target=\"_blank\" rel=\"noopener\">classes<\/a>* (<strong>please note<\/strong>: it&#8217;s best to prepare an extra choice of class in case your first or second choice is already sold out by the time you sign up)<\/li>\n<li><a href=\"https:\/\/funside.hu\/en\/meals-and-special-diets\/#spec\" target=\"_blank\" rel=\"noopener\">chosen menu<\/a><\/li>\n<li><a href=\"https:\/\/funside.hu\/en\/travel\/\" target=\"_blank\" rel=\"noopener\">means of travel<\/a><\/li>\n<li>camper&#8217;s T-shirt size<\/li>\n<li>as well as the <strong>full names<\/strong> of preferred roommates (if available)**<\/li>\n<li>choice of cancellation guarantee (yes\/no)<\/li>\n<\/ul>\n<p>*<strong>Classes<\/strong>: when choosing your classes on the sign-up form, the order of the choices (within the same week) will not affect the actual order of your classes (e.g. if you would like to pick a combination of English and Tennis, it doesn&#8217;t matter if you select English first or Tennis first, it will not affect the final order of your camp timetable).<\/p>\n<p>**<strong>Room allocation conditions<\/strong>: we assign children to different rooms based on their age and gender. In practice, this means that in one room, there can only be either boys or girls with no more than 2 years of difference in age (e.g. 10 to 12). If your child wants to be in the same room with a specific someone or a group of people (siblings, relatives, friends), please specify that in the registration form and we will try our best to make it happen. <span style=\"text-decoration: underline;\">Please note<\/span>: our largest rooms accomodate up to 6 campers, so there is no need to list more than five names. If more people want to be in the same room than there are beds in that room (3 to 6 beds in each room), our system will prioritise mutual matches (i.e. those who have mutually mentioned each other will have priority). What we cannot accommodate: matches that do not meet the above criteria (e.g. too much age difference within a room) and Double Group wishes (impacting the room assignment of other groups).<\/p>\n\t\t<\/div> \n\t\t\t \n\t\t \n\t\t\t<h3><span>Confirmation and camp fees<\/span><\/h3> \n\t\t\t \n\t\t\t<div class=\"lefty\"><p>Once we have received your online registration form, our system will send you an automatic confirmation email, and <strong>within the next few days<\/strong>, after the application has been processed, an email confirmation will be sent to the parents\u2019 email addresses provided on the sign-up form (each sign-up form is personally checked by our team). The confirmation email will also include all necessary information regarding the methods of payment.<\/p>\n<p>Depending on the date of application, if you chose one amount payment, it must be made <strong>within 21 days<\/strong> of application confirmation by 10 June; for applications submitted after 10 June, payment must be made <strong>within 14 days<\/strong> of application confirmation. Exception: if the application is made less than 2 weeks before the start of the week, the payment deadline is reduced to <strong>3 days<\/strong>.<\/p>\n<p>Installment payments are also available free of charge with bank card: if you choose to pay in <strong>2, 3 or 4 monthly installments<\/strong>, the payment must be made <strong>within 21 days<\/strong> of the issue of the monthly pro forma invoice (2, 3 or 4 pcs) according to the installment you chose.&nbsp;<\/p>\n<p>You can select a 4-month installment plan for applications submitted by <strong>31 March 2026<\/strong>, a 3-month plan for those submitted by <strong>30 April 2026<\/strong>, and a 2-month plan for those submitted by <strong>10 June 2026<\/strong>. After 10 June 2026, only a single payment will be possible for the 2026 summer season. Further details will be sent in the confirmation email and included on the pro forma invoice form(s).<\/p>\n<p>You can pay the camp fee by <strong>bank transfer<\/strong> in <strong>HUF<\/strong> or <strong>Euro<\/strong>, by <strong>direct cash payment to our bank account<\/strong>, <strong>credit\/debit card<\/strong> (only in one amount) and\/or by <strong>SZ\u00c9P card<\/strong> (OTP SZ\u00c9P card, K&amp;H SZ\u00c9P card, MBH SZ\u00c9P card).<\/p>\n\t\t<\/div> \n\t\t\t \n\t\t \n\t\t\t<h3><span>General Terms and Conditions, Camp Policy (Rules), Privacy Policy<\/span><\/h3> \n\t\t\t \n\t\t\t<div class=\"lefty\"><p>When signing up, you must accept our <strong>Camp Policy (Rules)<\/strong>, as well as the <strong>General Terms and Conditions<\/strong>, a copy of which must also be signed on the first day of camp by the parent or contact person. <strong>The General Terms and Conditions <\/strong><a href=\"https:\/\/funside.hu\/en\/parental-disclaimer-agreement-balaton\/\" target=\"_blank\" rel=\"noopener\">can be read here<\/a>. <strong>The Camp Policy<\/strong> <a href=\"https:\/\/funside.hu\/en\/camp-policy-balaton\/\" target=\"_blank\" rel=\"noopener\">can be read here<\/a>. Our <strong>Privacy Policy<\/strong> <a href=\"https:\/\/funside.hu\/en\/funside-privacy-statement-applications-newsletters\/\" target=\"_blank\" rel=\"noopener\">can be read here<\/a>.<\/p>\n\t\t<\/div> \n\t\t\t \n\t\t \n\t\t\t<h3><span>Cancellation Policy<\/span><\/h3> \n\t\t\t \n\t\t\t<div class=\"lefty\"><p><strong>Summary: if the cancellation occurs at least two weeks before the session start, a 95% refund of the camp fee is available<\/strong> (with a 5% administrative fee deducted from the total camp fee). <strong>After this point, the cancellation is considered late, and the refund amount is determined on a sliding scale based on the timing of the cancellation.<\/strong> However, even in such cases, a 95% refund is possible if a new camper takes over the spot.<\/p>\n<p><a href=\"https:\/\/funside.hu\/en\/cancellation-guarantee\/#cancellation\" target=\"_blank\" rel=\"noopener\"><strong>Detailed conditions<\/strong><\/a><\/p>\n\t\t<\/div> \n\t\t\t \n\t\t \n\t\t\t<h3><span>Cancellation Guarantee<\/span><\/h3> \n\t\t\t \n\t\t\t<div class=\"lefty\"><p><strong>Summary: the cancellation guarantee provides more favourable conditions in case of a late cancellation than the traditional cancellation conditions that have been in place for years.<\/strong> In case of cancellation in the days before the camp session, for example, <strong>instead of a partial refund of the camp fee,<\/strong> it offers other options, such as choosing another session or using the camp fee for a later session (the conditions depend on the time of cancellation, the detailed conditions <a href=\"https:\/\/funside.hu\/en\/cancellation-guarantee\/\" target=\"_blank\" rel=\"noopener\">can be read here<\/a>).<\/p>\n<p>The cancellation guarantee costs <strong>EUR 25 \/ person \/ session<\/strong> and can be requested at the time of sign-up.<\/p>\n<p><a href=\"https:\/\/funside.hu\/en\/cancellation-guarantee\/\" target=\"_blank\" rel=\"noopener\"><strong>Detailed conditions<\/strong><\/a><\/p>\n\t\t<\/div> \n\t\t\t \n\t\t \n\t \n\t<\/div> \n<\/div>\n<p>&nbsp;<\/p>\n<h2 style=\"text-align: left;\">Funside Balaton registration 2026<\/h2>\n<p><script type=\"text\/javascript\">\n                            jQuery(document).ready(function ($) {\n                                $.get('https:\/\/crm.funside.hu\/signup\/formEN?campId=1', function (response) { $('#signupdiv').html(response); });\n                            });\n                        <\/script><\/p>\n<div id=\"dialog-message-OK-HU\" style=\"display: none;\" title=\"\">\n<h2>Sikeresen elk\u00fcldted&nbsp;a jelentkez\u00e9sedet a Funside Balaton t\u00e1borba!<\/h2>\n<h3>Mi t\u00f6rt\u00e9nik ezut\u00e1n?<\/h3>\n<ol>\n<li>El\u0151sz\u00f6r a jelentkez\u00e9sben megadott sz\u00fcl\u0151i email-c\u00edmekre fog \u00e9rkezni egy automata email, amely azt jelzi, hogy jelentkez\u00e9sedet megkaptuk \u2013 <strong>ez m\u00e9g nem a helyed visszaigazol\u00e1sa! <\/strong>Ha valami\u00e9rt nem \u00e9rkezne meg p\u00e1r percen bel\u00fcl, mindenk\u00e9ppen n\u00e9zd meg, hogy az \u00e1ltalad haszn\u00e1lt levelez\u0151 program (pl. Gmail, Outlook) nem tette-e a \u201cLev\u00e9lszem\u00e9t\u201d vagy \u201cSpam\u201d mapp\u00e1ba az emailt!<\/li>\n<li>Ezt k\u00f6vet\u0151en, egy \u00fajabb emailben fogjuk majd k\u00fcldeni a foglal\u00e1si visszaigazol\u00e1st (a jelentkez\u00e9seket csapatunk minden esetben szem\u00e9lyesen is ellen\u0151rzi), amely \u00e1ltal\u00e1ban 2 munkanapon bel\u00fcl megt\u00f6rt\u00e9nik, azonban <strong>a jelentkez\u00e9si id\u0151szak els\u0151 napjaiban jellemz\u0151en<\/strong><strong>&nbsp;t\u00f6bb napot is ig\u00e9nybe vehet!<\/strong> K\u00f6sz\u00f6nj\u00fck t\u00fcrelmedet!&nbsp;<\/li>\n<li>Minden tov\u00e1bbi inform\u00e1ci\u00f3t a visszaigazol\u00f3 email fog tartalmazni!<\/li>\n<\/ol>\n<p>Addig is olvasgasd a&nbsp;legfrissebb&nbsp;h\u00edreinket <a href=\"https:\/\/www.facebook.com\/funsidetabor\" target=\"_blank\" rel=\"noopener noreferrer\">Facebook oldalunkon<\/a> vagy ha k\u00e9rd\u00e9sed van, <a href=\"https:\/\/funside.hu\/kapcsolat\/\" target=\"_blank\" rel=\"noopener noreferrer\">keress minket<\/a> bizalommal!<\/p>\n<p>\u00dcdv\u00f6zlettel,<\/p>\n<p style=\"text-align: left;\"><strong>Funside Csapat<\/strong><\/p>\n<\/div>\n<div id=\"dialog-message-ERROR-HU\" style=\"display: none;\" title=\"\">\n<p>Sikertelen feldolgoz\u00e1s &#8211; hiba t\u00f6rt\u00e9nt a folyamat sor\u00e1n. K\u00e9rj\u00fck, pr\u00f3b\u00e1lja \u00fajra vagy vegye fel vel\u00fcnk a kapcsolatot!<\/p>\n<\/div>\n<div id=\"dialog-message-OK-EN\" style=\"display: none;\" title=\"\">\n<h2>You have successfully completed your&nbsp;sign-up form!<\/h2>\n<h3>What happens next?<\/h3>\n<ol>\n<li>First you will receive an automatic email response, sent to the parents\u2019 email addresses provided by you on the sign-up form, which indicates that we have received your registration. <strong>However, this is not a booking confirmation yet! <\/strong>In case you don\u2019t receive this first email within minutes of your registration, please check the spam folder of your email client (Gmail, Outlook etc.) to make sure our email hasn\u2019t accidentally landed there.&nbsp;<\/li>\n<li>Next, our system will send you the confirmation of your booking in a separate email (each sign-up form is also manually checked by our team) usually within 2 working days, however, <strong>during the first days of the registration period this might take multiple days&nbsp;<\/strong>due to high demand \u2013 thank you for your patience!&nbsp;<\/li>\n<li>You will find all the information you need to complete your booking in the confirmation email.<\/li>\n<\/ol>\n<p>In the meantime, check out our&nbsp;<a href=\"https:\/\/www.facebook.com\/funsidetabor\" target=\"_blank\" rel=\"noopener noreferrer\">Facebook page<\/a>&nbsp;for the latest Funside news or&nbsp;<a href=\"https:\/\/funside.hu\/en\/contact\/\" target=\"_blank\" rel=\"noopener noreferrer\">get in touch<\/a>&nbsp;with us directly if you have any questions.<\/p>\n<\/div>\n<div id=\"dialog-message-ERROR-EN\" style=\"display: none;\" title=\"\">\n<p>Error &#8211; it looks like something went wrong while processing your sign-up. Please try&nbsp;again or get in touch with us!<\/p>\n<\/div>\n<div id=\"signupdiv\">&nbsp;<\/div>\n","protected":false},"excerpt":{"rendered":"<p>&nbsp; Funside Balaton registration 2026 Sikeresen elk\u00fcldted&nbsp;a jelentkez\u00e9sedet a Funside Balaton t\u00e1borba! Mi t\u00f6rt\u00e9nik ezut\u00e1n? El\u0151sz\u00f6r a jelentkez\u00e9sben megadott sz\u00fcl\u0151i email-c\u00edmekre fog \u00e9rkezni egy automata email, amely azt jelzi, hogy jelentkez\u00e9sedet megkaptuk \u2013 ez m\u00e9g nem a helyed visszaigazol\u00e1sa! Ha valami\u00e9rt nem \u00e9rkezne meg p\u00e1r percen bel\u00fcl, mindenk\u00e9ppen n\u00e9zd meg, hogy az \u00e1ltalad haszn\u00e1lt levelez\u0151&#8230;<\/p>\n","protected":false},"author":1,"featured_media":0,"parent":0,"menu_order":0,"comment_status":"closed","ping_status":"closed","template":"page-jelentkezes.php","meta":{"inline_featured_image":false,"ngg_post_thumbnail":0,"footnotes":"","_wp_rev_ctl_limit":""},"categories":[578],"class_list":["post-26181","page","type-page","status-publish","hentry","category-funside-balaton-en","editor-tinymce"],"acf":[],"yoast_head":"<!-- This site is optimized with the Yoast SEO plugin v24.7 - https:\/\/yoast.com\/wordpress\/plugins\/seo\/ -->\n<title>Funside Balaton registration &#8211; Funside summer camps and after school<\/title>\n<meta name=\"robots\" content=\"index, follow, max-snippet:-1, max-image-preview:large, max-video-preview:-1\" \/>\n<link rel=\"canonical\" href=\"https:\/\/funside.hu\/en\/registration-form-for-balaton-camp\/\" \/>\n<meta property=\"og:locale\" content=\"en_US\" \/>\n<meta property=\"og:type\" content=\"article\" \/>\n<meta property=\"og:title\" content=\"Funside Balaton registration &#8211; Funside summer camps and after school\" \/>\n<meta property=\"og:description\" content=\"&nbsp; Funside Balaton registration 2026 Sikeresen elk\u00fcldted&nbsp;a jelentkez\u00e9sedet a Funside Balaton t\u00e1borba! Mi t\u00f6rt\u00e9nik ezut\u00e1n? El\u0151sz\u00f6r a jelentkez\u00e9sben megadott sz\u00fcl\u0151i email-c\u00edmekre fog \u00e9rkezni egy automata email, amely azt jelzi, hogy jelentkez\u00e9sedet megkaptuk \u2013 ez m\u00e9g nem a helyed visszaigazol\u00e1sa! Ha valami\u00e9rt nem \u00e9rkezne meg p\u00e1r percen bel\u00fcl, mindenk\u00e9ppen n\u00e9zd meg, hogy az \u00e1ltalad haszn\u00e1lt levelez\u0151...\" \/>\n<meta property=\"og:url\" content=\"https:\/\/funside.hu\/en\/registration-form-for-balaton-camp\/\" \/>\n<meta property=\"og:site_name\" content=\"Funside summer camps and after school\" \/>\n<meta property=\"article:publisher\" content=\"https:\/\/www.facebook.com\/funsidetabor\" \/>\n<meta property=\"article:modified_time\" content=\"2026-02-19T14:44:12+00:00\" \/>\n<meta property=\"og:image\" content=\"https:\/\/funside.hu\/wp-content\/uploads\/2020\/12\/funside_logo_facebookhoz.jpg\" \/>\n\t<meta property=\"og:image:width\" content=\"300\" \/>\n\t<meta property=\"og:image:height\" content=\"300\" \/>\n\t<meta property=\"og:image:type\" content=\"image\/jpeg\" \/>\n<meta name=\"twitter:card\" content=\"summary_large_image\" \/>\n<meta name=\"twitter:site\" content=\"@funsidetabor\" \/>\n<meta name=\"twitter:label1\" content=\"Est. reading time\" \/>\n\t<meta name=\"twitter:data1\" content=\"10 minutes\" \/>\n<script type=\"application\/ld+json\" class=\"yoast-schema-graph\">{\"@context\":\"https:\/\/schema.org\",\"@graph\":[{\"@type\":\"WebPage\",\"@id\":\"https:\/\/funside.hu\/en\/registration-form-for-balaton-camp\/\",\"url\":\"https:\/\/funside.hu\/en\/registration-form-for-balaton-camp\/\",\"name\":\"Funside Balaton registration &#8211; Funside summer camps and after school\",\"isPartOf\":{\"@id\":\"https:\/\/funside.hu\/en\/#website\"},\"datePublished\":\"2013-01-14T14:23:04+00:00\",\"dateModified\":\"2026-02-19T14:44:12+00:00\",\"breadcrumb\":{\"@id\":\"https:\/\/funside.hu\/en\/registration-form-for-balaton-camp\/#breadcrumb\"},\"inLanguage\":\"en-US\",\"potentialAction\":[{\"@type\":\"ReadAction\",\"target\":[\"https:\/\/funside.hu\/en\/registration-form-for-balaton-camp\/\"]}]},{\"@type\":\"BreadcrumbList\",\"@id\":\"https:\/\/funside.hu\/en\/registration-form-for-balaton-camp\/#breadcrumb\",\"itemListElement\":[{\"@type\":\"ListItem\",\"position\":1,\"name\":\"Home\",\"item\":\"https:\/\/funside.hu\/en\/\"},{\"@type\":\"ListItem\",\"position\":2,\"name\":\"Funside Balaton registration\"}]},{\"@type\":\"WebSite\",\"@id\":\"https:\/\/funside.hu\/en\/#website\",\"url\":\"https:\/\/funside.hu\/en\/\",\"name\":\"Funside summer camps and after school\",\"description\":\"International summer camps and after school classes, in Budapest and at Lake Balaton, Hungary.\",\"publisher\":{\"@id\":\"https:\/\/funside.hu\/en\/#organization\"},\"potentialAction\":[{\"@type\":\"SearchAction\",\"target\":{\"@type\":\"EntryPoint\",\"urlTemplate\":\"https:\/\/funside.hu\/en\/?s={search_term_string}\"},\"query-input\":{\"@type\":\"PropertyValueSpecification\",\"valueRequired\":true,\"valueName\":\"search_term_string\"}}],\"inLanguage\":\"en-US\"},{\"@type\":\"Organization\",\"@id\":\"https:\/\/funside.hu\/en\/#organization\",\"name\":\"Funside School Kft.\",\"url\":\"https:\/\/funside.hu\/en\/\",\"logo\":{\"@type\":\"ImageObject\",\"inLanguage\":\"en-US\",\"@id\":\"https:\/\/funside.hu\/en\/#\/schema\/logo\/image\/\",\"url\":\"https:\/\/funside.hu\/wp-content\/uploads\/2020\/12\/main_logo.png\",\"contentUrl\":\"https:\/\/funside.hu\/wp-content\/uploads\/2020\/12\/main_logo.png\",\"width\":119,\"height\":156,\"caption\":\"Funside School Kft.\"},\"image\":{\"@id\":\"https:\/\/funside.hu\/en\/#\/schema\/logo\/image\/\"},\"sameAs\":[\"https:\/\/www.facebook.com\/funsidetabor\",\"https:\/\/x.com\/funsidetabor\",\"https:\/\/www.instagram.com\/funside\/\",\"https:\/\/www.linkedin.com\/company\/10425232\/\",\"https:\/\/www.youtube.com\/user\/funsidetabor\"]}]}<\/script>\n<!-- \/ Yoast SEO plugin. -->","yoast_head_json":{"title":"Funside Balaton registration &#8211; Funside summer camps and after school","robots":{"index":"index","follow":"follow","max-snippet":"max-snippet:-1","max-image-preview":"max-image-preview:large","max-video-preview":"max-video-preview:-1"},"canonical":"https:\/\/funside.hu\/en\/registration-form-for-balaton-camp\/","og_locale":"en_US","og_type":"article","og_title":"Funside Balaton registration &#8211; Funside summer camps and after school","og_description":"&nbsp; Funside Balaton registration 2026 Sikeresen elk\u00fcldted&nbsp;a jelentkez\u00e9sedet a Funside Balaton t\u00e1borba! Mi t\u00f6rt\u00e9nik ezut\u00e1n? El\u0151sz\u00f6r a jelentkez\u00e9sben megadott sz\u00fcl\u0151i email-c\u00edmekre fog \u00e9rkezni egy automata email, amely azt jelzi, hogy jelentkez\u00e9sedet megkaptuk \u2013 ez m\u00e9g nem a helyed visszaigazol\u00e1sa! Ha valami\u00e9rt nem \u00e9rkezne meg p\u00e1r percen bel\u00fcl, mindenk\u00e9ppen n\u00e9zd meg, hogy az \u00e1ltalad haszn\u00e1lt levelez\u0151...","og_url":"https:\/\/funside.hu\/en\/registration-form-for-balaton-camp\/","og_site_name":"Funside summer camps and after school","article_publisher":"https:\/\/www.facebook.com\/funsidetabor","article_modified_time":"2026-02-19T14:44:12+00:00","og_image":[{"width":300,"height":300,"url":"https:\/\/funside.hu\/wp-content\/uploads\/2020\/12\/funside_logo_facebookhoz.jpg","type":"image\/jpeg"}],"twitter_card":"summary_large_image","twitter_site":"@funsidetabor","twitter_misc":{"Est. reading time":"10 minutes"},"schema":{"@context":"https:\/\/schema.org","@graph":[{"@type":"WebPage","@id":"https:\/\/funside.hu\/en\/registration-form-for-balaton-camp\/","url":"https:\/\/funside.hu\/en\/registration-form-for-balaton-camp\/","name":"Funside Balaton registration &#8211; Funside summer camps and after school","isPartOf":{"@id":"https:\/\/funside.hu\/en\/#website"},"datePublished":"2013-01-14T14:23:04+00:00","dateModified":"2026-02-19T14:44:12+00:00","breadcrumb":{"@id":"https:\/\/funside.hu\/en\/registration-form-for-balaton-camp\/#breadcrumb"},"inLanguage":"en-US","potentialAction":[{"@type":"ReadAction","target":["https:\/\/funside.hu\/en\/registration-form-for-balaton-camp\/"]}]},{"@type":"BreadcrumbList","@id":"https:\/\/funside.hu\/en\/registration-form-for-balaton-camp\/#breadcrumb","itemListElement":[{"@type":"ListItem","position":1,"name":"Home","item":"https:\/\/funside.hu\/en\/"},{"@type":"ListItem","position":2,"name":"Funside Balaton registration"}]},{"@type":"WebSite","@id":"https:\/\/funside.hu\/en\/#website","url":"https:\/\/funside.hu\/en\/","name":"Funside summer camps and after school","description":"International summer camps and after school classes, in Budapest and at Lake Balaton, Hungary.","publisher":{"@id":"https:\/\/funside.hu\/en\/#organization"},"potentialAction":[{"@type":"SearchAction","target":{"@type":"EntryPoint","urlTemplate":"https:\/\/funside.hu\/en\/?s={search_term_string}"},"query-input":{"@type":"PropertyValueSpecification","valueRequired":true,"valueName":"search_term_string"}}],"inLanguage":"en-US"},{"@type":"Organization","@id":"https:\/\/funside.hu\/en\/#organization","name":"Funside School Kft.","url":"https:\/\/funside.hu\/en\/","logo":{"@type":"ImageObject","inLanguage":"en-US","@id":"https:\/\/funside.hu\/en\/#\/schema\/logo\/image\/","url":"https:\/\/funside.hu\/wp-content\/uploads\/2020\/12\/main_logo.png","contentUrl":"https:\/\/funside.hu\/wp-content\/uploads\/2020\/12\/main_logo.png","width":119,"height":156,"caption":"Funside School Kft."},"image":{"@id":"https:\/\/funside.hu\/en\/#\/schema\/logo\/image\/"},"sameAs":["https:\/\/www.facebook.com\/funsidetabor","https:\/\/x.com\/funsidetabor","https:\/\/www.instagram.com\/funside\/","https:\/\/www.linkedin.com\/company\/10425232\/","https:\/\/www.youtube.com\/user\/funsidetabor"]}]}},"_links":{"self":[{"href":"https:\/\/funside.hu\/en\/wp-json\/wp\/v2\/pages\/26181"}],"collection":[{"href":"https:\/\/funside.hu\/en\/wp-json\/wp\/v2\/pages"}],"about":[{"href":"https:\/\/funside.hu\/en\/wp-json\/wp\/v2\/types\/page"}],"author":[{"embeddable":true,"href":"https:\/\/funside.hu\/en\/wp-json\/wp\/v2\/users\/1"}],"replies":[{"embeddable":true,"href":"https:\/\/funside.hu\/en\/wp-json\/wp\/v2\/comments?post=26181"}],"version-history":[{"count":7,"href":"https:\/\/funside.hu\/en\/wp-json\/wp\/v2\/pages\/26181\/revisions"}],"predecessor-version":[{"id":88587,"href":"https:\/\/funside.hu\/en\/wp-json\/wp\/v2\/pages\/26181\/revisions\/88587"}],"wp:attachment":[{"href":"https:\/\/funside.hu\/en\/wp-json\/wp\/v2\/media?parent=26181"}],"wp:term":[{"taxonomy":"category","embeddable":true,"href":"https:\/\/funside.hu\/en\/wp-json\/wp\/v2\/categories?post=26181"}],"curies":[{"name":"wp","href":"https:\/\/api.w.org\/{rel}","templated":true}]}}