{"id":26179,"date":"2013-01-14T15:13:09","date_gmt":"2013-01-14T14:13:09","guid":{"rendered":"https:\/\/funside.hu\/registration-form-for-budapest-camp\/"},"modified":"2026-03-11T11:56:33","modified_gmt":"2026-03-11T10:56:33","slug":"registration-form-for-budapest-camp","status":"publish","type":"page","link":"https:\/\/funside.hu\/en\/registration-form-for-budapest-camp\/","title":{"rendered":"Funside Budapest registration"},"content":{"rendered":"\n\n<script> \n \n \tjQuery(document).ready(function () {\n\t\tjQuery( \"#accordion366324\" ).accordion({ \n      heightStyle: \"content\", \n\t  collapsible: true, \n\t\ticons: false,\n      \n    }); \n  } ); \n  <\/script> \n\n \n\t\t<script> \n  jQuery( function() { \n    jQuery( \"#accordion366324\" ).accordion({ \n        active: false\n    }); \n  } ); \n  <\/script> \n\t \n<div class=\"lefty\"> \n\t<div id=\"accordion366324\" class=\"lenyilo\"> \n\t \n\t\t \n\t\t\t<h3><span>Registration\u00a0process<\/span><\/h3> \n\t\t\t \n\t\t\t<div class=\"lefty\"><h3>Filling out the sign-up form<\/h3>\n<p>Registration happens through our<strong>&nbsp;<\/strong>online sign-up form below.&nbsp;Places are available in <strong>limited numbers<\/strong>, the registration process ends when all places for a given camp are filled up. Once we have received your registration, we will book your place at the camp. When a class or session is full, a waiting list will be opened.<\/p>\n<p><strong>Please note:<\/strong>&nbsp;when choosing your classes on the sign-up form, the order of the choices (within the same week) will not affect the actual order of your classes (e.g. if you would like to pick a combination of English and Tennis, it doesn&#8217;t matter if you select English first or Tennis first, it will not affect the final order of your camp timetable).<\/p>\n<p><strong>To complete the registration form, we recommend that you prepare the following in advance:<\/strong><\/p>\n<ul>\n<li>the camper\u2019s personal details (including health insurance number or insurance alternatives)<\/li>\n<li>parents\u2019 contact details<\/li>\n<li>billing address<\/li>\n<li><a href=\"https:\/\/funside.hu\/en\/dates-budapest\/\" target=\"_blank\" rel=\"noopener\">chosen week(s)&nbsp;and&nbsp;classes<\/a>* (<strong>please note<\/strong>: it\u2019s best to prepare an extra choice of class in case your first or second choice is already sold out by the time you sign up)<\/li>\n<li><a href=\"https:\/\/funside.hu\/en\/meals-and-special-diets-2\/\" target=\"_blank\" rel=\"noopener\">chosen menu<\/a><\/li>\n<li>camper\u2019s T-shirt size<\/li>\n<\/ul>\n\t\t<\/div> \n\t\t\t \n\t\t \n\t\t\t<h3><span>Confirmation and camp fees<\/span><\/h3> \n\t\t\t \n\t\t\t<div class=\"lefty\"><p>Once we have received your online registration form, our system will send you an automatic email to the parents&#8217; email addresses provided on the sign-up form (this is not the confirmation of your booking yet). Then the confirmation email will be sent to you <strong>within the next few days&nbsp;<\/strong>(each sign-up form is personally checked by our team). The confirmation email will also include all necessary information regarding the methods of payment.<\/p>\n<p>Depending on the date of application, if you chose one amount payment, it must be made&nbsp;<strong>within 21 days<\/strong>&nbsp;of application confirmation by 10 June; for applications submitted after 10 June, payment must be made&nbsp;<strong>within 14 days<\/strong>&nbsp;of application confirmation. Exception: if the application is made less than 2 weeks before the start of the week, the payment deadline is reduced to&nbsp;<strong>3 days<\/strong>.<\/p>\n<p>Installment payments are also available free of charge with bank card: if you choose to pay in&nbsp;<strong>2, 3 or 4 monthly installments<\/strong>, the payment must be made&nbsp;<strong>within 21 days<\/strong>&nbsp;of the issue of the monthly pro forma invoice (2, 3 or 4 pcs) according to the installment you chose.&nbsp;<\/p>\n<p>You can select a 4-month installment plan for applications submitted by&nbsp;<strong>31 March 2026<\/strong>, a 3-month plan for those submitted by&nbsp;<strong>30 April 2026<\/strong>, and a 2-month plan for those submitted by&nbsp;<strong>10 June 2026<\/strong>. After 10 June 2026, only a single payment will be possible for the 2026 summer season. Further details will be sent in the confirmation email and included on the pro forma invoice form(s).<\/p>\n<p>You can pay the camp fee by&nbsp;<strong>bank transfer<\/strong>&nbsp;in&nbsp;<strong>HUF<\/strong>&nbsp;or&nbsp;<strong>Euro<\/strong>, by&nbsp;<strong>direct cash payment to our bank account<\/strong>,&nbsp;<strong>credit\/debit card<\/strong>&nbsp;(only in one amount) and\/or by&nbsp;<strong>SZ\u00c9P card<\/strong>&nbsp;(OTP SZ\u00c9P card, K&amp;H SZ\u00c9P card, MBH SZ\u00c9P card).<\/p>\n<p><a href=\"https:\/\/funside.hu\/en\/pricing-budapest\/\" target=\"_blank\" rel=\"noopener\"><strong>Learn more<\/strong><\/a><\/p>\n\t\t<\/div> \n\t\t\t \n\t\t \n\t\t\t<h3><span>General Terms and Conditions, Camp Policy and Privacy Policy<\/span><\/h3> \n\t\t\t \n\t\t\t<div class=\"lefty\"><p>When signing up, you must accept our&nbsp;<strong>Camp Policy (Rules)<\/strong>, as well as the&nbsp;<strong>General Terms and Conditions<\/strong>, a copy of which must also be signed on the first day of camp by the parent or contact person.&nbsp; The <strong>Camp Policy<\/strong> for all day camp locations <a href=\"https:\/\/funside.hu\/en\/camp-policy-budapest\/\" target=\"_blank\" rel=\"noopener noreferrer\">can be read here.<\/a> Our Privacy Policy <a href=\"https:\/\/funside.hu\/en\/funside-privacy-statement-applications-newsletters\/\" target=\"_blank\" rel=\"noopener noreferrer\">can be read here<\/a>.<\/p>\n<p><strong>The General Terms and Conditions for each location can be read here:<\/strong><\/p>\n<ul>\n<li><a href=\"https:\/\/funside.hu\/en\/general-terms-budapest-day-camps\/\" target=\"_blank\" rel=\"noopener\">Buda venue<\/a> (Vill\u00e1nyi Street \/ Premier Padel Park)<\/li>\n<li><a href=\"https:\/\/funside.hu\/en\/general-terms-and-conditions-pest-location\/\" target=\"_blank\" rel=\"noopener\">Pest venue<\/a> (J\u00e1szai Mari Square \/ Margaret Island)<\/li>\n<\/ul>\n<p>&nbsp;<\/p>\n\t\t<\/div> \n\t\t\t \n\t\t \n\t\t\t<h3><span>Cancellations<\/span><\/h3> \n\t\t\t \n\t\t\t<div class=\"lefty\"><p><strong>Cancellations:<\/strong> in case of cancellation due to illness or any other reason prior to the camp, there is a full refund (with only a 5% service fee deducted) if the cancellation happens up to 2 weeks before the given camp week. Parents may choose to exchange their camp week for another week, subject to availability, at no extra cost up to 2 weeks before the original camp week. More on late cancellations can be read about in the General Terms &amp; Conditions of each camp venue (please see above).<\/p>\n\t\t<\/div> \n\t\t\t \n\t\t \n\t \n\t<\/div> \n<\/div>\n<h2>&nbsp;<\/h2>\n<h2>Funside Day Camps registration 2026<\/h2>\n<p><em>Recommended browser: <strong> Google Chrome <\/strong>or&nbsp;<strong>Mozilla Firefox<\/strong><\/em><\/p>\n<p><script src=\"https:\/\/crm.funside.hu\/js\/validate\/jquery.validate.min.js\" type=\"text\/javascript\"><\/script><script src=\"https:\/\/crm.funside.hu\/js\/validate\/additional-methods.min.js\" type=\"text\/javascript\"><\/script><br \/>\n<script src=\"https:\/\/crm.funside.hu\/vendors\/jquery-validation\/localization\/messages_hu.js\" type=\"text\/javascript\"><\/script><br \/>\n<script type=\"text\/javascript\">\n\t\t\tjQuery(document).ready(function($) { $.get('https:\/\/crm.funside.hu\/signup\/formMultipleEn?campIds=2,5', function(response) { $('#signupdiv').html(response); }); });\n\t\t\t<\/script><\/p>\n<p><script src=\"https:\/\/crm.funside.hu\/js\/validate\/jquery.validate.min.js\" type=\"text\/javascript\"><\/script><script src=\"https:\/\/crm.funside.hu\/js\/validate\/additional-methods.min.js\" type=\"text\/javascript\"><\/script><br \/>\n<script src=\"https:\/\/crm.funside.hu\/vendors\/jquery-validation\/localization\/messages_hu.js\" type=\"text\/javascript\"><\/script><\/p>\n<div id=\"dialog-message-OK-HU\" style=\"display: none;\" title=\"\">\n<h2>Sikeresen elk\u00fcldted&nbsp;a jelentkez\u00e9sedet a Funside Balaton t\u00e1borba!<\/h2>\n<h3>Mi t\u00f6rt\u00e9nik ezut\u00e1n?<\/h3>\n<ol>\n<li>El\u0151sz\u00f6r a jelentkez\u00e9sben megadott sz\u00fcl\u0151i email-c\u00edmekre fog \u00e9rkezni egy automata email, amely azt jelzi, hogy jelentkez\u00e9sedet megkaptuk \u2013 <strong>ez m\u00e9g nem a helyed visszaigazol\u00e1sa! <\/strong>Ha valami\u00e9rt nem \u00e9rkezne meg p\u00e1r percen bel\u00fcl, mindenk\u00e9ppen n\u00e9zd meg, hogy az \u00e1ltalad haszn\u00e1lt levelez\u0151 program (pl. Gmail, Outlook) nem tette-e a \u201cLev\u00e9lszem\u00e9t\u201d vagy \u201cSpam\u201d mapp\u00e1ba az emailt!<\/li>\n<li>Ezt k\u00f6vet\u0151en, egy \u00fajabb emailben fogjuk majd k\u00fcldeni a foglal\u00e1si visszaigazol\u00e1st (a jelentkez\u00e9seket csapatunk minden esetben szem\u00e9lyesen is ellen\u0151rzi), amely \u00e1ltal\u00e1ban 2 munkanapon bel\u00fcl megt\u00f6rt\u00e9nik, azonban <strong>a jelentkez\u00e9si id\u0151szak els\u0151 napjaiban jellemz\u0151en<\/strong><strong>&nbsp;t\u00f6bb napot is ig\u00e9nybe vehet!<\/strong> K\u00f6sz\u00f6nj\u00fck t\u00fcrelmedet!&nbsp;<\/li>\n<li>Minden tov\u00e1bbi inform\u00e1ci\u00f3t a visszaigazol\u00f3 email fog tartalmazni!<\/li>\n<\/ol>\n<p>Addig is olvasgasd a&nbsp;legfrissebb&nbsp;h\u00edreinket <a href=\"https:\/\/www.facebook.com\/funsidetabor\" target=\"_blank\" rel=\"noopener noreferrer\">Facebook oldalunkon<\/a> vagy ha k\u00e9rd\u00e9sed van, <a href=\"https:\/\/funside.hu\/kapcsolat\/\" target=\"_blank\" rel=\"noopener noreferrer\">keress minket<\/a> bizalommal!<\/p>\n<p>\u00dcdv\u00f6zlettel,<\/p>\n<p style=\"text-align: left;\"><strong>Funside Csapat<\/strong><\/p>\n<\/div>\n<div id=\"dialog-message-ERROR-HU\" style=\"display: none;\" title=\"\">\n<p>Sikertelen feldolgoz\u00e1s &#8211; hiba t\u00f6rt\u00e9nt a folyamat sor\u00e1n. K\u00e9rj\u00fck, pr\u00f3b\u00e1lja \u00fajra vagy vegye fel vel\u00fcnk a kapcsolatot!<\/p>\n<\/div>\n<div id=\"dialog-message-OK-EN\" style=\"display: none;\" title=\"\">\n<h2>You have successfully completed your&nbsp;sign-up form!<\/h2>\n<h3>What happens next?<\/h3>\n<ol>\n<li>First you will receive an automatic email response, sent to the parents\u2019 email addresses provided by you on the sign-up form, which indicates that we have received your registration. <strong>However, this is not a booking confirmation yet! <\/strong>In case you don\u2019t receive this first email within minutes of your registration, please check the spam folder of your email client (Gmail, Outlook etc.) to make sure our email hasn\u2019t accidentally landed there.&nbsp;<\/li>\n<li>Next, our system will send you the confirmation of your booking in a separate email (each sign-up form is also manually checked by our team) usually within 2 working days, however, <strong>during the first days of the registration period this might take multiple days&nbsp;<\/strong>due to high demand \u2013 thank you for your patience!&nbsp;<\/li>\n<li>You will find all the information you need to complete your booking in the confirmation email.<\/li>\n<\/ol>\n<p>In the meantime, check out our&nbsp;<a href=\"https:\/\/www.facebook.com\/funsidetabor\" target=\"_blank\" rel=\"noopener noreferrer\">Facebook page<\/a>&nbsp;for the latest Funside news or&nbsp;<a href=\"https:\/\/funside.hu\/en\/contact\/\" target=\"_blank\" rel=\"noopener noreferrer\">get in touch<\/a>&nbsp;with us directly if you have any questions.<\/p>\n<\/div>\n<div id=\"dialog-message-ERROR-EN\" style=\"display: none;\" title=\"\">\n<p>Error &#8211; it looks like something went wrong while processing your sign-up. Please try again or get in touch with us!<\/p>\n<\/div>\n<div id=\"signupdiv\">&nbsp;<\/div>\n","protected":false},"excerpt":{"rendered":"<p>&nbsp; Funside Day Camps registration 2026 Recommended browser: Google Chrome or&nbsp;Mozilla Firefox Sikeresen elk\u00fcldted&nbsp;a jelentkez\u00e9sedet a Funside Balaton t\u00e1borba! Mi t\u00f6rt\u00e9nik ezut\u00e1n? El\u0151sz\u00f6r a jelentkez\u00e9sben megadott sz\u00fcl\u0151i email-c\u00edmekre fog \u00e9rkezni egy automata email, amely azt jelzi, hogy jelentkez\u00e9sedet megkaptuk \u2013 ez m\u00e9g nem a helyed visszaigazol\u00e1sa! Ha valami\u00e9rt nem \u00e9rkezne meg p\u00e1r percen bel\u00fcl, mindenk\u00e9ppen&#8230;<\/p>\n","protected":false},"author":1,"featured_media":0,"parent":0,"menu_order":0,"comment_status":"open","ping_status":"closed","template":"page-jelentkezes.php","meta":{"inline_featured_image":false,"ngg_post_thumbnail":0,"footnotes":"","_wp_rev_ctl_limit":""},"categories":[573],"class_list":["post-26179","page","type-page","status-publish","hentry","category-funside-budapest-en","editor-tinymce"],"acf":[],"yoast_head":"<!-- This site is optimized with the Yoast SEO plugin v24.7 - https:\/\/yoast.com\/wordpress\/plugins\/seo\/ -->\n<title>Funside Budapest registration &#8211; Funside summer camps and after school<\/title>\n<meta name=\"robots\" content=\"index, follow, max-snippet:-1, max-image-preview:large, max-video-preview:-1\" \/>\n<link rel=\"canonical\" href=\"https:\/\/funside.hu\/en\/registration-form-for-budapest-camp\/\" \/>\n<meta property=\"og:locale\" content=\"en_US\" \/>\n<meta property=\"og:type\" content=\"article\" \/>\n<meta property=\"og:title\" content=\"Funside Budapest registration &#8211; Funside summer camps and after school\" \/>\n<meta property=\"og:description\" content=\"&nbsp; Funside Day Camps registration 2026 Recommended browser: Google Chrome or&nbsp;Mozilla Firefox Sikeresen elk\u00fcldted&nbsp;a jelentkez\u00e9sedet a Funside Balaton t\u00e1borba! Mi t\u00f6rt\u00e9nik ezut\u00e1n? El\u0151sz\u00f6r a jelentkez\u00e9sben megadott sz\u00fcl\u0151i email-c\u00edmekre fog \u00e9rkezni egy automata email, amely azt jelzi, hogy jelentkez\u00e9sedet megkaptuk \u2013 ez m\u00e9g nem a helyed visszaigazol\u00e1sa! Ha valami\u00e9rt nem \u00e9rkezne meg p\u00e1r percen bel\u00fcl, mindenk\u00e9ppen...\" \/>\n<meta property=\"og:url\" content=\"https:\/\/funside.hu\/en\/registration-form-for-budapest-camp\/\" \/>\n<meta property=\"og:site_name\" content=\"Funside summer camps and after school\" \/>\n<meta property=\"article:publisher\" content=\"https:\/\/www.facebook.com\/funsidetabor\" \/>\n<meta property=\"article:modified_time\" content=\"2026-03-11T10:56:33+00:00\" \/>\n<meta property=\"og:image\" content=\"https:\/\/funside.hu\/wp-content\/uploads\/2020\/12\/funside_logo_facebookhoz.jpg\" \/>\n\t<meta property=\"og:image:width\" content=\"300\" \/>\n\t<meta property=\"og:image:height\" content=\"300\" \/>\n\t<meta property=\"og:image:type\" content=\"image\/jpeg\" \/>\n<meta name=\"twitter:card\" content=\"summary_large_image\" \/>\n<meta name=\"twitter:site\" content=\"@funsidetabor\" \/>\n<meta name=\"twitter:label1\" content=\"Est. reading time\" \/>\n\t<meta name=\"twitter:data1\" content=\"6 minutes\" \/>\n<script type=\"application\/ld+json\" class=\"yoast-schema-graph\">{\"@context\":\"https:\/\/schema.org\",\"@graph\":[{\"@type\":\"WebPage\",\"@id\":\"https:\/\/funside.hu\/en\/registration-form-for-budapest-camp\/\",\"url\":\"https:\/\/funside.hu\/en\/registration-form-for-budapest-camp\/\",\"name\":\"Funside Budapest registration &#8211; Funside summer camps and after school\",\"isPartOf\":{\"@id\":\"https:\/\/funside.hu\/en\/#website\"},\"datePublished\":\"2013-01-14T14:13:09+00:00\",\"dateModified\":\"2026-03-11T10:56:33+00:00\",\"breadcrumb\":{\"@id\":\"https:\/\/funside.hu\/en\/registration-form-for-budapest-camp\/#breadcrumb\"},\"inLanguage\":\"en-US\",\"potentialAction\":[{\"@type\":\"ReadAction\",\"target\":[\"https:\/\/funside.hu\/en\/registration-form-for-budapest-camp\/\"]}]},{\"@type\":\"BreadcrumbList\",\"@id\":\"https:\/\/funside.hu\/en\/registration-form-for-budapest-camp\/#breadcrumb\",\"itemListElement\":[{\"@type\":\"ListItem\",\"position\":1,\"name\":\"Home\",\"item\":\"https:\/\/funside.hu\/en\/\"},{\"@type\":\"ListItem\",\"position\":2,\"name\":\"Funside Budapest registration\"}]},{\"@type\":\"WebSite\",\"@id\":\"https:\/\/funside.hu\/en\/#website\",\"url\":\"https:\/\/funside.hu\/en\/\",\"name\":\"Funside summer camps and after school\",\"description\":\"International summer camps and after school classes, in Budapest and at Lake Balaton, Hungary.\",\"publisher\":{\"@id\":\"https:\/\/funside.hu\/en\/#organization\"},\"potentialAction\":[{\"@type\":\"SearchAction\",\"target\":{\"@type\":\"EntryPoint\",\"urlTemplate\":\"https:\/\/funside.hu\/en\/?s={search_term_string}\"},\"query-input\":{\"@type\":\"PropertyValueSpecification\",\"valueRequired\":true,\"valueName\":\"search_term_string\"}}],\"inLanguage\":\"en-US\"},{\"@type\":\"Organization\",\"@id\":\"https:\/\/funside.hu\/en\/#organization\",\"name\":\"Funside School Kft.\",\"url\":\"https:\/\/funside.hu\/en\/\",\"logo\":{\"@type\":\"ImageObject\",\"inLanguage\":\"en-US\",\"@id\":\"https:\/\/funside.hu\/en\/#\/schema\/logo\/image\/\",\"url\":\"https:\/\/funside.hu\/wp-content\/uploads\/2020\/12\/main_logo.png\",\"contentUrl\":\"https:\/\/funside.hu\/wp-content\/uploads\/2020\/12\/main_logo.png\",\"width\":119,\"height\":156,\"caption\":\"Funside School Kft.\"},\"image\":{\"@id\":\"https:\/\/funside.hu\/en\/#\/schema\/logo\/image\/\"},\"sameAs\":[\"https:\/\/www.facebook.com\/funsidetabor\",\"https:\/\/x.com\/funsidetabor\",\"https:\/\/www.instagram.com\/funside\/\",\"https:\/\/www.linkedin.com\/company\/10425232\/\",\"https:\/\/www.youtube.com\/user\/funsidetabor\"]}]}<\/script>\n<!-- \/ Yoast SEO plugin. -->","yoast_head_json":{"title":"Funside Budapest registration &#8211; Funside summer camps and after school","robots":{"index":"index","follow":"follow","max-snippet":"max-snippet:-1","max-image-preview":"max-image-preview:large","max-video-preview":"max-video-preview:-1"},"canonical":"https:\/\/funside.hu\/en\/registration-form-for-budapest-camp\/","og_locale":"en_US","og_type":"article","og_title":"Funside Budapest registration &#8211; Funside summer camps and after school","og_description":"&nbsp; Funside Day Camps registration 2026 Recommended browser: Google Chrome or&nbsp;Mozilla Firefox Sikeresen elk\u00fcldted&nbsp;a jelentkez\u00e9sedet a Funside Balaton t\u00e1borba! Mi t\u00f6rt\u00e9nik ezut\u00e1n? El\u0151sz\u00f6r a jelentkez\u00e9sben megadott sz\u00fcl\u0151i email-c\u00edmekre fog \u00e9rkezni egy automata email, amely azt jelzi, hogy jelentkez\u00e9sedet megkaptuk \u2013 ez m\u00e9g nem a helyed visszaigazol\u00e1sa! Ha valami\u00e9rt nem \u00e9rkezne meg p\u00e1r percen bel\u00fcl, mindenk\u00e9ppen...","og_url":"https:\/\/funside.hu\/en\/registration-form-for-budapest-camp\/","og_site_name":"Funside summer camps and after school","article_publisher":"https:\/\/www.facebook.com\/funsidetabor","article_modified_time":"2026-03-11T10:56:33+00:00","og_image":[{"width":300,"height":300,"url":"https:\/\/funside.hu\/wp-content\/uploads\/2020\/12\/funside_logo_facebookhoz.jpg","type":"image\/jpeg"}],"twitter_card":"summary_large_image","twitter_site":"@funsidetabor","twitter_misc":{"Est. reading time":"6 minutes"},"schema":{"@context":"https:\/\/schema.org","@graph":[{"@type":"WebPage","@id":"https:\/\/funside.hu\/en\/registration-form-for-budapest-camp\/","url":"https:\/\/funside.hu\/en\/registration-form-for-budapest-camp\/","name":"Funside Budapest registration &#8211; Funside summer camps and after school","isPartOf":{"@id":"https:\/\/funside.hu\/en\/#website"},"datePublished":"2013-01-14T14:13:09+00:00","dateModified":"2026-03-11T10:56:33+00:00","breadcrumb":{"@id":"https:\/\/funside.hu\/en\/registration-form-for-budapest-camp\/#breadcrumb"},"inLanguage":"en-US","potentialAction":[{"@type":"ReadAction","target":["https:\/\/funside.hu\/en\/registration-form-for-budapest-camp\/"]}]},{"@type":"BreadcrumbList","@id":"https:\/\/funside.hu\/en\/registration-form-for-budapest-camp\/#breadcrumb","itemListElement":[{"@type":"ListItem","position":1,"name":"Home","item":"https:\/\/funside.hu\/en\/"},{"@type":"ListItem","position":2,"name":"Funside Budapest registration"}]},{"@type":"WebSite","@id":"https:\/\/funside.hu\/en\/#website","url":"https:\/\/funside.hu\/en\/","name":"Funside summer camps and after school","description":"International summer camps and after school classes, in Budapest and at Lake Balaton, Hungary.","publisher":{"@id":"https:\/\/funside.hu\/en\/#organization"},"potentialAction":[{"@type":"SearchAction","target":{"@type":"EntryPoint","urlTemplate":"https:\/\/funside.hu\/en\/?s={search_term_string}"},"query-input":{"@type":"PropertyValueSpecification","valueRequired":true,"valueName":"search_term_string"}}],"inLanguage":"en-US"},{"@type":"Organization","@id":"https:\/\/funside.hu\/en\/#organization","name":"Funside School Kft.","url":"https:\/\/funside.hu\/en\/","logo":{"@type":"ImageObject","inLanguage":"en-US","@id":"https:\/\/funside.hu\/en\/#\/schema\/logo\/image\/","url":"https:\/\/funside.hu\/wp-content\/uploads\/2020\/12\/main_logo.png","contentUrl":"https:\/\/funside.hu\/wp-content\/uploads\/2020\/12\/main_logo.png","width":119,"height":156,"caption":"Funside School Kft."},"image":{"@id":"https:\/\/funside.hu\/en\/#\/schema\/logo\/image\/"},"sameAs":["https:\/\/www.facebook.com\/funsidetabor","https:\/\/x.com\/funsidetabor","https:\/\/www.instagram.com\/funside\/","https:\/\/www.linkedin.com\/company\/10425232\/","https:\/\/www.youtube.com\/user\/funsidetabor"]}]}},"_links":{"self":[{"href":"https:\/\/funside.hu\/en\/wp-json\/wp\/v2\/pages\/26179"}],"collection":[{"href":"https:\/\/funside.hu\/en\/wp-json\/wp\/v2\/pages"}],"about":[{"href":"https:\/\/funside.hu\/en\/wp-json\/wp\/v2\/types\/page"}],"author":[{"embeddable":true,"href":"https:\/\/funside.hu\/en\/wp-json\/wp\/v2\/users\/1"}],"replies":[{"embeddable":true,"href":"https:\/\/funside.hu\/en\/wp-json\/wp\/v2\/comments?post=26179"}],"version-history":[{"count":8,"href":"https:\/\/funside.hu\/en\/wp-json\/wp\/v2\/pages\/26179\/revisions"}],"predecessor-version":[{"id":89715,"href":"https:\/\/funside.hu\/en\/wp-json\/wp\/v2\/pages\/26179\/revisions\/89715"}],"wp:attachment":[{"href":"https:\/\/funside.hu\/en\/wp-json\/wp\/v2\/media?parent=26179"}],"wp:term":[{"taxonomy":"category","embeddable":true,"href":"https:\/\/funside.hu\/en\/wp-json\/wp\/v2\/categories?post=26179"}],"curies":[{"name":"wp","href":"https:\/\/api.w.org\/{rel}","templated":true}]}}