{"id":26163,"date":"2013-01-10T11:40:44","date_gmt":"2013-01-10T10:40:44","guid":{"rendered":"https:\/\/funside.hu\/travel\/"},"modified":"2026-02-11T16:56:23","modified_gmt":"2026-02-11T15:56:23","slug":"travel","status":"publish","type":"page","link":"https:\/\/funside.hu\/en\/travel\/","title":{"rendered":"Travel"},"content":{"rendered":"<div id=\"pl-26163\"  class=\"panel-layout\" ><div id=\"pg-26163-0\"  class=\"panel-grid panel-no-style\" ><div id=\"pgc-26163-0-0\"  class=\"panel-grid-cell\" ><div id=\"panel-26163-0-0-0\" class=\"so-panel widget widget_sow-editor panel-first-child widgetopts-SO\" data-index=\"0\" ><div\n\t\t\t\n\t\t\tclass=\"so-widget-sow-editor so-widget-sow-editor-base\"\n\t\t\t\n\t\t>\n<div class=\"siteorigin-widget-tinymce textwidget\">\n\t<h2>How to get to the camp<\/h2>\n<h3>By car, individually:<\/h3>\n<p><strong>Address: <\/strong>Gy\u00f6r\u00f6ki Ifit\u00e1bor, Balatongy\u00f6r\u00f6k<strong><br \/>\n<\/strong>8313 Balatongy\u00f6r\u00f6k Sz\u00e9pkil\u00e1t\u00f3 hrsz. 707\/1.<br \/>\n<a href=\"https:\/\/www.google.com\/maps\/place\/Gy%C3%B6r%C3%B6ki+Ifit%C3%A1bor\/@46.7700056,17.3640306,17z\/data=!4m2!3m1!1s0x0:0x6aba48982b98baf7?hl=hu\" target=\"_blank\" rel=\"noopener\">Google Maps and directions to the camp<br \/>\n<\/a><\/p>\n<p><strong>Arrival:<\/strong> Please arrive between 11 am and 2 pm on the first day of your stay.<br \/>\n<strong>Departure:<\/strong> Kids leave the camp between 10 am and 1 pm on the last day of their stay.<br \/>\nYou may arrive or depart outside these time periods but in this case please notify us about your plans well in advance.<\/p>\n<p><strong>Directions:<\/strong><\/p>\n<p><strong>From Budapest:<\/strong> please head towards Lake Balaton on the M7 motorway. Take exit 170 from the motorway towards the direction of Marcali\/Zalaegerszeg\/Keszthely and then choose Zalaegerszeg\/Keszthely (Route 76) on the right. At the first opportunity, merge onto Route 71 towards Keszthely, then at the next intersection follow Route 71, this time towards Balatonf\u00fcred (not Keszthely). Go through 6 roundabouts, always towards Balatonf\u00fcred, then after passing the 95 km sign, take the first right turn (you will see the Funside Balaton sign by the road). Keep driving for another 50 metres, then you will see members of our staff, ready to assist you with parking.<\/p>\n<p><strong>From Keszthely:<\/strong> exit the town towards Gyenesdi\u00e1s\/Balatonf\u00fcred, and start driving on Route 71 towards Balatonf\u00fcred. After passing the 95 km sign, take the first right turn (you will see the Funside Balaton sign by the road). Keep driving for another 50 metres, then you will see members of our staff, ready to assist you with parking.<\/p>\n<p><strong>From Balatonf\u00fcred:<\/strong> exit the town and start driving on Route 71 towards Keszthely. After passing the 94 km sign and the Imperial Golf Club, take the first left turn (you will see the Funside Balaton sign by the road). Keep driving for another 50 metres, then you will see members of our staff, ready to assist you with parking.<\/p>\n<h3>By bus from Budapest, with Funside group<\/h3>\n<p><a name=\"csoportos\"><\/a><br \/>\n<strong>Budapest bus group: <\/strong>campers have the option to travel in a group, supervised by our teachers, from Budapest to the camp venue and back, by bus. Advance sign-up is necessary: if you would like to join a group, please kindly mark this option on your sign-up form. The group, supervised by our teachers, this year will have a <strong>private bus service<\/strong> on the Budapest (Kelenf\u00f6ld) \u2013 Balatongy\u00f6r\u00f6k (tha camp) route. We will notify all signed up campers 2 to 3 weeks before their chosen week, about the specific details and itinerary.<\/p>\n<p><strong>Transfer cost 2026 <\/strong>for the bus group is:<\/p>\n<ul>\n<li>round trip: <strong>EUR 72 <\/strong>(HUF 26,500) per person<\/li>\n<li>one way (Budapest to Balatongy\u00f6r\u00f6k <em>or&nbsp;<\/em>Balatongy\u00f6r\u00f6k to Budapest): <strong>EUR 39<\/strong> (HUF 14,600) per person<\/li>\n<\/ul>\n<p><strong>Availability is limited, must be booked ahead, places are distributed on a first come, first served basis.<\/strong><\/p>\n<h3>By air, individually:<\/h3>\n<p>If you are travelling to the camp by plane, please let us know about your flight details as soon as possible, so that&nbsp;we can help by arranging airport transfers to the camp.<\/p>\n<p><strong>Budapest Airport: <\/strong>you may also travel via the&nbsp;<a href=\"https:\/\/www.bud.hu\/en\" target=\"_blank\" rel=\"noopener\">Budapest Airport<\/a>&nbsp;(largest international airport in the area; <a href=\"https:\/\/www.bud.hu\/english\/passengers\/flight_information\/destinations\" target=\"_blank\" rel=\"noopener\" class=\"broken_link\">available flights<\/a>). We can group you with other children coming to the camp, if you arrive at about the same time. Please mark this option on your sign up form if you are interested and we will send you the latest information and details.&nbsp;<strong>Extra accommodation: <\/strong>in case your flight gets here a day earlier or leaves a day later, then an extra night of accommodation at the camp is possible. (Must book ahead, availability is limited.)<\/p>\n<p><strong>Transfer costs<\/strong>: Budapest Airport - camp (prices are indicative and subject to change, according to transfer provider)<\/p>\n<ul>\n<li>Private car transfer (one-way): <strong>EUR 187<\/strong> (HUF 70,300, max. capacity: 3 people)<\/li>\n<li>Private minibus transfer (one-way): <strong>EUR 327<\/strong> (HUF 122,700, max. capacity: 8 people)<\/li>\n<\/ul>\n<p>In case of multiple passengers, <strong>the transfer cost is shared<\/strong> among the travelers (proportionally to the number of seats booked).<\/p>\n<p><strong>Extra day <\/strong>due to travel dates (on weekends between sessions, 1 day before or 1 day after the session, depending on availability) with all meals included<strong> EUR 53 <\/strong>(or HUF 19,990) <strong>per person<\/strong> (must book ahead, availability is limited).<\/p>\n<h3>By train, individually, within Hungary:<\/h3>\n<p>If you are travelling by train individually, we can arrange to pick you up at the 'Becehegy' station between 11 am and 2 pm on the first day of your stay. Please <a href=\"https:\/\/funside.hu\/en\/contact\/\" target=\"_blank\" rel=\"noopener\">notify us<\/a> of your arrangements at least two weeks in advance.<\/p>\n<h2>Map<\/h2>\n<\/div>\n<\/div><\/div><div id=\"panel-26163-0-0-1\" class=\"so-panel widget widget_sow-image panel-last-child widgetopts-SO\" data-index=\"1\" ><div\n\t\t\t\n\t\t\tclass=\"so-widget-sow-image so-widget-sow-image-default-dbf295114b96-26163\"\n\t\t\t\n\t\t>\n<div class=\"sow-image-container\">\n\t\t\t<a href=\"https:\/\/goo.gl\/maps\/V58shQdTsbifjaDs5\"\n\t\t\ttarget=\"_blank\" rel=\"noopener noreferrer\" \t\t>\n\t\t\t<img loading=\"lazy\" decoding=\"async\" src=\"https:\/\/funside.hu\/wp-content\/uploads\/2018\/10\/funside_terkep_balaton-1.jpg\" width=\"1169\" height=\"640\" srcset=\"https:\/\/funside.hu\/wp-content\/uploads\/2018\/10\/funside_terkep_balaton-1.jpg 1169w, https:\/\/funside.hu\/wp-content\/uploads\/2018\/10\/funside_terkep_balaton-1-960x526.jpg 960w, https:\/\/funside.hu\/wp-content\/uploads\/2018\/10\/funside_terkep_balaton-1-768x420.jpg 768w, https:\/\/funside.hu\/wp-content\/uploads\/2018\/10\/funside_terkep_balaton-1-100x55.jpg 100w, https:\/\/funside.hu\/wp-content\/uploads\/2018\/10\/funside_terkep_balaton-1-240x131.jpg 240w, https:\/\/funside.hu\/wp-content\/uploads\/2018\/10\/funside_terkep_balaton-1-480x263.jpg 480w\" sizes=\"(max-width: 1169px) 100vw, 1169px\" title=\"funside_terkep_balaton\" alt=\"\" \t\tclass=\"so-widget-image\"\/>\n\t<\/a><\/div>\n\n<\/div><\/div><\/div><\/div><\/div>","protected":false},"excerpt":{"rendered":"<p>How to get to the camp By car, individually: Address: Gy\u00f6r\u00f6ki Ifit\u00e1bor, Balatongy\u00f6r\u00f6k 8313 Balatongy\u00f6r\u00f6k Sz\u00e9pkil\u00e1t\u00f3 hrsz. 707\/1. Google Maps and directions to the camp Arrival: Please arrive between 11 am and 2 pm on the first day of your stay. Departure: Kids leave the camp between 10 am and 1 pm on the last&#8230;<\/p>\n","protected":false},"author":1,"featured_media":84233,"parent":0,"menu_order":0,"comment_status":"open","ping_status":"closed","template":"","meta":{"inline_featured_image":false,"ngg_post_thumbnail":0,"footnotes":"","_wp_rev_ctl_limit":""},"categories":[578],"class_list":["post-26163","page","type-page","status-publish","has-post-thumbnail","hentry","category-funside-balaton-en","editor-pagebuilder"],"acf":[],"yoast_head":"<!-- This site is optimized with the Yoast SEO plugin v24.7 - https:\/\/yoast.com\/wordpress\/plugins\/seo\/ -->\n<title>Travel &#8211; Funside summer camps and after school<\/title>\n<meta name=\"robots\" content=\"index, follow, max-snippet:-1, max-image-preview:large, max-video-preview:-1\" \/>\n<link rel=\"canonical\" href=\"https:\/\/funside.hu\/en\/travel\/\" \/>\n<meta property=\"og:locale\" content=\"en_US\" \/>\n<meta property=\"og:type\" content=\"article\" \/>\n<meta property=\"og:title\" content=\"Travel &#8211; Funside summer camps and after school\" \/>\n<meta property=\"og:description\" content=\"How to get to the camp By car, individually: Address: Gy\u00f6r\u00f6ki Ifit\u00e1bor, Balatongy\u00f6r\u00f6k 8313 Balatongy\u00f6r\u00f6k Sz\u00e9pkil\u00e1t\u00f3 hrsz. 707\/1. Google Maps and directions to the camp Arrival: Please arrive between 11 am and 2 pm on the first day of your stay. Departure: Kids leave the camp between 10 am and 1 pm on the last...\" \/>\n<meta property=\"og:url\" content=\"https:\/\/funside.hu\/en\/travel\/\" \/>\n<meta property=\"og:site_name\" content=\"Funside summer camps and after school\" \/>\n<meta property=\"article:publisher\" content=\"https:\/\/www.facebook.com\/funsidetabor\" \/>\n<meta property=\"article:modified_time\" content=\"2026-02-11T15:56:23+00:00\" \/>\n<meta property=\"og:image\" content=\"https:\/\/funside.hu\/wp-content\/uploads\/2025\/02\/BUDAPEST-4.jpg\" \/>\n\t<meta property=\"og:image:width\" content=\"1920\" \/>\n\t<meta property=\"og:image:height\" content=\"1080\" \/>\n\t<meta property=\"og:image:type\" content=\"image\/jpeg\" \/>\n<meta name=\"twitter:card\" content=\"summary_large_image\" \/>\n<meta name=\"twitter:site\" content=\"@funsidetabor\" \/>\n<meta name=\"twitter:label1\" content=\"Est. reading time\" \/>\n\t<meta name=\"twitter:data1\" content=\"5 minutes\" \/>\n<script type=\"application\/ld+json\" class=\"yoast-schema-graph\">{\"@context\":\"https:\/\/schema.org\",\"@graph\":[{\"@type\":\"WebPage\",\"@id\":\"https:\/\/funside.hu\/en\/travel\/\",\"url\":\"https:\/\/funside.hu\/en\/travel\/\",\"name\":\"Travel &#8211; Funside summer camps and after school\",\"isPartOf\":{\"@id\":\"https:\/\/funside.hu\/en\/#website\"},\"primaryImageOfPage\":{\"@id\":\"https:\/\/funside.hu\/en\/travel\/#primaryimage\"},\"image\":{\"@id\":\"https:\/\/funside.hu\/en\/travel\/#primaryimage\"},\"thumbnailUrl\":\"https:\/\/funside.hu\/wp-content\/uploads\/2025\/02\/BUDAPEST-4.jpg\",\"datePublished\":\"2013-01-10T10:40:44+00:00\",\"dateModified\":\"2026-02-11T15:56:23+00:00\",\"breadcrumb\":{\"@id\":\"https:\/\/funside.hu\/en\/travel\/#breadcrumb\"},\"inLanguage\":\"en-US\",\"potentialAction\":[{\"@type\":\"ReadAction\",\"target\":[\"https:\/\/funside.hu\/en\/travel\/\"]}]},{\"@type\":\"ImageObject\",\"inLanguage\":\"en-US\",\"@id\":\"https:\/\/funside.hu\/en\/travel\/#primaryimage\",\"url\":\"https:\/\/funside.hu\/wp-content\/uploads\/2025\/02\/BUDAPEST-4.jpg\",\"contentUrl\":\"https:\/\/funside.hu\/wp-content\/uploads\/2025\/02\/BUDAPEST-4.jpg\",\"width\":1920,\"height\":1080},{\"@type\":\"BreadcrumbList\",\"@id\":\"https:\/\/funside.hu\/en\/travel\/#breadcrumb\",\"itemListElement\":[{\"@type\":\"ListItem\",\"position\":1,\"name\":\"Home\",\"item\":\"https:\/\/funside.hu\/en\/\"},{\"@type\":\"ListItem\",\"position\":2,\"name\":\"Travel\"}]},{\"@type\":\"WebSite\",\"@id\":\"https:\/\/funside.hu\/en\/#website\",\"url\":\"https:\/\/funside.hu\/en\/\",\"name\":\"Funside summer camps and after school\",\"description\":\"International summer camps and after school classes, in Budapest and at Lake Balaton, Hungary.\",\"publisher\":{\"@id\":\"https:\/\/funside.hu\/en\/#organization\"},\"potentialAction\":[{\"@type\":\"SearchAction\",\"target\":{\"@type\":\"EntryPoint\",\"urlTemplate\":\"https:\/\/funside.hu\/en\/?s={search_term_string}\"},\"query-input\":{\"@type\":\"PropertyValueSpecification\",\"valueRequired\":true,\"valueName\":\"search_term_string\"}}],\"inLanguage\":\"en-US\"},{\"@type\":\"Organization\",\"@id\":\"https:\/\/funside.hu\/en\/#organization\",\"name\":\"Funside School Kft.\",\"url\":\"https:\/\/funside.hu\/en\/\",\"logo\":{\"@type\":\"ImageObject\",\"inLanguage\":\"en-US\",\"@id\":\"https:\/\/funside.hu\/en\/#\/schema\/logo\/image\/\",\"url\":\"https:\/\/funside.hu\/wp-content\/uploads\/2020\/12\/main_logo.png\",\"contentUrl\":\"https:\/\/funside.hu\/wp-content\/uploads\/2020\/12\/main_logo.png\",\"width\":119,\"height\":156,\"caption\":\"Funside School Kft.\"},\"image\":{\"@id\":\"https:\/\/funside.hu\/en\/#\/schema\/logo\/image\/\"},\"sameAs\":[\"https:\/\/www.facebook.com\/funsidetabor\",\"https:\/\/x.com\/funsidetabor\",\"https:\/\/www.instagram.com\/funside\/\",\"https:\/\/www.linkedin.com\/company\/10425232\/\",\"https:\/\/www.youtube.com\/user\/funsidetabor\"]}]}<\/script>\n<!-- \/ Yoast SEO plugin. -->","yoast_head_json":{"title":"Travel &#8211; Funside summer camps and after school","robots":{"index":"index","follow":"follow","max-snippet":"max-snippet:-1","max-image-preview":"max-image-preview:large","max-video-preview":"max-video-preview:-1"},"canonical":"https:\/\/funside.hu\/en\/travel\/","og_locale":"en_US","og_type":"article","og_title":"Travel &#8211; Funside summer camps and after school","og_description":"How to get to the camp By car, individually: Address: Gy\u00f6r\u00f6ki Ifit\u00e1bor, Balatongy\u00f6r\u00f6k 8313 Balatongy\u00f6r\u00f6k Sz\u00e9pkil\u00e1t\u00f3 hrsz. 707\/1. Google Maps and directions to the camp Arrival: Please arrive between 11 am and 2 pm on the first day of your stay. Departure: Kids leave the camp between 10 am and 1 pm on the last...","og_url":"https:\/\/funside.hu\/en\/travel\/","og_site_name":"Funside summer camps and after school","article_publisher":"https:\/\/www.facebook.com\/funsidetabor","article_modified_time":"2026-02-11T15:56:23+00:00","og_image":[{"width":1920,"height":1080,"url":"https:\/\/funside.hu\/wp-content\/uploads\/2025\/02\/BUDAPEST-4.jpg","type":"image\/jpeg"}],"twitter_card":"summary_large_image","twitter_site":"@funsidetabor","twitter_misc":{"Est. reading time":"5 minutes"},"schema":{"@context":"https:\/\/schema.org","@graph":[{"@type":"WebPage","@id":"https:\/\/funside.hu\/en\/travel\/","url":"https:\/\/funside.hu\/en\/travel\/","name":"Travel &#8211; Funside summer camps and after school","isPartOf":{"@id":"https:\/\/funside.hu\/en\/#website"},"primaryImageOfPage":{"@id":"https:\/\/funside.hu\/en\/travel\/#primaryimage"},"image":{"@id":"https:\/\/funside.hu\/en\/travel\/#primaryimage"},"thumbnailUrl":"https:\/\/funside.hu\/wp-content\/uploads\/2025\/02\/BUDAPEST-4.jpg","datePublished":"2013-01-10T10:40:44+00:00","dateModified":"2026-02-11T15:56:23+00:00","breadcrumb":{"@id":"https:\/\/funside.hu\/en\/travel\/#breadcrumb"},"inLanguage":"en-US","potentialAction":[{"@type":"ReadAction","target":["https:\/\/funside.hu\/en\/travel\/"]}]},{"@type":"ImageObject","inLanguage":"en-US","@id":"https:\/\/funside.hu\/en\/travel\/#primaryimage","url":"https:\/\/funside.hu\/wp-content\/uploads\/2025\/02\/BUDAPEST-4.jpg","contentUrl":"https:\/\/funside.hu\/wp-content\/uploads\/2025\/02\/BUDAPEST-4.jpg","width":1920,"height":1080},{"@type":"BreadcrumbList","@id":"https:\/\/funside.hu\/en\/travel\/#breadcrumb","itemListElement":[{"@type":"ListItem","position":1,"name":"Home","item":"https:\/\/funside.hu\/en\/"},{"@type":"ListItem","position":2,"name":"Travel"}]},{"@type":"WebSite","@id":"https:\/\/funside.hu\/en\/#website","url":"https:\/\/funside.hu\/en\/","name":"Funside summer camps and after school","description":"International summer camps and after school classes, in Budapest and at Lake Balaton, Hungary.","publisher":{"@id":"https:\/\/funside.hu\/en\/#organization"},"potentialAction":[{"@type":"SearchAction","target":{"@type":"EntryPoint","urlTemplate":"https:\/\/funside.hu\/en\/?s={search_term_string}"},"query-input":{"@type":"PropertyValueSpecification","valueRequired":true,"valueName":"search_term_string"}}],"inLanguage":"en-US"},{"@type":"Organization","@id":"https:\/\/funside.hu\/en\/#organization","name":"Funside School Kft.","url":"https:\/\/funside.hu\/en\/","logo":{"@type":"ImageObject","inLanguage":"en-US","@id":"https:\/\/funside.hu\/en\/#\/schema\/logo\/image\/","url":"https:\/\/funside.hu\/wp-content\/uploads\/2020\/12\/main_logo.png","contentUrl":"https:\/\/funside.hu\/wp-content\/uploads\/2020\/12\/main_logo.png","width":119,"height":156,"caption":"Funside School Kft."},"image":{"@id":"https:\/\/funside.hu\/en\/#\/schema\/logo\/image\/"},"sameAs":["https:\/\/www.facebook.com\/funsidetabor","https:\/\/x.com\/funsidetabor","https:\/\/www.instagram.com\/funside\/","https:\/\/www.linkedin.com\/company\/10425232\/","https:\/\/www.youtube.com\/user\/funsidetabor"]}]}},"_links":{"self":[{"href":"https:\/\/funside.hu\/en\/wp-json\/wp\/v2\/pages\/26163"}],"collection":[{"href":"https:\/\/funside.hu\/en\/wp-json\/wp\/v2\/pages"}],"about":[{"href":"https:\/\/funside.hu\/en\/wp-json\/wp\/v2\/types\/page"}],"author":[{"embeddable":true,"href":"https:\/\/funside.hu\/en\/wp-json\/wp\/v2\/users\/1"}],"replies":[{"embeddable":true,"href":"https:\/\/funside.hu\/en\/wp-json\/wp\/v2\/comments?post=26163"}],"version-history":[{"count":5,"href":"https:\/\/funside.hu\/en\/wp-json\/wp\/v2\/pages\/26163\/revisions"}],"predecessor-version":[{"id":88437,"href":"https:\/\/funside.hu\/en\/wp-json\/wp\/v2\/pages\/26163\/revisions\/88437"}],"wp:featuredmedia":[{"embeddable":true,"href":"https:\/\/funside.hu\/en\/wp-json\/wp\/v2\/media\/84233"}],"wp:attachment":[{"href":"https:\/\/funside.hu\/en\/wp-json\/wp\/v2\/media?parent=26163"}],"wp:term":[{"taxonomy":"category","embeddable":true,"href":"https:\/\/funside.hu\/en\/wp-json\/wp\/v2\/categories?post=26163"}],"curies":[{"name":"wp","href":"https:\/\/api.w.org\/{rel}","templated":true}]}}