{"id":26129,"date":"2012-11-12T12:53:39","date_gmt":"2012-11-12T11:53:39","guid":{"rendered":"https:\/\/funside.hu\/cheques-accepted\/"},"modified":"2026-02-03T10:07:36","modified_gmt":"2026-02-03T09:07:36","slug":"cheques-accepted","status":"publish","type":"page","link":"https:\/\/funside.hu\/en\/cheques-accepted\/","title":{"rendered":"SZ\u00c9P card accepted"},"content":{"rendered":"<p><img loading=\"lazy\" decoding=\"async\" class=\"wp-image-56193 aligncenter\" title=\"szepkartya\" src=\"https:\/\/funside.hu\/wp-content\/uploads\/2026\/02\/szepkartya_ujak.jpg\" alt=\"\" width=\"444\" height=\"254\"><\/p>\n<h2><strong>Sz\u00e9chenyi Pihen\u0151 K\u00e1rtya (SZ\u00c9P card)<\/strong><\/h2>\n<p>The camp fee can be paid in full or in part by SZ\u00c9P Card. SZ\u00c9P Card is a cafeteria benefit card available at employers in Hungary.<\/p>\n<p>&nbsp;<\/p>\n<h3><strong>OTP SZ\u00c9P card<\/strong><\/h3>\n<p>To pay with OTP SZ\u00c9P card log in to the <a href=\"https:\/\/magan.szepkartya.otpportalok.hu\/bejelentkezes\/\">OTP SZ\u00c9P card<\/a> page.<\/p>\n<p>After logging in to the site, you will find the PRE-PAYMENT menu item on the left-hand side.<\/p>\n<p>Here you have to select the name of the acceptance point, please pay special attention to select the following acceptance point for each camp:<\/p>\n<p><strong>The name of the acceptance point is Funside T\u00e1borok.<\/strong><\/p>\n<p>In the comment field, please put in the pro forma invoice number (sample: D-FUN-XXXX).<\/p>\n<p>After entering the data, the website will redirect you to the OTPdirekt site and after entering the card details, and complete the transaction.<\/p>\n<p>&nbsp;<\/p>\n<h3>K&amp;H SZ\u00c9P card<\/h3>\n<p>K&amp;H SZ\u00c9P card payments can be made by entering the <a href=\"https:\/\/www.kh.hu\/napi-penzugyek\/bankkartya\/szep-kartya\">K&amp;H SZ\u00c9P card page<\/a> and using the prepayment function.<\/p>\n<p>When making a payment, you must enter the ID number of the place of acceptance, please pay special attention to choose the following ID number for each camp:<\/p>\n<p><strong>Unique ID number: 84021504<\/strong><\/p>\n<p>After entering the ID of the acceptance point, the camp fee and the pro forma invoice number must be entered (example: D-FUN-XXXX)<\/p>\n<p>After clicking the pay button, a pop-up window will appear asking for confirmation of the transaction. If you click OK the transaction will be approved.<\/p>\n<p>&nbsp;<\/p>\n<h3>MBH SZ\u00c9P card<\/h3>\n<p>To pay by MBH SZ\u00c9P card you need a prepayment ID. To do this, please send us the name and ID number of the cardholder by e-mail (tabor@funside.hu) <em>(the ID number is located under the card number).<\/em><\/p>\n<p>The prepayment ID will be sent to you by e-mail and you can use it to make a payment on the <a href=\"https:\/\/www.mbhszepkartya.hu\/nyito\">MBH SZ\u00c9P card page<\/a>.<\/p>\n<p><strong>The name of the acceptance point is Funside T\u00e1borok.<\/strong><\/p>\n<p>After you select the amount, you wish to pay, you can finalize the transaction by clicking on the Approve Prepayment button.<\/p>\n<p>A notification of successful approval will be sent to the email address you have provided.<\/p>\n","protected":false},"excerpt":{"rendered":"<p>Sz\u00e9chenyi Pihen\u0151 K\u00e1rtya (SZ\u00c9P card) The camp fee can be paid in full or in part by SZ\u00c9P Card. SZ\u00c9P Card is a cafeteria benefit card available at employers in Hungary. &nbsp; OTP SZ\u00c9P card To pay with OTP SZ\u00c9P card log in to the OTP SZ\u00c9P card page. After logging in to the site,&#8230;<\/p>\n","protected":false},"author":1,"featured_media":0,"parent":0,"menu_order":0,"comment_status":"closed","ping_status":"closed","template":"","meta":{"_acf_changed":false,"inline_featured_image":false,"ngg_post_thumbnail":0,"footnotes":"","_wp_rev_ctl_limit":""},"categories":[],"class_list":["post-26129","page","type-page","status-publish","hentry","editor-tinymce"],"acf":[],"yoast_head":"<!-- This site is optimized with the Yoast SEO plugin v27.4 - https:\/\/yoast.com\/product\/yoast-seo-wordpress\/ -->\n<title>SZ\u00c9P card accepted &#8211; Funside summer camps and after school<\/title>\n<meta name=\"robots\" content=\"index, follow, max-snippet:-1, max-image-preview:large, max-video-preview:-1\" \/>\n<link rel=\"canonical\" href=\"https:\/\/funside.hu\/en\/cheques-accepted\/\" \/>\n<meta property=\"og:locale\" content=\"en_US\" \/>\n<meta property=\"og:type\" content=\"article\" \/>\n<meta property=\"og:title\" content=\"SZ\u00c9P card accepted &#8211; Funside summer camps and after school\" \/>\n<meta property=\"og:description\" content=\"Sz\u00e9chenyi Pihen\u0151 K\u00e1rtya (SZ\u00c9P card) The camp fee can be paid in full or in part by SZ\u00c9P Card. SZ\u00c9P Card is a cafeteria benefit card available at employers in Hungary. &nbsp; OTP SZ\u00c9P card To pay with OTP SZ\u00c9P card log in to the OTP SZ\u00c9P card page. After logging in to the site,...\" \/>\n<meta property=\"og:url\" content=\"https:\/\/funside.hu\/en\/cheques-accepted\/\" \/>\n<meta property=\"og:site_name\" content=\"Funside summer camps and after school\" \/>\n<meta property=\"article:publisher\" content=\"https:\/\/www.facebook.com\/funsidetabor\" \/>\n<meta property=\"article:modified_time\" content=\"2026-02-03T09:07:36+00:00\" \/>\n<meta property=\"og:image\" content=\"https:\/\/funside.hu\/wp-content\/uploads\/2021\/02\/szepkartya.png\" \/>\n\t<meta property=\"og:image:width\" content=\"805\" \/>\n\t<meta property=\"og:image:height\" content=\"461\" \/>\n\t<meta property=\"og:image:type\" content=\"image\/png\" \/>\n<meta name=\"twitter:card\" content=\"summary_large_image\" \/>\n<meta name=\"twitter:site\" content=\"@funsidetabor\" \/>\n<meta name=\"twitter:label1\" content=\"Est. reading time\" \/>\n\t<meta name=\"twitter:data1\" content=\"3 minutes\" \/>\n<script type=\"application\/ld+json\" class=\"yoast-schema-graph\">{\"@context\":\"https:\\\/\\\/schema.org\",\"@graph\":[{\"@type\":\"WebPage\",\"@id\":\"https:\\\/\\\/funside.hu\\\/en\\\/cheques-accepted\\\/\",\"url\":\"https:\\\/\\\/funside.hu\\\/en\\\/cheques-accepted\\\/\",\"name\":\"SZ\u00c9P card accepted &#8211; Funside summer camps and after school\",\"isPartOf\":{\"@id\":\"https:\\\/\\\/funside.hu\\\/en\\\/#website\"},\"primaryImageOfPage\":{\"@id\":\"https:\\\/\\\/funside.hu\\\/en\\\/cheques-accepted\\\/#primaryimage\"},\"image\":{\"@id\":\"https:\\\/\\\/funside.hu\\\/en\\\/cheques-accepted\\\/#primaryimage\"},\"thumbnailUrl\":\"https:\\\/\\\/funside.hu\\\/wp-content\\\/uploads\\\/2026\\\/02\\\/szepkartya_ujak.jpg\",\"datePublished\":\"2012-11-12T11:53:39+00:00\",\"dateModified\":\"2026-02-03T09:07:36+00:00\",\"breadcrumb\":{\"@id\":\"https:\\\/\\\/funside.hu\\\/en\\\/cheques-accepted\\\/#breadcrumb\"},\"inLanguage\":\"en-US\",\"potentialAction\":[{\"@type\":\"ReadAction\",\"target\":[\"https:\\\/\\\/funside.hu\\\/en\\\/cheques-accepted\\\/\"]}]},{\"@type\":\"ImageObject\",\"inLanguage\":\"en-US\",\"@id\":\"https:\\\/\\\/funside.hu\\\/en\\\/cheques-accepted\\\/#primaryimage\",\"url\":\"https:\\\/\\\/funside.hu\\\/wp-content\\\/uploads\\\/2026\\\/02\\\/szepkartya_ujak.jpg\",\"contentUrl\":\"https:\\\/\\\/funside.hu\\\/wp-content\\\/uploads\\\/2026\\\/02\\\/szepkartya_ujak.jpg\"},{\"@type\":\"BreadcrumbList\",\"@id\":\"https:\\\/\\\/funside.hu\\\/en\\\/cheques-accepted\\\/#breadcrumb\",\"itemListElement\":[{\"@type\":\"ListItem\",\"position\":1,\"name\":\"Home\",\"item\":\"https:\\\/\\\/funside.hu\\\/en\\\/\"},{\"@type\":\"ListItem\",\"position\":2,\"name\":\"SZ\u00c9P card accepted\"}]},{\"@type\":\"WebSite\",\"@id\":\"https:\\\/\\\/funside.hu\\\/en\\\/#website\",\"url\":\"https:\\\/\\\/funside.hu\\\/en\\\/\",\"name\":\"Funside summer camps and after school\",\"description\":\"International summer camps and after school classes, in Budapest and at Lake Balaton, Hungary.\",\"publisher\":{\"@id\":\"https:\\\/\\\/funside.hu\\\/en\\\/#organization\"},\"potentialAction\":[{\"@type\":\"SearchAction\",\"target\":{\"@type\":\"EntryPoint\",\"urlTemplate\":\"https:\\\/\\\/funside.hu\\\/en\\\/?s={search_term_string}\"},\"query-input\":{\"@type\":\"PropertyValueSpecification\",\"valueRequired\":true,\"valueName\":\"search_term_string\"}}],\"inLanguage\":\"en-US\"},{\"@type\":\"Organization\",\"@id\":\"https:\\\/\\\/funside.hu\\\/en\\\/#organization\",\"name\":\"Funside School Kft.\",\"url\":\"https:\\\/\\\/funside.hu\\\/en\\\/\",\"logo\":{\"@type\":\"ImageObject\",\"inLanguage\":\"en-US\",\"@id\":\"https:\\\/\\\/funside.hu\\\/en\\\/#\\\/schema\\\/logo\\\/image\\\/\",\"url\":\"https:\\\/\\\/funside.hu\\\/wp-content\\\/uploads\\\/2020\\\/12\\\/main_logo.png\",\"contentUrl\":\"https:\\\/\\\/funside.hu\\\/wp-content\\\/uploads\\\/2020\\\/12\\\/main_logo.png\",\"width\":119,\"height\":156,\"caption\":\"Funside School Kft.\"},\"image\":{\"@id\":\"https:\\\/\\\/funside.hu\\\/en\\\/#\\\/schema\\\/logo\\\/image\\\/\"},\"sameAs\":[\"https:\\\/\\\/www.facebook.com\\\/funsidetabor\",\"https:\\\/\\\/x.com\\\/funsidetabor\",\"https:\\\/\\\/www.instagram.com\\\/funside\\\/\",\"https:\\\/\\\/www.linkedin.com\\\/company\\\/10425232\\\/\",\"https:\\\/\\\/www.youtube.com\\\/user\\\/funsidetabor\"]}]}<\/script>\n<!-- \/ Yoast SEO plugin. -->","yoast_head_json":{"title":"SZ\u00c9P card accepted &#8211; Funside summer camps and after school","robots":{"index":"index","follow":"follow","max-snippet":"max-snippet:-1","max-image-preview":"max-image-preview:large","max-video-preview":"max-video-preview:-1"},"canonical":"https:\/\/funside.hu\/en\/cheques-accepted\/","og_locale":"en_US","og_type":"article","og_title":"SZ\u00c9P card accepted &#8211; Funside summer camps and after school","og_description":"Sz\u00e9chenyi Pihen\u0151 K\u00e1rtya (SZ\u00c9P card) The camp fee can be paid in full or in part by SZ\u00c9P Card. SZ\u00c9P Card is a cafeteria benefit card available at employers in Hungary. &nbsp; OTP SZ\u00c9P card To pay with OTP SZ\u00c9P card log in to the OTP SZ\u00c9P card page. After logging in to the site,...","og_url":"https:\/\/funside.hu\/en\/cheques-accepted\/","og_site_name":"Funside summer camps and after school","article_publisher":"https:\/\/www.facebook.com\/funsidetabor","article_modified_time":"2026-02-03T09:07:36+00:00","og_image":[{"width":805,"height":461,"url":"https:\/\/funside.hu\/wp-content\/uploads\/2021\/02\/szepkartya.png","type":"image\/png"}],"twitter_card":"summary_large_image","twitter_site":"@funsidetabor","twitter_misc":{"Est. reading time":"3 minutes"},"schema":{"@context":"https:\/\/schema.org","@graph":[{"@type":"WebPage","@id":"https:\/\/funside.hu\/en\/cheques-accepted\/","url":"https:\/\/funside.hu\/en\/cheques-accepted\/","name":"SZ\u00c9P card accepted &#8211; Funside summer camps and after school","isPartOf":{"@id":"https:\/\/funside.hu\/en\/#website"},"primaryImageOfPage":{"@id":"https:\/\/funside.hu\/en\/cheques-accepted\/#primaryimage"},"image":{"@id":"https:\/\/funside.hu\/en\/cheques-accepted\/#primaryimage"},"thumbnailUrl":"https:\/\/funside.hu\/wp-content\/uploads\/2026\/02\/szepkartya_ujak.jpg","datePublished":"2012-11-12T11:53:39+00:00","dateModified":"2026-02-03T09:07:36+00:00","breadcrumb":{"@id":"https:\/\/funside.hu\/en\/cheques-accepted\/#breadcrumb"},"inLanguage":"en-US","potentialAction":[{"@type":"ReadAction","target":["https:\/\/funside.hu\/en\/cheques-accepted\/"]}]},{"@type":"ImageObject","inLanguage":"en-US","@id":"https:\/\/funside.hu\/en\/cheques-accepted\/#primaryimage","url":"https:\/\/funside.hu\/wp-content\/uploads\/2026\/02\/szepkartya_ujak.jpg","contentUrl":"https:\/\/funside.hu\/wp-content\/uploads\/2026\/02\/szepkartya_ujak.jpg"},{"@type":"BreadcrumbList","@id":"https:\/\/funside.hu\/en\/cheques-accepted\/#breadcrumb","itemListElement":[{"@type":"ListItem","position":1,"name":"Home","item":"https:\/\/funside.hu\/en\/"},{"@type":"ListItem","position":2,"name":"SZ\u00c9P card accepted"}]},{"@type":"WebSite","@id":"https:\/\/funside.hu\/en\/#website","url":"https:\/\/funside.hu\/en\/","name":"Funside summer camps and after school","description":"International summer camps and after school classes, in Budapest and at Lake Balaton, Hungary.","publisher":{"@id":"https:\/\/funside.hu\/en\/#organization"},"potentialAction":[{"@type":"SearchAction","target":{"@type":"EntryPoint","urlTemplate":"https:\/\/funside.hu\/en\/?s={search_term_string}"},"query-input":{"@type":"PropertyValueSpecification","valueRequired":true,"valueName":"search_term_string"}}],"inLanguage":"en-US"},{"@type":"Organization","@id":"https:\/\/funside.hu\/en\/#organization","name":"Funside School Kft.","url":"https:\/\/funside.hu\/en\/","logo":{"@type":"ImageObject","inLanguage":"en-US","@id":"https:\/\/funside.hu\/en\/#\/schema\/logo\/image\/","url":"https:\/\/funside.hu\/wp-content\/uploads\/2020\/12\/main_logo.png","contentUrl":"https:\/\/funside.hu\/wp-content\/uploads\/2020\/12\/main_logo.png","width":119,"height":156,"caption":"Funside School Kft."},"image":{"@id":"https:\/\/funside.hu\/en\/#\/schema\/logo\/image\/"},"sameAs":["https:\/\/www.facebook.com\/funsidetabor","https:\/\/x.com\/funsidetabor","https:\/\/www.instagram.com\/funside\/","https:\/\/www.linkedin.com\/company\/10425232\/","https:\/\/www.youtube.com\/user\/funsidetabor"]}]}},"_links":{"self":[{"href":"https:\/\/funside.hu\/en\/wp-json\/wp\/v2\/pages\/26129","targetHints":{"allow":["GET"]}}],"collection":[{"href":"https:\/\/funside.hu\/en\/wp-json\/wp\/v2\/pages"}],"about":[{"href":"https:\/\/funside.hu\/en\/wp-json\/wp\/v2\/types\/page"}],"author":[{"embeddable":true,"href":"https:\/\/funside.hu\/en\/wp-json\/wp\/v2\/users\/1"}],"replies":[{"embeddable":true,"href":"https:\/\/funside.hu\/en\/wp-json\/wp\/v2\/comments?post=26129"}],"version-history":[{"count":5,"href":"https:\/\/funside.hu\/en\/wp-json\/wp\/v2\/pages\/26129\/revisions"}],"predecessor-version":[{"id":88094,"href":"https:\/\/funside.hu\/en\/wp-json\/wp\/v2\/pages\/26129\/revisions\/88094"}],"wp:attachment":[{"href":"https:\/\/funside.hu\/en\/wp-json\/wp\/v2\/media?parent=26129"}],"wp:term":[{"taxonomy":"category","embeddable":true,"href":"https:\/\/funside.hu\/en\/wp-json\/wp\/v2\/categories?post=26129"}],"curies":[{"name":"wp","href":"https:\/\/api.w.org\/{rel}","templated":true}]}}