{"id":26086,"date":"2012-02-21T18:20:37","date_gmt":"2012-02-21T18:20:37","guid":{"rendered":"https:\/\/funside.hu\/contact\/"},"modified":"2026-04-02T16:39:38","modified_gmt":"2026-04-02T14:39:38","slug":"contact","status":"publish","type":"page","link":"https:\/\/funside.hu\/en\/contact\/","title":{"rendered":"Contact"},"content":{"rendered":"<h2>Our main office<\/h2>\n<p><strong>Address:<\/strong><span style=\"color: #000000;\"> 1111 Budapest, Szent Gell\u00e9rt t\u00e9r 3., 1\/1.<\/span><\/p>\n<p><strong>Open hours:<\/strong> Mondays to Fridays, 9 am to 5 pm <a href=\"https:\/\/time.is\/CET\" target=\"_blank\" rel=\"noopener noreferrer\">CET<\/a>. Our office is closed on weekends and on <a href=\"https:\/\/en.wikipedia.org\/wiki\/Public_holidays_in_Hungary\" target=\"_blank\" rel=\"noopener noreferrer\">Hungarian national holidays<\/a>.<\/p>\n<p><span style=\"color: #ff0000;\"><b>Please note <\/b>that in-person consultation is only available with pre-scheduled appointments. Please kindly get in touch before visiting our office.<\/span><\/p>\n<h3>&nbsp;<\/h3>\n<h3><span style=\"font-size: 18pt;\">Funside camps<\/span><\/h3>\n<h3>General <span style=\"font-size: 18.72px;\">inquiries<\/span> (sign-ups, payments etc.):<\/h3>\n<p><span style=\"color: #faa61a;\"><strong>Funside Balaton overnight camp:&nbsp;<\/strong><\/span> <a href=\"tel:+36705121204\"><span style=\"color: #999999;\">+36<\/span> <strong>70 , 512 12 04<\/strong><\/a>, <a href=\"mailto:tabor@funside.hu\">camps@funside.hu<\/a><\/p>\n<p><strong><span style=\"color: #00a4e0;\">Funside Day Camps in Budapest: <\/span><\/strong><a href=\"tel:+36705121204\"><span style=\"color: #999999;\">+36<\/span> <strong>70 512 12 45<\/strong><\/a>, <a href=\"mailto:budapest@funside.hu\">budapest@funside.hu<\/a><\/p>\n<p><strong>Messenger:<\/strong> <a href=\"https:\/\/www.messenger.com\/t\/funsidetabor\" target=\"_blank\" rel=\"noopener noreferrer\">chat<\/a> (available 9 to 5, Monday to Friday)<\/p>\n<p><strong>WhatsApp: <\/strong><a href=\"tel:+36705121204\"><span style=\"color: #999999;\">+36<\/span> <strong>70 512 12 04<\/strong><\/a> (available 9 to 5, Monday to Friday)<\/p>\n<h3><strong>Direct numbers for our camp venues (when your child is at camp with us):<\/strong><\/h3>\n<p>&nbsp;<\/p>\n<table style=\"height: 144px; width: 100%;\" border=\"0\" width=\"100%\">\n<tbody>\n<tr style=\"width: 400px;\">\n<td style=\"width: 400px; height: 48px;\"><span style=\"color: #faa61a;\"><strong>Funside Balaton overnight camp:<\/strong><\/span><\/td>\n<td style=\"height: 48px;\"><a href=\"tel:+36705121204\"><span style=\"color: #999999;\">+36<\/span> <strong>70 512 12 04<\/strong><\/a>, <a href=\"mailto:tabor@funside.hu\">camps@funside.hu<\/a>, address: 8313 Balatongy\u00f6r\u00f6k, Sz\u00e9pkil\u00e1t\u00f3 hrsz. 707\/1<\/td>\n<\/tr>\n<tr style=\"height: 48px;\">\n<td style=\"height: 48px;\"><strong><span style=\"color: #00a4e0;\">Funside Day Camps:<\/span> Vill\u00e1nyi \u00fat<\/strong><\/td>\n<td style=\"height: 48px;\"><a href=\"tel:+36706241246\"><span style=\"color: #999999;\">+36 <\/span> <strong>70 624 12 46<\/strong><\/a>, <a href=\"mailto:budapest@funside.hu\">budapest@funside.hu<\/a>, address: 1113 Budapest, Vill\u00e1nyi \u00fat 14.<\/td>\n<\/tr>\n<\/tbody>\n<\/table>\n<p><strong><br \/>\nOpening hours of our Budapest camps:<br \/>\n<\/strong>Our office is not available on phone over the weekend, in urgent cases please email <a href=\"mailto:budapest@funside.hu\">budapest@funside.hu<\/a>, which is monitored on an after-hours basis, even on weekends.<\/p>\n<p>&nbsp;<\/p>\n<h3><span style=\"font-size: 18pt;\">Funside School after school courses<\/span><\/h3>\n<p><strong>Telefon:<\/strong> <a href=\"tel:+36705121224\"><span style=\"color: #999999;\">+36<\/span> <strong>70 512 12 24<\/strong><\/a><\/p>\n<p><strong>Email:<\/strong> <a href=\"mailto:hello@funside.hu\">hello@funside.hu<\/a><\/p>\n<p><strong>C\u00edm:<\/strong> 1111 Budapest, Szent Gell\u00e9rt t\u00e9r 3., 1\/1.<\/p>\n<h3>Other email addresses:<\/h3>\n<p>Job inquiries: <a href=\"mailto:hr@funside.hu\" target=\"_blank\" rel=\"noopener noreferrer\">hr@funside.hu<\/a><\/p>\n<h3>Funside on&nbsp;social networks:<\/h3>\n<p>Funside on <a href=\"https:\/\/www.facebook.com\/funsidetabor\" target=\"_blank\" rel=\"noopener noreferrer\">Facebook<\/a><br \/>\nFunside on <a href=\"https:\/\/www.messenger.com\/t\/funsidetabor\" target=\"_blank\" rel=\"noopener noreferrer\">Messenger<\/a><br \/>\nFunside on <a href=\"https:\/\/www.youtube.com\/funsidetabor\" target=\"_blank\" rel=\"noopener noreferrer\">YouTube<br \/>\n<\/a>Funside on <a href=\"https:\/\/www.linkedin.com\/company\/funside\" target=\"_blank\" rel=\"noopener noreferrer\">LinkedIn<\/a><br \/>\nFunside on <a href=\"https:\/\/www.instagram.com\/funside\/\" target=\"_blank\" rel=\"noopener noreferrer\">Instagram<\/a><br \/>\n<a href=\"https:\/\/funside.hu\/en\/newsletter-subscribtion\/\" target=\"_blank\" rel=\"noopener noreferrer\">Subscribe to our e-newsletter<\/a><\/p>\n<h2>Funside camps are organised by:<\/h2>\n<p><strong>Funside Association<br \/>\n<\/strong>Tax number:&nbsp;18292129-1-43<br \/>\nRegistration number:&nbsp;14.832<br \/>\nBased at: T\u00fcnd\u00e9r l\u00e9pcs\u0151 2\/a.,&nbsp;1121 Budapest, Hungary<br \/>\nMailing address: 1111 Budapest, Szent Gell\u00e9rt t\u00e9r 3., 1\/1.<\/p>\n<h2>Funside School is operated by:<\/h2>\n<p><strong>Funside School&nbsp;Ltd.<br \/>\n<\/strong>Tax number: 23587892-1-43<br \/>\nRegistration number: 01-09-972714<br \/>\nBased at: T\u00fcnd\u00e9r l\u00e9pcs\u0151 2\/a.,&nbsp;1121 Budapest, Hungary<br \/>\nMailing address: 1111 Budapest, Szent Gell\u00e9rt t\u00e9r 3., 1\/1.<\/p>\n","protected":false},"excerpt":{"rendered":"<p>Our main office Address: 1111 Budapest, Szent Gell\u00e9rt t\u00e9r 3., 1\/1. Open hours: Mondays to Fridays, 9 am to 5 pm CET. Our office is closed on weekends and on Hungarian national holidays. Please note that in-person consultation is only available with pre-scheduled appointments. Please kindly get in touch before visiting our office. &nbsp; Funside&#8230;<\/p>\n","protected":false},"author":1,"featured_media":31518,"parent":0,"menu_order":0,"comment_status":"open","ping_status":"closed","template":"","meta":{"inline_featured_image":false,"ngg_post_thumbnail":0,"footnotes":"","_wp_rev_ctl_limit":""},"categories":[],"class_list":["post-26086","page","type-page","status-publish","has-post-thumbnail","hentry","editor-tinymce"],"acf":[],"yoast_head":"<!-- This site is optimized with the Yoast SEO plugin v24.7 - https:\/\/yoast.com\/wordpress\/plugins\/seo\/ -->\n<title>Contact &#8211; Funside summer camps and after school<\/title>\n<meta name=\"robots\" content=\"index, follow, max-snippet:-1, max-image-preview:large, max-video-preview:-1\" \/>\n<link rel=\"canonical\" href=\"https:\/\/funside.hu\/en\/contact\/\" \/>\n<meta property=\"og:locale\" content=\"en_US\" \/>\n<meta property=\"og:type\" content=\"article\" \/>\n<meta property=\"og:title\" content=\"Contact &#8211; Funside summer camps and after school\" \/>\n<meta property=\"og:description\" content=\"Our main office Address: 1111 Budapest, Szent Gell\u00e9rt t\u00e9r 3., 1\/1. Open hours: Mondays to Fridays, 9 am to 5 pm CET. Our office is closed on weekends and on Hungarian national holidays. Please note that in-person consultation is only available with pre-scheduled appointments. Please kindly get in touch before visiting our office. &nbsp; Funside...\" \/>\n<meta property=\"og:url\" content=\"https:\/\/funside.hu\/en\/contact\/\" \/>\n<meta property=\"og:site_name\" content=\"Funside summer camps and after school\" \/>\n<meta property=\"article:publisher\" content=\"https:\/\/www.facebook.com\/funsidetabor\" \/>\n<meta property=\"article:modified_time\" content=\"2026-04-02T14:39:38+00:00\" \/>\n<meta property=\"og:image\" content=\"https:\/\/funside.hu\/wp-content\/uploads\/2018\/01\/funside_school_001.jpg\" \/>\n\t<meta property=\"og:image:width\" content=\"1920\" \/>\n\t<meta property=\"og:image:height\" content=\"1272\" \/>\n\t<meta property=\"og:image:type\" content=\"image\/jpeg\" \/>\n<meta name=\"twitter:card\" content=\"summary_large_image\" \/>\n<meta name=\"twitter:site\" content=\"@funsidetabor\" \/>\n<meta name=\"twitter:label1\" content=\"Est. reading time\" \/>\n\t<meta name=\"twitter:data1\" content=\"2 minutes\" \/>\n<script type=\"application\/ld+json\" class=\"yoast-schema-graph\">{\"@context\":\"https:\/\/schema.org\",\"@graph\":[{\"@type\":\"WebPage\",\"@id\":\"https:\/\/funside.hu\/en\/contact\/\",\"url\":\"https:\/\/funside.hu\/en\/contact\/\",\"name\":\"Contact &#8211; Funside summer camps and after school\",\"isPartOf\":{\"@id\":\"https:\/\/funside.hu\/en\/#website\"},\"primaryImageOfPage\":{\"@id\":\"https:\/\/funside.hu\/en\/contact\/#primaryimage\"},\"image\":{\"@id\":\"https:\/\/funside.hu\/en\/contact\/#primaryimage\"},\"thumbnailUrl\":\"https:\/\/funside.hu\/wp-content\/uploads\/2018\/01\/funside_school_001.jpg\",\"datePublished\":\"2012-02-21T18:20:37+00:00\",\"dateModified\":\"2026-04-02T14:39:38+00:00\",\"breadcrumb\":{\"@id\":\"https:\/\/funside.hu\/en\/contact\/#breadcrumb\"},\"inLanguage\":\"en-US\",\"potentialAction\":[{\"@type\":\"ReadAction\",\"target\":[\"https:\/\/funside.hu\/en\/contact\/\"]}]},{\"@type\":\"ImageObject\",\"inLanguage\":\"en-US\",\"@id\":\"https:\/\/funside.hu\/en\/contact\/#primaryimage\",\"url\":\"https:\/\/funside.hu\/wp-content\/uploads\/2018\/01\/funside_school_001.jpg\",\"contentUrl\":\"https:\/\/funside.hu\/wp-content\/uploads\/2018\/01\/funside_school_001.jpg\",\"width\":1920,\"height\":1272},{\"@type\":\"BreadcrumbList\",\"@id\":\"https:\/\/funside.hu\/en\/contact\/#breadcrumb\",\"itemListElement\":[{\"@type\":\"ListItem\",\"position\":1,\"name\":\"Home\",\"item\":\"https:\/\/funside.hu\/en\/\"},{\"@type\":\"ListItem\",\"position\":2,\"name\":\"Contact\"}]},{\"@type\":\"WebSite\",\"@id\":\"https:\/\/funside.hu\/en\/#website\",\"url\":\"https:\/\/funside.hu\/en\/\",\"name\":\"Funside summer camps and after school\",\"description\":\"International summer camps and after school classes, in Budapest and at Lake Balaton, Hungary.\",\"publisher\":{\"@id\":\"https:\/\/funside.hu\/en\/#organization\"},\"potentialAction\":[{\"@type\":\"SearchAction\",\"target\":{\"@type\":\"EntryPoint\",\"urlTemplate\":\"https:\/\/funside.hu\/en\/?s={search_term_string}\"},\"query-input\":{\"@type\":\"PropertyValueSpecification\",\"valueRequired\":true,\"valueName\":\"search_term_string\"}}],\"inLanguage\":\"en-US\"},{\"@type\":\"Organization\",\"@id\":\"https:\/\/funside.hu\/en\/#organization\",\"name\":\"Funside School Kft.\",\"url\":\"https:\/\/funside.hu\/en\/\",\"logo\":{\"@type\":\"ImageObject\",\"inLanguage\":\"en-US\",\"@id\":\"https:\/\/funside.hu\/en\/#\/schema\/logo\/image\/\",\"url\":\"https:\/\/funside.hu\/wp-content\/uploads\/2020\/12\/main_logo.png\",\"contentUrl\":\"https:\/\/funside.hu\/wp-content\/uploads\/2020\/12\/main_logo.png\",\"width\":119,\"height\":156,\"caption\":\"Funside School Kft.\"},\"image\":{\"@id\":\"https:\/\/funside.hu\/en\/#\/schema\/logo\/image\/\"},\"sameAs\":[\"https:\/\/www.facebook.com\/funsidetabor\",\"https:\/\/x.com\/funsidetabor\",\"https:\/\/www.instagram.com\/funside\/\",\"https:\/\/www.linkedin.com\/company\/10425232\/\",\"https:\/\/www.youtube.com\/user\/funsidetabor\"]}]}<\/script>\n<!-- \/ Yoast SEO plugin. -->","yoast_head_json":{"title":"Contact &#8211; Funside summer camps and after school","robots":{"index":"index","follow":"follow","max-snippet":"max-snippet:-1","max-image-preview":"max-image-preview:large","max-video-preview":"max-video-preview:-1"},"canonical":"https:\/\/funside.hu\/en\/contact\/","og_locale":"en_US","og_type":"article","og_title":"Contact &#8211; Funside summer camps and after school","og_description":"Our main office Address: 1111 Budapest, Szent Gell\u00e9rt t\u00e9r 3., 1\/1. Open hours: Mondays to Fridays, 9 am to 5 pm CET. Our office is closed on weekends and on Hungarian national holidays. Please note that in-person consultation is only available with pre-scheduled appointments. Please kindly get in touch before visiting our office. &nbsp; Funside...","og_url":"https:\/\/funside.hu\/en\/contact\/","og_site_name":"Funside summer camps and after school","article_publisher":"https:\/\/www.facebook.com\/funsidetabor","article_modified_time":"2026-04-02T14:39:38+00:00","og_image":[{"width":1920,"height":1272,"url":"https:\/\/funside.hu\/wp-content\/uploads\/2018\/01\/funside_school_001.jpg","type":"image\/jpeg"}],"twitter_card":"summary_large_image","twitter_site":"@funsidetabor","twitter_misc":{"Est. reading time":"2 minutes"},"schema":{"@context":"https:\/\/schema.org","@graph":[{"@type":"WebPage","@id":"https:\/\/funside.hu\/en\/contact\/","url":"https:\/\/funside.hu\/en\/contact\/","name":"Contact &#8211; Funside summer camps and after school","isPartOf":{"@id":"https:\/\/funside.hu\/en\/#website"},"primaryImageOfPage":{"@id":"https:\/\/funside.hu\/en\/contact\/#primaryimage"},"image":{"@id":"https:\/\/funside.hu\/en\/contact\/#primaryimage"},"thumbnailUrl":"https:\/\/funside.hu\/wp-content\/uploads\/2018\/01\/funside_school_001.jpg","datePublished":"2012-02-21T18:20:37+00:00","dateModified":"2026-04-02T14:39:38+00:00","breadcrumb":{"@id":"https:\/\/funside.hu\/en\/contact\/#breadcrumb"},"inLanguage":"en-US","potentialAction":[{"@type":"ReadAction","target":["https:\/\/funside.hu\/en\/contact\/"]}]},{"@type":"ImageObject","inLanguage":"en-US","@id":"https:\/\/funside.hu\/en\/contact\/#primaryimage","url":"https:\/\/funside.hu\/wp-content\/uploads\/2018\/01\/funside_school_001.jpg","contentUrl":"https:\/\/funside.hu\/wp-content\/uploads\/2018\/01\/funside_school_001.jpg","width":1920,"height":1272},{"@type":"BreadcrumbList","@id":"https:\/\/funside.hu\/en\/contact\/#breadcrumb","itemListElement":[{"@type":"ListItem","position":1,"name":"Home","item":"https:\/\/funside.hu\/en\/"},{"@type":"ListItem","position":2,"name":"Contact"}]},{"@type":"WebSite","@id":"https:\/\/funside.hu\/en\/#website","url":"https:\/\/funside.hu\/en\/","name":"Funside summer camps and after school","description":"International summer camps and after school classes, in Budapest and at Lake Balaton, Hungary.","publisher":{"@id":"https:\/\/funside.hu\/en\/#organization"},"potentialAction":[{"@type":"SearchAction","target":{"@type":"EntryPoint","urlTemplate":"https:\/\/funside.hu\/en\/?s={search_term_string}"},"query-input":{"@type":"PropertyValueSpecification","valueRequired":true,"valueName":"search_term_string"}}],"inLanguage":"en-US"},{"@type":"Organization","@id":"https:\/\/funside.hu\/en\/#organization","name":"Funside School Kft.","url":"https:\/\/funside.hu\/en\/","logo":{"@type":"ImageObject","inLanguage":"en-US","@id":"https:\/\/funside.hu\/en\/#\/schema\/logo\/image\/","url":"https:\/\/funside.hu\/wp-content\/uploads\/2020\/12\/main_logo.png","contentUrl":"https:\/\/funside.hu\/wp-content\/uploads\/2020\/12\/main_logo.png","width":119,"height":156,"caption":"Funside School Kft."},"image":{"@id":"https:\/\/funside.hu\/en\/#\/schema\/logo\/image\/"},"sameAs":["https:\/\/www.facebook.com\/funsidetabor","https:\/\/x.com\/funsidetabor","https:\/\/www.instagram.com\/funside\/","https:\/\/www.linkedin.com\/company\/10425232\/","https:\/\/www.youtube.com\/user\/funsidetabor"]}]}},"_links":{"self":[{"href":"https:\/\/funside.hu\/en\/wp-json\/wp\/v2\/pages\/26086"}],"collection":[{"href":"https:\/\/funside.hu\/en\/wp-json\/wp\/v2\/pages"}],"about":[{"href":"https:\/\/funside.hu\/en\/wp-json\/wp\/v2\/types\/page"}],"author":[{"embeddable":true,"href":"https:\/\/funside.hu\/en\/wp-json\/wp\/v2\/users\/1"}],"replies":[{"embeddable":true,"href":"https:\/\/funside.hu\/en\/wp-json\/wp\/v2\/comments?post=26086"}],"version-history":[{"count":5,"href":"https:\/\/funside.hu\/en\/wp-json\/wp\/v2\/pages\/26086\/revisions"}],"predecessor-version":[{"id":89909,"href":"https:\/\/funside.hu\/en\/wp-json\/wp\/v2\/pages\/26086\/revisions\/89909"}],"wp:featuredmedia":[{"embeddable":true,"href":"https:\/\/funside.hu\/en\/wp-json\/wp\/v2\/media\/31518"}],"wp:attachment":[{"href":"https:\/\/funside.hu\/en\/wp-json\/wp\/v2\/media?parent=26086"}],"wp:term":[{"taxonomy":"category","embeddable":true,"href":"https:\/\/funside.hu\/en\/wp-json\/wp\/v2\/categories?post=26086"}],"curies":[{"name":"wp","href":"https:\/\/api.w.org\/{rel}","templated":true}]}}